{"id":8092,"date":"2022-10-28T09:09:55","date_gmt":"2022-10-28T06:09:55","guid":{"rendered":"https:\/\/megadentist.com.tr\/?page_id=8092"},"modified":"2024-07-05T12:34:52","modified_gmt":"2024-07-05T09:34:52","slug":"tooth-stone-cleaning","status":"publish","type":"page","link":"https:\/\/megadentist.com.tr\/en\/periodontology\/tooth-stone-cleaning\/","title":{"rendered":"Tooth Stone Cleaning"},"content":{"rendered":"<section class=\"l-section wpb_row height_custom\"><div class=\"l-section-h i-cf\"><div class=\"g-cols vc_row via_grid cols_1 laptops-cols_inherit tablets-cols_inherit mobiles-cols_1 valign_top type_default stacking_default\"><div class=\"wpb_column vc_column_container\"><div class=\"vc_column-inner\"><div class=\"wpb_text_column\"><div class=\"wpb_wrapper\"><h2><strong>Dental Stone Cleaning &amp; Tartar Treatment<\/strong><\/h2>\n<p><b>Healthy teeth, happy smiles<\/b><\/p>\n<p><span style=\"font-weight: 400;\">Scaling is the process of professionally cleaning the plaque and tartar (tartar) that accumulate on the surface of the teeth and harden over time. Tartar can lead to gingivitis and more serious gum disease. Therefore, regular dental scaling is important to maintain oral health. <\/span><\/p>\n<h2><strong>What is Dental Stone?\u00a0<\/strong><\/h2>\n<p><span style=\"font-weight: 400;\">Dental tartar is a mineralized structure formed by the hardening of plaques accumulated on the surface of the teeth. Plaque consists of bacteria and food debris and turns into tartar if not removed regularly. Tartar can only be removed with the dentist&#8217;s professional tools.\u00a0<\/span><\/p>\n<h2><strong>Why is Dental Stone Cleaning Important?\u00a0<\/strong><\/h2>\n<p><span style=\"font-weight: 400;\"><strong>Gum Health:<\/strong> Tartar can progress below the gum line and cause serious gum diseases such as gingivitis and periodontitis.\u00a0<\/span><\/p>\n<p><span style=\"font-weight: 400;\"><strong>Oral Hygiene:<\/strong> Tartar can cause bacteria to accumulate and cause bad breath.\u00a0<\/span><\/p>\n<p><strong>\u00a0<\/strong><span style=\"font-weight: 400;\"><strong>Aesthetic Appearance:<\/strong> Dental tartar can cause yellowing of teeth and an aesthetically unpleasant appearance. <\/span><\/p>\n<h2><strong>What are the Harms of Dental Stone?\u00a0<\/strong><\/h2>\n<p><span style=\"font-weight: 400;\">Although dental tartar seems simple, it causes discomfort when not cleaned. The biggest harm of dental stone is that it melts the jaw bone that holds the teeth over time, resulting in tooth loss. Tooth stones cause gum disease and recession. The body understands the harm of tartar and tries to remove it from itself. Since tartar is on the teeth, the body cannot eliminate it on its own. For this reason, he tries to push the female away from himself.<\/span><\/p>\n<h2><strong>Care After Dental Stone Cleaning\u00a0<\/strong><\/h2>\n<p><span style=\"font-weight: 400;\"><strong>\u00a0Regular Brushing:<\/strong> Brush your teeth twice a day with fluoride toothpaste.\u00a0<\/span><\/p>\n<p><span style=\"font-weight: 400;\"><strong>\u00a0Flossing:<\/strong> Clean between your teeth using dental floss daily.\u00a0<\/span><\/p>\n<p><span style=\"font-weight: 400;\"><strong>\u00a0Mouthwash:<\/strong> Improve oral hygiene by using antibacterial mouthwashes.\u00a0<\/span><\/p>\n<p><span style=\"font-weight: 400;\"><strong>\u00a0Regular Checkups:<\/strong> Visit your dentist regularly to get professional cleanings and check your gum health. <\/span><\/p>\n<\/div><\/div><\/div><\/div><\/div><\/div><\/section>\n","protected":false},"excerpt":{"rendered":"Dental Stone Cleaning &amp; Tartar Treatment Healthy teeth, happy smiles Scaling is the process of professionally cleaning the plaque and tartar (tartar) that accumulate on the surface of the teeth and harden over time. Tartar can lead to gingivitis and more serious gum disease. Therefore, regular dental scaling is important to maintain oral health. What...","protected":false},"author":1,"featured_media":10892,"parent":8012,"menu_order":0,"comment_status":"closed","ping_status":"closed","template":"","meta":{"_acf_changed":false,"footnotes":""},"sayfa-ve-kategori-eslestirmesi":[66],"class_list":["post-8092","page","type-page","status-publish","has-post-thumbnail","hentry","sayfa-ve-kategori-eslestirmesi-periodontology"],"acf":[],"yoast_head":"<!-- This site is optimized with the Yoast SEO plugin v27.5 - https:\/\/yoast.com\/product\/yoast-seo-wordpress\/ -->\n<title>Tooth Stone Cleaning in Turkey | Megadentist<\/title>\n<meta name=\"description\" content=\"For more detailed information about Calculus Cleaning \/ Tartar Treatment, visit megadentist.com.tr now. Click now to get information!\" \/>\n<meta name=\"robots\" content=\"index, follow, max-snippet:-1, max-image-preview:large, max-video-preview:-1\" \/>\n<link rel=\"canonical\" href=\"https:\/\/megadentist.com.tr\/en\/periodontology\/tooth-stone-cleaning\/\" \/>\n<meta property=\"og:locale\" content=\"en_US\" \/>\n<meta property=\"og:type\" content=\"article\" \/>\n<meta property=\"og:title\" content=\"Tooth Stone Cleaning in Turkey | Megadentist\" \/>\n<meta property=\"og:description\" content=\"For more detailed information about Calculus Cleaning \/ Tartar Treatment, visit megadentist.com.tr now. Click now to get information!\" \/>\n<meta property=\"og:url\" content=\"https:\/\/megadentist.com.tr\/en\/periodontology\/tooth-stone-cleaning\/\" \/>\n<meta property=\"og:site_name\" content=\"Megadentist\" \/>\n<meta property=\"article:modified_time\" content=\"2024-07-05T09:34:52+00:00\" \/>\n<meta property=\"og:image\" content=\"https:\/\/megadentist.com.tr\/en\/wp-content\/uploads\/2022\/11\/dis-tasi-temizligi.jpg\" \/>\n\t<meta property=\"og:image:width\" content=\"1920\" \/>\n\t<meta property=\"og:image:height\" content=\"1468\" \/>\n\t<meta property=\"og:image:type\" content=\"image\/jpeg\" \/>\n<meta name=\"twitter:card\" content=\"summary_large_image\" \/>\n<meta name=\"twitter:label1\" content=\"Est. reading time\" \/>\n\t<meta name=\"twitter:data1\" content=\"2 minutes\" \/>\n<script type=\"application\/ld+json\" class=\"yoast-schema-graph\">{\"@context\":\"https:\\\/\\\/schema.org\",\"@graph\":[{\"@type\":\"WebPage\",\"@id\":\"https:\\\/\\\/megadentist.com.tr\\\/en\\\/periodontology\\\/tooth-stone-cleaning\\\/\",\"url\":\"https:\\\/\\\/megadentist.com.tr\\\/en\\\/periodontology\\\/tooth-stone-cleaning\\\/\",\"name\":\"Tooth Stone Cleaning in Turkey | Megadentist\",\"isPartOf\":{\"@id\":\"https:\\\/\\\/megadentist.com.tr\\\/en\\\/#website\"},\"primaryImageOfPage\":{\"@id\":\"https:\\\/\\\/megadentist.com.tr\\\/en\\\/periodontology\\\/tooth-stone-cleaning\\\/#primaryimage\"},\"image\":{\"@id\":\"https:\\\/\\\/megadentist.com.tr\\\/en\\\/periodontology\\\/tooth-stone-cleaning\\\/#primaryimage\"},\"thumbnailUrl\":\"https:\\\/\\\/megadentist.com.tr\\\/en\\\/wp-content\\\/uploads\\\/2022\\\/11\\\/dis-tasi-temizligi.jpg\",\"datePublished\":\"2022-10-28T06:09:55+00:00\",\"dateModified\":\"2024-07-05T09:34:52+00:00\",\"description\":\"For more detailed information about Calculus Cleaning \\\/ Tartar Treatment, visit megadentist.com.tr now. Click now to get information!\",\"breadcrumb\":{\"@id\":\"https:\\\/\\\/megadentist.com.tr\\\/en\\\/periodontology\\\/tooth-stone-cleaning\\\/#breadcrumb\"},\"inLanguage\":\"en-US\",\"potentialAction\":[{\"@type\":\"ReadAction\",\"target\":[\"https:\\\/\\\/megadentist.com.tr\\\/en\\\/periodontology\\\/tooth-stone-cleaning\\\/\"]}]},{\"@type\":\"ImageObject\",\"inLanguage\":\"en-US\",\"@id\":\"https:\\\/\\\/megadentist.com.tr\\\/en\\\/periodontology\\\/tooth-stone-cleaning\\\/#primaryimage\",\"url\":\"https:\\\/\\\/megadentist.com.tr\\\/en\\\/wp-content\\\/uploads\\\/2022\\\/11\\\/dis-tasi-temizligi.jpg\",\"contentUrl\":\"https:\\\/\\\/megadentist.com.tr\\\/en\\\/wp-content\\\/uploads\\\/2022\\\/11\\\/dis-tasi-temizligi.jpg\",\"width\":1920,\"height\":1468,\"caption\":\"Di\u015f Ta\u015f\u0131 Temizli\u011fi\"},{\"@type\":\"BreadcrumbList\",\"@id\":\"https:\\\/\\\/megadentist.com.tr\\\/en\\\/periodontology\\\/tooth-stone-cleaning\\\/#breadcrumb\",\"itemListElement\":[{\"@type\":\"ListItem\",\"position\":1,\"name\":\"Anasayfa\",\"item\":\"https:\\\/\\\/megadentist.com.tr\\\/en\\\/\"},{\"@type\":\"ListItem\",\"position\":2,\"name\":\"Periodontology\",\"item\":\"https:\\\/\\\/megadentist.com.tr\\\/en\\\/periodontology\\\/\"},{\"@type\":\"ListItem\",\"position\":3,\"name\":\"Tooth Stone Cleaning\"}]},{\"@type\":\"WebSite\",\"@id\":\"https:\\\/\\\/megadentist.com.tr\\\/en\\\/#website\",\"url\":\"https:\\\/\\\/megadentist.com.tr\\\/en\\\/\",\"name\":\"Megadentist\",\"description\":\"\",\"potentialAction\":[{\"@type\":\"SearchAction\",\"target\":{\"@type\":\"EntryPoint\",\"urlTemplate\":\"https:\\\/\\\/megadentist.com.tr\\\/en\\\/?s={search_term_string}\"},\"query-input\":{\"@type\":\"PropertyValueSpecification\",\"valueRequired\":true,\"valueName\":\"search_term_string\"}}],\"inLanguage\":\"en-US\"}]}<\/script>\n<!-- \/ Yoast SEO plugin. -->","yoast_head_json":{"title":"Tooth Stone Cleaning in Turkey | Megadentist","description":"For more detailed information about Calculus Cleaning \/ Tartar Treatment, visit megadentist.com.tr now. Click now to get information!","robots":{"index":"index","follow":"follow","max-snippet":"max-snippet:-1","max-image-preview":"max-image-preview:large","max-video-preview":"max-video-preview:-1"},"canonical":"https:\/\/megadentist.com.tr\/en\/periodontology\/tooth-stone-cleaning\/","og_locale":"en_US","og_type":"article","og_title":"Tooth Stone Cleaning in Turkey | Megadentist","og_description":"For more detailed information about Calculus Cleaning \/ Tartar Treatment, visit megadentist.com.tr now. Click now to get information!","og_url":"https:\/\/megadentist.com.tr\/en\/periodontology\/tooth-stone-cleaning\/","og_site_name":"Megadentist","article_modified_time":"2024-07-05T09:34:52+00:00","og_image":[{"width":1920,"height":1468,"url":"https:\/\/megadentist.com.tr\/en\/wp-content\/uploads\/2022\/11\/dis-tasi-temizligi.jpg","type":"image\/jpeg"}],"twitter_card":"summary_large_image","twitter_misc":{"Est. reading time":"2 minutes"},"schema":{"@context":"https:\/\/schema.org","@graph":[{"@type":"WebPage","@id":"https:\/\/megadentist.com.tr\/en\/periodontology\/tooth-stone-cleaning\/","url":"https:\/\/megadentist.com.tr\/en\/periodontology\/tooth-stone-cleaning\/","name":"Tooth Stone Cleaning in Turkey | Megadentist","isPartOf":{"@id":"https:\/\/megadentist.com.tr\/en\/#website"},"primaryImageOfPage":{"@id":"https:\/\/megadentist.com.tr\/en\/periodontology\/tooth-stone-cleaning\/#primaryimage"},"image":{"@id":"https:\/\/megadentist.com.tr\/en\/periodontology\/tooth-stone-cleaning\/#primaryimage"},"thumbnailUrl":"https:\/\/megadentist.com.tr\/en\/wp-content\/uploads\/2022\/11\/dis-tasi-temizligi.jpg","datePublished":"2022-10-28T06:09:55+00:00","dateModified":"2024-07-05T09:34:52+00:00","description":"For more detailed information about Calculus Cleaning \/ Tartar Treatment, visit megadentist.com.tr now. Click now to get information!","breadcrumb":{"@id":"https:\/\/megadentist.com.tr\/en\/periodontology\/tooth-stone-cleaning\/#breadcrumb"},"inLanguage":"en-US","potentialAction":[{"@type":"ReadAction","target":["https:\/\/megadentist.com.tr\/en\/periodontology\/tooth-stone-cleaning\/"]}]},{"@type":"ImageObject","inLanguage":"en-US","@id":"https:\/\/megadentist.com.tr\/en\/periodontology\/tooth-stone-cleaning\/#primaryimage","url":"https:\/\/megadentist.com.tr\/en\/wp-content\/uploads\/2022\/11\/dis-tasi-temizligi.jpg","contentUrl":"https:\/\/megadentist.com.tr\/en\/wp-content\/uploads\/2022\/11\/dis-tasi-temizligi.jpg","width":1920,"height":1468,"caption":"Di\u015f Ta\u015f\u0131 Temizli\u011fi"},{"@type":"BreadcrumbList","@id":"https:\/\/megadentist.com.tr\/en\/periodontology\/tooth-stone-cleaning\/#breadcrumb","itemListElement":[{"@type":"ListItem","position":1,"name":"Anasayfa","item":"https:\/\/megadentist.com.tr\/en\/"},{"@type":"ListItem","position":2,"name":"Periodontology","item":"https:\/\/megadentist.com.tr\/en\/periodontology\/"},{"@type":"ListItem","position":3,"name":"Tooth Stone Cleaning"}]},{"@type":"WebSite","@id":"https:\/\/megadentist.com.tr\/en\/#website","url":"https:\/\/megadentist.com.tr\/en\/","name":"Megadentist","description":"","potentialAction":[{"@type":"SearchAction","target":{"@type":"EntryPoint","urlTemplate":"https:\/\/megadentist.com.tr\/en\/?s={search_term_string}"},"query-input":{"@type":"PropertyValueSpecification","valueRequired":true,"valueName":"search_term_string"}}],"inLanguage":"en-US"}]}},"_links":{"self":[{"href":"https:\/\/megadentist.com.tr\/en\/wp-json\/wp\/v2\/pages\/8092","targetHints":{"allow":["GET"]}}],"collection":[{"href":"https:\/\/megadentist.com.tr\/en\/wp-json\/wp\/v2\/pages"}],"about":[{"href":"https:\/\/megadentist.com.tr\/en\/wp-json\/wp\/v2\/types\/page"}],"author":[{"embeddable":true,"href":"https:\/\/megadentist.com.tr\/en\/wp-json\/wp\/v2\/users\/1"}],"replies":[{"embeddable":true,"href":"https:\/\/megadentist.com.tr\/en\/wp-json\/wp\/v2\/comments?post=8092"}],"version-history":[{"count":5,"href":"https:\/\/megadentist.com.tr\/en\/wp-json\/wp\/v2\/pages\/8092\/revisions"}],"predecessor-version":[{"id":15946,"href":"https:\/\/megadentist.com.tr\/en\/wp-json\/wp\/v2\/pages\/8092\/revisions\/15946"}],"up":[{"embeddable":true,"href":"https:\/\/megadentist.com.tr\/en\/wp-json\/wp\/v2\/pages\/8012"}],"wp:featuredmedia":[{"embeddable":true,"href":"https:\/\/megadentist.com.tr\/en\/wp-json\/wp\/v2\/media\/10892"}],"wp:attachment":[{"href":"https:\/\/megadentist.com.tr\/en\/wp-json\/wp\/v2\/media?parent=8092"}],"wp:term":[{"taxonomy":"sayfa-ve-kategori-eslestirmesi","embeddable":true,"href":"https:\/\/megadentist.com.tr\/en\/wp-json\/wp\/v2\/sayfa-ve-kategori-eslestirmesi?post=8092"}],"curies":[{"name":"wp","href":"https:\/\/api.w.org\/{rel}","templated":true}]}}