{"id":8090,"date":"2022-10-28T09:09:25","date_gmt":"2022-10-28T06:09:25","guid":{"rendered":"https:\/\/megadentist.com.tr\/?page_id=8090"},"modified":"2024-07-05T12:32:28","modified_gmt":"2024-07-05T09:32:28","slug":"gingivitis","status":"publish","type":"page","link":"https:\/\/megadentist.com.tr\/en\/periodontology\/gingivitis\/","title":{"rendered":"Gingivitis"},"content":{"rendered":"<section class=\"l-section wpb_row height_custom\"><div class=\"l-section-h i-cf\"><div class=\"g-cols vc_row via_grid cols_1 laptops-cols_inherit tablets-cols_inherit mobiles-cols_1 valign_top type_default stacking_default\"><div class=\"wpb_column vc_column_container\"><div class=\"vc_column-inner\"><div class=\"wpb_text_column\"><div class=\"wpb_wrapper\"><h2><b>Gingivitis Treatment<\/b><\/h2>\n<p><b>Healthy teeth, happy smiles<\/b><\/p>\n<p><span style=\"font-weight: 400;\">Gingivitis treatment consists of a series of methods applied to eliminate inflammation and infection in the gums. Treatment aims to restore gum health and prevent more serious gum disease.<\/span><\/p>\n<h2><span style=\"font-weight: 400;\"><strong>Gingivitis Treatment<\/strong> <\/span><\/h2>\n<ul>\n<li style=\"font-weight: 400;\" aria-level=\"2\"><span style=\"font-weight: 400;\">Professional Teeth Cleaning:\u00a0<\/span><\/li>\n<li style=\"font-weight: 400;\" aria-level=\"2\"><span style=\"font-weight: 400;\">Your dentist removes the plaque and tartar that accumulates on the teeth and gums. This process eliminates the main cause of gingivitis.\u00a0<\/span><\/li>\n<li style=\"font-weight: 400;\" aria-level=\"2\"><span style=\"font-weight: 400;\">Regular Oral Hygiene:\u00a0<\/span><\/li>\n<li style=\"font-weight: 400;\" aria-level=\"2\"><span style=\"font-weight: 400;\">Brush your teeth twice a day and use dental floss to clean between your teeth. Antibacterial mouthwashes can also be used.\u00a0<\/span><\/li>\n<li style=\"font-weight: 400;\" aria-level=\"2\"><span style=\"font-weight: 400;\">Regular Dentist Check-ups:\u00a0<\/span><\/li>\n<li style=\"font-weight: 400;\" aria-level=\"2\"><span style=\"font-weight: 400;\">Visit your dentist regularly to check your gum health and get professional cleanings.\u00a0\u00a0<\/span><\/li>\n<li style=\"font-weight: 400;\" aria-level=\"2\"><span style=\"font-weight: 400;\">Healthy Lifestyle:\u00a0<\/span><\/li>\n<li style=\"font-weight: 400;\" aria-level=\"2\"><span style=\"font-weight: 400;\">Eat healthy, quit smoking and avoid sugary foods.<\/span><\/li>\n<\/ul>\n<h2><b>What are the symptoms of gingivitis?<\/b><\/h2>\n<ul>\n<li><span style=\"font-weight: 400;\"> Gums are bright red in color\u00a0<\/span><\/li>\n<li><span style=\"font-weight: 400;\"> Gums that look puffy\u00a0<\/span><\/li>\n<li><span style=\"font-weight: 400;\"> Bad breath\u00a0<\/span><\/li>\n<li><span style=\"font-weight: 400;\"> Constant bleeding while brushing teeth\u00a0<\/span><\/li>\n<li><span style=\"font-weight: 400;\"> Gum recession<\/span><\/li>\n<\/ul>\n<h2><b>\u00a0<\/b><b>What Happens If Gingivitis Is Untreated?<\/b><\/h2>\n<p><span style=\"font-weight: 400;\">If left untreated, gingivitis can lead to tooth loss. In this case, it may cause gum recession. Gum recession (periodontitis) is an important gum disease that destroys soft tissues and bones. Gingivitis may recur unless treated.\u00a0<\/span><\/p>\n<p><span style=\"font-weight: 400;\">These methods effectively treat gingivitis and help prevent more serious gum diseases. You can contact us to get more information about your gum health or to schedule an appointment.<\/span><\/p>\n<\/div><\/div><\/div><\/div><\/div><\/div><\/section>\n","protected":false},"excerpt":{"rendered":"Gingivitis Treatment Healthy teeth, happy smiles Gingivitis treatment consists of a series of methods applied to eliminate inflammation and infection in the gums. Treatment aims to restore gum health and prevent more serious gum disease. Gingivitis Treatment Professional Teeth Cleaning:\u00a0 Your dentist removes the plaque and tartar that accumulates on the teeth and gums. This...","protected":false},"author":1,"featured_media":10890,"parent":8012,"menu_order":0,"comment_status":"closed","ping_status":"closed","template":"","meta":{"_acf_changed":false,"footnotes":""},"sayfa-ve-kategori-eslestirmesi":[66],"class_list":["post-8090","page","type-page","status-publish","has-post-thumbnail","hentry","sayfa-ve-kategori-eslestirmesi-periodontology"],"acf":[],"yoast_head":"<!-- This site is optimized with the Yoast SEO plugin v27.4 - https:\/\/yoast.com\/product\/yoast-seo-wordpress\/ -->\n<title>Gingivitis in Turkey | Megadentist<\/title>\n<meta name=\"description\" content=\"For more detailed information about Gum Inflammation \/ Gingivitis, visit megadentist.com.tr now. Click now to get information!\" \/>\n<meta name=\"robots\" content=\"index, follow, max-snippet:-1, max-image-preview:large, max-video-preview:-1\" \/>\n<link rel=\"canonical\" href=\"https:\/\/megadentist.com.tr\/en\/periodontology\/gingivitis\/\" \/>\n<meta property=\"og:locale\" content=\"en_US\" \/>\n<meta property=\"og:type\" content=\"article\" \/>\n<meta property=\"og:title\" content=\"Gingivitis in Turkey | Megadentist\" \/>\n<meta property=\"og:description\" content=\"For more detailed information about Gum Inflammation \/ Gingivitis, visit megadentist.com.tr now. Click now to get information!\" \/>\n<meta property=\"og:url\" content=\"https:\/\/megadentist.com.tr\/en\/periodontology\/gingivitis\/\" \/>\n<meta property=\"og:site_name\" content=\"Megadentist\" \/>\n<meta property=\"article:modified_time\" content=\"2024-07-05T09:32:28+00:00\" \/>\n<meta property=\"og:image\" content=\"https:\/\/megadentist.com.tr\/en\/wp-content\/uploads\/2022\/11\/dis-eti-iltihabi.jpg\" \/>\n\t<meta property=\"og:image:width\" content=\"1000\" \/>\n\t<meta property=\"og:image:height\" content=\"667\" \/>\n\t<meta property=\"og:image:type\" content=\"image\/jpeg\" \/>\n<meta name=\"twitter:card\" content=\"summary_large_image\" \/>\n<meta name=\"twitter:label1\" content=\"Est. reading time\" \/>\n\t<meta name=\"twitter:data1\" content=\"2 minutes\" \/>\n<script type=\"application\/ld+json\" class=\"yoast-schema-graph\">{\"@context\":\"https:\\\/\\\/schema.org\",\"@graph\":[{\"@type\":\"WebPage\",\"@id\":\"https:\\\/\\\/megadentist.com.tr\\\/en\\\/periodontology\\\/gingivitis\\\/\",\"url\":\"https:\\\/\\\/megadentist.com.tr\\\/en\\\/periodontology\\\/gingivitis\\\/\",\"name\":\"Gingivitis in Turkey | Megadentist\",\"isPartOf\":{\"@id\":\"https:\\\/\\\/megadentist.com.tr\\\/en\\\/#website\"},\"primaryImageOfPage\":{\"@id\":\"https:\\\/\\\/megadentist.com.tr\\\/en\\\/periodontology\\\/gingivitis\\\/#primaryimage\"},\"image\":{\"@id\":\"https:\\\/\\\/megadentist.com.tr\\\/en\\\/periodontology\\\/gingivitis\\\/#primaryimage\"},\"thumbnailUrl\":\"https:\\\/\\\/megadentist.com.tr\\\/en\\\/wp-content\\\/uploads\\\/2022\\\/11\\\/dis-eti-iltihabi.jpg\",\"datePublished\":\"2022-10-28T06:09:25+00:00\",\"dateModified\":\"2024-07-05T09:32:28+00:00\",\"description\":\"For more detailed information about Gum Inflammation \\\/ Gingivitis, visit megadentist.com.tr now. Click now to get information!\",\"breadcrumb\":{\"@id\":\"https:\\\/\\\/megadentist.com.tr\\\/en\\\/periodontology\\\/gingivitis\\\/#breadcrumb\"},\"inLanguage\":\"en-US\",\"potentialAction\":[{\"@type\":\"ReadAction\",\"target\":[\"https:\\\/\\\/megadentist.com.tr\\\/en\\\/periodontology\\\/gingivitis\\\/\"]}]},{\"@type\":\"ImageObject\",\"inLanguage\":\"en-US\",\"@id\":\"https:\\\/\\\/megadentist.com.tr\\\/en\\\/periodontology\\\/gingivitis\\\/#primaryimage\",\"url\":\"https:\\\/\\\/megadentist.com.tr\\\/en\\\/wp-content\\\/uploads\\\/2022\\\/11\\\/dis-eti-iltihabi.jpg\",\"contentUrl\":\"https:\\\/\\\/megadentist.com.tr\\\/en\\\/wp-content\\\/uploads\\\/2022\\\/11\\\/dis-eti-iltihabi.jpg\",\"width\":1000,\"height\":667,\"caption\":\"Di\u015f Eti \u0130ltihab\u0131\"},{\"@type\":\"BreadcrumbList\",\"@id\":\"https:\\\/\\\/megadentist.com.tr\\\/en\\\/periodontology\\\/gingivitis\\\/#breadcrumb\",\"itemListElement\":[{\"@type\":\"ListItem\",\"position\":1,\"name\":\"Anasayfa\",\"item\":\"https:\\\/\\\/megadentist.com.tr\\\/en\\\/\"},{\"@type\":\"ListItem\",\"position\":2,\"name\":\"Periodontology\",\"item\":\"https:\\\/\\\/megadentist.com.tr\\\/en\\\/periodontology\\\/\"},{\"@type\":\"ListItem\",\"position\":3,\"name\":\"Gingivitis\"}]},{\"@type\":\"WebSite\",\"@id\":\"https:\\\/\\\/megadentist.com.tr\\\/en\\\/#website\",\"url\":\"https:\\\/\\\/megadentist.com.tr\\\/en\\\/\",\"name\":\"Megadentist\",\"description\":\"\",\"potentialAction\":[{\"@type\":\"SearchAction\",\"target\":{\"@type\":\"EntryPoint\",\"urlTemplate\":\"https:\\\/\\\/megadentist.com.tr\\\/en\\\/?s={search_term_string}\"},\"query-input\":{\"@type\":\"PropertyValueSpecification\",\"valueRequired\":true,\"valueName\":\"search_term_string\"}}],\"inLanguage\":\"en-US\"}]}<\/script>\n<!-- \/ Yoast SEO plugin. -->","yoast_head_json":{"title":"Gingivitis in Turkey | Megadentist","description":"For more detailed information about Gum Inflammation \/ Gingivitis, visit megadentist.com.tr now. Click now to get information!","robots":{"index":"index","follow":"follow","max-snippet":"max-snippet:-1","max-image-preview":"max-image-preview:large","max-video-preview":"max-video-preview:-1"},"canonical":"https:\/\/megadentist.com.tr\/en\/periodontology\/gingivitis\/","og_locale":"en_US","og_type":"article","og_title":"Gingivitis in Turkey | Megadentist","og_description":"For more detailed information about Gum Inflammation \/ Gingivitis, visit megadentist.com.tr now. Click now to get information!","og_url":"https:\/\/megadentist.com.tr\/en\/periodontology\/gingivitis\/","og_site_name":"Megadentist","article_modified_time":"2024-07-05T09:32:28+00:00","og_image":[{"width":1000,"height":667,"url":"https:\/\/megadentist.com.tr\/en\/wp-content\/uploads\/2022\/11\/dis-eti-iltihabi.jpg","type":"image\/jpeg"}],"twitter_card":"summary_large_image","twitter_misc":{"Est. reading time":"2 minutes"},"schema":{"@context":"https:\/\/schema.org","@graph":[{"@type":"WebPage","@id":"https:\/\/megadentist.com.tr\/en\/periodontology\/gingivitis\/","url":"https:\/\/megadentist.com.tr\/en\/periodontology\/gingivitis\/","name":"Gingivitis in Turkey | Megadentist","isPartOf":{"@id":"https:\/\/megadentist.com.tr\/en\/#website"},"primaryImageOfPage":{"@id":"https:\/\/megadentist.com.tr\/en\/periodontology\/gingivitis\/#primaryimage"},"image":{"@id":"https:\/\/megadentist.com.tr\/en\/periodontology\/gingivitis\/#primaryimage"},"thumbnailUrl":"https:\/\/megadentist.com.tr\/en\/wp-content\/uploads\/2022\/11\/dis-eti-iltihabi.jpg","datePublished":"2022-10-28T06:09:25+00:00","dateModified":"2024-07-05T09:32:28+00:00","description":"For more detailed information about Gum Inflammation \/ Gingivitis, visit megadentist.com.tr now. Click now to get information!","breadcrumb":{"@id":"https:\/\/megadentist.com.tr\/en\/periodontology\/gingivitis\/#breadcrumb"},"inLanguage":"en-US","potentialAction":[{"@type":"ReadAction","target":["https:\/\/megadentist.com.tr\/en\/periodontology\/gingivitis\/"]}]},{"@type":"ImageObject","inLanguage":"en-US","@id":"https:\/\/megadentist.com.tr\/en\/periodontology\/gingivitis\/#primaryimage","url":"https:\/\/megadentist.com.tr\/en\/wp-content\/uploads\/2022\/11\/dis-eti-iltihabi.jpg","contentUrl":"https:\/\/megadentist.com.tr\/en\/wp-content\/uploads\/2022\/11\/dis-eti-iltihabi.jpg","width":1000,"height":667,"caption":"Di\u015f Eti \u0130ltihab\u0131"},{"@type":"BreadcrumbList","@id":"https:\/\/megadentist.com.tr\/en\/periodontology\/gingivitis\/#breadcrumb","itemListElement":[{"@type":"ListItem","position":1,"name":"Anasayfa","item":"https:\/\/megadentist.com.tr\/en\/"},{"@type":"ListItem","position":2,"name":"Periodontology","item":"https:\/\/megadentist.com.tr\/en\/periodontology\/"},{"@type":"ListItem","position":3,"name":"Gingivitis"}]},{"@type":"WebSite","@id":"https:\/\/megadentist.com.tr\/en\/#website","url":"https:\/\/megadentist.com.tr\/en\/","name":"Megadentist","description":"","potentialAction":[{"@type":"SearchAction","target":{"@type":"EntryPoint","urlTemplate":"https:\/\/megadentist.com.tr\/en\/?s={search_term_string}"},"query-input":{"@type":"PropertyValueSpecification","valueRequired":true,"valueName":"search_term_string"}}],"inLanguage":"en-US"}]}},"_links":{"self":[{"href":"https:\/\/megadentist.com.tr\/en\/wp-json\/wp\/v2\/pages\/8090","targetHints":{"allow":["GET"]}}],"collection":[{"href":"https:\/\/megadentist.com.tr\/en\/wp-json\/wp\/v2\/pages"}],"about":[{"href":"https:\/\/megadentist.com.tr\/en\/wp-json\/wp\/v2\/types\/page"}],"author":[{"embeddable":true,"href":"https:\/\/megadentist.com.tr\/en\/wp-json\/wp\/v2\/users\/1"}],"replies":[{"embeddable":true,"href":"https:\/\/megadentist.com.tr\/en\/wp-json\/wp\/v2\/comments?post=8090"}],"version-history":[{"count":5,"href":"https:\/\/megadentist.com.tr\/en\/wp-json\/wp\/v2\/pages\/8090\/revisions"}],"predecessor-version":[{"id":15945,"href":"https:\/\/megadentist.com.tr\/en\/wp-json\/wp\/v2\/pages\/8090\/revisions\/15945"}],"up":[{"embeddable":true,"href":"https:\/\/megadentist.com.tr\/en\/wp-json\/wp\/v2\/pages\/8012"}],"wp:featuredmedia":[{"embeddable":true,"href":"https:\/\/megadentist.com.tr\/en\/wp-json\/wp\/v2\/media\/10890"}],"wp:attachment":[{"href":"https:\/\/megadentist.com.tr\/en\/wp-json\/wp\/v2\/media?parent=8090"}],"wp:term":[{"taxonomy":"sayfa-ve-kategori-eslestirmesi","embeddable":true,"href":"https:\/\/megadentist.com.tr\/en\/wp-json\/wp\/v2\/sayfa-ve-kategori-eslestirmesi?post=8090"}],"curies":[{"name":"wp","href":"https:\/\/api.w.org\/{rel}","templated":true}]}}