{"id":8080,"date":"2022-10-28T09:07:12","date_gmt":"2022-10-28T06:07:12","guid":{"rendered":"https:\/\/megadentist.com.tr\/?page_id=8080"},"modified":"2024-07-05T11:59:42","modified_gmt":"2024-07-05T08:59:42","slug":"baby-bottle-tooth-decay","status":"publish","type":"page","link":"https:\/\/megadentist.com.tr\/en\/pedodontics-pediatric-dentistry\/baby-bottle-tooth-decay\/","title":{"rendered":"Bottle Tooth Decay"},"content":{"rendered":"<section class=\"l-section wpb_row height_custom\"><div class=\"l-section-h i-cf\"><div class=\"g-cols vc_row via_grid cols_1 laptops-cols_inherit tablets-cols_inherit mobiles-cols_1 valign_top type_default stacking_default\"><div class=\"wpb_column vc_column_container\"><div class=\"vc_column-inner\"><div class=\"wpb_text_column\"><div class=\"wpb_wrapper\"><h2><b>Bottle Tooth Decay Treatment<\/b><\/h2>\n<p><b>Healthy teeth, happy children<\/b><\/p>\n<p><span style=\"font-weight: 400;\">Bottle tooth decay treatment is a dental procedure that aims to treat tooth decay, which is especially common in young children and occurs due to long-term bottle use. Bottle tooth decay is the decay that occurs in the teeth as a result of long-term consumption of sugary milk, fruit juice or other beverages with a bottle.<\/span><\/p>\n<h2><b>What is Bottle Tooth Decay?<\/b><\/h2>\n<p><span style=\"font-weight: 400;\">Bottle tooth decay is primarily seen in the upper front teeth and can spread quickly. The decay begins with white spots on the enamel of the teeth and develops into deeper cavities if left untreated. This can cause pain in the child&#8217;s teeth, infection and early tooth loss.<\/span><\/p>\n<h2><b>Baby Bottle Tooth Decay Treatment Methods<\/b><\/h2>\n<ol>\n<li><b> Preventive Measures:<\/b><\/li>\n<\/ol>\n<ul>\n<li><span style=\"font-weight: 400;\"> Limiting the consumption of sugary drinks and stopping bottle use before bedtime.<\/span><\/li>\n<li><span style=\"font-weight: 400;\"> Cleaning your child&#8217;s teeth regularly and paying attention to oral hygiene.<\/span><\/li>\n<li><span style=\"font-weight: 400;\"> Taking your child to the dentist at an early age and having regular check-ups.<\/span><\/li>\n<\/ul>\n<ol start=\"2\">\n<li><b> Fluoride Application:<\/b><\/li>\n<\/ol>\n<ul>\n<li><span style=\"font-weight: 400;\"> Fluoride application can be done to strengthen tooth enamel and prevent decay. This procedure increases the resistance of the child&#8217;s teeth against decay.<\/span><\/li>\n<\/ul>\n<ol start=\"3\">\n<li><b> Filling and Coating:<\/b><\/li>\n<\/ol>\n<ul>\n<li><span style=\"font-weight: 400;\"> In cases where the decay progresses, the decayed area may need to be cleaned and filled. In c<\/span> <span style=\"font-weight: 400;\">ases where the teeth are seriously damaged, a coating treatment can also be applied.<\/span><\/li>\n<\/ul>\n<ol start=\"4\">\n<li><b> Pulp Treatment (Baby Root Canal Treatment):<\/b><\/li>\n<\/ol>\n<ul>\n<li><span style=\"font-weight: 400;\"> If the decay reaches the inner part of the tooth, the infected pulp tissue may need to be cleaned and the inner part of the tooth filled. This is a treatment performed to save the child&#8217;s tooth.<\/span><\/li>\n<\/ul>\n<h2><b>Baby Bottle Tooth Decay Treatment Process<\/b><\/h2>\n<p><span style=\"font-weight: 400;\">The treatment process may vary depending on the child&#8217;s age, the extent of the decay, and general oral health. The dentist will create the most appropriate treatment plan for your child&#8217;s condition. Early intervention is critical to protecting your child&#8217;s dental health and preventing more serious dental problems in the future.<\/span><span style=\"font-weight: 400;\"><\/span><\/p>\n<p>&nbsp;<\/p>\n<p><span style=\"font-weight: 400;\">Our goal is to ensure that children have healthy teeth and to effectively treat common dental problems such as baby bottle tooth decay. You can contact us to get more information about your child&#8217;s dental health or to make an appointment.<\/span><\/p>\n<\/div><\/div><\/div><\/div><\/div><\/div><\/section>\n","protected":false},"excerpt":{"rendered":"Bottle Tooth Decay Treatment Healthy teeth, happy children Bottle tooth decay treatment is a dental procedure that aims to treat tooth decay, which is especially common in young children and occurs due to long-term bottle use. Bottle tooth decay is the decay that occurs in the teeth as a result of long-term consumption of sugary...","protected":false},"author":1,"featured_media":10880,"parent":8010,"menu_order":0,"comment_status":"closed","ping_status":"closed","template":"","meta":{"_acf_changed":false,"footnotes":""},"sayfa-ve-kategori-eslestirmesi":[65],"class_list":["post-8080","page","type-page","status-publish","has-post-thumbnail","hentry","sayfa-ve-kategori-eslestirmesi-pediatric-dentistry"],"acf":[],"yoast_head":"<!-- This site is optimized with the Yoast SEO plugin v27.5 - https:\/\/yoast.com\/product\/yoast-seo-wordpress\/ -->\n<title>Bottle Tooth Decay in Turkey | Megadentist<\/title>\n<meta name=\"description\" content=\"For more detailed information about Baby Bottle Tooth Decay, visit megadentist.com.tr now. Click now to get information!\" \/>\n<meta name=\"robots\" content=\"index, follow, max-snippet:-1, max-image-preview:large, max-video-preview:-1\" \/>\n<link rel=\"canonical\" href=\"https:\/\/megadentist.com.tr\/en\/pedodontics-pediatric-dentistry\/baby-bottle-tooth-decay\/\" \/>\n<meta property=\"og:locale\" content=\"en_US\" \/>\n<meta property=\"og:type\" content=\"article\" \/>\n<meta property=\"og:title\" content=\"Bottle Tooth Decay in Turkey | Megadentist\" \/>\n<meta property=\"og:description\" content=\"For more detailed information about Baby Bottle Tooth Decay, visit megadentist.com.tr now. Click now to get information!\" \/>\n<meta property=\"og:url\" content=\"https:\/\/megadentist.com.tr\/en\/pedodontics-pediatric-dentistry\/baby-bottle-tooth-decay\/\" \/>\n<meta property=\"og:site_name\" content=\"Megadentist\" \/>\n<meta property=\"article:modified_time\" content=\"2024-07-05T08:59:42+00:00\" \/>\n<meta property=\"og:image\" content=\"https:\/\/megadentist.com.tr\/en\/wp-content\/uploads\/2022\/11\/biberon-curugu.jpg\" \/>\n\t<meta property=\"og:image:width\" content=\"1000\" \/>\n\t<meta property=\"og:image:height\" content=\"667\" \/>\n\t<meta property=\"og:image:type\" content=\"image\/jpeg\" \/>\n<meta name=\"twitter:card\" content=\"summary_large_image\" \/>\n<meta name=\"twitter:label1\" content=\"Est. reading time\" \/>\n\t<meta name=\"twitter:data1\" content=\"3 minutes\" \/>\n<script type=\"application\/ld+json\" class=\"yoast-schema-graph\">{\"@context\":\"https:\\\/\\\/schema.org\",\"@graph\":[{\"@type\":\"WebPage\",\"@id\":\"https:\\\/\\\/megadentist.com.tr\\\/en\\\/pedodontics-pediatric-dentistry\\\/baby-bottle-tooth-decay\\\/\",\"url\":\"https:\\\/\\\/megadentist.com.tr\\\/en\\\/pedodontics-pediatric-dentistry\\\/baby-bottle-tooth-decay\\\/\",\"name\":\"Bottle Tooth Decay in Turkey | Megadentist\",\"isPartOf\":{\"@id\":\"https:\\\/\\\/megadentist.com.tr\\\/en\\\/#website\"},\"primaryImageOfPage\":{\"@id\":\"https:\\\/\\\/megadentist.com.tr\\\/en\\\/pedodontics-pediatric-dentistry\\\/baby-bottle-tooth-decay\\\/#primaryimage\"},\"image\":{\"@id\":\"https:\\\/\\\/megadentist.com.tr\\\/en\\\/pedodontics-pediatric-dentistry\\\/baby-bottle-tooth-decay\\\/#primaryimage\"},\"thumbnailUrl\":\"https:\\\/\\\/megadentist.com.tr\\\/en\\\/wp-content\\\/uploads\\\/2022\\\/11\\\/biberon-curugu.jpg\",\"datePublished\":\"2022-10-28T06:07:12+00:00\",\"dateModified\":\"2024-07-05T08:59:42+00:00\",\"description\":\"For more detailed information about Baby Bottle Tooth Decay, visit megadentist.com.tr now. Click now to get information!\",\"breadcrumb\":{\"@id\":\"https:\\\/\\\/megadentist.com.tr\\\/en\\\/pedodontics-pediatric-dentistry\\\/baby-bottle-tooth-decay\\\/#breadcrumb\"},\"inLanguage\":\"en-US\",\"potentialAction\":[{\"@type\":\"ReadAction\",\"target\":[\"https:\\\/\\\/megadentist.com.tr\\\/en\\\/pedodontics-pediatric-dentistry\\\/baby-bottle-tooth-decay\\\/\"]}]},{\"@type\":\"ImageObject\",\"inLanguage\":\"en-US\",\"@id\":\"https:\\\/\\\/megadentist.com.tr\\\/en\\\/pedodontics-pediatric-dentistry\\\/baby-bottle-tooth-decay\\\/#primaryimage\",\"url\":\"https:\\\/\\\/megadentist.com.tr\\\/en\\\/wp-content\\\/uploads\\\/2022\\\/11\\\/biberon-curugu.jpg\",\"contentUrl\":\"https:\\\/\\\/megadentist.com.tr\\\/en\\\/wp-content\\\/uploads\\\/2022\\\/11\\\/biberon-curugu.jpg\",\"width\":1000,\"height\":667,\"caption\":\"Biberon \u00c7\u00fcr\u00fc\u011f\u00fc\"},{\"@type\":\"BreadcrumbList\",\"@id\":\"https:\\\/\\\/megadentist.com.tr\\\/en\\\/pedodontics-pediatric-dentistry\\\/baby-bottle-tooth-decay\\\/#breadcrumb\",\"itemListElement\":[{\"@type\":\"ListItem\",\"position\":1,\"name\":\"Anasayfa\",\"item\":\"https:\\\/\\\/megadentist.com.tr\\\/en\\\/\"},{\"@type\":\"ListItem\",\"position\":2,\"name\":\"Pediatric Dentistry\",\"item\":\"https:\\\/\\\/megadentist.com.tr\\\/en\\\/pedodontics-pediatric-dentistry\\\/\"},{\"@type\":\"ListItem\",\"position\":3,\"name\":\"Bottle Tooth Decay\"}]},{\"@type\":\"WebSite\",\"@id\":\"https:\\\/\\\/megadentist.com.tr\\\/en\\\/#website\",\"url\":\"https:\\\/\\\/megadentist.com.tr\\\/en\\\/\",\"name\":\"Megadentist\",\"description\":\"\",\"potentialAction\":[{\"@type\":\"SearchAction\",\"target\":{\"@type\":\"EntryPoint\",\"urlTemplate\":\"https:\\\/\\\/megadentist.com.tr\\\/en\\\/?s={search_term_string}\"},\"query-input\":{\"@type\":\"PropertyValueSpecification\",\"valueRequired\":true,\"valueName\":\"search_term_string\"}}],\"inLanguage\":\"en-US\"}]}<\/script>\n<!-- \/ Yoast SEO plugin. -->","yoast_head_json":{"title":"Bottle Tooth Decay in Turkey | Megadentist","description":"For more detailed information about Baby Bottle Tooth Decay, visit megadentist.com.tr now. Click now to get information!","robots":{"index":"index","follow":"follow","max-snippet":"max-snippet:-1","max-image-preview":"max-image-preview:large","max-video-preview":"max-video-preview:-1"},"canonical":"https:\/\/megadentist.com.tr\/en\/pedodontics-pediatric-dentistry\/baby-bottle-tooth-decay\/","og_locale":"en_US","og_type":"article","og_title":"Bottle Tooth Decay in Turkey | Megadentist","og_description":"For more detailed information about Baby Bottle Tooth Decay, visit megadentist.com.tr now. Click now to get information!","og_url":"https:\/\/megadentist.com.tr\/en\/pedodontics-pediatric-dentistry\/baby-bottle-tooth-decay\/","og_site_name":"Megadentist","article_modified_time":"2024-07-05T08:59:42+00:00","og_image":[{"width":1000,"height":667,"url":"https:\/\/megadentist.com.tr\/en\/wp-content\/uploads\/2022\/11\/biberon-curugu.jpg","type":"image\/jpeg"}],"twitter_card":"summary_large_image","twitter_misc":{"Est. reading time":"3 minutes"},"schema":{"@context":"https:\/\/schema.org","@graph":[{"@type":"WebPage","@id":"https:\/\/megadentist.com.tr\/en\/pedodontics-pediatric-dentistry\/baby-bottle-tooth-decay\/","url":"https:\/\/megadentist.com.tr\/en\/pedodontics-pediatric-dentistry\/baby-bottle-tooth-decay\/","name":"Bottle Tooth Decay in Turkey | Megadentist","isPartOf":{"@id":"https:\/\/megadentist.com.tr\/en\/#website"},"primaryImageOfPage":{"@id":"https:\/\/megadentist.com.tr\/en\/pedodontics-pediatric-dentistry\/baby-bottle-tooth-decay\/#primaryimage"},"image":{"@id":"https:\/\/megadentist.com.tr\/en\/pedodontics-pediatric-dentistry\/baby-bottle-tooth-decay\/#primaryimage"},"thumbnailUrl":"https:\/\/megadentist.com.tr\/en\/wp-content\/uploads\/2022\/11\/biberon-curugu.jpg","datePublished":"2022-10-28T06:07:12+00:00","dateModified":"2024-07-05T08:59:42+00:00","description":"For more detailed information about Baby Bottle Tooth Decay, visit megadentist.com.tr now. Click now to get information!","breadcrumb":{"@id":"https:\/\/megadentist.com.tr\/en\/pedodontics-pediatric-dentistry\/baby-bottle-tooth-decay\/#breadcrumb"},"inLanguage":"en-US","potentialAction":[{"@type":"ReadAction","target":["https:\/\/megadentist.com.tr\/en\/pedodontics-pediatric-dentistry\/baby-bottle-tooth-decay\/"]}]},{"@type":"ImageObject","inLanguage":"en-US","@id":"https:\/\/megadentist.com.tr\/en\/pedodontics-pediatric-dentistry\/baby-bottle-tooth-decay\/#primaryimage","url":"https:\/\/megadentist.com.tr\/en\/wp-content\/uploads\/2022\/11\/biberon-curugu.jpg","contentUrl":"https:\/\/megadentist.com.tr\/en\/wp-content\/uploads\/2022\/11\/biberon-curugu.jpg","width":1000,"height":667,"caption":"Biberon \u00c7\u00fcr\u00fc\u011f\u00fc"},{"@type":"BreadcrumbList","@id":"https:\/\/megadentist.com.tr\/en\/pedodontics-pediatric-dentistry\/baby-bottle-tooth-decay\/#breadcrumb","itemListElement":[{"@type":"ListItem","position":1,"name":"Anasayfa","item":"https:\/\/megadentist.com.tr\/en\/"},{"@type":"ListItem","position":2,"name":"Pediatric Dentistry","item":"https:\/\/megadentist.com.tr\/en\/pedodontics-pediatric-dentistry\/"},{"@type":"ListItem","position":3,"name":"Bottle Tooth Decay"}]},{"@type":"WebSite","@id":"https:\/\/megadentist.com.tr\/en\/#website","url":"https:\/\/megadentist.com.tr\/en\/","name":"Megadentist","description":"","potentialAction":[{"@type":"SearchAction","target":{"@type":"EntryPoint","urlTemplate":"https:\/\/megadentist.com.tr\/en\/?s={search_term_string}"},"query-input":{"@type":"PropertyValueSpecification","valueRequired":true,"valueName":"search_term_string"}}],"inLanguage":"en-US"}]}},"_links":{"self":[{"href":"https:\/\/megadentist.com.tr\/en\/wp-json\/wp\/v2\/pages\/8080","targetHints":{"allow":["GET"]}}],"collection":[{"href":"https:\/\/megadentist.com.tr\/en\/wp-json\/wp\/v2\/pages"}],"about":[{"href":"https:\/\/megadentist.com.tr\/en\/wp-json\/wp\/v2\/types\/page"}],"author":[{"embeddable":true,"href":"https:\/\/megadentist.com.tr\/en\/wp-json\/wp\/v2\/users\/1"}],"replies":[{"embeddable":true,"href":"https:\/\/megadentist.com.tr\/en\/wp-json\/wp\/v2\/comments?post=8080"}],"version-history":[{"count":4,"href":"https:\/\/megadentist.com.tr\/en\/wp-json\/wp\/v2\/pages\/8080\/revisions"}],"predecessor-version":[{"id":15926,"href":"https:\/\/megadentist.com.tr\/en\/wp-json\/wp\/v2\/pages\/8080\/revisions\/15926"}],"up":[{"embeddable":true,"href":"https:\/\/megadentist.com.tr\/en\/wp-json\/wp\/v2\/pages\/8010"}],"wp:featuredmedia":[{"embeddable":true,"href":"https:\/\/megadentist.com.tr\/en\/wp-json\/wp\/v2\/media\/10880"}],"wp:attachment":[{"href":"https:\/\/megadentist.com.tr\/en\/wp-json\/wp\/v2\/media?parent=8080"}],"wp:term":[{"taxonomy":"sayfa-ve-kategori-eslestirmesi","embeddable":true,"href":"https:\/\/megadentist.com.tr\/en\/wp-json\/wp\/v2\/sayfa-ve-kategori-eslestirmesi?post=8080"}],"curies":[{"name":"wp","href":"https:\/\/api.w.org\/{rel}","templated":true}]}}