{"id":8068,"date":"2022-10-27T17:58:51","date_gmt":"2022-10-27T14:58:51","guid":{"rendered":"https:\/\/megadentist.com.tr\/?page_id=8068"},"modified":"2024-07-03T14:43:18","modified_gmt":"2024-07-03T11:43:18","slug":"clear-bracket-treatment","status":"publish","type":"page","link":"https:\/\/megadentist.com.tr\/en\/orthodontics\/clear-bracket-treatment\/","title":{"rendered":"Clear Bracket Treatment"},"content":{"rendered":"<section class=\"l-section wpb_row height_custom\"><div class=\"l-section-h i-cf\"><div class=\"g-cols vc_row via_grid cols_1 laptops-cols_inherit tablets-cols_inherit mobiles-cols_1 valign_top type_default stacking_default\"><div class=\"wpb_column vc_column_container\"><div class=\"vc_column-inner\"><div class=\"wpb_text_column\"><div class=\"wpb_wrapper\"><h2><b>Clear Bracket Treatment<\/b><\/h2>\n<p><b>Healthy teeth, aesthetic smiles<\/b><\/p>\n<p><span style=\"font-weight: 400;\">Clear bracket treatment is a modern orthodontic method used to straighten and align teeth. Unlike traditional metal brackets, clear brackets are placed on the front surfaces of the teeth and are less visible, making them more aesthetically preferable. This treatment method begins with scanning the patient&#8217;s teeth and creating a digital model. Then, a specially designed treatment plan is created on this digital model, where clear aligners or brackets will be placed.\u00a0<\/span><\/p>\n<p><span style=\"font-weight: 400;\">Clear brackets are designed to straighten and align the teeth. The brackets are custom-made to fit the patient&#8217;s teeth and are changed at regular intervals to progress the treatment. Clear bracket treatment offers a less noticeable and more comfortable option compared to traditional metal brackets.\u00a0<\/span><\/p>\n<p><span style=\"font-weight: 400;\">Additionally, the removable nature of the brackets provides more flexibility in daily activities such as eating, drinking, and oral hygiene. Our goal is to help patients correct their misaligned teeth and achieve a healthy smile while considering their aesthetic concerns and providing the most suitable treatment option. For more information or to schedule an appointment, please contact us.<\/span><\/p>\n<h2><b>What is Clear Bracket Treatment?<\/b><\/h2>\n<p><span style=\"font-weight: 400;\">Clear bracket treatment is one of the treatments performed to address issues caused by misalignment and irregularities in the teeth. This orthodontic treatment is preferred for achieving a more aesthetic appearance. Clear bracket treatment uses materials such as porcelain, sapphire, and clear plastic.\u00a0<\/span><\/p>\n<p><span style=\"font-weight: 400;\">Clear bracket treatment is used to correct the shape and alignment irregularities of the teeth. It is preferred for achieving a more aesthetic appearance compared to metal bracket braces treatment. Metal brackets are primarily functional and treatment-focused, and do not satisfy aesthetic concerns.\u00a0<\/span><\/p>\n<p><span style=\"font-weight: 400;\">At this point, clear brackets are preferred. Clear brackets are often chosen in orthodontic treatments for individuals who have reached a certain age. Due to aesthetic concerns and social life, clear bracket treatment, which provides the same results as metal brackets, is more frequently preferred.\u00a0<\/span><\/p>\n<p><span style=\"font-weight: 400;\">Clear brackets are tooth-colored brackets made from porcelain material. They are highly advantageous for the patient as they are not noticeable from the outside.<\/span><\/p>\n<\/div><\/div><\/div><\/div><\/div><\/div><\/section>\n","protected":false},"excerpt":{"rendered":"Clear Bracket Treatment Healthy teeth, aesthetic smiles Clear bracket treatment is a modern orthodontic method used to straighten and align teeth. Unlike traditional metal brackets, clear brackets are placed on the front surfaces of the teeth and are less visible, making them more aesthetically preferable. This treatment method begins with scanning the patient&#8217;s teeth and...","protected":false},"author":1,"featured_media":10868,"parent":8008,"menu_order":0,"comment_status":"closed","ping_status":"closed","template":"","meta":{"_acf_changed":false,"footnotes":""},"sayfa-ve-kategori-eslestirmesi":[64],"class_list":["post-8068","page","type-page","status-publish","has-post-thumbnail","hentry","sayfa-ve-kategori-eslestirmesi-orthodontic-dental-treatments"],"acf":[],"yoast_head":"<!-- This site is optimized with the Yoast SEO plugin v27.5 - https:\/\/yoast.com\/product\/yoast-seo-wordpress\/ -->\n<title>Clear Bracket Treatment | Megadentist<\/title>\n<meta name=\"description\" content=\"\u015eeffaf Braketli Tedavi hakk\u0131nda daha detayl\u0131 bilgi sahibi olmak i\u00e7in hemen megadentist.com.tr adresini ziyaret edin. \u015eimdi t\u0131kla!\" \/>\n<meta name=\"robots\" content=\"index, follow, max-snippet:-1, max-image-preview:large, max-video-preview:-1\" \/>\n<link rel=\"canonical\" href=\"https:\/\/megadentist.com.tr\/en\/orthodontics\/clear-bracket-treatment\/\" \/>\n<meta property=\"og:locale\" content=\"en_US\" \/>\n<meta property=\"og:type\" content=\"article\" \/>\n<meta property=\"og:title\" content=\"Clear Bracket Treatment | Megadentist\" \/>\n<meta property=\"og:description\" content=\"\u015eeffaf Braketli Tedavi hakk\u0131nda daha detayl\u0131 bilgi sahibi olmak i\u00e7in hemen megadentist.com.tr adresini ziyaret edin. \u015eimdi t\u0131kla!\" \/>\n<meta property=\"og:url\" content=\"https:\/\/megadentist.com.tr\/en\/orthodontics\/clear-bracket-treatment\/\" \/>\n<meta property=\"og:site_name\" content=\"Megadentist\" \/>\n<meta property=\"article:modified_time\" content=\"2024-07-03T11:43:18+00:00\" \/>\n<meta property=\"og:image\" content=\"https:\/\/megadentist.com.tr\/en\/wp-content\/uploads\/2022\/11\/seffaf-braketli-tedavi.jpg\" \/>\n\t<meta property=\"og:image:width\" content=\"1766\" \/>\n\t<meta property=\"og:image:height\" content=\"1179\" \/>\n\t<meta property=\"og:image:type\" content=\"image\/jpeg\" \/>\n<meta name=\"twitter:card\" content=\"summary_large_image\" \/>\n<meta name=\"twitter:label1\" content=\"Est. reading time\" \/>\n\t<meta name=\"twitter:data1\" content=\"3 minutes\" \/>\n<script type=\"application\/ld+json\" class=\"yoast-schema-graph\">{\"@context\":\"https:\\\/\\\/schema.org\",\"@graph\":[{\"@type\":\"WebPage\",\"@id\":\"https:\\\/\\\/megadentist.com.tr\\\/en\\\/orthodontics\\\/clear-bracket-treatment\\\/\",\"url\":\"https:\\\/\\\/megadentist.com.tr\\\/en\\\/orthodontics\\\/clear-bracket-treatment\\\/\",\"name\":\"Clear Bracket Treatment | Megadentist\",\"isPartOf\":{\"@id\":\"https:\\\/\\\/megadentist.com.tr\\\/en\\\/#website\"},\"primaryImageOfPage\":{\"@id\":\"https:\\\/\\\/megadentist.com.tr\\\/en\\\/orthodontics\\\/clear-bracket-treatment\\\/#primaryimage\"},\"image\":{\"@id\":\"https:\\\/\\\/megadentist.com.tr\\\/en\\\/orthodontics\\\/clear-bracket-treatment\\\/#primaryimage\"},\"thumbnailUrl\":\"https:\\\/\\\/megadentist.com.tr\\\/en\\\/wp-content\\\/uploads\\\/2022\\\/11\\\/seffaf-braketli-tedavi.jpg\",\"datePublished\":\"2022-10-27T14:58:51+00:00\",\"dateModified\":\"2024-07-03T11:43:18+00:00\",\"description\":\"\u015eeffaf Braketli Tedavi hakk\u0131nda daha detayl\u0131 bilgi sahibi olmak i\u00e7in hemen megadentist.com.tr adresini ziyaret edin. \u015eimdi t\u0131kla!\",\"breadcrumb\":{\"@id\":\"https:\\\/\\\/megadentist.com.tr\\\/en\\\/orthodontics\\\/clear-bracket-treatment\\\/#breadcrumb\"},\"inLanguage\":\"en-US\",\"potentialAction\":[{\"@type\":\"ReadAction\",\"target\":[\"https:\\\/\\\/megadentist.com.tr\\\/en\\\/orthodontics\\\/clear-bracket-treatment\\\/\"]}]},{\"@type\":\"ImageObject\",\"inLanguage\":\"en-US\",\"@id\":\"https:\\\/\\\/megadentist.com.tr\\\/en\\\/orthodontics\\\/clear-bracket-treatment\\\/#primaryimage\",\"url\":\"https:\\\/\\\/megadentist.com.tr\\\/en\\\/wp-content\\\/uploads\\\/2022\\\/11\\\/seffaf-braketli-tedavi.jpg\",\"contentUrl\":\"https:\\\/\\\/megadentist.com.tr\\\/en\\\/wp-content\\\/uploads\\\/2022\\\/11\\\/seffaf-braketli-tedavi.jpg\",\"width\":1766,\"height\":1179,\"caption\":\"Teeth Whitening Procedure\"},{\"@type\":\"BreadcrumbList\",\"@id\":\"https:\\\/\\\/megadentist.com.tr\\\/en\\\/orthodontics\\\/clear-bracket-treatment\\\/#breadcrumb\",\"itemListElement\":[{\"@type\":\"ListItem\",\"position\":1,\"name\":\"Anasayfa\",\"item\":\"https:\\\/\\\/megadentist.com.tr\\\/en\\\/\"},{\"@type\":\"ListItem\",\"position\":2,\"name\":\"Orthodontic Dental Treatments\",\"item\":\"https:\\\/\\\/megadentist.com.tr\\\/en\\\/orthodontics\\\/\"},{\"@type\":\"ListItem\",\"position\":3,\"name\":\"Clear Bracket Treatment\"}]},{\"@type\":\"WebSite\",\"@id\":\"https:\\\/\\\/megadentist.com.tr\\\/en\\\/#website\",\"url\":\"https:\\\/\\\/megadentist.com.tr\\\/en\\\/\",\"name\":\"Megadentist\",\"description\":\"\",\"potentialAction\":[{\"@type\":\"SearchAction\",\"target\":{\"@type\":\"EntryPoint\",\"urlTemplate\":\"https:\\\/\\\/megadentist.com.tr\\\/en\\\/?s={search_term_string}\"},\"query-input\":{\"@type\":\"PropertyValueSpecification\",\"valueRequired\":true,\"valueName\":\"search_term_string\"}}],\"inLanguage\":\"en-US\"}]}<\/script>\n<!-- \/ Yoast SEO plugin. -->","yoast_head_json":{"title":"Clear Bracket Treatment | Megadentist","description":"\u015eeffaf Braketli Tedavi hakk\u0131nda daha detayl\u0131 bilgi sahibi olmak i\u00e7in hemen megadentist.com.tr adresini ziyaret edin. \u015eimdi t\u0131kla!","robots":{"index":"index","follow":"follow","max-snippet":"max-snippet:-1","max-image-preview":"max-image-preview:large","max-video-preview":"max-video-preview:-1"},"canonical":"https:\/\/megadentist.com.tr\/en\/orthodontics\/clear-bracket-treatment\/","og_locale":"en_US","og_type":"article","og_title":"Clear Bracket Treatment | Megadentist","og_description":"\u015eeffaf Braketli Tedavi hakk\u0131nda daha detayl\u0131 bilgi sahibi olmak i\u00e7in hemen megadentist.com.tr adresini ziyaret edin. \u015eimdi t\u0131kla!","og_url":"https:\/\/megadentist.com.tr\/en\/orthodontics\/clear-bracket-treatment\/","og_site_name":"Megadentist","article_modified_time":"2024-07-03T11:43:18+00:00","og_image":[{"width":1766,"height":1179,"url":"https:\/\/megadentist.com.tr\/en\/wp-content\/uploads\/2022\/11\/seffaf-braketli-tedavi.jpg","type":"image\/jpeg"}],"twitter_card":"summary_large_image","twitter_misc":{"Est. reading time":"3 minutes"},"schema":{"@context":"https:\/\/schema.org","@graph":[{"@type":"WebPage","@id":"https:\/\/megadentist.com.tr\/en\/orthodontics\/clear-bracket-treatment\/","url":"https:\/\/megadentist.com.tr\/en\/orthodontics\/clear-bracket-treatment\/","name":"Clear Bracket Treatment | Megadentist","isPartOf":{"@id":"https:\/\/megadentist.com.tr\/en\/#website"},"primaryImageOfPage":{"@id":"https:\/\/megadentist.com.tr\/en\/orthodontics\/clear-bracket-treatment\/#primaryimage"},"image":{"@id":"https:\/\/megadentist.com.tr\/en\/orthodontics\/clear-bracket-treatment\/#primaryimage"},"thumbnailUrl":"https:\/\/megadentist.com.tr\/en\/wp-content\/uploads\/2022\/11\/seffaf-braketli-tedavi.jpg","datePublished":"2022-10-27T14:58:51+00:00","dateModified":"2024-07-03T11:43:18+00:00","description":"\u015eeffaf Braketli Tedavi hakk\u0131nda daha detayl\u0131 bilgi sahibi olmak i\u00e7in hemen megadentist.com.tr adresini ziyaret edin. \u015eimdi t\u0131kla!","breadcrumb":{"@id":"https:\/\/megadentist.com.tr\/en\/orthodontics\/clear-bracket-treatment\/#breadcrumb"},"inLanguage":"en-US","potentialAction":[{"@type":"ReadAction","target":["https:\/\/megadentist.com.tr\/en\/orthodontics\/clear-bracket-treatment\/"]}]},{"@type":"ImageObject","inLanguage":"en-US","@id":"https:\/\/megadentist.com.tr\/en\/orthodontics\/clear-bracket-treatment\/#primaryimage","url":"https:\/\/megadentist.com.tr\/en\/wp-content\/uploads\/2022\/11\/seffaf-braketli-tedavi.jpg","contentUrl":"https:\/\/megadentist.com.tr\/en\/wp-content\/uploads\/2022\/11\/seffaf-braketli-tedavi.jpg","width":1766,"height":1179,"caption":"Teeth Whitening Procedure"},{"@type":"BreadcrumbList","@id":"https:\/\/megadentist.com.tr\/en\/orthodontics\/clear-bracket-treatment\/#breadcrumb","itemListElement":[{"@type":"ListItem","position":1,"name":"Anasayfa","item":"https:\/\/megadentist.com.tr\/en\/"},{"@type":"ListItem","position":2,"name":"Orthodontic Dental Treatments","item":"https:\/\/megadentist.com.tr\/en\/orthodontics\/"},{"@type":"ListItem","position":3,"name":"Clear Bracket Treatment"}]},{"@type":"WebSite","@id":"https:\/\/megadentist.com.tr\/en\/#website","url":"https:\/\/megadentist.com.tr\/en\/","name":"Megadentist","description":"","potentialAction":[{"@type":"SearchAction","target":{"@type":"EntryPoint","urlTemplate":"https:\/\/megadentist.com.tr\/en\/?s={search_term_string}"},"query-input":{"@type":"PropertyValueSpecification","valueRequired":true,"valueName":"search_term_string"}}],"inLanguage":"en-US"}]}},"_links":{"self":[{"href":"https:\/\/megadentist.com.tr\/en\/wp-json\/wp\/v2\/pages\/8068","targetHints":{"allow":["GET"]}}],"collection":[{"href":"https:\/\/megadentist.com.tr\/en\/wp-json\/wp\/v2\/pages"}],"about":[{"href":"https:\/\/megadentist.com.tr\/en\/wp-json\/wp\/v2\/types\/page"}],"author":[{"embeddable":true,"href":"https:\/\/megadentist.com.tr\/en\/wp-json\/wp\/v2\/users\/1"}],"replies":[{"embeddable":true,"href":"https:\/\/megadentist.com.tr\/en\/wp-json\/wp\/v2\/comments?post=8068"}],"version-history":[{"count":4,"href":"https:\/\/megadentist.com.tr\/en\/wp-json\/wp\/v2\/pages\/8068\/revisions"}],"predecessor-version":[{"id":15903,"href":"https:\/\/megadentist.com.tr\/en\/wp-json\/wp\/v2\/pages\/8068\/revisions\/15903"}],"up":[{"embeddable":true,"href":"https:\/\/megadentist.com.tr\/en\/wp-json\/wp\/v2\/pages\/8008"}],"wp:featuredmedia":[{"embeddable":true,"href":"https:\/\/megadentist.com.tr\/en\/wp-json\/wp\/v2\/media\/10868"}],"wp:attachment":[{"href":"https:\/\/megadentist.com.tr\/en\/wp-json\/wp\/v2\/media?parent=8068"}],"wp:term":[{"taxonomy":"sayfa-ve-kategori-eslestirmesi","embeddable":true,"href":"https:\/\/megadentist.com.tr\/en\/wp-json\/wp\/v2\/sayfa-ve-kategori-eslestirmesi?post=8068"}],"curies":[{"name":"wp","href":"https:\/\/api.w.org\/{rel}","templated":true}]}}