{"id":8064,"date":"2022-10-27T17:58:12","date_gmt":"2022-10-27T14:58:12","guid":{"rendered":"https:\/\/megadentist.com.tr\/?page_id=8064"},"modified":"2024-07-05T11:59:40","modified_gmt":"2024-07-05T08:59:40","slug":"tooth-fracture-treatment","status":"publish","type":"page","link":"https:\/\/megadentist.com.tr\/en\/general-dental-treatments\/tooth-fracture-treatment\/","title":{"rendered":"Tooth Fracture"},"content":{"rendered":"<section class=\"l-section wpb_row height_custom\"><div class=\"l-section-h i-cf\"><div class=\"g-cols vc_row via_grid cols_1 laptops-cols_inherit tablets-cols_inherit mobiles-cols_1 valign_top type_default stacking_default\"><div class=\"wpb_column vc_column_container\"><div class=\"vc_column-inner\"><div class=\"wpb_text_column\"><div class=\"wpb_wrapper\"><h2><b>Tooth Fracture Treatment<\/b><\/h2>\n<p><b>Your dental health is no joke<\/b><\/p>\n<p><span style=\"font-weight: 400;\">Tooth fracture treatment is a dental procedure that involves repairing problems such as cracks, fractures, or damage to the tooth. Tooth fractures often occur due to reasons like tooth decay, trauma, or teeth grinding, and if left untreated, they can lead to pain, sensitivity, or other serious issues.<\/span><\/p>\n<p><span style=\"font-weight: 400;\">A tooth fracture is a traumatic injury inside the mouth. It&#8217;s a significant problem both functionally and aesthetically. Treatment for a tooth fracture is necessary to restore its function and aesthetic appearance. It should be treated based on whether there is a problem in the tooth or jaw.<\/span><\/p>\n<p><span style=\"font-weight: 400;\">Treatment for a tooth fracture can vary depending on the size, location, and severity of the fracture. Small fractures can usually be treated with dental fillings or bonding, while larger fractures may require more extensive treatments like dental crowns, bridges, or implants.<\/span><\/p>\n<p><span style=\"font-weight: 400;\">Tooth fracture treatment is typically performed painlessly and can often be completed in a single visit. Our expert dentists create an appropriate treatment plan based on the condition of patients&#8217; teeth and their treatment needs.<\/span><\/p>\n<p><span style=\"font-weight: 400;\">Our goal is to effectively treat patients&#8217; tooth fractures, alleviate pain, restore dental function, and maintain a healthy smile. Contact us for more information or to schedule an appointment.<\/span><\/p>\n<h2><b>How is a Broken Tooth Treated?<\/b><\/h2>\n<p><span style=\"font-weight: 400;\">Treatment for broken teeth begins based on the tissue affected by the tooth fracture. If the crack in the tooth does not extend too far towards the root, the broken piece is removed. Treatment is applied to the cracked tissue. The broken piece can be treated with crown coverage. In cases where the crack reaches the root, tooth extraction is performed.<\/span><\/p>\n<h2><b>Can Treatment Be Applied to a Displaced Tooth?<\/b><\/h2>\n<p><span style=\"font-weight: 400;\">If a broken tooth is displaced, the degree of displacement should be determined first. In cases of broken teeth, the condition of the tissues is crucial. Treatment methods are applied depending on the condition of the tissues.<\/span><\/p>\n<h2><b>Can a Broken Tooth be Filled?<\/b><\/h2>\n<p><span style=\"font-weight: 400;\">As part of broken tooth treatment, one of the methods applied is filling. A broken tooth can be treated with filling assistance. Dental fillings and aesthetic filling applications can be performed for small tooth fractures.<\/span><\/p>\n<\/div><\/div><\/div><\/div><\/div><\/div><\/section>\n","protected":false},"excerpt":{"rendered":"Tooth Fracture Treatment Your dental health is no joke Tooth fracture treatment is a dental procedure that involves repairing problems such as cracks, fractures, or damage to the tooth. Tooth fractures often occur due to reasons like tooth decay, trauma, or teeth grinding, and if left untreated, they can lead to pain, sensitivity, or other...","protected":false},"author":1,"featured_media":10864,"parent":8006,"menu_order":0,"comment_status":"closed","ping_status":"closed","template":"","meta":{"_acf_changed":false,"footnotes":""},"sayfa-ve-kategori-eslestirmesi":[63],"class_list":["post-8064","page","type-page","status-publish","has-post-thumbnail","hentry","sayfa-ve-kategori-eslestirmesi-general-dental-treatments"],"acf":[],"yoast_head":"<!-- This site is optimized with the Yoast SEO plugin v27.5 - https:\/\/yoast.com\/product\/yoast-seo-wordpress\/ -->\n<title>Tooth Fracture in Turkey | Megadentist<\/title>\n<meta name=\"description\" content=\"For more detailed information about Tooth Fracture Treatment, visit megadentist.com.tr now. Click now to get information!\" \/>\n<meta name=\"robots\" content=\"index, follow, max-snippet:-1, max-image-preview:large, max-video-preview:-1\" \/>\n<link rel=\"canonical\" href=\"https:\/\/megadentist.com.tr\/en\/general-dental-treatments\/tooth-fracture-treatment\/\" \/>\n<meta property=\"og:locale\" content=\"en_US\" \/>\n<meta property=\"og:type\" content=\"article\" \/>\n<meta property=\"og:title\" content=\"Tooth Fracture in Turkey | Megadentist\" \/>\n<meta property=\"og:description\" content=\"For more detailed information about Tooth Fracture Treatment, visit megadentist.com.tr now. Click now to get information!\" \/>\n<meta property=\"og:url\" content=\"https:\/\/megadentist.com.tr\/en\/general-dental-treatments\/tooth-fracture-treatment\/\" \/>\n<meta property=\"og:site_name\" content=\"Megadentist\" \/>\n<meta property=\"article:modified_time\" content=\"2024-07-05T08:59:40+00:00\" \/>\n<meta property=\"og:image\" content=\"https:\/\/megadentist.com.tr\/en\/wp-content\/uploads\/2022\/11\/dis-kirigi-tedavisi.jpg\" \/>\n\t<meta property=\"og:image:width\" content=\"1000\" \/>\n\t<meta property=\"og:image:height\" content=\"667\" \/>\n\t<meta property=\"og:image:type\" content=\"image\/jpeg\" \/>\n<meta name=\"twitter:card\" content=\"summary_large_image\" \/>\n<meta name=\"twitter:label1\" content=\"Est. reading time\" \/>\n\t<meta name=\"twitter:data1\" content=\"3 minutes\" \/>\n<script type=\"application\/ld+json\" class=\"yoast-schema-graph\">{\"@context\":\"https:\\\/\\\/schema.org\",\"@graph\":[{\"@type\":\"WebPage\",\"@id\":\"https:\\\/\\\/megadentist.com.tr\\\/en\\\/general-dental-treatments\\\/tooth-fracture-treatment\\\/\",\"url\":\"https:\\\/\\\/megadentist.com.tr\\\/en\\\/general-dental-treatments\\\/tooth-fracture-treatment\\\/\",\"name\":\"Tooth Fracture in Turkey | Megadentist\",\"isPartOf\":{\"@id\":\"https:\\\/\\\/megadentist.com.tr\\\/en\\\/#website\"},\"primaryImageOfPage\":{\"@id\":\"https:\\\/\\\/megadentist.com.tr\\\/en\\\/general-dental-treatments\\\/tooth-fracture-treatment\\\/#primaryimage\"},\"image\":{\"@id\":\"https:\\\/\\\/megadentist.com.tr\\\/en\\\/general-dental-treatments\\\/tooth-fracture-treatment\\\/#primaryimage\"},\"thumbnailUrl\":\"https:\\\/\\\/megadentist.com.tr\\\/en\\\/wp-content\\\/uploads\\\/2022\\\/11\\\/dis-kirigi-tedavisi.jpg\",\"datePublished\":\"2022-10-27T14:58:12+00:00\",\"dateModified\":\"2024-07-05T08:59:40+00:00\",\"description\":\"For more detailed information about Tooth Fracture Treatment, visit megadentist.com.tr now. Click now to get information!\",\"breadcrumb\":{\"@id\":\"https:\\\/\\\/megadentist.com.tr\\\/en\\\/general-dental-treatments\\\/tooth-fracture-treatment\\\/#breadcrumb\"},\"inLanguage\":\"en-US\",\"potentialAction\":[{\"@type\":\"ReadAction\",\"target\":[\"https:\\\/\\\/megadentist.com.tr\\\/en\\\/general-dental-treatments\\\/tooth-fracture-treatment\\\/\"]}]},{\"@type\":\"ImageObject\",\"inLanguage\":\"en-US\",\"@id\":\"https:\\\/\\\/megadentist.com.tr\\\/en\\\/general-dental-treatments\\\/tooth-fracture-treatment\\\/#primaryimage\",\"url\":\"https:\\\/\\\/megadentist.com.tr\\\/en\\\/wp-content\\\/uploads\\\/2022\\\/11\\\/dis-kirigi-tedavisi.jpg\",\"contentUrl\":\"https:\\\/\\\/megadentist.com.tr\\\/en\\\/wp-content\\\/uploads\\\/2022\\\/11\\\/dis-kirigi-tedavisi.jpg\",\"width\":1000,\"height\":667,\"caption\":\"Di\u015f K\u0131r\u0131\u011f\u0131 Tedavisi\"},{\"@type\":\"BreadcrumbList\",\"@id\":\"https:\\\/\\\/megadentist.com.tr\\\/en\\\/general-dental-treatments\\\/tooth-fracture-treatment\\\/#breadcrumb\",\"itemListElement\":[{\"@type\":\"ListItem\",\"position\":1,\"name\":\"Anasayfa\",\"item\":\"https:\\\/\\\/megadentist.com.tr\\\/en\\\/\"},{\"@type\":\"ListItem\",\"position\":2,\"name\":\"General Dental Treatments\",\"item\":\"https:\\\/\\\/megadentist.com.tr\\\/en\\\/general-dental-treatments\\\/\"},{\"@type\":\"ListItem\",\"position\":3,\"name\":\"Tooth Fracture\"}]},{\"@type\":\"WebSite\",\"@id\":\"https:\\\/\\\/megadentist.com.tr\\\/en\\\/#website\",\"url\":\"https:\\\/\\\/megadentist.com.tr\\\/en\\\/\",\"name\":\"Megadentist\",\"description\":\"\",\"potentialAction\":[{\"@type\":\"SearchAction\",\"target\":{\"@type\":\"EntryPoint\",\"urlTemplate\":\"https:\\\/\\\/megadentist.com.tr\\\/en\\\/?s={search_term_string}\"},\"query-input\":{\"@type\":\"PropertyValueSpecification\",\"valueRequired\":true,\"valueName\":\"search_term_string\"}}],\"inLanguage\":\"en-US\"}]}<\/script>\n<!-- \/ Yoast SEO plugin. -->","yoast_head_json":{"title":"Tooth Fracture in Turkey | Megadentist","description":"For more detailed information about Tooth Fracture Treatment, visit megadentist.com.tr now. Click now to get information!","robots":{"index":"index","follow":"follow","max-snippet":"max-snippet:-1","max-image-preview":"max-image-preview:large","max-video-preview":"max-video-preview:-1"},"canonical":"https:\/\/megadentist.com.tr\/en\/general-dental-treatments\/tooth-fracture-treatment\/","og_locale":"en_US","og_type":"article","og_title":"Tooth Fracture in Turkey | Megadentist","og_description":"For more detailed information about Tooth Fracture Treatment, visit megadentist.com.tr now. Click now to get information!","og_url":"https:\/\/megadentist.com.tr\/en\/general-dental-treatments\/tooth-fracture-treatment\/","og_site_name":"Megadentist","article_modified_time":"2024-07-05T08:59:40+00:00","og_image":[{"width":1000,"height":667,"url":"https:\/\/megadentist.com.tr\/en\/wp-content\/uploads\/2022\/11\/dis-kirigi-tedavisi.jpg","type":"image\/jpeg"}],"twitter_card":"summary_large_image","twitter_misc":{"Est. reading time":"3 minutes"},"schema":{"@context":"https:\/\/schema.org","@graph":[{"@type":"WebPage","@id":"https:\/\/megadentist.com.tr\/en\/general-dental-treatments\/tooth-fracture-treatment\/","url":"https:\/\/megadentist.com.tr\/en\/general-dental-treatments\/tooth-fracture-treatment\/","name":"Tooth Fracture in Turkey | Megadentist","isPartOf":{"@id":"https:\/\/megadentist.com.tr\/en\/#website"},"primaryImageOfPage":{"@id":"https:\/\/megadentist.com.tr\/en\/general-dental-treatments\/tooth-fracture-treatment\/#primaryimage"},"image":{"@id":"https:\/\/megadentist.com.tr\/en\/general-dental-treatments\/tooth-fracture-treatment\/#primaryimage"},"thumbnailUrl":"https:\/\/megadentist.com.tr\/en\/wp-content\/uploads\/2022\/11\/dis-kirigi-tedavisi.jpg","datePublished":"2022-10-27T14:58:12+00:00","dateModified":"2024-07-05T08:59:40+00:00","description":"For more detailed information about Tooth Fracture Treatment, visit megadentist.com.tr now. Click now to get information!","breadcrumb":{"@id":"https:\/\/megadentist.com.tr\/en\/general-dental-treatments\/tooth-fracture-treatment\/#breadcrumb"},"inLanguage":"en-US","potentialAction":[{"@type":"ReadAction","target":["https:\/\/megadentist.com.tr\/en\/general-dental-treatments\/tooth-fracture-treatment\/"]}]},{"@type":"ImageObject","inLanguage":"en-US","@id":"https:\/\/megadentist.com.tr\/en\/general-dental-treatments\/tooth-fracture-treatment\/#primaryimage","url":"https:\/\/megadentist.com.tr\/en\/wp-content\/uploads\/2022\/11\/dis-kirigi-tedavisi.jpg","contentUrl":"https:\/\/megadentist.com.tr\/en\/wp-content\/uploads\/2022\/11\/dis-kirigi-tedavisi.jpg","width":1000,"height":667,"caption":"Di\u015f K\u0131r\u0131\u011f\u0131 Tedavisi"},{"@type":"BreadcrumbList","@id":"https:\/\/megadentist.com.tr\/en\/general-dental-treatments\/tooth-fracture-treatment\/#breadcrumb","itemListElement":[{"@type":"ListItem","position":1,"name":"Anasayfa","item":"https:\/\/megadentist.com.tr\/en\/"},{"@type":"ListItem","position":2,"name":"General Dental Treatments","item":"https:\/\/megadentist.com.tr\/en\/general-dental-treatments\/"},{"@type":"ListItem","position":3,"name":"Tooth Fracture"}]},{"@type":"WebSite","@id":"https:\/\/megadentist.com.tr\/en\/#website","url":"https:\/\/megadentist.com.tr\/en\/","name":"Megadentist","description":"","potentialAction":[{"@type":"SearchAction","target":{"@type":"EntryPoint","urlTemplate":"https:\/\/megadentist.com.tr\/en\/?s={search_term_string}"},"query-input":{"@type":"PropertyValueSpecification","valueRequired":true,"valueName":"search_term_string"}}],"inLanguage":"en-US"}]}},"_links":{"self":[{"href":"https:\/\/megadentist.com.tr\/en\/wp-json\/wp\/v2\/pages\/8064","targetHints":{"allow":["GET"]}}],"collection":[{"href":"https:\/\/megadentist.com.tr\/en\/wp-json\/wp\/v2\/pages"}],"about":[{"href":"https:\/\/megadentist.com.tr\/en\/wp-json\/wp\/v2\/types\/page"}],"author":[{"embeddable":true,"href":"https:\/\/megadentist.com.tr\/en\/wp-json\/wp\/v2\/users\/1"}],"replies":[{"embeddable":true,"href":"https:\/\/megadentist.com.tr\/en\/wp-json\/wp\/v2\/comments?post=8064"}],"version-history":[{"count":5,"href":"https:\/\/megadentist.com.tr\/en\/wp-json\/wp\/v2\/pages\/8064\/revisions"}],"predecessor-version":[{"id":15899,"href":"https:\/\/megadentist.com.tr\/en\/wp-json\/wp\/v2\/pages\/8064\/revisions\/15899"}],"up":[{"embeddable":true,"href":"https:\/\/megadentist.com.tr\/en\/wp-json\/wp\/v2\/pages\/8006"}],"wp:featuredmedia":[{"embeddable":true,"href":"https:\/\/megadentist.com.tr\/en\/wp-json\/wp\/v2\/media\/10864"}],"wp:attachment":[{"href":"https:\/\/megadentist.com.tr\/en\/wp-json\/wp\/v2\/media?parent=8064"}],"wp:term":[{"taxonomy":"sayfa-ve-kategori-eslestirmesi","embeddable":true,"href":"https:\/\/megadentist.com.tr\/en\/wp-json\/wp\/v2\/sayfa-ve-kategori-eslestirmesi?post=8064"}],"curies":[{"name":"wp","href":"https:\/\/api.w.org\/{rel}","templated":true}]}}