{"id":8042,"date":"2022-10-27T17:50:11","date_gmt":"2022-10-27T14:50:11","guid":{"rendered":"https:\/\/megadentist.com.tr\/?page_id=8042"},"modified":"2024-07-05T16:29:14","modified_gmt":"2024-07-05T13:29:14","slug":"one-day-implant","status":"publish","type":"page","link":"https:\/\/megadentist.com.tr\/en\/dental-implants\/one-day-implant\/","title":{"rendered":"One-Day Implant"},"content":{"rendered":"<section class=\"l-section wpb_row height_custom\"><div class=\"l-section-h i-cf\"><div class=\"g-cols vc_row via_grid cols_1 laptops-cols_inherit tablets-cols_inherit mobiles-cols_1 valign_top type_default stacking_default\"><div class=\"wpb_column vc_column_container\"><div class=\"vc_column-inner\"><div class=\"wpb_text_column\"><div class=\"wpb_wrapper\"><h2><b>One-Day Implant Treatment <\/b><\/h2>\n<p><b>Happiness in Every Smile<\/b><\/p>\n<p><span style=\"font-weight: 400;\">One-day implant treatment is a quick and effective dental treatment method aimed at replacing missing teeth within a single day. This treatment allows patients to completely address tooth loss and achieve a natural and strong smile on the same day. One-day implant treatment generally involves placing implants for patients with missing teeth and fitting fixed or temporary prosthetic teeth on the same day.\u00a0<\/span><\/p>\n<p><span style=\"font-weight: 400;\">This method enables patients to achieve aesthetic and functional results in a short period and typically requires only a single visit. Our expert dentists create a personalized one-day implant treatment plan, taking into account the patient&#8217;s oral health, dental structure, and aesthetic preferences.\u00a0<\/span><\/p>\n<p><span style=\"font-weight: 400;\">The treatment process varies depending on the patient&#8217;s needs and condition, but the results provide patients with a strong and natural smile quickly. Our goal is to effectively and swiftly resolve the issue of tooth loss, thereby enhancing patients&#8217; confidence and quality of life. For more information or to schedule an appointment, please contact us.<\/span><\/p>\n<p><span style=\"font-weight: 400;\">As Megadentist, we offer high-quality one-day implant treatment to our patients from both domestic and international locations in a short time.<\/span><\/p>\n<h2><b>What is One-Day Implant Treatment?<\/b><\/h2>\n<p><span style=\"font-weight: 400;\">A dental implant is an artificial tooth root used to replace missing teeth in the mouth. Implants are placed in the tooth socket where the lost teeth were located, thus completing the patient&#8217;s tooth loss with an artificial tooth. The implant treatment process can take up to 6 months.\u00a0<\/span><\/p>\n<p><span style=\"font-weight: 400;\">For patients who do not want to wait for months for implant treatment, one-day implants can be performed. This way, patients do not have to wait toothless for months during the process of the implant fusing to the bone. They can continue their lives normally with the tooth placed on the same day as the implant.<\/span><\/p>\n<h2><b>What Are the Advantages of One-Day Implant Treatment?<\/b><\/h2>\n<ul>\n<li><span style=\"font-weight: 400;\"> The implant application, which typically takes 6-12 months, can be done in one day.\u00a0<\/span><\/li>\n<li><span style=\"font-weight: 400;\"> Complaints after the implant are eliminated.\u00a0<\/span><\/li>\n<li><span style=\"font-weight: 400;\"> Replaces a toothless appearance with an aesthetic look.<\/span><\/li>\n<\/ul>\n<\/div><\/div><\/div><\/div><\/div><\/div><\/section>\n","protected":false},"excerpt":{"rendered":"One-Day Implant Treatment Happiness in Every Smile One-day implant treatment is a quick and effective dental treatment method aimed at replacing missing teeth within a single day. This treatment allows patients to completely address tooth loss and achieve a natural and strong smile on the same day. One-day implant treatment generally involves placing implants for...","protected":false},"author":1,"featured_media":10844,"parent":8004,"menu_order":0,"comment_status":"closed","ping_status":"closed","template":"","meta":{"_acf_changed":false,"footnotes":""},"sayfa-ve-kategori-eslestirmesi":[62],"class_list":["post-8042","page","type-page","status-publish","has-post-thumbnail","hentry","sayfa-ve-kategori-eslestirmesi-implant-treatment"],"acf":[],"yoast_head":"<!-- This site is optimized with the Yoast SEO plugin v27.5 - https:\/\/yoast.com\/product\/yoast-seo-wordpress\/ -->\n<title>One-Day Implant | Megadentist<\/title>\n<meta name=\"description\" content=\"1 G\u00fcnde \u0130mplant hakk\u0131nda daha detayl\u0131 bilgi sahibi olmak i\u00e7in hemen megadentist.com.tr adresini ziyaret edin. \u015eimdi t\u0131kla!\" \/>\n<meta name=\"robots\" content=\"index, follow, max-snippet:-1, max-image-preview:large, max-video-preview:-1\" \/>\n<link rel=\"canonical\" href=\"https:\/\/megadentist.com.tr\/en\/dental-implants\/one-day-implant\/\" \/>\n<meta property=\"og:locale\" content=\"en_US\" \/>\n<meta property=\"og:type\" content=\"article\" \/>\n<meta property=\"og:title\" content=\"One-Day Implant | Megadentist\" \/>\n<meta property=\"og:description\" content=\"1 G\u00fcnde \u0130mplant hakk\u0131nda daha detayl\u0131 bilgi sahibi olmak i\u00e7in hemen megadentist.com.tr adresini ziyaret edin. \u015eimdi t\u0131kla!\" \/>\n<meta property=\"og:url\" content=\"https:\/\/megadentist.com.tr\/en\/dental-implants\/one-day-implant\/\" \/>\n<meta property=\"og:site_name\" content=\"Megadentist\" \/>\n<meta property=\"article:modified_time\" content=\"2024-07-05T13:29:14+00:00\" \/>\n<meta property=\"og:image\" content=\"https:\/\/megadentist.com.tr\/en\/wp-content\/uploads\/2022\/11\/1-gunde-implant.jpg\" \/>\n\t<meta property=\"og:image:width\" content=\"835\" \/>\n\t<meta property=\"og:image:height\" content=\"667\" \/>\n\t<meta property=\"og:image:type\" content=\"image\/jpeg\" \/>\n<meta name=\"twitter:card\" content=\"summary_large_image\" \/>\n<meta name=\"twitter:label1\" content=\"Est. reading time\" \/>\n\t<meta name=\"twitter:data1\" content=\"2 minutes\" \/>\n<script type=\"application\/ld+json\" class=\"yoast-schema-graph\">{\"@context\":\"https:\\\/\\\/schema.org\",\"@graph\":[{\"@type\":\"WebPage\",\"@id\":\"https:\\\/\\\/megadentist.com.tr\\\/en\\\/dental-implants\\\/one-day-implant\\\/\",\"url\":\"https:\\\/\\\/megadentist.com.tr\\\/en\\\/dental-implants\\\/one-day-implant\\\/\",\"name\":\"One-Day Implant | Megadentist\",\"isPartOf\":{\"@id\":\"https:\\\/\\\/megadentist.com.tr\\\/en\\\/#website\"},\"primaryImageOfPage\":{\"@id\":\"https:\\\/\\\/megadentist.com.tr\\\/en\\\/dental-implants\\\/one-day-implant\\\/#primaryimage\"},\"image\":{\"@id\":\"https:\\\/\\\/megadentist.com.tr\\\/en\\\/dental-implants\\\/one-day-implant\\\/#primaryimage\"},\"thumbnailUrl\":\"https:\\\/\\\/megadentist.com.tr\\\/en\\\/wp-content\\\/uploads\\\/2022\\\/11\\\/1-gunde-implant.jpg\",\"datePublished\":\"2022-10-27T14:50:11+00:00\",\"dateModified\":\"2024-07-05T13:29:14+00:00\",\"description\":\"1 G\u00fcnde \u0130mplant hakk\u0131nda daha detayl\u0131 bilgi sahibi olmak i\u00e7in hemen megadentist.com.tr adresini ziyaret edin. \u015eimdi t\u0131kla!\",\"breadcrumb\":{\"@id\":\"https:\\\/\\\/megadentist.com.tr\\\/en\\\/dental-implants\\\/one-day-implant\\\/#breadcrumb\"},\"inLanguage\":\"en-US\",\"potentialAction\":[{\"@type\":\"ReadAction\",\"target\":[\"https:\\\/\\\/megadentist.com.tr\\\/en\\\/dental-implants\\\/one-day-implant\\\/\"]}]},{\"@type\":\"ImageObject\",\"inLanguage\":\"en-US\",\"@id\":\"https:\\\/\\\/megadentist.com.tr\\\/en\\\/dental-implants\\\/one-day-implant\\\/#primaryimage\",\"url\":\"https:\\\/\\\/megadentist.com.tr\\\/en\\\/wp-content\\\/uploads\\\/2022\\\/11\\\/1-gunde-implant.jpg\",\"contentUrl\":\"https:\\\/\\\/megadentist.com.tr\\\/en\\\/wp-content\\\/uploads\\\/2022\\\/11\\\/1-gunde-implant.jpg\",\"width\":835,\"height\":667,\"caption\":\"1 G\u00fcnde \u0130mplant\"},{\"@type\":\"BreadcrumbList\",\"@id\":\"https:\\\/\\\/megadentist.com.tr\\\/en\\\/dental-implants\\\/one-day-implant\\\/#breadcrumb\",\"itemListElement\":[{\"@type\":\"ListItem\",\"position\":1,\"name\":\"Anasayfa\",\"item\":\"https:\\\/\\\/megadentist.com.tr\\\/en\\\/\"},{\"@type\":\"ListItem\",\"position\":2,\"name\":\"Implant Treatment\",\"item\":\"https:\\\/\\\/megadentist.com.tr\\\/en\\\/dental-implants\\\/\"},{\"@type\":\"ListItem\",\"position\":3,\"name\":\"One-Day Implant\"}]},{\"@type\":\"WebSite\",\"@id\":\"https:\\\/\\\/megadentist.com.tr\\\/en\\\/#website\",\"url\":\"https:\\\/\\\/megadentist.com.tr\\\/en\\\/\",\"name\":\"Megadentist\",\"description\":\"\",\"potentialAction\":[{\"@type\":\"SearchAction\",\"target\":{\"@type\":\"EntryPoint\",\"urlTemplate\":\"https:\\\/\\\/megadentist.com.tr\\\/en\\\/?s={search_term_string}\"},\"query-input\":{\"@type\":\"PropertyValueSpecification\",\"valueRequired\":true,\"valueName\":\"search_term_string\"}}],\"inLanguage\":\"en-US\"}]}<\/script>\n<!-- \/ Yoast SEO plugin. -->","yoast_head_json":{"title":"One-Day Implant | Megadentist","description":"1 G\u00fcnde \u0130mplant hakk\u0131nda daha detayl\u0131 bilgi sahibi olmak i\u00e7in hemen megadentist.com.tr adresini ziyaret edin. \u015eimdi t\u0131kla!","robots":{"index":"index","follow":"follow","max-snippet":"max-snippet:-1","max-image-preview":"max-image-preview:large","max-video-preview":"max-video-preview:-1"},"canonical":"https:\/\/megadentist.com.tr\/en\/dental-implants\/one-day-implant\/","og_locale":"en_US","og_type":"article","og_title":"One-Day Implant | Megadentist","og_description":"1 G\u00fcnde \u0130mplant hakk\u0131nda daha detayl\u0131 bilgi sahibi olmak i\u00e7in hemen megadentist.com.tr adresini ziyaret edin. \u015eimdi t\u0131kla!","og_url":"https:\/\/megadentist.com.tr\/en\/dental-implants\/one-day-implant\/","og_site_name":"Megadentist","article_modified_time":"2024-07-05T13:29:14+00:00","og_image":[{"width":835,"height":667,"url":"https:\/\/megadentist.com.tr\/en\/wp-content\/uploads\/2022\/11\/1-gunde-implant.jpg","type":"image\/jpeg"}],"twitter_card":"summary_large_image","twitter_misc":{"Est. reading time":"2 minutes"},"schema":{"@context":"https:\/\/schema.org","@graph":[{"@type":"WebPage","@id":"https:\/\/megadentist.com.tr\/en\/dental-implants\/one-day-implant\/","url":"https:\/\/megadentist.com.tr\/en\/dental-implants\/one-day-implant\/","name":"One-Day Implant | Megadentist","isPartOf":{"@id":"https:\/\/megadentist.com.tr\/en\/#website"},"primaryImageOfPage":{"@id":"https:\/\/megadentist.com.tr\/en\/dental-implants\/one-day-implant\/#primaryimage"},"image":{"@id":"https:\/\/megadentist.com.tr\/en\/dental-implants\/one-day-implant\/#primaryimage"},"thumbnailUrl":"https:\/\/megadentist.com.tr\/en\/wp-content\/uploads\/2022\/11\/1-gunde-implant.jpg","datePublished":"2022-10-27T14:50:11+00:00","dateModified":"2024-07-05T13:29:14+00:00","description":"1 G\u00fcnde \u0130mplant hakk\u0131nda daha detayl\u0131 bilgi sahibi olmak i\u00e7in hemen megadentist.com.tr adresini ziyaret edin. \u015eimdi t\u0131kla!","breadcrumb":{"@id":"https:\/\/megadentist.com.tr\/en\/dental-implants\/one-day-implant\/#breadcrumb"},"inLanguage":"en-US","potentialAction":[{"@type":"ReadAction","target":["https:\/\/megadentist.com.tr\/en\/dental-implants\/one-day-implant\/"]}]},{"@type":"ImageObject","inLanguage":"en-US","@id":"https:\/\/megadentist.com.tr\/en\/dental-implants\/one-day-implant\/#primaryimage","url":"https:\/\/megadentist.com.tr\/en\/wp-content\/uploads\/2022\/11\/1-gunde-implant.jpg","contentUrl":"https:\/\/megadentist.com.tr\/en\/wp-content\/uploads\/2022\/11\/1-gunde-implant.jpg","width":835,"height":667,"caption":"1 G\u00fcnde \u0130mplant"},{"@type":"BreadcrumbList","@id":"https:\/\/megadentist.com.tr\/en\/dental-implants\/one-day-implant\/#breadcrumb","itemListElement":[{"@type":"ListItem","position":1,"name":"Anasayfa","item":"https:\/\/megadentist.com.tr\/en\/"},{"@type":"ListItem","position":2,"name":"Implant Treatment","item":"https:\/\/megadentist.com.tr\/en\/dental-implants\/"},{"@type":"ListItem","position":3,"name":"One-Day Implant"}]},{"@type":"WebSite","@id":"https:\/\/megadentist.com.tr\/en\/#website","url":"https:\/\/megadentist.com.tr\/en\/","name":"Megadentist","description":"","potentialAction":[{"@type":"SearchAction","target":{"@type":"EntryPoint","urlTemplate":"https:\/\/megadentist.com.tr\/en\/?s={search_term_string}"},"query-input":{"@type":"PropertyValueSpecification","valueRequired":true,"valueName":"search_term_string"}}],"inLanguage":"en-US"}]}},"_links":{"self":[{"href":"https:\/\/megadentist.com.tr\/en\/wp-json\/wp\/v2\/pages\/8042","targetHints":{"allow":["GET"]}}],"collection":[{"href":"https:\/\/megadentist.com.tr\/en\/wp-json\/wp\/v2\/pages"}],"about":[{"href":"https:\/\/megadentist.com.tr\/en\/wp-json\/wp\/v2\/types\/page"}],"author":[{"embeddable":true,"href":"https:\/\/megadentist.com.tr\/en\/wp-json\/wp\/v2\/users\/1"}],"replies":[{"embeddable":true,"href":"https:\/\/megadentist.com.tr\/en\/wp-json\/wp\/v2\/comments?post=8042"}],"version-history":[{"count":5,"href":"https:\/\/megadentist.com.tr\/en\/wp-json\/wp\/v2\/pages\/8042\/revisions"}],"predecessor-version":[{"id":16046,"href":"https:\/\/megadentist.com.tr\/en\/wp-json\/wp\/v2\/pages\/8042\/revisions\/16046"}],"up":[{"embeddable":true,"href":"https:\/\/megadentist.com.tr\/en\/wp-json\/wp\/v2\/pages\/8004"}],"wp:featuredmedia":[{"embeddable":true,"href":"https:\/\/megadentist.com.tr\/en\/wp-json\/wp\/v2\/media\/10844"}],"wp:attachment":[{"href":"https:\/\/megadentist.com.tr\/en\/wp-json\/wp\/v2\/media?parent=8042"}],"wp:term":[{"taxonomy":"sayfa-ve-kategori-eslestirmesi","embeddable":true,"href":"https:\/\/megadentist.com.tr\/en\/wp-json\/wp\/v2\/sayfa-ve-kategori-eslestirmesi?post=8042"}],"curies":[{"name":"wp","href":"https:\/\/api.w.org\/{rel}","templated":true}]}}