{"id":8040,"date":"2022-10-27T17:49:33","date_gmt":"2022-10-27T14:49:33","guid":{"rendered":"https:\/\/megadentist.com.tr\/?page_id=8040"},"modified":"2024-07-05T11:59:39","modified_gmt":"2024-07-05T08:59:39","slug":"multiple-teeth-implant-treatment","status":"publish","type":"page","link":"https:\/\/megadentist.com.tr\/en\/dental-implants\/multiple-teeth-implant-treatment\/","title":{"rendered":"Multiple Tooth Implants"},"content":{"rendered":"<section class=\"l-section wpb_row height_custom\"><div class=\"l-section-h i-cf\"><div class=\"g-cols vc_row via_grid cols_1 laptops-cols_inherit tablets-cols_inherit mobiles-cols_1 valign_top type_default stacking_default\"><div class=\"wpb_column vc_column_container\"><div class=\"vc_column-inner\"><div class=\"wpb_text_column\"><div class=\"wpb_wrapper\"><h2><b>Multiple Tooth Implant Treatment<\/b><\/h2>\n<p><b>A different happiness in every smile<\/b><\/p>\n<p><span style=\"font-weight: 400;\">Multiple tooth implant treatment is a dental method used to replace missing teeth for patients who have lost one or more teeth by using multiple implants. This treatment involves the placement of implants to replace missing teeth and usually provides a permanent and solid solution in cases of tooth loss.<\/span><\/p>\n<p><span style=\"font-weight: 400;\">Multiple tooth implant treatment involves placing implants to replace missing teeth and attaching fixed or removable prosthetic teeth onto them. These implants are placed under the gums to form a strong foundation, and the attached prosthetic teeth provide a natural appearance and function similar to real teeth.<\/span><\/p>\n<p><span style=\"font-weight: 400;\">Our expert dentists create a personalized multiple tooth implant treatment plan by considering the patient&#8217;s dental structure, oral health, and aesthetic preferences. The treatment process usually consists of several stages and may require a few visits, but the results provide patients with a natural and strong smile.<\/span><\/p>\n<p><span style=\"font-weight: 400;\">Our goal is to permanently solve the problem of tooth loss, thereby increasing patients&#8217; confidence and quality of life. For more information or to schedule an appointment, please contact us.<\/span><\/p>\n<h2><b>How is Multiple Tooth Implant Treatment Performed?<\/b><\/h2>\n<p><span style=\"font-weight: 400;\">Multiple tooth implant treatment can be performed separately on the upper and lower jaws. Multiple implants can be used. In cases where the patient&#8217;s health condition and age are taken into account and different treatments do not respond, implant treatment can be performed for six to ten teeth. In this treatment, partial removable prostheses and bridge methods are generally used.<\/span><\/p>\n<h2><b>What are the Advantages of Multiple Tooth Implants?<\/b><\/h2>\n<p><span style=\"font-weight: 400;\">Multiple tooth implant treatment is one of the best methods to restore the functions of lost teeth. The advantages of multiple tooth implants are as follows:<\/span><\/p>\n<\/div><\/div><\/div><\/div><\/div><\/div><\/section>\n","protected":false},"excerpt":{"rendered":"Multiple Tooth Implant Treatment A different happiness in every smile Multiple tooth implant treatment is a dental method used to replace missing teeth for patients who have lost one or more teeth by using multiple implants. This treatment involves the placement of implants to replace missing teeth and usually provides a permanent and solid solution...","protected":false},"author":1,"featured_media":10842,"parent":8004,"menu_order":0,"comment_status":"closed","ping_status":"closed","template":"","meta":{"_acf_changed":false,"footnotes":""},"sayfa-ve-kategori-eslestirmesi":[62],"class_list":["post-8040","page","type-page","status-publish","has-post-thumbnail","hentry","sayfa-ve-kategori-eslestirmesi-implant-treatment"],"acf":[],"yoast_head":"<!-- This site is optimized with the Yoast SEO plugin v27.2 - https:\/\/yoast.com\/product\/yoast-seo-wordpress\/ -->\n<title>Multiple Tooth Implants in Turkey | Megadentist<\/title>\n<meta name=\"description\" content=\"For more detailed information about Multiple Teeth Implant Treatment, visit megadentist.com.tr now. Click now to get information!\" \/>\n<meta name=\"robots\" content=\"index, follow, max-snippet:-1, max-image-preview:large, max-video-preview:-1\" \/>\n<link rel=\"canonical\" href=\"https:\/\/megadentist.com.tr\/en\/dental-implants\/multiple-teeth-implant-treatment\/\" \/>\n<meta property=\"og:locale\" content=\"en_US\" \/>\n<meta property=\"og:type\" content=\"article\" \/>\n<meta property=\"og:title\" content=\"Multiple Tooth Implants in Turkey | Megadentist\" \/>\n<meta property=\"og:description\" content=\"For more detailed information about Multiple Teeth Implant Treatment, visit megadentist.com.tr now. Click now to get information!\" \/>\n<meta property=\"og:url\" content=\"https:\/\/megadentist.com.tr\/en\/dental-implants\/multiple-teeth-implant-treatment\/\" \/>\n<meta property=\"og:site_name\" content=\"Megadentist\" \/>\n<meta property=\"article:modified_time\" content=\"2024-07-05T08:59:39+00:00\" \/>\n<meta property=\"og:image\" content=\"https:\/\/megadentist.com.tr\/en\/wp-content\/uploads\/2022\/11\/coklu-dis-implant-tedavisi-e1669021284856.jpg\" \/>\n\t<meta property=\"og:image:width\" content=\"1323\" \/>\n\t<meta property=\"og:image:height\" content=\"1001\" \/>\n\t<meta property=\"og:image:type\" content=\"image\/jpeg\" \/>\n<meta name=\"twitter:card\" content=\"summary_large_image\" \/>\n<meta name=\"twitter:label1\" content=\"Est. reading time\" \/>\n\t<meta name=\"twitter:data1\" content=\"2 minutes\" \/>\n<script type=\"application\/ld+json\" class=\"yoast-schema-graph\">{\"@context\":\"https:\/\/schema.org\",\"@graph\":[{\"@type\":\"WebPage\",\"@id\":\"https:\/\/megadentist.com.tr\/en\/dental-implants\/multiple-teeth-implant-treatment\/\",\"url\":\"https:\/\/megadentist.com.tr\/en\/dental-implants\/multiple-teeth-implant-treatment\/\",\"name\":\"Multiple Tooth Implants in Turkey | Megadentist\",\"isPartOf\":{\"@id\":\"https:\/\/megadentist.com.tr\/en\/#website\"},\"primaryImageOfPage\":{\"@id\":\"https:\/\/megadentist.com.tr\/en\/dental-implants\/multiple-teeth-implant-treatment\/#primaryimage\"},\"image\":{\"@id\":\"https:\/\/megadentist.com.tr\/en\/dental-implants\/multiple-teeth-implant-treatment\/#primaryimage\"},\"thumbnailUrl\":\"https:\/\/megadentist.com.tr\/en\/wp-content\/uploads\/2022\/11\/coklu-dis-implant-tedavisi-e1669021284856.jpg\",\"datePublished\":\"2022-10-27T14:49:33+00:00\",\"dateModified\":\"2024-07-05T08:59:39+00:00\",\"description\":\"For more detailed information about Multiple Teeth Implant Treatment, visit megadentist.com.tr now. Click now to get information!\",\"breadcrumb\":{\"@id\":\"https:\/\/megadentist.com.tr\/en\/dental-implants\/multiple-teeth-implant-treatment\/#breadcrumb\"},\"inLanguage\":\"en-US\",\"potentialAction\":[{\"@type\":\"ReadAction\",\"target\":[\"https:\/\/megadentist.com.tr\/en\/dental-implants\/multiple-teeth-implant-treatment\/\"]}]},{\"@type\":\"ImageObject\",\"inLanguage\":\"en-US\",\"@id\":\"https:\/\/megadentist.com.tr\/en\/dental-implants\/multiple-teeth-implant-treatment\/#primaryimage\",\"url\":\"https:\/\/megadentist.com.tr\/en\/wp-content\/uploads\/2022\/11\/coklu-dis-implant-tedavisi-e1669021284856.jpg\",\"contentUrl\":\"https:\/\/megadentist.com.tr\/en\/wp-content\/uploads\/2022\/11\/coklu-dis-implant-tedavisi-e1669021284856.jpg\",\"width\":1323,\"height\":1001,\"caption\":\"\u00c7oklu Di\u015f \u0130mplant Tedavisi\"},{\"@type\":\"BreadcrumbList\",\"@id\":\"https:\/\/megadentist.com.tr\/en\/dental-implants\/multiple-teeth-implant-treatment\/#breadcrumb\",\"itemListElement\":[{\"@type\":\"ListItem\",\"position\":1,\"name\":\"Anasayfa\",\"item\":\"https:\/\/megadentist.com.tr\/en\/\"},{\"@type\":\"ListItem\",\"position\":2,\"name\":\"Implant Treatment\",\"item\":\"https:\/\/megadentist.com.tr\/en\/dental-implants\/\"},{\"@type\":\"ListItem\",\"position\":3,\"name\":\"Multiple Tooth Implants\"}]},{\"@type\":\"WebSite\",\"@id\":\"https:\/\/megadentist.com.tr\/en\/#website\",\"url\":\"https:\/\/megadentist.com.tr\/en\/\",\"name\":\"Megadentist\",\"description\":\"\",\"potentialAction\":[{\"@type\":\"SearchAction\",\"target\":{\"@type\":\"EntryPoint\",\"urlTemplate\":\"https:\/\/megadentist.com.tr\/en\/?s={search_term_string}\"},\"query-input\":{\"@type\":\"PropertyValueSpecification\",\"valueRequired\":true,\"valueName\":\"search_term_string\"}}],\"inLanguage\":\"en-US\"}]}<\/script>\n<!-- \/ Yoast SEO plugin. -->","yoast_head_json":{"title":"Multiple Tooth Implants in Turkey | Megadentist","description":"For more detailed information about Multiple Teeth Implant Treatment, visit megadentist.com.tr now. Click now to get information!","robots":{"index":"index","follow":"follow","max-snippet":"max-snippet:-1","max-image-preview":"max-image-preview:large","max-video-preview":"max-video-preview:-1"},"canonical":"https:\/\/megadentist.com.tr\/en\/dental-implants\/multiple-teeth-implant-treatment\/","og_locale":"en_US","og_type":"article","og_title":"Multiple Tooth Implants in Turkey | Megadentist","og_description":"For more detailed information about Multiple Teeth Implant Treatment, visit megadentist.com.tr now. Click now to get information!","og_url":"https:\/\/megadentist.com.tr\/en\/dental-implants\/multiple-teeth-implant-treatment\/","og_site_name":"Megadentist","article_modified_time":"2024-07-05T08:59:39+00:00","og_image":[{"width":1323,"height":1001,"url":"https:\/\/megadentist.com.tr\/en\/wp-content\/uploads\/2022\/11\/coklu-dis-implant-tedavisi-e1669021284856.jpg","type":"image\/jpeg"}],"twitter_card":"summary_large_image","twitter_misc":{"Est. reading time":"2 minutes"},"schema":{"@context":"https:\/\/schema.org","@graph":[{"@type":"WebPage","@id":"https:\/\/megadentist.com.tr\/en\/dental-implants\/multiple-teeth-implant-treatment\/","url":"https:\/\/megadentist.com.tr\/en\/dental-implants\/multiple-teeth-implant-treatment\/","name":"Multiple Tooth Implants in Turkey | Megadentist","isPartOf":{"@id":"https:\/\/megadentist.com.tr\/en\/#website"},"primaryImageOfPage":{"@id":"https:\/\/megadentist.com.tr\/en\/dental-implants\/multiple-teeth-implant-treatment\/#primaryimage"},"image":{"@id":"https:\/\/megadentist.com.tr\/en\/dental-implants\/multiple-teeth-implant-treatment\/#primaryimage"},"thumbnailUrl":"https:\/\/megadentist.com.tr\/en\/wp-content\/uploads\/2022\/11\/coklu-dis-implant-tedavisi-e1669021284856.jpg","datePublished":"2022-10-27T14:49:33+00:00","dateModified":"2024-07-05T08:59:39+00:00","description":"For more detailed information about Multiple Teeth Implant Treatment, visit megadentist.com.tr now. Click now to get information!","breadcrumb":{"@id":"https:\/\/megadentist.com.tr\/en\/dental-implants\/multiple-teeth-implant-treatment\/#breadcrumb"},"inLanguage":"en-US","potentialAction":[{"@type":"ReadAction","target":["https:\/\/megadentist.com.tr\/en\/dental-implants\/multiple-teeth-implant-treatment\/"]}]},{"@type":"ImageObject","inLanguage":"en-US","@id":"https:\/\/megadentist.com.tr\/en\/dental-implants\/multiple-teeth-implant-treatment\/#primaryimage","url":"https:\/\/megadentist.com.tr\/en\/wp-content\/uploads\/2022\/11\/coklu-dis-implant-tedavisi-e1669021284856.jpg","contentUrl":"https:\/\/megadentist.com.tr\/en\/wp-content\/uploads\/2022\/11\/coklu-dis-implant-tedavisi-e1669021284856.jpg","width":1323,"height":1001,"caption":"\u00c7oklu Di\u015f \u0130mplant Tedavisi"},{"@type":"BreadcrumbList","@id":"https:\/\/megadentist.com.tr\/en\/dental-implants\/multiple-teeth-implant-treatment\/#breadcrumb","itemListElement":[{"@type":"ListItem","position":1,"name":"Anasayfa","item":"https:\/\/megadentist.com.tr\/en\/"},{"@type":"ListItem","position":2,"name":"Implant Treatment","item":"https:\/\/megadentist.com.tr\/en\/dental-implants\/"},{"@type":"ListItem","position":3,"name":"Multiple Tooth Implants"}]},{"@type":"WebSite","@id":"https:\/\/megadentist.com.tr\/en\/#website","url":"https:\/\/megadentist.com.tr\/en\/","name":"Megadentist","description":"","potentialAction":[{"@type":"SearchAction","target":{"@type":"EntryPoint","urlTemplate":"https:\/\/megadentist.com.tr\/en\/?s={search_term_string}"},"query-input":{"@type":"PropertyValueSpecification","valueRequired":true,"valueName":"search_term_string"}}],"inLanguage":"en-US"}]}},"_links":{"self":[{"href":"https:\/\/megadentist.com.tr\/en\/wp-json\/wp\/v2\/pages\/8040","targetHints":{"allow":["GET"]}}],"collection":[{"href":"https:\/\/megadentist.com.tr\/en\/wp-json\/wp\/v2\/pages"}],"about":[{"href":"https:\/\/megadentist.com.tr\/en\/wp-json\/wp\/v2\/types\/page"}],"author":[{"embeddable":true,"href":"https:\/\/megadentist.com.tr\/en\/wp-json\/wp\/v2\/users\/1"}],"replies":[{"embeddable":true,"href":"https:\/\/megadentist.com.tr\/en\/wp-json\/wp\/v2\/comments?post=8040"}],"version-history":[{"count":4,"href":"https:\/\/megadentist.com.tr\/en\/wp-json\/wp\/v2\/pages\/8040\/revisions"}],"predecessor-version":[{"id":15856,"href":"https:\/\/megadentist.com.tr\/en\/wp-json\/wp\/v2\/pages\/8040\/revisions\/15856"}],"up":[{"embeddable":true,"href":"https:\/\/megadentist.com.tr\/en\/wp-json\/wp\/v2\/pages\/8004"}],"wp:featuredmedia":[{"embeddable":true,"href":"https:\/\/megadentist.com.tr\/en\/wp-json\/wp\/v2\/media\/10842"}],"wp:attachment":[{"href":"https:\/\/megadentist.com.tr\/en\/wp-json\/wp\/v2\/media?parent=8040"}],"wp:term":[{"taxonomy":"sayfa-ve-kategori-eslestirmesi","embeddable":true,"href":"https:\/\/megadentist.com.tr\/en\/wp-json\/wp\/v2\/sayfa-ve-kategori-eslestirmesi?post=8040"}],"curies":[{"name":"wp","href":"https:\/\/api.w.org\/{rel}","templated":true}]}}