{"id":8038,"date":"2022-10-27T17:45:09","date_gmt":"2022-10-27T14:45:09","guid":{"rendered":"https:\/\/megadentist.com.tr\/?page_id=8038"},"modified":"2025-12-05T16:58:22","modified_gmt":"2025-12-05T13:58:22","slug":"full-mouth-implant-treatment","status":"publish","type":"page","link":"https:\/\/megadentist.com.tr\/en\/dental-implants\/full-mouth-implant-treatment\/","title":{"rendered":"Full Mouth Implants"},"content":{"rendered":"<section class=\"l-section wpb_row height_custom\"><div class=\"l-section-h i-cf\"><div class=\"g-cols vc_row via_grid cols_1 laptops-cols_inherit tablets-cols_inherit mobiles-cols_1 valign_top type_default stacking_default\"><div class=\"wpb_column vc_column_container\"><div class=\"vc_column-inner\"><div class=\"wpb_text_column\"><div class=\"wpb_wrapper\"><h2><b>Full Mouth Implant Treatment<\/b><\/h2>\n<p><b>A different happiness in every smile<\/b><\/p>\n<p><span style=\"font-weight: 400;\">Full mouth implant treatment is a comprehensive dental treatment method used to replace all teeth in a single operation for patients who are toothless or have lost most of their teeth. This treatment involves placing multiple implants throughout the patient&#8217;s mouth and is typically preferred to achieve complete recovery and an aesthetic smile in cases of toothlessness or tooth loss.<\/span><\/p>\n<p><span style=\"font-weight: 400;\">Full mouth implant treatment involves the extraction of the patient&#8217;s existing teeth (if any) and the placement of implants under the gums. These implants are combined with prosthetic teeth, providing the patient with a full and natural smile.<\/span><\/p>\n<p><span style=\"font-weight: 400;\">Our expert dentists create a personalized full mouth implant treatment plan by considering the patient&#8217;s oral health, dental structure, and aesthetic preferences. The treatment process usually consists of several stages and may require a few visits, but the results provide patients with a natural and strong smile.<\/span><\/p>\n<p><span style=\"font-weight: 400;\">Our goal is to improve the oral health, function, and aesthetic appearance of patients, thereby increasing their confidence and quality of life. For more information or to schedule an appointment, please contact us.<\/span><\/p>\n<h2><b>Who is Suitable for Full Mouth Implant Treatment? <\/b><\/h2>\n<p><span style=\"font-weight: 400;\">Various complications that develop in teeth over time can lead to complete or partial tooth loss in individuals. Full mouth implant treatment is recommended for patients experiencing total toothlessness. Implant treatment is applied to individuals who are 18 years and older and have completed jaw and facial development. Before starting the treatment, the suitability of the jaw structure for implants is determined.<\/span><\/p>\n<h2><b>How is Full Mouth Implant Treatment Performed?<\/b><\/h2>\n<p><span style=\"font-weight: 400;\">Full mouth implant treatment is performed as fixed or removable implant-supported prosthetic applications in cases of complete toothlessness. Nowadays, individuals with completely toothless jaws prefer fixed prosthetics to achieve aesthetic and natural teeth.<\/span><\/p>\n<h2><b>What are the Advantages of Full Mouth Implant Treatment?<\/b><\/h2>\n<p><span style=\"font-weight: 400;\">Full mouth implant treatment improves the quality of life for individuals by eliminating total toothlessness. Full mouth implant treatment, preferred for both aesthetic and functional purposes, allows for proper eating, drinking, and speaking functions. Helping to create an aesthetic appearance, full mouth implant treatment also aids in improving the facial appearance.<\/span><\/p>\n<\/div><\/div><\/div><\/div><\/div><\/div><\/section>\n","protected":false},"excerpt":{"rendered":"Full Mouth Implant Treatment A different happiness in every smile Full mouth implant treatment is a comprehensive dental treatment method used to replace all teeth in a single operation for patients who are toothless or have lost most of their teeth. This treatment involves placing multiple implants throughout the patient&#8217;s mouth and is typically preferred...","protected":false},"author":1,"featured_media":10840,"parent":8004,"menu_order":0,"comment_status":"closed","ping_status":"closed","template":"","meta":{"_acf_changed":false,"footnotes":""},"sayfa-ve-kategori-eslestirmesi":[62],"class_list":["post-8038","page","type-page","status-publish","has-post-thumbnail","hentry","sayfa-ve-kategori-eslestirmesi-implant-treatment"],"acf":[],"yoast_head":"<!-- This site is optimized with the Yoast SEO plugin v27.2 - https:\/\/yoast.com\/product\/yoast-seo-wordpress\/ -->\n<title>Full Mouth Implants in Turkey | Megadentist<\/title>\n<meta name=\"description\" content=\"For more detailed information about Full Mouth Implant Treatment, visit megadentist.com.tr now. Click now to get information!\" \/>\n<meta name=\"robots\" content=\"index, follow, max-snippet:-1, max-image-preview:large, max-video-preview:-1\" \/>\n<link rel=\"canonical\" href=\"https:\/\/megadentist.com.tr\/en\/dental-implants\/full-mouth-implant-treatment\/\" \/>\n<meta property=\"og:locale\" content=\"en_US\" \/>\n<meta property=\"og:type\" content=\"article\" \/>\n<meta property=\"og:title\" content=\"Full Mouth Implants in Turkey | Megadentist\" \/>\n<meta property=\"og:description\" content=\"For more detailed information about Full Mouth Implant Treatment, visit megadentist.com.tr now. Click now to get information!\" \/>\n<meta property=\"og:url\" content=\"https:\/\/megadentist.com.tr\/en\/dental-implants\/full-mouth-implant-treatment\/\" \/>\n<meta property=\"og:site_name\" content=\"Megadentist\" \/>\n<meta property=\"article:modified_time\" content=\"2025-12-05T13:58:22+00:00\" \/>\n<meta property=\"og:image\" content=\"https:\/\/megadentist.com.tr\/en\/wp-content\/uploads\/2022\/11\/full-agiz-implant-tedavisi.jpg\" \/>\n\t<meta property=\"og:image:width\" content=\"1952\" \/>\n\t<meta property=\"og:image:height\" content=\"1098\" \/>\n\t<meta property=\"og:image:type\" content=\"image\/jpeg\" \/>\n<meta name=\"twitter:card\" content=\"summary_large_image\" \/>\n<meta name=\"twitter:label1\" content=\"Est. reading time\" \/>\n\t<meta name=\"twitter:data1\" content=\"2 minutes\" \/>\n<script type=\"application\/ld+json\" class=\"yoast-schema-graph\">{\"@context\":\"https:\/\/schema.org\",\"@graph\":[{\"@type\":\"WebPage\",\"@id\":\"https:\/\/megadentist.com.tr\/en\/dental-implants\/full-mouth-implant-treatment\/\",\"url\":\"https:\/\/megadentist.com.tr\/en\/dental-implants\/full-mouth-implant-treatment\/\",\"name\":\"Full Mouth Implants in Turkey | Megadentist\",\"isPartOf\":{\"@id\":\"https:\/\/megadentist.com.tr\/en\/#website\"},\"primaryImageOfPage\":{\"@id\":\"https:\/\/megadentist.com.tr\/en\/dental-implants\/full-mouth-implant-treatment\/#primaryimage\"},\"image\":{\"@id\":\"https:\/\/megadentist.com.tr\/en\/dental-implants\/full-mouth-implant-treatment\/#primaryimage\"},\"thumbnailUrl\":\"https:\/\/megadentist.com.tr\/en\/wp-content\/uploads\/2022\/11\/full-agiz-implant-tedavisi.jpg\",\"datePublished\":\"2022-10-27T14:45:09+00:00\",\"dateModified\":\"2025-12-05T13:58:22+00:00\",\"description\":\"For more detailed information about Full Mouth Implant Treatment, visit megadentist.com.tr now. Click now to get information!\",\"breadcrumb\":{\"@id\":\"https:\/\/megadentist.com.tr\/en\/dental-implants\/full-mouth-implant-treatment\/#breadcrumb\"},\"inLanguage\":\"en-US\",\"potentialAction\":[{\"@type\":\"ReadAction\",\"target\":[\"https:\/\/megadentist.com.tr\/en\/dental-implants\/full-mouth-implant-treatment\/\"]}]},{\"@type\":\"ImageObject\",\"inLanguage\":\"en-US\",\"@id\":\"https:\/\/megadentist.com.tr\/en\/dental-implants\/full-mouth-implant-treatment\/#primaryimage\",\"url\":\"https:\/\/megadentist.com.tr\/en\/wp-content\/uploads\/2022\/11\/full-agiz-implant-tedavisi.jpg\",\"contentUrl\":\"https:\/\/megadentist.com.tr\/en\/wp-content\/uploads\/2022\/11\/full-agiz-implant-tedavisi.jpg\",\"width\":1952,\"height\":1098,\"caption\":\"Full A\u011f\u0131z \u0130mplant Tedavisi\"},{\"@type\":\"BreadcrumbList\",\"@id\":\"https:\/\/megadentist.com.tr\/en\/dental-implants\/full-mouth-implant-treatment\/#breadcrumb\",\"itemListElement\":[{\"@type\":\"ListItem\",\"position\":1,\"name\":\"Anasayfa\",\"item\":\"https:\/\/megadentist.com.tr\/en\/\"},{\"@type\":\"ListItem\",\"position\":2,\"name\":\"Implant Treatment\",\"item\":\"https:\/\/megadentist.com.tr\/en\/dental-implants\/\"},{\"@type\":\"ListItem\",\"position\":3,\"name\":\"Full Mouth Implants\"}]},{\"@type\":\"WebSite\",\"@id\":\"https:\/\/megadentist.com.tr\/en\/#website\",\"url\":\"https:\/\/megadentist.com.tr\/en\/\",\"name\":\"Megadentist\",\"description\":\"\",\"potentialAction\":[{\"@type\":\"SearchAction\",\"target\":{\"@type\":\"EntryPoint\",\"urlTemplate\":\"https:\/\/megadentist.com.tr\/en\/?s={search_term_string}\"},\"query-input\":{\"@type\":\"PropertyValueSpecification\",\"valueRequired\":true,\"valueName\":\"search_term_string\"}}],\"inLanguage\":\"en-US\"}]}<\/script>\n<!-- \/ Yoast SEO plugin. -->","yoast_head_json":{"title":"Full Mouth Implants in Turkey | Megadentist","description":"For more detailed information about Full Mouth Implant Treatment, visit megadentist.com.tr now. Click now to get information!","robots":{"index":"index","follow":"follow","max-snippet":"max-snippet:-1","max-image-preview":"max-image-preview:large","max-video-preview":"max-video-preview:-1"},"canonical":"https:\/\/megadentist.com.tr\/en\/dental-implants\/full-mouth-implant-treatment\/","og_locale":"en_US","og_type":"article","og_title":"Full Mouth Implants in Turkey | Megadentist","og_description":"For more detailed information about Full Mouth Implant Treatment, visit megadentist.com.tr now. Click now to get information!","og_url":"https:\/\/megadentist.com.tr\/en\/dental-implants\/full-mouth-implant-treatment\/","og_site_name":"Megadentist","article_modified_time":"2025-12-05T13:58:22+00:00","og_image":[{"width":1952,"height":1098,"url":"https:\/\/megadentist.com.tr\/en\/wp-content\/uploads\/2022\/11\/full-agiz-implant-tedavisi.jpg","type":"image\/jpeg"}],"twitter_card":"summary_large_image","twitter_misc":{"Est. reading time":"2 minutes"},"schema":{"@context":"https:\/\/schema.org","@graph":[{"@type":"WebPage","@id":"https:\/\/megadentist.com.tr\/en\/dental-implants\/full-mouth-implant-treatment\/","url":"https:\/\/megadentist.com.tr\/en\/dental-implants\/full-mouth-implant-treatment\/","name":"Full Mouth Implants in Turkey | Megadentist","isPartOf":{"@id":"https:\/\/megadentist.com.tr\/en\/#website"},"primaryImageOfPage":{"@id":"https:\/\/megadentist.com.tr\/en\/dental-implants\/full-mouth-implant-treatment\/#primaryimage"},"image":{"@id":"https:\/\/megadentist.com.tr\/en\/dental-implants\/full-mouth-implant-treatment\/#primaryimage"},"thumbnailUrl":"https:\/\/megadentist.com.tr\/en\/wp-content\/uploads\/2022\/11\/full-agiz-implant-tedavisi.jpg","datePublished":"2022-10-27T14:45:09+00:00","dateModified":"2025-12-05T13:58:22+00:00","description":"For more detailed information about Full Mouth Implant Treatment, visit megadentist.com.tr now. Click now to get information!","breadcrumb":{"@id":"https:\/\/megadentist.com.tr\/en\/dental-implants\/full-mouth-implant-treatment\/#breadcrumb"},"inLanguage":"en-US","potentialAction":[{"@type":"ReadAction","target":["https:\/\/megadentist.com.tr\/en\/dental-implants\/full-mouth-implant-treatment\/"]}]},{"@type":"ImageObject","inLanguage":"en-US","@id":"https:\/\/megadentist.com.tr\/en\/dental-implants\/full-mouth-implant-treatment\/#primaryimage","url":"https:\/\/megadentist.com.tr\/en\/wp-content\/uploads\/2022\/11\/full-agiz-implant-tedavisi.jpg","contentUrl":"https:\/\/megadentist.com.tr\/en\/wp-content\/uploads\/2022\/11\/full-agiz-implant-tedavisi.jpg","width":1952,"height":1098,"caption":"Full A\u011f\u0131z \u0130mplant Tedavisi"},{"@type":"BreadcrumbList","@id":"https:\/\/megadentist.com.tr\/en\/dental-implants\/full-mouth-implant-treatment\/#breadcrumb","itemListElement":[{"@type":"ListItem","position":1,"name":"Anasayfa","item":"https:\/\/megadentist.com.tr\/en\/"},{"@type":"ListItem","position":2,"name":"Implant Treatment","item":"https:\/\/megadentist.com.tr\/en\/dental-implants\/"},{"@type":"ListItem","position":3,"name":"Full Mouth Implants"}]},{"@type":"WebSite","@id":"https:\/\/megadentist.com.tr\/en\/#website","url":"https:\/\/megadentist.com.tr\/en\/","name":"Megadentist","description":"","potentialAction":[{"@type":"SearchAction","target":{"@type":"EntryPoint","urlTemplate":"https:\/\/megadentist.com.tr\/en\/?s={search_term_string}"},"query-input":{"@type":"PropertyValueSpecification","valueRequired":true,"valueName":"search_term_string"}}],"inLanguage":"en-US"}]}},"_links":{"self":[{"href":"https:\/\/megadentist.com.tr\/en\/wp-json\/wp\/v2\/pages\/8038","targetHints":{"allow":["GET"]}}],"collection":[{"href":"https:\/\/megadentist.com.tr\/en\/wp-json\/wp\/v2\/pages"}],"about":[{"href":"https:\/\/megadentist.com.tr\/en\/wp-json\/wp\/v2\/types\/page"}],"author":[{"embeddable":true,"href":"https:\/\/megadentist.com.tr\/en\/wp-json\/wp\/v2\/users\/1"}],"replies":[{"embeddable":true,"href":"https:\/\/megadentist.com.tr\/en\/wp-json\/wp\/v2\/comments?post=8038"}],"version-history":[{"count":4,"href":"https:\/\/megadentist.com.tr\/en\/wp-json\/wp\/v2\/pages\/8038\/revisions"}],"predecessor-version":[{"id":15855,"href":"https:\/\/megadentist.com.tr\/en\/wp-json\/wp\/v2\/pages\/8038\/revisions\/15855"}],"up":[{"embeddable":true,"href":"https:\/\/megadentist.com.tr\/en\/wp-json\/wp\/v2\/pages\/8004"}],"wp:featuredmedia":[{"embeddable":true,"href":"https:\/\/megadentist.com.tr\/en\/wp-json\/wp\/v2\/media\/10840"}],"wp:attachment":[{"href":"https:\/\/megadentist.com.tr\/en\/wp-json\/wp\/v2\/media?parent=8038"}],"wp:term":[{"taxonomy":"sayfa-ve-kategori-eslestirmesi","embeddable":true,"href":"https:\/\/megadentist.com.tr\/en\/wp-json\/wp\/v2\/sayfa-ve-kategori-eslestirmesi?post=8038"}],"curies":[{"name":"wp","href":"https:\/\/api.w.org\/{rel}","templated":true}]}}