{"id":8034,"date":"2022-10-27T17:44:00","date_gmt":"2022-10-27T14:44:00","guid":{"rendered":"https:\/\/megadentist.com.tr\/?page_id=8034"},"modified":"2024-07-05T11:59:37","modified_gmt":"2024-07-05T08:59:37","slug":"tooth-diamond","status":"publish","type":"page","link":"https:\/\/megadentist.com.tr\/en\/aesthetic-dentistry\/tooth-diamond\/","title":{"rendered":"Diamond Teeth"},"content":{"rendered":"<section class=\"l-section wpb_row height_custom\"><div class=\"l-section-h i-cf\"><div class=\"g-cols vc_row via_grid cols_1 laptops-cols_inherit tablets-cols_inherit mobiles-cols_1 valign_top type_default stacking_default\"><div class=\"wpb_column vc_column_container type_sticky\"><div class=\"vc_column-inner\"><div class=\"wpb_text_column\"><div class=\"wpb_wrapper\"><h2><b>Diamond Teeth Treatment<\/b><\/h2>\n<p><b>Shining Teeth, Happy Smiles<\/b><\/p>\n<p>Di\u015f p\u0131rlantas\u0131 tedavisi, di\u015flerin estetik g\u00f6r\u00fcn\u00fcm\u00fcn\u00fc art\u0131rmak ve \u00f6zg\u00fcn bir tarz olu\u015fturmak i\u00e7in uygulanan kozmetik bir di\u015f tedavi y\u00f6ntemidir. Bu tedavi, di\u015flerin \u00fczerine k\u00fc\u00e7\u00fck, \u0131\u015f\u0131lt\u0131l\u0131 p\u0131rlantalar\u0131n yerle\u015ftirilmesini i\u00e7erir. Di\u015f p\u0131rlantalar\u0131 genellikle di\u015fin \u00f6n y\u00fczeyine yap\u0131\u015ft\u0131r\u0131larak, dikkat \u00e7ekici ve estetik bir g\u00f6r\u00fcn\u00fcm sa\u011flar.<\/p>\n<p>Di\u015f p\u0131rlantalar\u0131, \u00f6zel g\u00fcnlerde veya \u00f6zel etkinliklerde g\u00fcl\u00fcmsemenize bir dokunu\u015f eklemek i\u00e7in tercih edilir. Uzman di\u015f hekimlerimiz, hastalar\u0131n estetik tercihlerini ve di\u015f yap\u0131s\u0131n\u0131 dikkate alarak, ki\u015fiye \u00f6zel p\u0131rlanta yerle\u015ftirme i\u015flemleri ger\u00e7ekle\u015ftirirler.<\/p>\n<p>Tedavi s\u00fcreci genellikle h\u0131zl\u0131 ve a\u011fr\u0131s\u0131zd\u0131r ve hasta i\u00e7in minimal rahats\u0131zl\u0131k sa\u011flar. Amac\u0131m\u0131z, hastalar\u0131n g\u00fcl\u00fc\u015flerini benzersiz ve \u00e7ekici hale getirerek, \u00f6zg\u00fcn bir tarz olu\u015fturmalar\u0131na yard\u0131mc\u0131 olmakt\u0131r. Daha fazla bilgi veya randevu i\u00e7in bize ula\u015f\u0131n.<\/p>\n<h2><b>What Are the Advantages of Diamond Teeth?<\/b><\/h2>\n<p><span style=\"font-weight: 400;\">The advantages of diamond teeth are as follows:\u00a0<\/span><\/p>\n<ul>\n<li><span style=\"font-weight: 400;\"> Aesthetic smile\u00a0<\/span><\/li>\n<li><span style=\"font-weight: 400;\">White teeth\u00a0<\/span><\/li>\n<li><span style=\"font-weight: 400;\"> Designed smile<\/span><\/li>\n<\/ul>\n<h2><b>Who Can Get Diamond Teeth?<\/b><\/h2>\n<p><span style=\"font-weight: 400;\">Dental crystals, which fall under cosmetic dentistry, can be easily applied to anyone of any age due to their easy application and non-damaging nature. Anyone who wishes can easily get diamond teeth, applied by expert dentists.<\/span><\/p>\n<h2><b>How Is Diamond Teeth Applied?<\/b><\/h2>\n<p><span style=\"font-weight: 400;\">The application of diamond teeth is a procedure that must be performed by dentists. Diamond teeth, which look more appealing on white teeth, require the establishment of the patient&#8217;s oral and dental health as the first step. Plaque is cleaned from the teeth, any cavities are treated, and a whitening procedure may be performed.<\/span><\/p>\n<\/div><\/div><\/div><\/div><\/div><\/div><\/section>\n","protected":false},"excerpt":{"rendered":"Diamond Teeth Treatment Shining Teeth, Happy Smiles Di\u015f p\u0131rlantas\u0131 tedavisi, di\u015flerin estetik g\u00f6r\u00fcn\u00fcm\u00fcn\u00fc art\u0131rmak ve \u00f6zg\u00fcn bir tarz olu\u015fturmak i\u00e7in uygulanan kozmetik bir di\u015f tedavi y\u00f6ntemidir. Bu tedavi, di\u015flerin \u00fczerine k\u00fc\u00e7\u00fck, \u0131\u015f\u0131lt\u0131l\u0131 p\u0131rlantalar\u0131n yerle\u015ftirilmesini i\u00e7erir. Di\u015f p\u0131rlantalar\u0131 genellikle di\u015fin \u00f6n y\u00fczeyine yap\u0131\u015ft\u0131r\u0131larak, dikkat \u00e7ekici ve estetik bir g\u00f6r\u00fcn\u00fcm sa\u011flar. Di\u015f p\u0131rlantalar\u0131, \u00f6zel g\u00fcnlerde veya \u00f6zel...","protected":false},"author":1,"featured_media":10836,"parent":8002,"menu_order":0,"comment_status":"closed","ping_status":"closed","template":"","meta":{"_acf_changed":false,"footnotes":""},"sayfa-ve-kategori-eslestirmesi":[61],"class_list":["post-8034","page","type-page","status-publish","has-post-thumbnail","hentry","sayfa-ve-kategori-eslestirmesi-aesthetic-dentistry"],"acf":[],"yoast_head":"<!-- This site is optimized with the Yoast SEO plugin v27.5 - https:\/\/yoast.com\/product\/yoast-seo-wordpress\/ -->\n<title>Diamond Teeth in Turkey | Megadentist<\/title>\n<meta name=\"description\" content=\"For more detailed information about Tooth Diamond, visit megadentist.com.tr now. Click now to get information!\" \/>\n<meta name=\"robots\" content=\"index, follow, max-snippet:-1, max-image-preview:large, max-video-preview:-1\" \/>\n<link rel=\"canonical\" href=\"https:\/\/megadentist.com.tr\/en\/aesthetic-dentistry\/tooth-diamond\/\" \/>\n<meta property=\"og:locale\" content=\"en_US\" \/>\n<meta property=\"og:type\" content=\"article\" \/>\n<meta property=\"og:title\" content=\"Diamond Teeth in Turkey | Megadentist\" \/>\n<meta property=\"og:description\" content=\"For more detailed information about Tooth Diamond, visit megadentist.com.tr now. Click now to get information!\" \/>\n<meta property=\"og:url\" content=\"https:\/\/megadentist.com.tr\/en\/aesthetic-dentistry\/tooth-diamond\/\" \/>\n<meta property=\"og:site_name\" content=\"Megadentist\" \/>\n<meta property=\"article:modified_time\" content=\"2024-07-05T08:59:37+00:00\" \/>\n<meta property=\"og:image\" content=\"https:\/\/megadentist.com.tr\/en\/wp-content\/uploads\/2022\/11\/dis-pirlantasi.jpg\" \/>\n\t<meta property=\"og:image:width\" content=\"1200\" \/>\n\t<meta property=\"og:image:height\" content=\"800\" \/>\n\t<meta property=\"og:image:type\" content=\"image\/jpeg\" \/>\n<meta name=\"twitter:card\" content=\"summary_large_image\" \/>\n<meta name=\"twitter:label1\" content=\"Est. reading time\" \/>\n\t<meta name=\"twitter:data1\" content=\"2 minutes\" \/>\n<script type=\"application\/ld+json\" class=\"yoast-schema-graph\">{\"@context\":\"https:\\\/\\\/schema.org\",\"@graph\":[{\"@type\":\"WebPage\",\"@id\":\"https:\\\/\\\/megadentist.com.tr\\\/en\\\/aesthetic-dentistry\\\/tooth-diamond\\\/\",\"url\":\"https:\\\/\\\/megadentist.com.tr\\\/en\\\/aesthetic-dentistry\\\/tooth-diamond\\\/\",\"name\":\"Diamond Teeth in Turkey | Megadentist\",\"isPartOf\":{\"@id\":\"https:\\\/\\\/megadentist.com.tr\\\/en\\\/#website\"},\"primaryImageOfPage\":{\"@id\":\"https:\\\/\\\/megadentist.com.tr\\\/en\\\/aesthetic-dentistry\\\/tooth-diamond\\\/#primaryimage\"},\"image\":{\"@id\":\"https:\\\/\\\/megadentist.com.tr\\\/en\\\/aesthetic-dentistry\\\/tooth-diamond\\\/#primaryimage\"},\"thumbnailUrl\":\"https:\\\/\\\/megadentist.com.tr\\\/en\\\/wp-content\\\/uploads\\\/2022\\\/11\\\/dis-pirlantasi.jpg\",\"datePublished\":\"2022-10-27T14:44:00+00:00\",\"dateModified\":\"2024-07-05T08:59:37+00:00\",\"description\":\"For more detailed information about Tooth Diamond, visit megadentist.com.tr now. Click now to get information!\",\"breadcrumb\":{\"@id\":\"https:\\\/\\\/megadentist.com.tr\\\/en\\\/aesthetic-dentistry\\\/tooth-diamond\\\/#breadcrumb\"},\"inLanguage\":\"en-US\",\"potentialAction\":[{\"@type\":\"ReadAction\",\"target\":[\"https:\\\/\\\/megadentist.com.tr\\\/en\\\/aesthetic-dentistry\\\/tooth-diamond\\\/\"]}]},{\"@type\":\"ImageObject\",\"inLanguage\":\"en-US\",\"@id\":\"https:\\\/\\\/megadentist.com.tr\\\/en\\\/aesthetic-dentistry\\\/tooth-diamond\\\/#primaryimage\",\"url\":\"https:\\\/\\\/megadentist.com.tr\\\/en\\\/wp-content\\\/uploads\\\/2022\\\/11\\\/dis-pirlantasi.jpg\",\"contentUrl\":\"https:\\\/\\\/megadentist.com.tr\\\/en\\\/wp-content\\\/uploads\\\/2022\\\/11\\\/dis-pirlantasi.jpg\",\"width\":1200,\"height\":800,\"caption\":\"Di\u015f P\u0131rlantas\u0131\"},{\"@type\":\"BreadcrumbList\",\"@id\":\"https:\\\/\\\/megadentist.com.tr\\\/en\\\/aesthetic-dentistry\\\/tooth-diamond\\\/#breadcrumb\",\"itemListElement\":[{\"@type\":\"ListItem\",\"position\":1,\"name\":\"Anasayfa\",\"item\":\"https:\\\/\\\/megadentist.com.tr\\\/en\\\/\"},{\"@type\":\"ListItem\",\"position\":2,\"name\":\"Aesthetic Dentistry\",\"item\":\"https:\\\/\\\/megadentist.com.tr\\\/en\\\/aesthetic-dentistry\\\/\"},{\"@type\":\"ListItem\",\"position\":3,\"name\":\"Diamond Teeth\"}]},{\"@type\":\"WebSite\",\"@id\":\"https:\\\/\\\/megadentist.com.tr\\\/en\\\/#website\",\"url\":\"https:\\\/\\\/megadentist.com.tr\\\/en\\\/\",\"name\":\"Megadentist\",\"description\":\"\",\"potentialAction\":[{\"@type\":\"SearchAction\",\"target\":{\"@type\":\"EntryPoint\",\"urlTemplate\":\"https:\\\/\\\/megadentist.com.tr\\\/en\\\/?s={search_term_string}\"},\"query-input\":{\"@type\":\"PropertyValueSpecification\",\"valueRequired\":true,\"valueName\":\"search_term_string\"}}],\"inLanguage\":\"en-US\"}]}<\/script>\n<!-- \/ Yoast SEO plugin. -->","yoast_head_json":{"title":"Diamond Teeth in Turkey | Megadentist","description":"For more detailed information about Tooth Diamond, visit megadentist.com.tr now. Click now to get information!","robots":{"index":"index","follow":"follow","max-snippet":"max-snippet:-1","max-image-preview":"max-image-preview:large","max-video-preview":"max-video-preview:-1"},"canonical":"https:\/\/megadentist.com.tr\/en\/aesthetic-dentistry\/tooth-diamond\/","og_locale":"en_US","og_type":"article","og_title":"Diamond Teeth in Turkey | Megadentist","og_description":"For more detailed information about Tooth Diamond, visit megadentist.com.tr now. Click now to get information!","og_url":"https:\/\/megadentist.com.tr\/en\/aesthetic-dentistry\/tooth-diamond\/","og_site_name":"Megadentist","article_modified_time":"2024-07-05T08:59:37+00:00","og_image":[{"width":1200,"height":800,"url":"https:\/\/megadentist.com.tr\/en\/wp-content\/uploads\/2022\/11\/dis-pirlantasi.jpg","type":"image\/jpeg"}],"twitter_card":"summary_large_image","twitter_misc":{"Est. reading time":"2 minutes"},"schema":{"@context":"https:\/\/schema.org","@graph":[{"@type":"WebPage","@id":"https:\/\/megadentist.com.tr\/en\/aesthetic-dentistry\/tooth-diamond\/","url":"https:\/\/megadentist.com.tr\/en\/aesthetic-dentistry\/tooth-diamond\/","name":"Diamond Teeth in Turkey | Megadentist","isPartOf":{"@id":"https:\/\/megadentist.com.tr\/en\/#website"},"primaryImageOfPage":{"@id":"https:\/\/megadentist.com.tr\/en\/aesthetic-dentistry\/tooth-diamond\/#primaryimage"},"image":{"@id":"https:\/\/megadentist.com.tr\/en\/aesthetic-dentistry\/tooth-diamond\/#primaryimage"},"thumbnailUrl":"https:\/\/megadentist.com.tr\/en\/wp-content\/uploads\/2022\/11\/dis-pirlantasi.jpg","datePublished":"2022-10-27T14:44:00+00:00","dateModified":"2024-07-05T08:59:37+00:00","description":"For more detailed information about Tooth Diamond, visit megadentist.com.tr now. Click now to get information!","breadcrumb":{"@id":"https:\/\/megadentist.com.tr\/en\/aesthetic-dentistry\/tooth-diamond\/#breadcrumb"},"inLanguage":"en-US","potentialAction":[{"@type":"ReadAction","target":["https:\/\/megadentist.com.tr\/en\/aesthetic-dentistry\/tooth-diamond\/"]}]},{"@type":"ImageObject","inLanguage":"en-US","@id":"https:\/\/megadentist.com.tr\/en\/aesthetic-dentistry\/tooth-diamond\/#primaryimage","url":"https:\/\/megadentist.com.tr\/en\/wp-content\/uploads\/2022\/11\/dis-pirlantasi.jpg","contentUrl":"https:\/\/megadentist.com.tr\/en\/wp-content\/uploads\/2022\/11\/dis-pirlantasi.jpg","width":1200,"height":800,"caption":"Di\u015f P\u0131rlantas\u0131"},{"@type":"BreadcrumbList","@id":"https:\/\/megadentist.com.tr\/en\/aesthetic-dentistry\/tooth-diamond\/#breadcrumb","itemListElement":[{"@type":"ListItem","position":1,"name":"Anasayfa","item":"https:\/\/megadentist.com.tr\/en\/"},{"@type":"ListItem","position":2,"name":"Aesthetic Dentistry","item":"https:\/\/megadentist.com.tr\/en\/aesthetic-dentistry\/"},{"@type":"ListItem","position":3,"name":"Diamond Teeth"}]},{"@type":"WebSite","@id":"https:\/\/megadentist.com.tr\/en\/#website","url":"https:\/\/megadentist.com.tr\/en\/","name":"Megadentist","description":"","potentialAction":[{"@type":"SearchAction","target":{"@type":"EntryPoint","urlTemplate":"https:\/\/megadentist.com.tr\/en\/?s={search_term_string}"},"query-input":{"@type":"PropertyValueSpecification","valueRequired":true,"valueName":"search_term_string"}}],"inLanguage":"en-US"}]}},"_links":{"self":[{"href":"https:\/\/megadentist.com.tr\/en\/wp-json\/wp\/v2\/pages\/8034","targetHints":{"allow":["GET"]}}],"collection":[{"href":"https:\/\/megadentist.com.tr\/en\/wp-json\/wp\/v2\/pages"}],"about":[{"href":"https:\/\/megadentist.com.tr\/en\/wp-json\/wp\/v2\/types\/page"}],"author":[{"embeddable":true,"href":"https:\/\/megadentist.com.tr\/en\/wp-json\/wp\/v2\/users\/1"}],"replies":[{"embeddable":true,"href":"https:\/\/megadentist.com.tr\/en\/wp-json\/wp\/v2\/comments?post=8034"}],"version-history":[{"count":14,"href":"https:\/\/megadentist.com.tr\/en\/wp-json\/wp\/v2\/pages\/8034\/revisions"}],"predecessor-version":[{"id":15829,"href":"https:\/\/megadentist.com.tr\/en\/wp-json\/wp\/v2\/pages\/8034\/revisions\/15829"}],"up":[{"embeddable":true,"href":"https:\/\/megadentist.com.tr\/en\/wp-json\/wp\/v2\/pages\/8002"}],"wp:featuredmedia":[{"embeddable":true,"href":"https:\/\/megadentist.com.tr\/en\/wp-json\/wp\/v2\/media\/10836"}],"wp:attachment":[{"href":"https:\/\/megadentist.com.tr\/en\/wp-json\/wp\/v2\/media?parent=8034"}],"wp:term":[{"taxonomy":"sayfa-ve-kategori-eslestirmesi","embeddable":true,"href":"https:\/\/megadentist.com.tr\/en\/wp-json\/wp\/v2\/sayfa-ve-kategori-eslestirmesi?post=8034"}],"curies":[{"name":"wp","href":"https:\/\/api.w.org\/{rel}","templated":true}]}}