{"id":8016,"date":"2022-10-27T17:41:16","date_gmt":"2022-10-27T14:41:16","guid":{"rendered":"https:\/\/megadentist.com.tr\/?page_id=8016"},"modified":"2024-07-05T11:59:36","modified_gmt":"2024-07-05T08:59:36","slug":"smile-design","status":"publish","type":"page","link":"https:\/\/megadentist.com.tr\/en\/aesthetic-dentistry\/smile-design\/","title":{"rendered":"Smile Design"},"content":{"rendered":"<section class=\"l-section wpb_row height_custom\"><div class=\"l-section-h i-cf\"><div class=\"g-cols vc_row via_grid cols_1 laptops-cols_inherit tablets-cols_inherit mobiles-cols_1 valign_top type_default stacking_default\"><div class=\"wpb_column vc_column_container\"><div class=\"vc_column-inner\"><div class=\"wpb_text_column\"><div class=\"wpb_wrapper\"><h2><b>Aesthetic Smile Design<\/b><\/h2>\n<p><b>Every healthy smile is special<\/b><\/p>\n<p><span style=\"font-weight: 400;\">Aesthetic smile design is a comprehensive dental treatment approach aimed at making patients&#8217; smiles more attractive, healthy, and balanced. This treatment considers various aesthetic elements such as the color, size, shape, and alignment of the teeth to create a smile that meets the patients&#8217; individual aesthetic goals.<\/span><\/p>\n<p><span style=\"font-weight: 400;\">Aesthetic smile design typically includes a combination of teeth whitening, veneers, aesthetic fillings, dental implants, orthodontic treatments, and other cosmetic dental procedures. Our expert dentists create personalized treatment plans by considering the patient&#8217;s facial structure, dental health, and aesthetic preferences.<\/span><\/p>\n<p><span style=\"font-weight: 400;\">The treatment process usually involves several stages and may require a series of visits to improve the patient&#8217;s smile. However, the results boost patients&#8217; confidence and provide them with a healthy and attractive smile.<\/span><\/p>\n<p><span style=\"font-weight: 400;\">Our goal is to meet the aesthetic expectations of our patients and help them express themselves in the best way possible with a healthy smile. For more information or to schedule an appointment, please contact us.<\/span><\/p>\n<p><span style=\"font-weight: 400;\">At Megadentist, we analyze every aspect of the patient and design the most suitable smile. We determine a roadmap based on the patient&#8217;s needs and requests, ensuring they achieve straight, healthy, and aesthetic teeth.<\/span><\/p>\n<h2><b>Why Is Smile Design Important?<\/b><\/h2>\n<p><span style=\"font-weight: 400;\">Beautiful and healthy teeth are crucial for both health and social life. While crooked, decayed, or broken teeth create a poor appearance, having bright white, well-aligned, and healthy-looking teeth boosts confidence and brings happiness.<\/span><\/p>\n<h2><b>What Procedures Are Involved in Smile Design?<\/b><\/h2>\n<p><span style=\"font-weight: 400;\">In smile design, it is essential to accurately identify the patient&#8217;s needs and create the most suitable treatment plan. The initial stage involves determining the current state of your oral and dental health and completing the necessary procedures for dental health. Once dental health is established, the aesthetic structure of your smile is determined. The design plan is made based on personal preferences and aesthetic requirements.<\/span><\/p>\n<\/div><\/div><\/div><\/div><\/div><\/div><\/section>\n","protected":false},"excerpt":{"rendered":"Aesthetic Smile Design Every healthy smile is special Aesthetic smile design is a comprehensive dental treatment approach aimed at making patients&#8217; smiles more attractive, healthy, and balanced. This treatment considers various aesthetic elements such as the color, size, shape, and alignment of the teeth to create a smile that meets the patients&#8217; individual aesthetic goals....","protected":false},"author":1,"featured_media":10818,"parent":8002,"menu_order":0,"comment_status":"closed","ping_status":"closed","template":"","meta":{"_acf_changed":false,"footnotes":""},"sayfa-ve-kategori-eslestirmesi":[61],"class_list":["post-8016","page","type-page","status-publish","has-post-thumbnail","hentry","sayfa-ve-kategori-eslestirmesi-aesthetic-dentistry"],"acf":[],"yoast_head":"<!-- This site is optimized with the Yoast SEO plugin v27.2 - https:\/\/yoast.com\/product\/yoast-seo-wordpress\/ -->\n<title>Smile Design in Turkey | Megadentist<\/title>\n<meta name=\"description\" content=\"For more detailed information about Smile Design, visit megadentist.com.tr now. Click now to get information!\" \/>\n<meta name=\"robots\" content=\"index, follow, max-snippet:-1, max-image-preview:large, max-video-preview:-1\" \/>\n<link rel=\"canonical\" href=\"https:\/\/megadentist.com.tr\/en\/aesthetic-dentistry\/smile-design\/\" \/>\n<meta property=\"og:locale\" content=\"en_US\" \/>\n<meta property=\"og:type\" content=\"article\" \/>\n<meta property=\"og:title\" content=\"Smile Design in Turkey | Megadentist\" \/>\n<meta property=\"og:description\" content=\"For more detailed information about Smile Design, visit megadentist.com.tr now. Click now to get information!\" \/>\n<meta property=\"og:url\" content=\"https:\/\/megadentist.com.tr\/en\/aesthetic-dentistry\/smile-design\/\" \/>\n<meta property=\"og:site_name\" content=\"Megadentist\" \/>\n<meta property=\"article:modified_time\" content=\"2024-07-05T08:59:36+00:00\" \/>\n<meta property=\"og:image\" content=\"https:\/\/megadentist.com.tr\/en\/wp-content\/uploads\/2022\/11\/gulus-tasarimi.jpg\" \/>\n\t<meta property=\"og:image:width\" content=\"946\" \/>\n\t<meta property=\"og:image:height\" content=\"729\" \/>\n\t<meta property=\"og:image:type\" content=\"image\/jpeg\" \/>\n<meta name=\"twitter:card\" content=\"summary_large_image\" \/>\n<meta name=\"twitter:label1\" content=\"Est. reading time\" \/>\n\t<meta name=\"twitter:data1\" content=\"3 minutes\" \/>\n<script type=\"application\/ld+json\" class=\"yoast-schema-graph\">{\"@context\":\"https:\/\/schema.org\",\"@graph\":[{\"@type\":\"WebPage\",\"@id\":\"https:\/\/megadentist.com.tr\/en\/aesthetic-dentistry\/smile-design\/\",\"url\":\"https:\/\/megadentist.com.tr\/en\/aesthetic-dentistry\/smile-design\/\",\"name\":\"Smile Design in Turkey | Megadentist\",\"isPartOf\":{\"@id\":\"https:\/\/megadentist.com.tr\/en\/#website\"},\"primaryImageOfPage\":{\"@id\":\"https:\/\/megadentist.com.tr\/en\/aesthetic-dentistry\/smile-design\/#primaryimage\"},\"image\":{\"@id\":\"https:\/\/megadentist.com.tr\/en\/aesthetic-dentistry\/smile-design\/#primaryimage\"},\"thumbnailUrl\":\"https:\/\/megadentist.com.tr\/en\/wp-content\/uploads\/2022\/11\/gulus-tasarimi.jpg\",\"datePublished\":\"2022-10-27T14:41:16+00:00\",\"dateModified\":\"2024-07-05T08:59:36+00:00\",\"description\":\"For more detailed information about Smile Design, visit megadentist.com.tr now. Click now to get information!\",\"breadcrumb\":{\"@id\":\"https:\/\/megadentist.com.tr\/en\/aesthetic-dentistry\/smile-design\/#breadcrumb\"},\"inLanguage\":\"en-US\",\"potentialAction\":[{\"@type\":\"ReadAction\",\"target\":[\"https:\/\/megadentist.com.tr\/en\/aesthetic-dentistry\/smile-design\/\"]}]},{\"@type\":\"ImageObject\",\"inLanguage\":\"en-US\",\"@id\":\"https:\/\/megadentist.com.tr\/en\/aesthetic-dentistry\/smile-design\/#primaryimage\",\"url\":\"https:\/\/megadentist.com.tr\/en\/wp-content\/uploads\/2022\/11\/gulus-tasarimi.jpg\",\"contentUrl\":\"https:\/\/megadentist.com.tr\/en\/wp-content\/uploads\/2022\/11\/gulus-tasarimi.jpg\",\"width\":946,\"height\":729,\"caption\":\"G\u00fcl\u00fc\u015f Tasar\u0131m\u0131\"},{\"@type\":\"BreadcrumbList\",\"@id\":\"https:\/\/megadentist.com.tr\/en\/aesthetic-dentistry\/smile-design\/#breadcrumb\",\"itemListElement\":[{\"@type\":\"ListItem\",\"position\":1,\"name\":\"Anasayfa\",\"item\":\"https:\/\/megadentist.com.tr\/en\/\"},{\"@type\":\"ListItem\",\"position\":2,\"name\":\"Aesthetic Dentistry\",\"item\":\"https:\/\/megadentist.com.tr\/en\/aesthetic-dentistry\/\"},{\"@type\":\"ListItem\",\"position\":3,\"name\":\"Smile Design\"}]},{\"@type\":\"WebSite\",\"@id\":\"https:\/\/megadentist.com.tr\/en\/#website\",\"url\":\"https:\/\/megadentist.com.tr\/en\/\",\"name\":\"Megadentist\",\"description\":\"\",\"potentialAction\":[{\"@type\":\"SearchAction\",\"target\":{\"@type\":\"EntryPoint\",\"urlTemplate\":\"https:\/\/megadentist.com.tr\/en\/?s={search_term_string}\"},\"query-input\":{\"@type\":\"PropertyValueSpecification\",\"valueRequired\":true,\"valueName\":\"search_term_string\"}}],\"inLanguage\":\"en-US\"}]}<\/script>\n<!-- \/ Yoast SEO plugin. -->","yoast_head_json":{"title":"Smile Design in Turkey | Megadentist","description":"For more detailed information about Smile Design, visit megadentist.com.tr now. Click now to get information!","robots":{"index":"index","follow":"follow","max-snippet":"max-snippet:-1","max-image-preview":"max-image-preview:large","max-video-preview":"max-video-preview:-1"},"canonical":"https:\/\/megadentist.com.tr\/en\/aesthetic-dentistry\/smile-design\/","og_locale":"en_US","og_type":"article","og_title":"Smile Design in Turkey | Megadentist","og_description":"For more detailed information about Smile Design, visit megadentist.com.tr now. Click now to get information!","og_url":"https:\/\/megadentist.com.tr\/en\/aesthetic-dentistry\/smile-design\/","og_site_name":"Megadentist","article_modified_time":"2024-07-05T08:59:36+00:00","og_image":[{"width":946,"height":729,"url":"https:\/\/megadentist.com.tr\/en\/wp-content\/uploads\/2022\/11\/gulus-tasarimi.jpg","type":"image\/jpeg"}],"twitter_card":"summary_large_image","twitter_misc":{"Est. reading time":"3 minutes"},"schema":{"@context":"https:\/\/schema.org","@graph":[{"@type":"WebPage","@id":"https:\/\/megadentist.com.tr\/en\/aesthetic-dentistry\/smile-design\/","url":"https:\/\/megadentist.com.tr\/en\/aesthetic-dentistry\/smile-design\/","name":"Smile Design in Turkey | Megadentist","isPartOf":{"@id":"https:\/\/megadentist.com.tr\/en\/#website"},"primaryImageOfPage":{"@id":"https:\/\/megadentist.com.tr\/en\/aesthetic-dentistry\/smile-design\/#primaryimage"},"image":{"@id":"https:\/\/megadentist.com.tr\/en\/aesthetic-dentistry\/smile-design\/#primaryimage"},"thumbnailUrl":"https:\/\/megadentist.com.tr\/en\/wp-content\/uploads\/2022\/11\/gulus-tasarimi.jpg","datePublished":"2022-10-27T14:41:16+00:00","dateModified":"2024-07-05T08:59:36+00:00","description":"For more detailed information about Smile Design, visit megadentist.com.tr now. Click now to get information!","breadcrumb":{"@id":"https:\/\/megadentist.com.tr\/en\/aesthetic-dentistry\/smile-design\/#breadcrumb"},"inLanguage":"en-US","potentialAction":[{"@type":"ReadAction","target":["https:\/\/megadentist.com.tr\/en\/aesthetic-dentistry\/smile-design\/"]}]},{"@type":"ImageObject","inLanguage":"en-US","@id":"https:\/\/megadentist.com.tr\/en\/aesthetic-dentistry\/smile-design\/#primaryimage","url":"https:\/\/megadentist.com.tr\/en\/wp-content\/uploads\/2022\/11\/gulus-tasarimi.jpg","contentUrl":"https:\/\/megadentist.com.tr\/en\/wp-content\/uploads\/2022\/11\/gulus-tasarimi.jpg","width":946,"height":729,"caption":"G\u00fcl\u00fc\u015f Tasar\u0131m\u0131"},{"@type":"BreadcrumbList","@id":"https:\/\/megadentist.com.tr\/en\/aesthetic-dentistry\/smile-design\/#breadcrumb","itemListElement":[{"@type":"ListItem","position":1,"name":"Anasayfa","item":"https:\/\/megadentist.com.tr\/en\/"},{"@type":"ListItem","position":2,"name":"Aesthetic Dentistry","item":"https:\/\/megadentist.com.tr\/en\/aesthetic-dentistry\/"},{"@type":"ListItem","position":3,"name":"Smile Design"}]},{"@type":"WebSite","@id":"https:\/\/megadentist.com.tr\/en\/#website","url":"https:\/\/megadentist.com.tr\/en\/","name":"Megadentist","description":"","potentialAction":[{"@type":"SearchAction","target":{"@type":"EntryPoint","urlTemplate":"https:\/\/megadentist.com.tr\/en\/?s={search_term_string}"},"query-input":{"@type":"PropertyValueSpecification","valueRequired":true,"valueName":"search_term_string"}}],"inLanguage":"en-US"}]}},"_links":{"self":[{"href":"https:\/\/megadentist.com.tr\/en\/wp-json\/wp\/v2\/pages\/8016","targetHints":{"allow":["GET"]}}],"collection":[{"href":"https:\/\/megadentist.com.tr\/en\/wp-json\/wp\/v2\/pages"}],"about":[{"href":"https:\/\/megadentist.com.tr\/en\/wp-json\/wp\/v2\/types\/page"}],"author":[{"embeddable":true,"href":"https:\/\/megadentist.com.tr\/en\/wp-json\/wp\/v2\/users\/1"}],"replies":[{"embeddable":true,"href":"https:\/\/megadentist.com.tr\/en\/wp-json\/wp\/v2\/comments?post=8016"}],"version-history":[{"count":7,"href":"https:\/\/megadentist.com.tr\/en\/wp-json\/wp\/v2\/pages\/8016\/revisions"}],"predecessor-version":[{"id":15837,"href":"https:\/\/megadentist.com.tr\/en\/wp-json\/wp\/v2\/pages\/8016\/revisions\/15837"}],"up":[{"embeddable":true,"href":"https:\/\/megadentist.com.tr\/en\/wp-json\/wp\/v2\/pages\/8002"}],"wp:featuredmedia":[{"embeddable":true,"href":"https:\/\/megadentist.com.tr\/en\/wp-json\/wp\/v2\/media\/10818"}],"wp:attachment":[{"href":"https:\/\/megadentist.com.tr\/en\/wp-json\/wp\/v2\/media?parent=8016"}],"wp:term":[{"taxonomy":"sayfa-ve-kategori-eslestirmesi","embeddable":true,"href":"https:\/\/megadentist.com.tr\/en\/wp-json\/wp\/v2\/sayfa-ve-kategori-eslestirmesi?post=8016"}],"curies":[{"name":"wp","href":"https:\/\/api.w.org\/{rel}","templated":true}]}}