{"id":15213,"date":"2024-06-28T11:09:49","date_gmt":"2024-06-28T08:09:49","guid":{"rendered":"https:\/\/megadentist.com.tr\/en\/?page_id=15213"},"modified":"2024-07-05T14:13:19","modified_gmt":"2024-07-05T11:13:19","slug":"kvkk-approval-text","status":"publish","type":"page","link":"https:\/\/megadentist.com.tr\/en\/kvkk-approval-text\/","title":{"rendered":"KVKK Approval Text"},"content":{"rendered":"<section class=\"l-section wpb_row height_custom\"><div class=\"l-section-h i-cf\"><div class=\"g-cols vc_row via_grid cols_1 laptops-cols_inherit tablets-cols_inherit mobiles-cols_1 valign_top type_default stacking_default\"><div class=\"wpb_column vc_column_container\"><div class=\"vc_column-inner\"><div class=\"wpb_text_column\"><div class=\"wpb_wrapper\"><h2><strong>Explicit Consent Form for Processing Personal Data<\/strong><\/h2>\n<p>In accordance with the \u201cPersonal Data Protection Law\u201d No. 6698, I have been informed within the company regarding the relevant legal regulations and the rights I possess within this framework. I have read and reviewed the clarification text provided to me. Under the relevant laws, I consent to the processing of my necessary personal data, special category personal data, and health data, which I have provided verbally, in writing, and\/or electronically, including those identifying or helping to identify me, by \u201cEMAN SA\u011eLIK H\u0130ZMETLER\u0130 MED\u0130KAL T\u0130C. LTD. \u015eT\u0130.\u201d for the purpose of delivering the required service and planning these services as per the work performed, and sharing with other persons and organizations where such sharing is required under relevant legislation. I consent to the processing of my personal data, special category personal data, and health data within the scope defined in the \u201cPersonal Data Protection Law\u201d No. 6698, as detailed below.<\/p>\n<p>Personal data that clearly pertains to an identified or identifiable real person, processed partially or fully automatically, or non-automatically as part of a data recording system, including:<\/p>\n<ul>\n<li>Identity information such as name-surname, T.C. identification number, nationality information, mother\u2019s name-father\u2019s name, place of birth, date of birth, gender, including documents like driver\u2019s license, ID card, and passport; Judicial Records, Diploma Copies, Disability Certificate if needed, Military Service Status Certificate, Health Report, Blood Group Card, Biometric Data, Marriage Certificate if applicable, Tax Number, Social Security Number, Credit Card Information, Bank Account Information, Signature Information, Vehicle Plate, Names and Surnames of Spouse and Children, T.C. Identification Numbers, contact information of a relative to be reached in emergencies including name, surname, and phone number.<\/li>\n<li>Contact information such as phone number, address, email address, fax number, IP address.<\/li>\n<li>Marketing data including shopping history, surveys, cookie records, and information obtained through campaign activities.<\/li>\n<li>Data obtained through record-keeping for security and workflow purposes, such as card or cardless entry system records, camera recordings, records taken at security points, vehicle tracking system records if a company vehicle is used, and access logs related to internal computer usage.<\/li>\n<li>Personal data related to any requests or complaints directed to \u201cEMAN SA\u011eLIK H\u0130ZMETLER\u0130 MED\u0130KAL T\u0130C. LTD. \u015eT\u0130.\u201d<\/li>\n<\/ul>\n<p>I have read the Clarification Text about the Protection and Processing of Personal Data provided by \u201cEMAN SA\u011eLIK H\u0130ZMETLER\u0130 MED\u0130KAL T\u0130C. LTD. \u015eT\u0130.\u201d on their website, in printed &amp; electronic form, or sent via SMS to the communication number I declared as my contact number. I accept, with my free will and the approval code I have verbally stated, the recording, storing, preservation, reorganization of my personal data, and sharing with institutions legally authorized to request such personal data as described above.<\/p>\n<p>Name-Surname<\/p>\n<p>Signature<\/p>\n<\/div><\/div><\/div><\/div><\/div><\/div><\/section>\n","protected":false},"excerpt":{"rendered":"Explicit Consent Form for Processing Personal Data In accordance with the \u201cPersonal Data Protection Law\u201d No. 6698, I have been informed within the company regarding the relevant legal regulations and the rights I possess within this framework. I have read and reviewed the clarification text provided to me. Under the relevant laws, I consent to...","protected":false},"author":1,"featured_media":0,"parent":0,"menu_order":0,"comment_status":"closed","ping_status":"closed","template":"","meta":{"_acf_changed":false,"footnotes":""},"sayfa-ve-kategori-eslestirmesi":[],"class_list":["post-15213","page","type-page","status-publish","hentry"],"acf":[],"yoast_head":"<!-- This site is optimized with the Yoast SEO plugin v27.5 - https:\/\/yoast.com\/product\/yoast-seo-wordpress\/ -->\n<title>KVKK Approval Text | Megadentist<\/title>\n<meta name=\"robots\" content=\"index, follow, max-snippet:-1, max-image-preview:large, max-video-preview:-1\" \/>\n<link rel=\"canonical\" href=\"https:\/\/megadentist.com.tr\/en\/kvkk-approval-text\/\" \/>\n<meta property=\"og:locale\" content=\"en_US\" \/>\n<meta property=\"og:type\" content=\"article\" \/>\n<meta property=\"og:title\" content=\"KVKK Approval Text | Megadentist\" \/>\n<meta property=\"og:url\" content=\"https:\/\/megadentist.com.tr\/en\/kvkk-approval-text\/\" \/>\n<meta property=\"og:site_name\" content=\"Megadentist\" \/>\n<meta property=\"article:modified_time\" content=\"2024-07-05T11:13:19+00:00\" \/>\n<meta name=\"twitter:card\" content=\"summary_large_image\" \/>\n<meta name=\"twitter:label1\" content=\"Est. reading time\" \/>\n\t<meta name=\"twitter:data1\" content=\"3 minutes\" \/>\n<script type=\"application\/ld+json\" class=\"yoast-schema-graph\">{\"@context\":\"https:\\\/\\\/schema.org\",\"@graph\":[{\"@type\":\"WebPage\",\"@id\":\"https:\\\/\\\/megadentist.com.tr\\\/en\\\/kvkk-approval-text\\\/\",\"url\":\"https:\\\/\\\/megadentist.com.tr\\\/en\\\/kvkk-approval-text\\\/\",\"name\":\"KVKK Approval Text | Megadentist\",\"isPartOf\":{\"@id\":\"https:\\\/\\\/megadentist.com.tr\\\/en\\\/#website\"},\"datePublished\":\"2024-06-28T08:09:49+00:00\",\"dateModified\":\"2024-07-05T11:13:19+00:00\",\"breadcrumb\":{\"@id\":\"https:\\\/\\\/megadentist.com.tr\\\/en\\\/kvkk-approval-text\\\/#breadcrumb\"},\"inLanguage\":\"en-US\",\"potentialAction\":[{\"@type\":\"ReadAction\",\"target\":[\"https:\\\/\\\/megadentist.com.tr\\\/en\\\/kvkk-approval-text\\\/\"]}]},{\"@type\":\"BreadcrumbList\",\"@id\":\"https:\\\/\\\/megadentist.com.tr\\\/en\\\/kvkk-approval-text\\\/#breadcrumb\",\"itemListElement\":[{\"@type\":\"ListItem\",\"position\":1,\"name\":\"Anasayfa\",\"item\":\"https:\\\/\\\/megadentist.com.tr\\\/en\\\/\"},{\"@type\":\"ListItem\",\"position\":2,\"name\":\"KVKK Approval Text\"}]},{\"@type\":\"WebSite\",\"@id\":\"https:\\\/\\\/megadentist.com.tr\\\/en\\\/#website\",\"url\":\"https:\\\/\\\/megadentist.com.tr\\\/en\\\/\",\"name\":\"Megadentist\",\"description\":\"\",\"potentialAction\":[{\"@type\":\"SearchAction\",\"target\":{\"@type\":\"EntryPoint\",\"urlTemplate\":\"https:\\\/\\\/megadentist.com.tr\\\/en\\\/?s={search_term_string}\"},\"query-input\":{\"@type\":\"PropertyValueSpecification\",\"valueRequired\":true,\"valueName\":\"search_term_string\"}}],\"inLanguage\":\"en-US\"}]}<\/script>\n<!-- \/ Yoast SEO plugin. -->","yoast_head_json":{"title":"KVKK Approval Text | Megadentist","robots":{"index":"index","follow":"follow","max-snippet":"max-snippet:-1","max-image-preview":"max-image-preview:large","max-video-preview":"max-video-preview:-1"},"canonical":"https:\/\/megadentist.com.tr\/en\/kvkk-approval-text\/","og_locale":"en_US","og_type":"article","og_title":"KVKK Approval Text | Megadentist","og_url":"https:\/\/megadentist.com.tr\/en\/kvkk-approval-text\/","og_site_name":"Megadentist","article_modified_time":"2024-07-05T11:13:19+00:00","twitter_card":"summary_large_image","twitter_misc":{"Est. reading time":"3 minutes"},"schema":{"@context":"https:\/\/schema.org","@graph":[{"@type":"WebPage","@id":"https:\/\/megadentist.com.tr\/en\/kvkk-approval-text\/","url":"https:\/\/megadentist.com.tr\/en\/kvkk-approval-text\/","name":"KVKK Approval Text | Megadentist","isPartOf":{"@id":"https:\/\/megadentist.com.tr\/en\/#website"},"datePublished":"2024-06-28T08:09:49+00:00","dateModified":"2024-07-05T11:13:19+00:00","breadcrumb":{"@id":"https:\/\/megadentist.com.tr\/en\/kvkk-approval-text\/#breadcrumb"},"inLanguage":"en-US","potentialAction":[{"@type":"ReadAction","target":["https:\/\/megadentist.com.tr\/en\/kvkk-approval-text\/"]}]},{"@type":"BreadcrumbList","@id":"https:\/\/megadentist.com.tr\/en\/kvkk-approval-text\/#breadcrumb","itemListElement":[{"@type":"ListItem","position":1,"name":"Anasayfa","item":"https:\/\/megadentist.com.tr\/en\/"},{"@type":"ListItem","position":2,"name":"KVKK Approval Text"}]},{"@type":"WebSite","@id":"https:\/\/megadentist.com.tr\/en\/#website","url":"https:\/\/megadentist.com.tr\/en\/","name":"Megadentist","description":"","potentialAction":[{"@type":"SearchAction","target":{"@type":"EntryPoint","urlTemplate":"https:\/\/megadentist.com.tr\/en\/?s={search_term_string}"},"query-input":{"@type":"PropertyValueSpecification","valueRequired":true,"valueName":"search_term_string"}}],"inLanguage":"en-US"}]}},"_links":{"self":[{"href":"https:\/\/megadentist.com.tr\/en\/wp-json\/wp\/v2\/pages\/15213","targetHints":{"allow":["GET"]}}],"collection":[{"href":"https:\/\/megadentist.com.tr\/en\/wp-json\/wp\/v2\/pages"}],"about":[{"href":"https:\/\/megadentist.com.tr\/en\/wp-json\/wp\/v2\/types\/page"}],"author":[{"embeddable":true,"href":"https:\/\/megadentist.com.tr\/en\/wp-json\/wp\/v2\/users\/1"}],"replies":[{"embeddable":true,"href":"https:\/\/megadentist.com.tr\/en\/wp-json\/wp\/v2\/comments?post=15213"}],"version-history":[{"count":3,"href":"https:\/\/megadentist.com.tr\/en\/wp-json\/wp\/v2\/pages\/15213\/revisions"}],"predecessor-version":[{"id":16026,"href":"https:\/\/megadentist.com.tr\/en\/wp-json\/wp\/v2\/pages\/15213\/revisions\/16026"}],"wp:attachment":[{"href":"https:\/\/megadentist.com.tr\/en\/wp-json\/wp\/v2\/media?parent=15213"}],"wp:term":[{"taxonomy":"sayfa-ve-kategori-eslestirmesi","embeddable":true,"href":"https:\/\/megadentist.com.tr\/en\/wp-json\/wp\/v2\/sayfa-ve-kategori-eslestirmesi?post=15213"}],"curies":[{"name":"wp","href":"https:\/\/api.w.org\/{rel}","templated":true}]}}