{"id":8072,"date":"2022-10-27T18:00:12","date_gmt":"2022-10-27T15:00:12","guid":{"rendered":"https:\/\/megadentist.com.tr\/?page_id=8072"},"modified":"2024-08-28T14:49:32","modified_gmt":"2024-08-28T11:49:32","slug":"unsichtbare-zahnspangen","status":"publish","type":"page","link":"https:\/\/megadentist.com.tr\/de\/kieferorthopadische-zahnbehandlungen\/unsichtbare-zahnspangen\/","title":{"rendered":"Unsichtbare Zahnspangen"},"content":{"rendered":"<section class=\"l-section wpb_row height_custom\"><div class=\"l-section-h i-cf\"><div class=\"g-cols vc_row via_grid cols_1 laptops-cols_inherit tablets-cols_inherit mobiles-cols_1 valign_top type_default stacking_default\"><div class=\"wpb_column vc_column_container\"><div class=\"vc_column-inner\"><div class=\"wpb_text_column\"><div class=\"wpb_wrapper\"><h2><strong>Behandlung mit unsichtbaren Zahnspangen <\/strong><\/h2>\n<p><strong>\u00c4sthetisches L\u00e4cheln mit gesunden Z\u00e4hnen. <\/strong><\/p>\n<p>Die Behandlung mit unsichtbaren Zahnspangen ist eine kieferorthop\u00e4dische Behandlungsmethode, die zur Korrektur und Ausrichtung der Z\u00e4hne eingesetzt wird. Diese Behandlung wird mit einem d\u00fcnnen Draht durchgef\u00fchrt, der hinter den Z\u00e4hnen anstelle der \u00fcblichen Metall- oder durchsichtigen Klammern angebracht wird. Diese Dr\u00e4hte sorgen daf\u00fcr, dass die Z\u00e4hne in der richtigen Position bleiben, verhindern unerw\u00fcnschte Verschiebungen und tragen zu einem geraden L\u00e4cheln bei.<\/p>\n<p>Die Behandlung mit einer unsichtbaren Zahnspange beginnt mit dem Scannen der Z\u00e4hne des Patienten und der Erstellung eines digitalen Modells. Anhand dieses digitalen Modells wird dann ein spezieller Draht zur Begradigung der Z\u00e4hne des Patienten hergestellt. Dieser Draht wird hinter den Z\u00e4hnen angebracht und ist von au\u00dfen unsichtbar.<\/p>\n<p>Der Behandlungsprozess dauert in der Regel einige Monate bis mehrere Jahre, kann aber von Patient zu Patient unterschiedlich sein. Die Behandlung mit unsichtbaren Zahnspangen kann aus \u00e4sthetischer Sicht vorteilhaft sein, da sie nicht so auff\u00e4llig sichtbar ist wie eine andere Zahnspange und auch nicht so unangenehm sein kann wie eine andere Zahnspange. Au\u00dferdem bietet die Platzierung des Drahtes hinter den Z\u00e4hnen ein komfortableres Erlebnis w\u00e4hrend des gesamten Behandlungsprozesses.<\/p>\n<p>Unser Ziel ist es, die Zahnfehlstellungen unserer Patienten zu korrigieren und ihnen zu einem gesunden L\u00e4cheln zu verhelfen, wobei wir die Behandlung so angenehm und unauff\u00e4llig wie m\u00f6glich gestalten. Kontaktieren Sie uns f\u00fcr weitere Ausk\u00fcnfte oder einen Termin.<\/p>\n<h2><strong>Was versteht man unter der Behandlung mit unsichtbaren Zahnstangen?\u00a0<\/strong><\/h2>\n<p>\u00c4sthetische Bedenken veranlassen die Menschen dazu, verschiedene Entscheidungen zur Mundgesundheit zu treffen. Kieferorthop\u00e4dische Behandlungen sind notwendig, um St\u00f6rungen der Zahn- und Kieferstruktur zu beseitigen. Sichtbare Zahnspangen werden jedoch von vielen Menschen mit \u00e4sthetischen Bedenken nicht bevorzugt. Stattdessen wird eine Behandlung mit unsichtbaren Zahnspangen aus einer Goldlegierung bevorzugt, die speziell entwickelt und an der Innenseite der Z\u00e4hne befestigt werden.<\/p>\n<p>Diese Behandlungsmethode, auch <strong>Lingualtechnik<\/strong> genannt, wird vor allem in den letzten Jahren von vielen Menschen mit \u00e4sthetischen Bedenken bevorzugt. Die Behandlung mit unsichtbaren Zahnspangen ist eine kieferorthop\u00e4dische Behandlungsmethode, die speziell f\u00fcr Menschen mit St\u00f6rungen der Zahn- und Kieferstruktur angewandt wird, die jedoch \u00e4sthetische Bedenken haben, weil die Zahnspange hinter den Z\u00e4hnen angebracht wird. Mit dieser Methode, die als Behandlung mit unsichtbaren Zahnspangen bezeichnet wird, k\u00f6nnen Sie die St\u00f6rungen in Ihrer Zahn- und Kieferstruktur beseitigen.<\/p>\n<p>Im Gegensatz zu herk\u00f6mmlichen Zahnspangen werden bei dieser Behandlungsmethode die Klammern auf der R\u00fcckseite der Z\u00e4hne befestigt. Daher ist es von au\u00dfen nicht sichtbar, dass sich eine Zahnspange im Mund befindet. Die Behandlung mit unsichtbaren Zahnspangen, die im Allgemeinen von Erwachsenen bevorzugt wird, kann auch bei Kindern angewendet werden.<\/p>\n<h2><strong>Was sind die Vorteile der Behandlung mit unsichtbaren Zahnspangen? <\/strong><\/h2>\n<ul>\n<li>W\u00e4hrend der Behandlung mit einer unsichtbaren Zahnspange wird die Hygiene auf der Vorderseite der Z\u00e4hne beibehalten, da die Klammern auf der R\u00fcckseite der Z\u00e4hne angebracht werden.<\/li>\n<li>Sie sind von au\u00dfen nicht sichtbar.<\/li>\n<li>G\u00fcnstiger als die Behandlung mit durchsichtigen Zahnspangen<\/li>\n<li>Nach der Behandlung sind die Fehlstellungen vollst\u00e4ndig beseitigt und Sie erhalten ein \u00e4sthetischeres Aussehen.<\/li>\n<li>Geeignet f\u00fcr alle Patienten, unabh\u00e4ngig vom Alter<\/li>\n<\/ul>\n<\/div><\/div><\/div><\/div><\/div><\/div><\/section>\n","protected":false},"excerpt":{"rendered":"Behandlung mit unsichtbaren Zahnspangen \u00c4sthetisches L\u00e4cheln mit gesunden Z\u00e4hnen. Die Behandlung mit unsichtbaren Zahnspangen ist eine kieferorthop\u00e4dische Behandlungsmethode, die zur Korrektur und Ausrichtung der Z\u00e4hne eingesetzt wird. Diese Behandlung wird mit einem d\u00fcnnen Draht durchgef\u00fchrt, der hinter den Z\u00e4hnen anstelle der \u00fcblichen Metall- oder durchsichtigen Klammern angebracht wird. Diese Dr\u00e4hte sorgen daf\u00fcr, dass die Z\u00e4hne...","protected":false},"author":1,"featured_media":10872,"parent":8008,"menu_order":0,"comment_status":"closed","ping_status":"closed","template":"","meta":{"_acf_changed":false,"footnotes":""},"sayfa-ve-kategori-eslestirmesi":[64],"class_list":["post-8072","page","type-page","status-publish","has-post-thumbnail","hentry"],"acf":[],"yoast_head":"<!-- This site is optimized with the Yoast SEO plugin v27.4 - https:\/\/yoast.com\/product\/yoast-seo-wordpress\/ -->\n<title>Unsichtbare Zahnspangen | Megadentist<\/title>\n<meta name=\"robots\" content=\"index, follow, max-snippet:-1, max-image-preview:large, max-video-preview:-1\" \/>\n<link rel=\"canonical\" href=\"https:\/\/megadentist.com.tr\/de\/kieferorthopadische-zahnbehandlungen\/unsichtbare-zahnspangen\/\" \/>\n<meta property=\"og:locale\" content=\"de_DE\" \/>\n<meta property=\"og:type\" content=\"article\" \/>\n<meta property=\"og:title\" content=\"Unsichtbare Zahnspangen | Megadentist\" \/>\n<meta property=\"og:url\" content=\"https:\/\/megadentist.com.tr\/de\/kieferorthopadische-zahnbehandlungen\/unsichtbare-zahnspangen\/\" \/>\n<meta property=\"og:site_name\" content=\"Megadentist\" \/>\n<meta property=\"article:modified_time\" content=\"2024-08-28T11:49:32+00:00\" \/>\n<meta property=\"og:image\" content=\"https:\/\/megadentist.com.tr\/de\/wp-content\/uploads\/2022\/11\/gorunmez-tel-tedavisi.jpg\" \/>\n\t<meta property=\"og:image:width\" content=\"1200\" \/>\n\t<meta property=\"og:image:height\" content=\"800\" \/>\n\t<meta property=\"og:image:type\" content=\"image\/jpeg\" \/>\n<meta name=\"twitter:card\" content=\"summary_large_image\" \/>\n<meta name=\"twitter:label1\" content=\"Gesch\u00e4tzte Lesezeit\" \/>\n\t<meta name=\"twitter:data1\" content=\"3\u00a0Minuten\" \/>\n<script type=\"application\/ld+json\" class=\"yoast-schema-graph\">{\"@context\":\"https:\\\/\\\/schema.org\",\"@graph\":[{\"@type\":\"WebPage\",\"@id\":\"https:\\\/\\\/megadentist.com.tr\\\/de\\\/kieferorthopadische-zahnbehandlungen\\\/unsichtbare-zahnspangen\\\/\",\"url\":\"https:\\\/\\\/megadentist.com.tr\\\/de\\\/kieferorthopadische-zahnbehandlungen\\\/unsichtbare-zahnspangen\\\/\",\"name\":\"Unsichtbare Zahnspangen | Megadentist\",\"isPartOf\":{\"@id\":\"https:\\\/\\\/megadentist.com.tr\\\/de\\\/#website\"},\"primaryImageOfPage\":{\"@id\":\"https:\\\/\\\/megadentist.com.tr\\\/de\\\/kieferorthopadische-zahnbehandlungen\\\/unsichtbare-zahnspangen\\\/#primaryimage\"},\"image\":{\"@id\":\"https:\\\/\\\/megadentist.com.tr\\\/de\\\/kieferorthopadische-zahnbehandlungen\\\/unsichtbare-zahnspangen\\\/#primaryimage\"},\"thumbnailUrl\":\"https:\\\/\\\/megadentist.com.tr\\\/de\\\/wp-content\\\/uploads\\\/2022\\\/11\\\/gorunmez-tel-tedavisi.jpg\",\"datePublished\":\"2022-10-27T15:00:12+00:00\",\"dateModified\":\"2024-08-28T11:49:32+00:00\",\"breadcrumb\":{\"@id\":\"https:\\\/\\\/megadentist.com.tr\\\/de\\\/kieferorthopadische-zahnbehandlungen\\\/unsichtbare-zahnspangen\\\/#breadcrumb\"},\"inLanguage\":\"de\",\"potentialAction\":[{\"@type\":\"ReadAction\",\"target\":[\"https:\\\/\\\/megadentist.com.tr\\\/de\\\/kieferorthopadische-zahnbehandlungen\\\/unsichtbare-zahnspangen\\\/\"]}]},{\"@type\":\"ImageObject\",\"inLanguage\":\"de\",\"@id\":\"https:\\\/\\\/megadentist.com.tr\\\/de\\\/kieferorthopadische-zahnbehandlungen\\\/unsichtbare-zahnspangen\\\/#primaryimage\",\"url\":\"https:\\\/\\\/megadentist.com.tr\\\/de\\\/wp-content\\\/uploads\\\/2022\\\/11\\\/gorunmez-tel-tedavisi.jpg\",\"contentUrl\":\"https:\\\/\\\/megadentist.com.tr\\\/de\\\/wp-content\\\/uploads\\\/2022\\\/11\\\/gorunmez-tel-tedavisi.jpg\",\"width\":1200,\"height\":800,\"caption\":\"G\u00f6r\u00fcnmez Tel Tedavisi\"},{\"@type\":\"BreadcrumbList\",\"@id\":\"https:\\\/\\\/megadentist.com.tr\\\/de\\\/kieferorthopadische-zahnbehandlungen\\\/unsichtbare-zahnspangen\\\/#breadcrumb\",\"itemListElement\":[{\"@type\":\"ListItem\",\"position\":1,\"name\":\"Anasayfa\",\"item\":\"https:\\\/\\\/megadentist.com.tr\\\/de\\\/\"},{\"@type\":\"ListItem\",\"position\":2,\"name\":\"Kieferorthop\u00e4dische Zahnbehandlungen\",\"item\":\"https:\\\/\\\/megadentist.com.tr\\\/de\\\/kieferorthopadische-zahnbehandlungen\\\/\"},{\"@type\":\"ListItem\",\"position\":3,\"name\":\"Unsichtbare Zahnspangen\"}]},{\"@type\":\"WebSite\",\"@id\":\"https:\\\/\\\/megadentist.com.tr\\\/de\\\/#website\",\"url\":\"https:\\\/\\\/megadentist.com.tr\\\/de\\\/\",\"name\":\"Megadentist\",\"description\":\"\",\"potentialAction\":[{\"@type\":\"SearchAction\",\"target\":{\"@type\":\"EntryPoint\",\"urlTemplate\":\"https:\\\/\\\/megadentist.com.tr\\\/de\\\/?s={search_term_string}\"},\"query-input\":{\"@type\":\"PropertyValueSpecification\",\"valueRequired\":true,\"valueName\":\"search_term_string\"}}],\"inLanguage\":\"de\"}]}<\/script>\n<!-- \/ Yoast SEO plugin. -->","yoast_head_json":{"title":"Unsichtbare Zahnspangen | Megadentist","robots":{"index":"index","follow":"follow","max-snippet":"max-snippet:-1","max-image-preview":"max-image-preview:large","max-video-preview":"max-video-preview:-1"},"canonical":"https:\/\/megadentist.com.tr\/de\/kieferorthopadische-zahnbehandlungen\/unsichtbare-zahnspangen\/","og_locale":"de_DE","og_type":"article","og_title":"Unsichtbare Zahnspangen | Megadentist","og_url":"https:\/\/megadentist.com.tr\/de\/kieferorthopadische-zahnbehandlungen\/unsichtbare-zahnspangen\/","og_site_name":"Megadentist","article_modified_time":"2024-08-28T11:49:32+00:00","og_image":[{"width":1200,"height":800,"url":"https:\/\/megadentist.com.tr\/de\/wp-content\/uploads\/2022\/11\/gorunmez-tel-tedavisi.jpg","type":"image\/jpeg"}],"twitter_card":"summary_large_image","twitter_misc":{"Gesch\u00e4tzte Lesezeit":"3\u00a0Minuten"},"schema":{"@context":"https:\/\/schema.org","@graph":[{"@type":"WebPage","@id":"https:\/\/megadentist.com.tr\/de\/kieferorthopadische-zahnbehandlungen\/unsichtbare-zahnspangen\/","url":"https:\/\/megadentist.com.tr\/de\/kieferorthopadische-zahnbehandlungen\/unsichtbare-zahnspangen\/","name":"Unsichtbare Zahnspangen | Megadentist","isPartOf":{"@id":"https:\/\/megadentist.com.tr\/de\/#website"},"primaryImageOfPage":{"@id":"https:\/\/megadentist.com.tr\/de\/kieferorthopadische-zahnbehandlungen\/unsichtbare-zahnspangen\/#primaryimage"},"image":{"@id":"https:\/\/megadentist.com.tr\/de\/kieferorthopadische-zahnbehandlungen\/unsichtbare-zahnspangen\/#primaryimage"},"thumbnailUrl":"https:\/\/megadentist.com.tr\/de\/wp-content\/uploads\/2022\/11\/gorunmez-tel-tedavisi.jpg","datePublished":"2022-10-27T15:00:12+00:00","dateModified":"2024-08-28T11:49:32+00:00","breadcrumb":{"@id":"https:\/\/megadentist.com.tr\/de\/kieferorthopadische-zahnbehandlungen\/unsichtbare-zahnspangen\/#breadcrumb"},"inLanguage":"de","potentialAction":[{"@type":"ReadAction","target":["https:\/\/megadentist.com.tr\/de\/kieferorthopadische-zahnbehandlungen\/unsichtbare-zahnspangen\/"]}]},{"@type":"ImageObject","inLanguage":"de","@id":"https:\/\/megadentist.com.tr\/de\/kieferorthopadische-zahnbehandlungen\/unsichtbare-zahnspangen\/#primaryimage","url":"https:\/\/megadentist.com.tr\/de\/wp-content\/uploads\/2022\/11\/gorunmez-tel-tedavisi.jpg","contentUrl":"https:\/\/megadentist.com.tr\/de\/wp-content\/uploads\/2022\/11\/gorunmez-tel-tedavisi.jpg","width":1200,"height":800,"caption":"G\u00f6r\u00fcnmez Tel Tedavisi"},{"@type":"BreadcrumbList","@id":"https:\/\/megadentist.com.tr\/de\/kieferorthopadische-zahnbehandlungen\/unsichtbare-zahnspangen\/#breadcrumb","itemListElement":[{"@type":"ListItem","position":1,"name":"Anasayfa","item":"https:\/\/megadentist.com.tr\/de\/"},{"@type":"ListItem","position":2,"name":"Kieferorthop\u00e4dische Zahnbehandlungen","item":"https:\/\/megadentist.com.tr\/de\/kieferorthopadische-zahnbehandlungen\/"},{"@type":"ListItem","position":3,"name":"Unsichtbare Zahnspangen"}]},{"@type":"WebSite","@id":"https:\/\/megadentist.com.tr\/de\/#website","url":"https:\/\/megadentist.com.tr\/de\/","name":"Megadentist","description":"","potentialAction":[{"@type":"SearchAction","target":{"@type":"EntryPoint","urlTemplate":"https:\/\/megadentist.com.tr\/de\/?s={search_term_string}"},"query-input":{"@type":"PropertyValueSpecification","valueRequired":true,"valueName":"search_term_string"}}],"inLanguage":"de"}]}},"_links":{"self":[{"href":"https:\/\/megadentist.com.tr\/de\/wp-json\/wp\/v2\/pages\/8072","targetHints":{"allow":["GET"]}}],"collection":[{"href":"https:\/\/megadentist.com.tr\/de\/wp-json\/wp\/v2\/pages"}],"about":[{"href":"https:\/\/megadentist.com.tr\/de\/wp-json\/wp\/v2\/types\/page"}],"author":[{"embeddable":true,"href":"https:\/\/megadentist.com.tr\/de\/wp-json\/wp\/v2\/users\/1"}],"replies":[{"embeddable":true,"href":"https:\/\/megadentist.com.tr\/de\/wp-json\/wp\/v2\/comments?post=8072"}],"version-history":[{"count":4,"href":"https:\/\/megadentist.com.tr\/de\/wp-json\/wp\/v2\/pages\/8072\/revisions"}],"predecessor-version":[{"id":15801,"href":"https:\/\/megadentist.com.tr\/de\/wp-json\/wp\/v2\/pages\/8072\/revisions\/15801"}],"up":[{"embeddable":true,"href":"https:\/\/megadentist.com.tr\/de\/wp-json\/wp\/v2\/pages\/8008"}],"wp:featuredmedia":[{"embeddable":true,"href":"https:\/\/megadentist.com.tr\/de\/wp-json\/wp\/v2\/media\/10872"}],"wp:attachment":[{"href":"https:\/\/megadentist.com.tr\/de\/wp-json\/wp\/v2\/media?parent=8072"}],"wp:term":[{"taxonomy":"sayfa-ve-kategori-eslestirmesi","embeddable":true,"href":"https:\/\/megadentist.com.tr\/de\/wp-json\/wp\/v2\/sayfa-ve-kategori-eslestirmesi?post=8072"}],"curies":[{"name":"wp","href":"https:\/\/api.w.org\/{rel}","templated":true}]}}