{"id":8070,"date":"2022-10-27T17:59:37","date_gmt":"2022-10-27T14:59:37","guid":{"rendered":"https:\/\/megadentist.com.tr\/?page_id=8070"},"modified":"2024-08-28T14:49:26","modified_gmt":"2024-08-28T11:49:26","slug":"durchsichtige-zahnschiene","status":"publish","type":"page","link":"https:\/\/megadentist.com.tr\/de\/kieferorthopadische-zahnbehandlungen\/durchsichtige-zahnschiene\/","title":{"rendered":"Durchsichtige Zahnschiene"},"content":{"rendered":"<section class=\"l-section wpb_row height_custom\"><div class=\"l-section-h i-cf\"><div class=\"g-cols vc_row via_grid cols_1 laptops-cols_inherit tablets-cols_inherit mobiles-cols_1 valign_top type_default stacking_default\"><div class=\"wpb_column vc_column_container\"><div class=\"vc_column-inner\"><div class=\"wpb_text_column\"><div class=\"wpb_wrapper\"><h2><strong>Behandlung mit durchsichtiger Zahnschiene <\/strong><\/h2>\n<p><strong>\u00c4sthetisches L\u00e4cheln mit gesunden Z\u00e4hnen. <\/strong><\/p>\n<p>Die Behandlung mit durchsichtiger Zahnschiene ist eine moderne kieferorthop\u00e4dische Behandlungsmethode zur Begradigung und Ausrichtung der Z\u00e4hne. Diese Behandlung bietet eine weniger sichtbare, komfortablere und flexiblere Option im Vergleich zu herk\u00f6mmlichen kieferorthop\u00e4dischen Behandlungsmethoden mit Zahnspangen.<\/p>\n<p>Die Behandlung mit durchsichtiger Zahnschiene beginnt mit einem Scan der Z\u00e4hne des Patienten und der Erstellung eines digitalen Modells. Anhand dieses digitalen Modells wird dann eine Reihe von klaren Zahnschienen hergestellt, die speziell f\u00fcr die Korrektur der Z\u00e4hne des Patienten entwickelt wurden.<\/p>\n<p>Der Patient wechselt die durchsichtigen Zahnschienen in regelm\u00e4\u00dfigen Abst\u00e4nden, um den Behandlungsprozess voranzutreiben. Jede Schiene ist so konzipiert, dass sie eine sanfte Bewegung der Z\u00e4hne gew\u00e4hrleistet. Der Behandlungsprozess dauert in der Regel einige Monate bis mehrere Jahre, kann aber von Patient zu Patient variieren.<\/p>\n<p>Die Behandlung mit durchsichtiger Zahnschiene l\u00e4sst sich aus \u00e4sthetischen Gr\u00fcnden vorziehen, da sie im Vergleich zur herk\u00f6mmlichen Zahnspange weniger auff\u00e4llig ist. Au\u00dferdem bietet die Tatsache, dass die Zahnschienen herausnehmbar sind, mehr Flexibilit\u00e4t bei t\u00e4glichen Aktivit\u00e4ten wie Essen, Trinken und Z\u00e4hneputzen.<\/p>\n<p>Unser Ziel ist es, die Zahnfehlstellungen unserer Patienten zu begradigen und ihnen zu einem gesunden L\u00e4cheln zu verhelfen und die Behandlung so angenehm und einfach wie m\u00f6glich zu gestalten. Kontaktieren Sie uns f\u00fcr weitere Ausk\u00fcnfte oder einen Termin.<\/p>\n<h2><strong>Was versteht man unter Behandlung mit durchsichtiger Zahnschiene? <\/strong><\/h2>\n<p>Die drahtlose kieferorthop\u00e4dische Behandlung oder <strong>Behandlung mit durchsichtiger Zahnschiene<\/strong> ist eine kieferorthop\u00e4dische Behandlung, die ohne herk\u00f6mmliche Metall- oder Porzellandr\u00e4hte mit durchsichtigen Zahnschienen durchgef\u00fchrt wird, die individuell mit 3D-Druckern hergestellt werden. Es handelt sich um eine kieferorthop\u00e4dische Behandlung, die f\u00fcr Behandlungen wie engstehende und auseinanderstehende Z\u00e4hne, Bissfehlstellungen und Kiefererweiterungen eingesetzt wird.<\/p>\n<h2><strong>Wer ist der ideale Kandidat f\u00fcr eine Behandlung mit durchsichtiger Zahnschiene? <\/strong><\/h2>\n<p>Es gibt verschiedene kieferorthop\u00e4dische St\u00f6rungen, bei denen durchsichtige Zahnschienen eingesetzt werden. Die Behandlung mit durchsichtigen Zahnschienen ist eine Behandlung, die f\u00fcr St\u00f6rungen wie Kreuzbiss und Engstand der Z\u00e4hne geeignet ist. Sie wird auch bei Problemen wie der Kiefererweiterung und dem falschen Mundschluss eingesetzt.<\/p>\n<h2><strong>Was sind die Vorteile der Behandlung mit durchsichtiger Zahnschiene? <\/strong><\/h2>\n<p>Die Behandlung mit durchsichtiger Zahnschiene geh\u00f6rt zu den besten \u00e4sthetischen Behandlungsm\u00f6glichkeiten.<\/p>\n<p>Bei dieser kieferorthop\u00e4dischen Behandlung ohne Dr\u00e4hte besteht dank der herausnehmbaren durchsichtigen Zahnschienen die M\u00f6glichkeit, die Behandlung jederzeit zu unterbrechen.<\/p>\n<p>Bei einer normalen Behandlung mit Zahnspangen werden die Z\u00e4hne mit Dr\u00e4hten belastet und einen Monat lang abgewartet. Diese Situation f\u00fchrt zu negativen Empfindungen wie Schmerzen aufgrund der erh\u00f6hten Kraft. Diese Schmerzen, die bei Metallspangen auftreten, werden bei der Behandlung mit durchsichtigen Zahnschienen auf ein Minimum reduziert. Durch den w\u00f6chentlichen Austausch der Zahnschienen werden Schmerzen und Unannehmlichkeiten minimiert.<\/p>\n<p>Bei der Behandlung mit durchsichtigen Zahnschienen kommt es aufgrund der Gl\u00e4tte der Schienen nicht zu Stechen und Wunden.<\/p>\n<p>Da die durchsichtige Zahnschiene eingelegt und herausgenommen werden kann, tr\u00e4gt sie auch zu einer optimalen Mundhygiene bei.<\/p>\n<p>Durch ihr durchsichtiges Aussehen ist sie von au\u00dfen nicht so leicht zu erkennen und verleiht den Patienten ein \u00e4sthetisch sch\u00f6neres Erscheinungsbild.<\/p>\n<p>In einigen F\u00e4llen ist es eine Behandlung, die schnellere und einfachere Ergebnisse bringt.<\/p>\n<\/div><\/div><\/div><\/div><\/div><\/div><\/section>\n","protected":false},"excerpt":{"rendered":"Behandlung mit durchsichtiger Zahnschiene \u00c4sthetisches L\u00e4cheln mit gesunden Z\u00e4hnen. Die Behandlung mit durchsichtiger Zahnschiene ist eine moderne kieferorthop\u00e4dische Behandlungsmethode zur Begradigung und Ausrichtung der Z\u00e4hne. Diese Behandlung bietet eine weniger sichtbare, komfortablere und flexiblere Option im Vergleich zu herk\u00f6mmlichen kieferorthop\u00e4dischen Behandlungsmethoden mit Zahnspangen. Die Behandlung mit durchsichtiger Zahnschiene beginnt mit einem Scan der Z\u00e4hne des...","protected":false},"author":1,"featured_media":10870,"parent":8008,"menu_order":0,"comment_status":"closed","ping_status":"closed","template":"","meta":{"_acf_changed":false,"footnotes":""},"sayfa-ve-kategori-eslestirmesi":[64],"class_list":["post-8070","page","type-page","status-publish","has-post-thumbnail","hentry"],"acf":[],"yoast_head":"<!-- This site is optimized with the Yoast SEO plugin v27.5 - https:\/\/yoast.com\/product\/yoast-seo-wordpress\/ -->\n<title>Durchsichtige Zahnschiene | Megadentist<\/title>\n<meta name=\"robots\" content=\"index, follow, max-snippet:-1, max-image-preview:large, max-video-preview:-1\" \/>\n<link rel=\"canonical\" href=\"https:\/\/megadentist.com.tr\/de\/kieferorthopadische-zahnbehandlungen\/durchsichtige-zahnschiene\/\" \/>\n<meta property=\"og:locale\" content=\"de_DE\" \/>\n<meta property=\"og:type\" content=\"article\" \/>\n<meta property=\"og:title\" content=\"Durchsichtige Zahnschiene | Megadentist\" \/>\n<meta property=\"og:url\" content=\"https:\/\/megadentist.com.tr\/de\/kieferorthopadische-zahnbehandlungen\/durchsichtige-zahnschiene\/\" \/>\n<meta property=\"og:site_name\" content=\"Megadentist\" \/>\n<meta property=\"article:modified_time\" content=\"2024-08-28T11:49:26+00:00\" \/>\n<meta property=\"og:image\" content=\"https:\/\/megadentist.com.tr\/de\/wp-content\/uploads\/2022\/11\/seffaf-plakli-tedavi.jpg\" \/>\n\t<meta property=\"og:image:width\" content=\"1920\" \/>\n\t<meta property=\"og:image:height\" content=\"1282\" \/>\n\t<meta property=\"og:image:type\" content=\"image\/jpeg\" \/>\n<meta name=\"twitter:card\" content=\"summary_large_image\" \/>\n<meta name=\"twitter:label1\" content=\"Gesch\u00e4tzte Lesezeit\" \/>\n\t<meta name=\"twitter:data1\" content=\"3\u00a0Minuten\" \/>\n<script type=\"application\/ld+json\" class=\"yoast-schema-graph\">{\"@context\":\"https:\\\/\\\/schema.org\",\"@graph\":[{\"@type\":\"WebPage\",\"@id\":\"https:\\\/\\\/megadentist.com.tr\\\/de\\\/kieferorthopadische-zahnbehandlungen\\\/durchsichtige-zahnschiene\\\/\",\"url\":\"https:\\\/\\\/megadentist.com.tr\\\/de\\\/kieferorthopadische-zahnbehandlungen\\\/durchsichtige-zahnschiene\\\/\",\"name\":\"Durchsichtige Zahnschiene | Megadentist\",\"isPartOf\":{\"@id\":\"https:\\\/\\\/megadentist.com.tr\\\/de\\\/#website\"},\"primaryImageOfPage\":{\"@id\":\"https:\\\/\\\/megadentist.com.tr\\\/de\\\/kieferorthopadische-zahnbehandlungen\\\/durchsichtige-zahnschiene\\\/#primaryimage\"},\"image\":{\"@id\":\"https:\\\/\\\/megadentist.com.tr\\\/de\\\/kieferorthopadische-zahnbehandlungen\\\/durchsichtige-zahnschiene\\\/#primaryimage\"},\"thumbnailUrl\":\"https:\\\/\\\/megadentist.com.tr\\\/de\\\/wp-content\\\/uploads\\\/2022\\\/11\\\/seffaf-plakli-tedavi.jpg\",\"datePublished\":\"2022-10-27T14:59:37+00:00\",\"dateModified\":\"2024-08-28T11:49:26+00:00\",\"breadcrumb\":{\"@id\":\"https:\\\/\\\/megadentist.com.tr\\\/de\\\/kieferorthopadische-zahnbehandlungen\\\/durchsichtige-zahnschiene\\\/#breadcrumb\"},\"inLanguage\":\"de\",\"potentialAction\":[{\"@type\":\"ReadAction\",\"target\":[\"https:\\\/\\\/megadentist.com.tr\\\/de\\\/kieferorthopadische-zahnbehandlungen\\\/durchsichtige-zahnschiene\\\/\"]}]},{\"@type\":\"ImageObject\",\"inLanguage\":\"de\",\"@id\":\"https:\\\/\\\/megadentist.com.tr\\\/de\\\/kieferorthopadische-zahnbehandlungen\\\/durchsichtige-zahnschiene\\\/#primaryimage\",\"url\":\"https:\\\/\\\/megadentist.com.tr\\\/de\\\/wp-content\\\/uploads\\\/2022\\\/11\\\/seffaf-plakli-tedavi.jpg\",\"contentUrl\":\"https:\\\/\\\/megadentist.com.tr\\\/de\\\/wp-content\\\/uploads\\\/2022\\\/11\\\/seffaf-plakli-tedavi.jpg\",\"width\":1920,\"height\":1282,\"caption\":\"Smiling male patient trying invisible braces\"},{\"@type\":\"BreadcrumbList\",\"@id\":\"https:\\\/\\\/megadentist.com.tr\\\/de\\\/kieferorthopadische-zahnbehandlungen\\\/durchsichtige-zahnschiene\\\/#breadcrumb\",\"itemListElement\":[{\"@type\":\"ListItem\",\"position\":1,\"name\":\"Anasayfa\",\"item\":\"https:\\\/\\\/megadentist.com.tr\\\/de\\\/\"},{\"@type\":\"ListItem\",\"position\":2,\"name\":\"Kieferorthop\u00e4dische Zahnbehandlungen\",\"item\":\"https:\\\/\\\/megadentist.com.tr\\\/de\\\/kieferorthopadische-zahnbehandlungen\\\/\"},{\"@type\":\"ListItem\",\"position\":3,\"name\":\"Durchsichtige Zahnschiene\"}]},{\"@type\":\"WebSite\",\"@id\":\"https:\\\/\\\/megadentist.com.tr\\\/de\\\/#website\",\"url\":\"https:\\\/\\\/megadentist.com.tr\\\/de\\\/\",\"name\":\"Megadentist\",\"description\":\"\",\"potentialAction\":[{\"@type\":\"SearchAction\",\"target\":{\"@type\":\"EntryPoint\",\"urlTemplate\":\"https:\\\/\\\/megadentist.com.tr\\\/de\\\/?s={search_term_string}\"},\"query-input\":{\"@type\":\"PropertyValueSpecification\",\"valueRequired\":true,\"valueName\":\"search_term_string\"}}],\"inLanguage\":\"de\"}]}<\/script>\n<!-- \/ Yoast SEO plugin. -->","yoast_head_json":{"title":"Durchsichtige Zahnschiene | Megadentist","robots":{"index":"index","follow":"follow","max-snippet":"max-snippet:-1","max-image-preview":"max-image-preview:large","max-video-preview":"max-video-preview:-1"},"canonical":"https:\/\/megadentist.com.tr\/de\/kieferorthopadische-zahnbehandlungen\/durchsichtige-zahnschiene\/","og_locale":"de_DE","og_type":"article","og_title":"Durchsichtige Zahnschiene | Megadentist","og_url":"https:\/\/megadentist.com.tr\/de\/kieferorthopadische-zahnbehandlungen\/durchsichtige-zahnschiene\/","og_site_name":"Megadentist","article_modified_time":"2024-08-28T11:49:26+00:00","og_image":[{"width":1920,"height":1282,"url":"https:\/\/megadentist.com.tr\/de\/wp-content\/uploads\/2022\/11\/seffaf-plakli-tedavi.jpg","type":"image\/jpeg"}],"twitter_card":"summary_large_image","twitter_misc":{"Gesch\u00e4tzte Lesezeit":"3\u00a0Minuten"},"schema":{"@context":"https:\/\/schema.org","@graph":[{"@type":"WebPage","@id":"https:\/\/megadentist.com.tr\/de\/kieferorthopadische-zahnbehandlungen\/durchsichtige-zahnschiene\/","url":"https:\/\/megadentist.com.tr\/de\/kieferorthopadische-zahnbehandlungen\/durchsichtige-zahnschiene\/","name":"Durchsichtige Zahnschiene | Megadentist","isPartOf":{"@id":"https:\/\/megadentist.com.tr\/de\/#website"},"primaryImageOfPage":{"@id":"https:\/\/megadentist.com.tr\/de\/kieferorthopadische-zahnbehandlungen\/durchsichtige-zahnschiene\/#primaryimage"},"image":{"@id":"https:\/\/megadentist.com.tr\/de\/kieferorthopadische-zahnbehandlungen\/durchsichtige-zahnschiene\/#primaryimage"},"thumbnailUrl":"https:\/\/megadentist.com.tr\/de\/wp-content\/uploads\/2022\/11\/seffaf-plakli-tedavi.jpg","datePublished":"2022-10-27T14:59:37+00:00","dateModified":"2024-08-28T11:49:26+00:00","breadcrumb":{"@id":"https:\/\/megadentist.com.tr\/de\/kieferorthopadische-zahnbehandlungen\/durchsichtige-zahnschiene\/#breadcrumb"},"inLanguage":"de","potentialAction":[{"@type":"ReadAction","target":["https:\/\/megadentist.com.tr\/de\/kieferorthopadische-zahnbehandlungen\/durchsichtige-zahnschiene\/"]}]},{"@type":"ImageObject","inLanguage":"de","@id":"https:\/\/megadentist.com.tr\/de\/kieferorthopadische-zahnbehandlungen\/durchsichtige-zahnschiene\/#primaryimage","url":"https:\/\/megadentist.com.tr\/de\/wp-content\/uploads\/2022\/11\/seffaf-plakli-tedavi.jpg","contentUrl":"https:\/\/megadentist.com.tr\/de\/wp-content\/uploads\/2022\/11\/seffaf-plakli-tedavi.jpg","width":1920,"height":1282,"caption":"Smiling male patient trying invisible braces"},{"@type":"BreadcrumbList","@id":"https:\/\/megadentist.com.tr\/de\/kieferorthopadische-zahnbehandlungen\/durchsichtige-zahnschiene\/#breadcrumb","itemListElement":[{"@type":"ListItem","position":1,"name":"Anasayfa","item":"https:\/\/megadentist.com.tr\/de\/"},{"@type":"ListItem","position":2,"name":"Kieferorthop\u00e4dische Zahnbehandlungen","item":"https:\/\/megadentist.com.tr\/de\/kieferorthopadische-zahnbehandlungen\/"},{"@type":"ListItem","position":3,"name":"Durchsichtige Zahnschiene"}]},{"@type":"WebSite","@id":"https:\/\/megadentist.com.tr\/de\/#website","url":"https:\/\/megadentist.com.tr\/de\/","name":"Megadentist","description":"","potentialAction":[{"@type":"SearchAction","target":{"@type":"EntryPoint","urlTemplate":"https:\/\/megadentist.com.tr\/de\/?s={search_term_string}"},"query-input":{"@type":"PropertyValueSpecification","valueRequired":true,"valueName":"search_term_string"}}],"inLanguage":"de"}]}},"_links":{"self":[{"href":"https:\/\/megadentist.com.tr\/de\/wp-json\/wp\/v2\/pages\/8070","targetHints":{"allow":["GET"]}}],"collection":[{"href":"https:\/\/megadentist.com.tr\/de\/wp-json\/wp\/v2\/pages"}],"about":[{"href":"https:\/\/megadentist.com.tr\/de\/wp-json\/wp\/v2\/types\/page"}],"author":[{"embeddable":true,"href":"https:\/\/megadentist.com.tr\/de\/wp-json\/wp\/v2\/users\/1"}],"replies":[{"embeddable":true,"href":"https:\/\/megadentist.com.tr\/de\/wp-json\/wp\/v2\/comments?post=8070"}],"version-history":[{"count":4,"href":"https:\/\/megadentist.com.tr\/de\/wp-json\/wp\/v2\/pages\/8070\/revisions"}],"predecessor-version":[{"id":15800,"href":"https:\/\/megadentist.com.tr\/de\/wp-json\/wp\/v2\/pages\/8070\/revisions\/15800"}],"up":[{"embeddable":true,"href":"https:\/\/megadentist.com.tr\/de\/wp-json\/wp\/v2\/pages\/8008"}],"wp:featuredmedia":[{"embeddable":true,"href":"https:\/\/megadentist.com.tr\/de\/wp-json\/wp\/v2\/media\/10870"}],"wp:attachment":[{"href":"https:\/\/megadentist.com.tr\/de\/wp-json\/wp\/v2\/media?parent=8070"}],"wp:term":[{"taxonomy":"sayfa-ve-kategori-eslestirmesi","embeddable":true,"href":"https:\/\/megadentist.com.tr\/de\/wp-json\/wp\/v2\/sayfa-ve-kategori-eslestirmesi?post=8070"}],"curies":[{"name":"wp","href":"https:\/\/api.w.org\/{rel}","templated":true}]}}