{"id":8068,"date":"2022-10-27T17:58:51","date_gmt":"2022-10-27T14:58:51","guid":{"rendered":"https:\/\/megadentist.com.tr\/?page_id=8068"},"modified":"2024-08-28T14:49:17","modified_gmt":"2024-08-28T11:49:17","slug":"durchsichtige-zahnklammer","status":"publish","type":"page","link":"https:\/\/megadentist.com.tr\/de\/kieferorthopadische-zahnbehandlungen\/durchsichtige-zahnklammer\/","title":{"rendered":"Durchsichtige Zahnklammer"},"content":{"rendered":"<section class=\"l-section wpb_row height_custom\"><div class=\"l-section-h i-cf\"><div class=\"g-cols vc_row via_grid cols_1 laptops-cols_inherit tablets-cols_inherit mobiles-cols_1 valign_top type_default stacking_default\"><div class=\"wpb_column vc_column_container\"><div class=\"vc_column-inner\"><div class=\"wpb_text_column\"><div class=\"wpb_wrapper\"><h2><strong>Behandlung mit durchsichtiger Zahnklammer\u00a0<\/strong><\/h2>\n<p><strong>\u00c4sthetisches L\u00e4cheln mit gesunden Z\u00e4hnen. <\/strong><\/p>\n<p>Die Behandlung mit durchsichtiger Zahnklammer ist eine moderne kieferorthop\u00e4dische Behandlungsmethode, die zur Korrektur und Ausrichtung der Z\u00e4hne eingesetzt wird. Im Gegensatz zu herk\u00f6mmlichen Metallspangen werden durchsichtige Zahnklammern auf der Vorderseite der Z\u00e4hne angebracht und sind weniger sichtbar, so dass sie \u00e4sthetisch vorteilhafter sind.<\/p>\n<p>Diese Behandlung beginnt mit dem Scannen der Z\u00e4hne des Patienten und der Erstellung eines digitalen Modells. Anhand dieses digitalen Modells wird dann eine ma\u00dfgeschneiderte Behandlung durchgef\u00fchrt, bei der durchsichtige Aligner oder Klammern eingesetzt werden.<\/p>\n<p>Die durchsichtige Zahnklammer ist f\u00fcr die Korrektur und Ausrichtung der Z\u00e4hne gedacht. Die Zahnklammer werden speziell f\u00fcr die Z\u00e4hne des Patienten angefertigt und im Laufe der Behandlung in regelm\u00e4\u00dfigen Abst\u00e4nden gewechselt. Die Behandlung mit durchsichtiger Zahnklammer ist eine weniger auff\u00e4llige und komfortablere Option im Vergleich zu einer herk\u00f6mmlichen Metallspange. Au\u00dferdem sind die Zahnklammer herausnehmbar, was eine gr\u00f6\u00dfere Flexibilit\u00e4t bei t\u00e4glichen Aktivit\u00e4ten wie Essen, Trinken und Z\u00e4hneputzen erm\u00f6glicht.<\/p>\n<p>Unser Ziel ist es, die Zahnfehlstellungen unserer Patienten zu korrigieren und ihnen zu einem gesunden L\u00e4cheln zu verhelfen. Dabei ber\u00fccksichtigen wir ihre \u00e4sthetischen Bedenken und bieten die am besten geeignete Behandlungsoption an. Kontaktieren Sie uns f\u00fcr weitere Ausk\u00fcnfte oder einen Termin.<\/p>\n<h2><strong>Was versteht man unter der Behandlung mit durchsichtiger Zahnklammer? <\/strong><\/h2>\n<p>Die Behandlung mit durchsichtiger Zahnklammer ist eine der Behandlungen, die durchgef\u00fchrt werden, um die Probleme zu beseitigen, die durch die Schiefheit und Unregelm\u00e4\u00dfigkeit der Z\u00e4hne verursacht werden. Diese kieferorthop\u00e4dische Behandlung wird bevorzugt, um ein \u00e4sthetischeres Aussehen zu erreichen. Die Behandlung mit durchsichtiger Zahnklammer wird mit Porzellan, Saphir und durchsichtigem Kunststoff durchgef\u00fchrt.<\/p>\n<p>Die Behandlung mit durchsichtiger Zahnklammer wird zur Korrektur von Form- und Ausrichtungsst\u00f6rungen der Z\u00e4hne eingesetzt. Im Vergleich zu Zahnklammern aus Metall wird sie bevorzugt, um ein \u00e4sthetischeres Aussehen zu erreichen. Metallklammern werden \u00e4sthetischen Anspr\u00fcchen nicht gerecht, da sie nur funktionell und behandlungsorientiert sind. An dieser Stelle werden durchsichtige Zahnklammer verwendet.<\/p>\n<p>Transparente Zahnklammer werden in der Regel bei kieferorthop\u00e4dischen Behandlungen f\u00fcr Personen ab einem bestimmten Alter bevorzugt. Aus \u00e4sthetischen Gr\u00fcnden und wegen des gesellschaftlichen Lebens wird die Behandlung mit durchsichtigen Zahnklammern, die das gleiche Ergebnis wie Metallklammern erzielen, immer h\u00e4ufiger bevorzugt.<\/p>\n<p>Die durchsichtigen Zahnklammer sind zahnfarbene Zahnklammer aus Porzellan. Sie ist f\u00fcr den Patienten sehr vorteilhaft, weil sie von au\u00dfen nicht sichtbar ist.<\/p>\n<\/div><\/div><\/div><\/div><\/div><\/div><\/section>\n","protected":false},"excerpt":{"rendered":"Behandlung mit durchsichtiger Zahnklammer\u00a0 \u00c4sthetisches L\u00e4cheln mit gesunden Z\u00e4hnen. Die Behandlung mit durchsichtiger Zahnklammer ist eine moderne kieferorthop\u00e4dische Behandlungsmethode, die zur Korrektur und Ausrichtung der Z\u00e4hne eingesetzt wird. Im Gegensatz zu herk\u00f6mmlichen Metallspangen werden durchsichtige Zahnklammern auf der Vorderseite der Z\u00e4hne angebracht und sind weniger sichtbar, so dass sie \u00e4sthetisch vorteilhafter sind. Diese Behandlung beginnt...","protected":false},"author":1,"featured_media":10868,"parent":8008,"menu_order":0,"comment_status":"closed","ping_status":"closed","template":"","meta":{"_acf_changed":false,"footnotes":""},"sayfa-ve-kategori-eslestirmesi":[64],"class_list":["post-8068","page","type-page","status-publish","has-post-thumbnail","hentry"],"acf":[],"yoast_head":"<!-- This site is optimized with the Yoast SEO plugin v27.4 - https:\/\/yoast.com\/product\/yoast-seo-wordpress\/ -->\n<title>Durchsichtige Zahnklammer | Megadentist<\/title>\n<meta name=\"robots\" content=\"index, follow, max-snippet:-1, max-image-preview:large, max-video-preview:-1\" \/>\n<link rel=\"canonical\" href=\"https:\/\/megadentist.com.tr\/de\/kieferorthopadische-zahnbehandlungen\/durchsichtige-zahnklammer\/\" \/>\n<meta property=\"og:locale\" content=\"de_DE\" \/>\n<meta property=\"og:type\" content=\"article\" \/>\n<meta property=\"og:title\" content=\"Durchsichtige Zahnklammer | Megadentist\" \/>\n<meta property=\"og:url\" content=\"https:\/\/megadentist.com.tr\/de\/kieferorthopadische-zahnbehandlungen\/durchsichtige-zahnklammer\/\" \/>\n<meta property=\"og:site_name\" content=\"Megadentist\" \/>\n<meta property=\"article:modified_time\" content=\"2024-08-28T11:49:17+00:00\" \/>\n<meta property=\"og:image\" content=\"https:\/\/megadentist.com.tr\/de\/wp-content\/uploads\/2022\/11\/seffaf-braketli-tedavi.jpg\" \/>\n\t<meta property=\"og:image:width\" content=\"1766\" \/>\n\t<meta property=\"og:image:height\" content=\"1179\" \/>\n\t<meta property=\"og:image:type\" content=\"image\/jpeg\" \/>\n<meta name=\"twitter:card\" content=\"summary_large_image\" \/>\n<meta name=\"twitter:label1\" content=\"Gesch\u00e4tzte Lesezeit\" \/>\n\t<meta name=\"twitter:data1\" content=\"3\u00a0Minuten\" \/>\n<script type=\"application\/ld+json\" class=\"yoast-schema-graph\">{\"@context\":\"https:\\\/\\\/schema.org\",\"@graph\":[{\"@type\":\"WebPage\",\"@id\":\"https:\\\/\\\/megadentist.com.tr\\\/de\\\/kieferorthopadische-zahnbehandlungen\\\/durchsichtige-zahnklammer\\\/\",\"url\":\"https:\\\/\\\/megadentist.com.tr\\\/de\\\/kieferorthopadische-zahnbehandlungen\\\/durchsichtige-zahnklammer\\\/\",\"name\":\"Durchsichtige Zahnklammer | Megadentist\",\"isPartOf\":{\"@id\":\"https:\\\/\\\/megadentist.com.tr\\\/de\\\/#website\"},\"primaryImageOfPage\":{\"@id\":\"https:\\\/\\\/megadentist.com.tr\\\/de\\\/kieferorthopadische-zahnbehandlungen\\\/durchsichtige-zahnklammer\\\/#primaryimage\"},\"image\":{\"@id\":\"https:\\\/\\\/megadentist.com.tr\\\/de\\\/kieferorthopadische-zahnbehandlungen\\\/durchsichtige-zahnklammer\\\/#primaryimage\"},\"thumbnailUrl\":\"https:\\\/\\\/megadentist.com.tr\\\/de\\\/wp-content\\\/uploads\\\/2022\\\/11\\\/seffaf-braketli-tedavi.jpg\",\"datePublished\":\"2022-10-27T14:58:51+00:00\",\"dateModified\":\"2024-08-28T11:49:17+00:00\",\"breadcrumb\":{\"@id\":\"https:\\\/\\\/megadentist.com.tr\\\/de\\\/kieferorthopadische-zahnbehandlungen\\\/durchsichtige-zahnklammer\\\/#breadcrumb\"},\"inLanguage\":\"de\",\"potentialAction\":[{\"@type\":\"ReadAction\",\"target\":[\"https:\\\/\\\/megadentist.com.tr\\\/de\\\/kieferorthopadische-zahnbehandlungen\\\/durchsichtige-zahnklammer\\\/\"]}]},{\"@type\":\"ImageObject\",\"inLanguage\":\"de\",\"@id\":\"https:\\\/\\\/megadentist.com.tr\\\/de\\\/kieferorthopadische-zahnbehandlungen\\\/durchsichtige-zahnklammer\\\/#primaryimage\",\"url\":\"https:\\\/\\\/megadentist.com.tr\\\/de\\\/wp-content\\\/uploads\\\/2022\\\/11\\\/seffaf-braketli-tedavi.jpg\",\"contentUrl\":\"https:\\\/\\\/megadentist.com.tr\\\/de\\\/wp-content\\\/uploads\\\/2022\\\/11\\\/seffaf-braketli-tedavi.jpg\",\"width\":1766,\"height\":1179,\"caption\":\"Teeth Whitening Procedure\"},{\"@type\":\"BreadcrumbList\",\"@id\":\"https:\\\/\\\/megadentist.com.tr\\\/de\\\/kieferorthopadische-zahnbehandlungen\\\/durchsichtige-zahnklammer\\\/#breadcrumb\",\"itemListElement\":[{\"@type\":\"ListItem\",\"position\":1,\"name\":\"Anasayfa\",\"item\":\"https:\\\/\\\/megadentist.com.tr\\\/de\\\/\"},{\"@type\":\"ListItem\",\"position\":2,\"name\":\"Kieferorthop\u00e4dische Zahnbehandlungen\",\"item\":\"https:\\\/\\\/megadentist.com.tr\\\/de\\\/kieferorthopadische-zahnbehandlungen\\\/\"},{\"@type\":\"ListItem\",\"position\":3,\"name\":\"Durchsichtige Zahnklammer\"}]},{\"@type\":\"WebSite\",\"@id\":\"https:\\\/\\\/megadentist.com.tr\\\/de\\\/#website\",\"url\":\"https:\\\/\\\/megadentist.com.tr\\\/de\\\/\",\"name\":\"Megadentist\",\"description\":\"\",\"potentialAction\":[{\"@type\":\"SearchAction\",\"target\":{\"@type\":\"EntryPoint\",\"urlTemplate\":\"https:\\\/\\\/megadentist.com.tr\\\/de\\\/?s={search_term_string}\"},\"query-input\":{\"@type\":\"PropertyValueSpecification\",\"valueRequired\":true,\"valueName\":\"search_term_string\"}}],\"inLanguage\":\"de\"}]}<\/script>\n<!-- \/ Yoast SEO plugin. -->","yoast_head_json":{"title":"Durchsichtige Zahnklammer | Megadentist","robots":{"index":"index","follow":"follow","max-snippet":"max-snippet:-1","max-image-preview":"max-image-preview:large","max-video-preview":"max-video-preview:-1"},"canonical":"https:\/\/megadentist.com.tr\/de\/kieferorthopadische-zahnbehandlungen\/durchsichtige-zahnklammer\/","og_locale":"de_DE","og_type":"article","og_title":"Durchsichtige Zahnklammer | Megadentist","og_url":"https:\/\/megadentist.com.tr\/de\/kieferorthopadische-zahnbehandlungen\/durchsichtige-zahnklammer\/","og_site_name":"Megadentist","article_modified_time":"2024-08-28T11:49:17+00:00","og_image":[{"width":1766,"height":1179,"url":"https:\/\/megadentist.com.tr\/de\/wp-content\/uploads\/2022\/11\/seffaf-braketli-tedavi.jpg","type":"image\/jpeg"}],"twitter_card":"summary_large_image","twitter_misc":{"Gesch\u00e4tzte Lesezeit":"3\u00a0Minuten"},"schema":{"@context":"https:\/\/schema.org","@graph":[{"@type":"WebPage","@id":"https:\/\/megadentist.com.tr\/de\/kieferorthopadische-zahnbehandlungen\/durchsichtige-zahnklammer\/","url":"https:\/\/megadentist.com.tr\/de\/kieferorthopadische-zahnbehandlungen\/durchsichtige-zahnklammer\/","name":"Durchsichtige Zahnklammer | Megadentist","isPartOf":{"@id":"https:\/\/megadentist.com.tr\/de\/#website"},"primaryImageOfPage":{"@id":"https:\/\/megadentist.com.tr\/de\/kieferorthopadische-zahnbehandlungen\/durchsichtige-zahnklammer\/#primaryimage"},"image":{"@id":"https:\/\/megadentist.com.tr\/de\/kieferorthopadische-zahnbehandlungen\/durchsichtige-zahnklammer\/#primaryimage"},"thumbnailUrl":"https:\/\/megadentist.com.tr\/de\/wp-content\/uploads\/2022\/11\/seffaf-braketli-tedavi.jpg","datePublished":"2022-10-27T14:58:51+00:00","dateModified":"2024-08-28T11:49:17+00:00","breadcrumb":{"@id":"https:\/\/megadentist.com.tr\/de\/kieferorthopadische-zahnbehandlungen\/durchsichtige-zahnklammer\/#breadcrumb"},"inLanguage":"de","potentialAction":[{"@type":"ReadAction","target":["https:\/\/megadentist.com.tr\/de\/kieferorthopadische-zahnbehandlungen\/durchsichtige-zahnklammer\/"]}]},{"@type":"ImageObject","inLanguage":"de","@id":"https:\/\/megadentist.com.tr\/de\/kieferorthopadische-zahnbehandlungen\/durchsichtige-zahnklammer\/#primaryimage","url":"https:\/\/megadentist.com.tr\/de\/wp-content\/uploads\/2022\/11\/seffaf-braketli-tedavi.jpg","contentUrl":"https:\/\/megadentist.com.tr\/de\/wp-content\/uploads\/2022\/11\/seffaf-braketli-tedavi.jpg","width":1766,"height":1179,"caption":"Teeth Whitening Procedure"},{"@type":"BreadcrumbList","@id":"https:\/\/megadentist.com.tr\/de\/kieferorthopadische-zahnbehandlungen\/durchsichtige-zahnklammer\/#breadcrumb","itemListElement":[{"@type":"ListItem","position":1,"name":"Anasayfa","item":"https:\/\/megadentist.com.tr\/de\/"},{"@type":"ListItem","position":2,"name":"Kieferorthop\u00e4dische Zahnbehandlungen","item":"https:\/\/megadentist.com.tr\/de\/kieferorthopadische-zahnbehandlungen\/"},{"@type":"ListItem","position":3,"name":"Durchsichtige Zahnklammer"}]},{"@type":"WebSite","@id":"https:\/\/megadentist.com.tr\/de\/#website","url":"https:\/\/megadentist.com.tr\/de\/","name":"Megadentist","description":"","potentialAction":[{"@type":"SearchAction","target":{"@type":"EntryPoint","urlTemplate":"https:\/\/megadentist.com.tr\/de\/?s={search_term_string}"},"query-input":{"@type":"PropertyValueSpecification","valueRequired":true,"valueName":"search_term_string"}}],"inLanguage":"de"}]}},"_links":{"self":[{"href":"https:\/\/megadentist.com.tr\/de\/wp-json\/wp\/v2\/pages\/8068","targetHints":{"allow":["GET"]}}],"collection":[{"href":"https:\/\/megadentist.com.tr\/de\/wp-json\/wp\/v2\/pages"}],"about":[{"href":"https:\/\/megadentist.com.tr\/de\/wp-json\/wp\/v2\/types\/page"}],"author":[{"embeddable":true,"href":"https:\/\/megadentist.com.tr\/de\/wp-json\/wp\/v2\/users\/1"}],"replies":[{"embeddable":true,"href":"https:\/\/megadentist.com.tr\/de\/wp-json\/wp\/v2\/comments?post=8068"}],"version-history":[{"count":4,"href":"https:\/\/megadentist.com.tr\/de\/wp-json\/wp\/v2\/pages\/8068\/revisions"}],"predecessor-version":[{"id":15799,"href":"https:\/\/megadentist.com.tr\/de\/wp-json\/wp\/v2\/pages\/8068\/revisions\/15799"}],"up":[{"embeddable":true,"href":"https:\/\/megadentist.com.tr\/de\/wp-json\/wp\/v2\/pages\/8008"}],"wp:featuredmedia":[{"embeddable":true,"href":"https:\/\/megadentist.com.tr\/de\/wp-json\/wp\/v2\/media\/10868"}],"wp:attachment":[{"href":"https:\/\/megadentist.com.tr\/de\/wp-json\/wp\/v2\/media?parent=8068"}],"wp:term":[{"taxonomy":"sayfa-ve-kategori-eslestirmesi","embeddable":true,"href":"https:\/\/megadentist.com.tr\/de\/wp-json\/wp\/v2\/sayfa-ve-kategori-eslestirmesi?post=8068"}],"curies":[{"name":"wp","href":"https:\/\/api.w.org\/{rel}","templated":true}]}}