{"id":8066,"date":"2022-10-27T17:58:29","date_gmt":"2022-10-27T14:58:29","guid":{"rendered":"https:\/\/megadentist.com.tr\/?page_id=8066"},"modified":"2024-08-28T14:49:41","modified_gmt":"2024-08-28T11:49:41","slug":"zahnspange","status":"publish","type":"page","link":"https:\/\/megadentist.com.tr\/de\/kieferorthopadische-zahnbehandlungen\/zahnspange\/","title":{"rendered":"Zahnspange"},"content":{"rendered":"<section class=\"l-section wpb_row height_custom\"><div class=\"l-section-h i-cf\"><div class=\"g-cols vc_row via_grid cols_1 laptops-cols_inherit tablets-cols_inherit mobiles-cols_1 valign_top type_default stacking_default\"><div class=\"wpb_column vc_column_container\"><div class=\"vc_column-inner\"><div class=\"wpb_text_column\"><div class=\"wpb_wrapper\"><h2><strong>Behandlung mit Zahnspangen <\/strong><\/h2>\n<p><strong>\u00c4sthetisches L\u00e4cheln mit gesunden Z\u00e4hnen. <\/strong><\/p>\n<p>Die Behandlung mit Zahnspangen ist eine kieferorthop\u00e4dische Behandlungsmethode, die zur Korrektur von Zahnfehlstellungen, Engst\u00e4nden, Zahnl\u00fccken oder Kieferfehlstellungen eingesetzt wird. Diese Behandlung sorgt daf\u00fcr, dass die Z\u00e4hne in die richtige Position gebracht werden und eine gesunde Kieferstruktur erhalten bleibt.<\/p>\n<p>Die Behandlung mit Zahnspangen beginnt in der Regel mit dem Aufkleben von Metall- oder Keramikklammern auf die Z\u00e4hne. Diese Klammern werden mit einem Draht verbunden, um die Z\u00e4hne zu begradigen und auszurichten. Die Dauer der Behandlung kann je nach Zustand und Behandlungsbedarf des Patienten variieren und dauert in der Regel zwischen einigen Monaten und mehreren Jahren.<\/p>\n<p>Die Behandlung mit Zahnspangen kann bei Patienten verschiedener Altersgruppen durchgef\u00fchrt werden, wird aber in der Regel im Jugend- oder Erwachsenenalter bevorzugt. W\u00e4hrend der Behandlung sind unter Umst\u00e4nden regelm\u00e4\u00dfige Kontrolluntersuchungen erforderlich, und die Klammern und Dr\u00e4hte m\u00fcssen unter Umst\u00e4nden angepasst oder eingestellt werden.<\/p>\n<p>Unser Ziel ist es, die Zahnfehlstellungen der Patienten zu verbessern und ihnen zu einem gesunden L\u00e4cheln zu verhelfen. F\u00fcr weitere Ausk\u00fcnfte \u00fcber die Behandlung mit Zahnspangen oder um einen Termin zu vereinbaren, kontaktieren Sie uns bitte.<\/p>\n<h2><strong>Was versteht man unter der Behandlung mit Zahnspangen? <\/strong><\/h2>\n<p>Die Behandlung mit Zahnspangen ist eine Form der Behandlung, die zur Korrektur von Zahnfehlstellungen und Skelettproblemen im Kieferbereich empfohlen wird. Es handelt sich um eine Behandlungsmethode, die bei Zahn- und Kiefergelenksunregelm\u00e4\u00dfigkeiten, Engst\u00e4nden, der Beseitigung von Zahnl\u00fccken, der Gestaltung des L\u00e4chelns und anderen notwendigen Zahnbehandlungen angewendet wird.<\/p>\n<p>Bei der Behandlung mit Zahnspangen werden die Z\u00e4hne in die gew\u00fcnschten Richtungen bewegt, indem mit Hilfe von Metallspangen, die auf die auf den Z\u00e4hnen angebrachten Klammern gesetzt werden, eine bestimmte kontinuierliche Kraft ausge\u00fcbt wird. Auf diese Weise werden die Z\u00e4hne in die gew\u00fcnschte Position gebracht.\u00a0 Die Anwendung einer Behandlung mit Zahnspangen ist langwierig. Denn bei der Behandlung mit Zahnspangen handelt es sich um eine Behandlungsmethode, bei der die auf die Z\u00e4hne ausge\u00fcbte Kraft in bestimmten Zeitabst\u00e4nden angepasst werden muss.<\/p>\n<h2><strong>Wer ist der ideale Kandidat f\u00fcr eine Behandlung mit Zahnspangen? <\/strong><\/h2>\n<p>Die Behandlung mit Zahnspangen wird bei Menschen mit Zahnspalten, Zahnfehlstellungen, Zahnschiefst\u00e4nden und Zahnkr\u00fcmmungen durchgef\u00fchrt. Der Behandlungsprozess beginnt mit \u00e4sthetischen Bedenken der Patienten. Das Ziel von Zahn\u00e4rzten und Kieferorthop\u00e4den ist es jedoch, die Z\u00e4hne des Patienten ges\u00fcnder zu machen und in die richtige Position zu bringen.<\/p>\n<h2><strong>Was bewirkt eine Behandlung mit Zahnspangen? <\/strong><\/h2>\n<p>Patienten mit eng stehenden Z\u00e4hnen k\u00f6nnen eine Behandlung mit Zahnspangen in Anspruch nehmen, wenn sie \u00e4sthetische Bedenken haben. Mit dieser Behandlung k\u00f6nnen Patienten ges\u00fcndere Z\u00e4hne und ein \u00e4sthetischeres Aussehen ihres L\u00e4chelns erhalten.<\/p>\n<p>Patienten, die eine Behandlung mit Zahnspangen ben\u00f6tigen, haben Verengungen und anatomische St\u00f6rungen in der Kieferstruktur aufgrund von Fehlstellungen der Z\u00e4hne. Aus diesem Grund kann der Antrag von Patienten auf eine Behandlung mit Zahnspangen nicht nur auf \u00e4sthetische Ziele beschr\u00e4nkt werden.<\/p>\n<p>Bei Menschen mit Zahnfehlstellungen kann es zu Erkrankungen wie Schlafapnoe, Nasenpolypen und Nasenproblemen kommen, die zu Mundtrockenheit f\u00fchren, wenn sie den Mund aufgrund der strukturellen Unvereinbarkeit von Ober- und Unterkiefer nicht schlie\u00dfen k\u00f6nnen. Mit einer Behandlung mit Zahnspangen kann sowohl ein kosmetisches L\u00e4cheln als auch ein gesundes Leben erreicht werden.<\/p>\n<\/div><\/div><\/div><\/div><\/div><\/div><\/section>\n","protected":false},"excerpt":{"rendered":"Behandlung mit Zahnspangen \u00c4sthetisches L\u00e4cheln mit gesunden Z\u00e4hnen. Die Behandlung mit Zahnspangen ist eine kieferorthop\u00e4dische Behandlungsmethode, die zur Korrektur von Zahnfehlstellungen, Engst\u00e4nden, Zahnl\u00fccken oder Kieferfehlstellungen eingesetzt wird. Diese Behandlung sorgt daf\u00fcr, dass die Z\u00e4hne in die richtige Position gebracht werden und eine gesunde Kieferstruktur erhalten bleibt. Die Behandlung mit Zahnspangen beginnt in der Regel mit...","protected":false},"author":1,"featured_media":10866,"parent":8008,"menu_order":0,"comment_status":"closed","ping_status":"closed","template":"","meta":{"_acf_changed":false,"footnotes":""},"sayfa-ve-kategori-eslestirmesi":[64],"class_list":["post-8066","page","type-page","status-publish","has-post-thumbnail","hentry"],"acf":[],"yoast_head":"<!-- This site is optimized with the Yoast SEO plugin v27.4 - https:\/\/yoast.com\/product\/yoast-seo-wordpress\/ -->\n<title>Zahnspange | Megadentist<\/title>\n<meta name=\"robots\" content=\"index, follow, max-snippet:-1, max-image-preview:large, max-video-preview:-1\" \/>\n<link rel=\"canonical\" href=\"https:\/\/megadentist.com.tr\/de\/kieferorthopadische-zahnbehandlungen\/zahnspange\/\" \/>\n<meta property=\"og:locale\" content=\"de_DE\" \/>\n<meta property=\"og:type\" content=\"article\" \/>\n<meta property=\"og:title\" content=\"Zahnspange | Megadentist\" \/>\n<meta property=\"og:url\" content=\"https:\/\/megadentist.com.tr\/de\/kieferorthopadische-zahnbehandlungen\/zahnspange\/\" \/>\n<meta property=\"og:site_name\" content=\"Megadentist\" \/>\n<meta property=\"article:modified_time\" content=\"2024-08-28T11:49:41+00:00\" \/>\n<meta property=\"og:image\" content=\"https:\/\/megadentist.com.tr\/de\/wp-content\/uploads\/2022\/11\/dis-teli-tedavisi.jpg\" \/>\n\t<meta property=\"og:image:width\" content=\"1200\" \/>\n\t<meta property=\"og:image:height\" content=\"1200\" \/>\n\t<meta property=\"og:image:type\" content=\"image\/jpeg\" \/>\n<meta name=\"twitter:card\" content=\"summary_large_image\" \/>\n<meta name=\"twitter:label1\" content=\"Gesch\u00e4tzte Lesezeit\" \/>\n\t<meta name=\"twitter:data1\" content=\"3\u00a0Minuten\" \/>\n<script type=\"application\/ld+json\" class=\"yoast-schema-graph\">{\"@context\":\"https:\\\/\\\/schema.org\",\"@graph\":[{\"@type\":\"WebPage\",\"@id\":\"https:\\\/\\\/megadentist.com.tr\\\/de\\\/kieferorthopadische-zahnbehandlungen\\\/zahnspange\\\/\",\"url\":\"https:\\\/\\\/megadentist.com.tr\\\/de\\\/kieferorthopadische-zahnbehandlungen\\\/zahnspange\\\/\",\"name\":\"Zahnspange | Megadentist\",\"isPartOf\":{\"@id\":\"https:\\\/\\\/megadentist.com.tr\\\/de\\\/#website\"},\"primaryImageOfPage\":{\"@id\":\"https:\\\/\\\/megadentist.com.tr\\\/de\\\/kieferorthopadische-zahnbehandlungen\\\/zahnspange\\\/#primaryimage\"},\"image\":{\"@id\":\"https:\\\/\\\/megadentist.com.tr\\\/de\\\/kieferorthopadische-zahnbehandlungen\\\/zahnspange\\\/#primaryimage\"},\"thumbnailUrl\":\"https:\\\/\\\/megadentist.com.tr\\\/de\\\/wp-content\\\/uploads\\\/2022\\\/11\\\/dis-teli-tedavisi.jpg\",\"datePublished\":\"2022-10-27T14:58:29+00:00\",\"dateModified\":\"2024-08-28T11:49:41+00:00\",\"breadcrumb\":{\"@id\":\"https:\\\/\\\/megadentist.com.tr\\\/de\\\/kieferorthopadische-zahnbehandlungen\\\/zahnspange\\\/#breadcrumb\"},\"inLanguage\":\"de\",\"potentialAction\":[{\"@type\":\"ReadAction\",\"target\":[\"https:\\\/\\\/megadentist.com.tr\\\/de\\\/kieferorthopadische-zahnbehandlungen\\\/zahnspange\\\/\"]}]},{\"@type\":\"ImageObject\",\"inLanguage\":\"de\",\"@id\":\"https:\\\/\\\/megadentist.com.tr\\\/de\\\/kieferorthopadische-zahnbehandlungen\\\/zahnspange\\\/#primaryimage\",\"url\":\"https:\\\/\\\/megadentist.com.tr\\\/de\\\/wp-content\\\/uploads\\\/2022\\\/11\\\/dis-teli-tedavisi.jpg\",\"contentUrl\":\"https:\\\/\\\/megadentist.com.tr\\\/de\\\/wp-content\\\/uploads\\\/2022\\\/11\\\/dis-teli-tedavisi.jpg\",\"width\":1200,\"height\":1200,\"caption\":\"Di\u015f Teli Tedavisi\"},{\"@type\":\"BreadcrumbList\",\"@id\":\"https:\\\/\\\/megadentist.com.tr\\\/de\\\/kieferorthopadische-zahnbehandlungen\\\/zahnspange\\\/#breadcrumb\",\"itemListElement\":[{\"@type\":\"ListItem\",\"position\":1,\"name\":\"Anasayfa\",\"item\":\"https:\\\/\\\/megadentist.com.tr\\\/de\\\/\"},{\"@type\":\"ListItem\",\"position\":2,\"name\":\"Kieferorthop\u00e4dische Zahnbehandlungen\",\"item\":\"https:\\\/\\\/megadentist.com.tr\\\/de\\\/kieferorthopadische-zahnbehandlungen\\\/\"},{\"@type\":\"ListItem\",\"position\":3,\"name\":\"Zahnspange\"}]},{\"@type\":\"WebSite\",\"@id\":\"https:\\\/\\\/megadentist.com.tr\\\/de\\\/#website\",\"url\":\"https:\\\/\\\/megadentist.com.tr\\\/de\\\/\",\"name\":\"Megadentist\",\"description\":\"\",\"potentialAction\":[{\"@type\":\"SearchAction\",\"target\":{\"@type\":\"EntryPoint\",\"urlTemplate\":\"https:\\\/\\\/megadentist.com.tr\\\/de\\\/?s={search_term_string}\"},\"query-input\":{\"@type\":\"PropertyValueSpecification\",\"valueRequired\":true,\"valueName\":\"search_term_string\"}}],\"inLanguage\":\"de\"}]}<\/script>\n<!-- \/ Yoast SEO plugin. -->","yoast_head_json":{"title":"Zahnspange | Megadentist","robots":{"index":"index","follow":"follow","max-snippet":"max-snippet:-1","max-image-preview":"max-image-preview:large","max-video-preview":"max-video-preview:-1"},"canonical":"https:\/\/megadentist.com.tr\/de\/kieferorthopadische-zahnbehandlungen\/zahnspange\/","og_locale":"de_DE","og_type":"article","og_title":"Zahnspange | Megadentist","og_url":"https:\/\/megadentist.com.tr\/de\/kieferorthopadische-zahnbehandlungen\/zahnspange\/","og_site_name":"Megadentist","article_modified_time":"2024-08-28T11:49:41+00:00","og_image":[{"width":1200,"height":1200,"url":"https:\/\/megadentist.com.tr\/de\/wp-content\/uploads\/2022\/11\/dis-teli-tedavisi.jpg","type":"image\/jpeg"}],"twitter_card":"summary_large_image","twitter_misc":{"Gesch\u00e4tzte Lesezeit":"3\u00a0Minuten"},"schema":{"@context":"https:\/\/schema.org","@graph":[{"@type":"WebPage","@id":"https:\/\/megadentist.com.tr\/de\/kieferorthopadische-zahnbehandlungen\/zahnspange\/","url":"https:\/\/megadentist.com.tr\/de\/kieferorthopadische-zahnbehandlungen\/zahnspange\/","name":"Zahnspange | Megadentist","isPartOf":{"@id":"https:\/\/megadentist.com.tr\/de\/#website"},"primaryImageOfPage":{"@id":"https:\/\/megadentist.com.tr\/de\/kieferorthopadische-zahnbehandlungen\/zahnspange\/#primaryimage"},"image":{"@id":"https:\/\/megadentist.com.tr\/de\/kieferorthopadische-zahnbehandlungen\/zahnspange\/#primaryimage"},"thumbnailUrl":"https:\/\/megadentist.com.tr\/de\/wp-content\/uploads\/2022\/11\/dis-teli-tedavisi.jpg","datePublished":"2022-10-27T14:58:29+00:00","dateModified":"2024-08-28T11:49:41+00:00","breadcrumb":{"@id":"https:\/\/megadentist.com.tr\/de\/kieferorthopadische-zahnbehandlungen\/zahnspange\/#breadcrumb"},"inLanguage":"de","potentialAction":[{"@type":"ReadAction","target":["https:\/\/megadentist.com.tr\/de\/kieferorthopadische-zahnbehandlungen\/zahnspange\/"]}]},{"@type":"ImageObject","inLanguage":"de","@id":"https:\/\/megadentist.com.tr\/de\/kieferorthopadische-zahnbehandlungen\/zahnspange\/#primaryimage","url":"https:\/\/megadentist.com.tr\/de\/wp-content\/uploads\/2022\/11\/dis-teli-tedavisi.jpg","contentUrl":"https:\/\/megadentist.com.tr\/de\/wp-content\/uploads\/2022\/11\/dis-teli-tedavisi.jpg","width":1200,"height":1200,"caption":"Di\u015f Teli Tedavisi"},{"@type":"BreadcrumbList","@id":"https:\/\/megadentist.com.tr\/de\/kieferorthopadische-zahnbehandlungen\/zahnspange\/#breadcrumb","itemListElement":[{"@type":"ListItem","position":1,"name":"Anasayfa","item":"https:\/\/megadentist.com.tr\/de\/"},{"@type":"ListItem","position":2,"name":"Kieferorthop\u00e4dische Zahnbehandlungen","item":"https:\/\/megadentist.com.tr\/de\/kieferorthopadische-zahnbehandlungen\/"},{"@type":"ListItem","position":3,"name":"Zahnspange"}]},{"@type":"WebSite","@id":"https:\/\/megadentist.com.tr\/de\/#website","url":"https:\/\/megadentist.com.tr\/de\/","name":"Megadentist","description":"","potentialAction":[{"@type":"SearchAction","target":{"@type":"EntryPoint","urlTemplate":"https:\/\/megadentist.com.tr\/de\/?s={search_term_string}"},"query-input":{"@type":"PropertyValueSpecification","valueRequired":true,"valueName":"search_term_string"}}],"inLanguage":"de"}]}},"_links":{"self":[{"href":"https:\/\/megadentist.com.tr\/de\/wp-json\/wp\/v2\/pages\/8066","targetHints":{"allow":["GET"]}}],"collection":[{"href":"https:\/\/megadentist.com.tr\/de\/wp-json\/wp\/v2\/pages"}],"about":[{"href":"https:\/\/megadentist.com.tr\/de\/wp-json\/wp\/v2\/types\/page"}],"author":[{"embeddable":true,"href":"https:\/\/megadentist.com.tr\/de\/wp-json\/wp\/v2\/users\/1"}],"replies":[{"embeddable":true,"href":"https:\/\/megadentist.com.tr\/de\/wp-json\/wp\/v2\/comments?post=8066"}],"version-history":[{"count":4,"href":"https:\/\/megadentist.com.tr\/de\/wp-json\/wp\/v2\/pages\/8066\/revisions"}],"predecessor-version":[{"id":15798,"href":"https:\/\/megadentist.com.tr\/de\/wp-json\/wp\/v2\/pages\/8066\/revisions\/15798"}],"up":[{"embeddable":true,"href":"https:\/\/megadentist.com.tr\/de\/wp-json\/wp\/v2\/pages\/8008"}],"wp:featuredmedia":[{"embeddable":true,"href":"https:\/\/megadentist.com.tr\/de\/wp-json\/wp\/v2\/media\/10866"}],"wp:attachment":[{"href":"https:\/\/megadentist.com.tr\/de\/wp-json\/wp\/v2\/media?parent=8066"}],"wp:term":[{"taxonomy":"sayfa-ve-kategori-eslestirmesi","embeddable":true,"href":"https:\/\/megadentist.com.tr\/de\/wp-json\/wp\/v2\/sayfa-ve-kategori-eslestirmesi?post=8066"}],"curies":[{"name":"wp","href":"https:\/\/api.w.org\/{rel}","templated":true}]}}