{"id":8060,"date":"2022-10-27T17:57:35","date_gmt":"2022-10-27T14:57:35","guid":{"rendered":"https:\/\/megadentist.com.tr\/?page_id=8060"},"modified":"2024-08-28T14:42:51","modified_gmt":"2024-08-28T11:42:51","slug":"extraktion-von-retinierten-zahnen","status":"publish","type":"page","link":"https:\/\/megadentist.com.tr\/de\/allgemeine-zahnbehandlungen\/extraktion-von-retinierten-zahnen\/","title":{"rendered":"Extraktion von retinierten Z\u00e4hnen"},"content":{"rendered":"<section class=\"l-section wpb_row height_custom\"><div class=\"l-section-h i-cf\"><div class=\"g-cols vc_row via_grid cols_1 laptops-cols_inherit tablets-cols_inherit mobiles-cols_1 valign_top type_default stacking_default\"><div class=\"wpb_column vc_column_container\"><div class=\"vc_column-inner\"><div class=\"wpb_text_column\"><div class=\"wpb_wrapper\"><h2><strong>Chirurgische Eingriffe bei retinierten Z\u00e4hnen <\/strong><\/h2>\n<p><strong>Mit Ihrer Zahngesundheit ist nicht zu spa\u00dfen. <\/strong><\/p>\n<p>Bei der Extraktion und Behandlung von retinierten Z\u00e4hnen handelt es sich um ein zahnmedizinisches Verfahren, bei dem Z\u00e4hne, die sich nicht vollst\u00e4ndig oder nur teilweise im Kieferknochen entwickelt haben, entfernt und behandelt werden. Retinierte Z\u00e4hne sind gemeinhin als Weisheitsz\u00e4hne bekannt und befinden sich in der Regel im Kieferknochen oder hinter anderen Z\u00e4hnen.<\/p>\n<p>Die Extraktion eines retinierten Zahns wird unter \u00f6rtlicher Bet\u00e4ubung durchgef\u00fchrt und ist in der Regel schmerzlos. Durch Erweichung des Gewebes und des Knochens um den Zahn herum entfernt der Zahnarzt den Zahn effektiv. Nach der Extraktion wird die Extraktionsstelle gereinigt und gegebenenfalls vern\u00e4ht.<\/p>\n<p>Nach der Extraktion eines retinierten Zahns kann der Zahnarzt Behandlungsma\u00dfnahmen ergreifen, um die Extraktionsstelle zu heilen und die Zahnh\u00f6hle zu erhalten. Dies kann das Einsetzen einer Prothese oder eines Implantats, den Wiederaufbau des Knochens oder andere restaurative Verfahren umfassen.<\/p>\n<p>Unser Ziel ist es, retinierte Z\u00e4hne schmerzfrei zu entfernen und unsere Patienten mit den am besten geeigneten Behandlungsm\u00f6glichkeiten nach der Extraktion zu unterst\u00fctzen. Kontaktieren Sie uns f\u00fcr weitere Ausk\u00fcnfte oder einen Termin.<\/p>\n<h2><strong>Ist die chirurgische Behandlung eines retinierten Zahns schwierig? <\/strong><\/h2>\n<p>Die Schwierigkeit der Operation eines retinierten Zahns h\u00e4ngt von der Position und dem Winkel des retinierten Zahns ab. Die Extraktion von Z\u00e4hnen, die im Zahnfleisch oder auf der Oberfl\u00e4che liegen, ist in kurzer Zeit erledigt. Die Extraktion von tief und schr\u00e4g stehenden Z\u00e4hnen erfordert einen l\u00e4ngeren chirurgischen Eingriff. Doch selbst bei sehr schwierigen Operationen von retinierten Z\u00e4hnen sind w\u00e4hrend des Eingriffs keine Schmerzen zu sp\u00fcren.<\/p>\n<h2><strong>Was ist der Unterschied zwischen der Extraktion eines retinierten Zahns und einer normalen Zahnextraktion? <\/strong><\/h2>\n<p>Bei der Extraktion von retinierten Z\u00e4hnen handelt es sich in der Regel um die chirurgische Entfernung von Weisheitsz\u00e4hnen unter der Haut. Die normale Zahnextraktion ist die Entfernung von besch\u00e4digten und unheilbaren Z\u00e4hnen.<\/p>\n<h2><strong>In welchen F\u00e4llen sollten retinierte Z\u00e4hne entfernt werden? <\/strong><\/h2>\n<p>Retinierte Z\u00e4hne sollten in bestimmten Situationen entfernt werden. Dazu geh\u00f6ren die folgenden Situationen:<\/p>\n<ul>\n<li>Vorhandensein von halb retinierten Z\u00e4hnen, die eine Zahnfleischentz\u00fcndung verursachen;<\/li>\n<li>Vorhandensein von Z\u00e4hnen, die die Nachbarz\u00e4hne zusammendr\u00fccken und Schmerzen verursachen<\/li>\n<li>Risiko der Zystenbildung um den retinierten Zahn<\/li>\n<li>Kieferorthop\u00e4dische Gr\u00fcnde<\/li>\n<\/ul>\n<\/div><\/div><\/div><\/div><\/div><\/div><\/section>\n","protected":false},"excerpt":{"rendered":"Chirurgische Eingriffe bei retinierten Z\u00e4hnen Mit Ihrer Zahngesundheit ist nicht zu spa\u00dfen. Bei der Extraktion und Behandlung von retinierten Z\u00e4hnen handelt es sich um ein zahnmedizinisches Verfahren, bei dem Z\u00e4hne, die sich nicht vollst\u00e4ndig oder nur teilweise im Kieferknochen entwickelt haben, entfernt und behandelt werden. Retinierte Z\u00e4hne sind gemeinhin als Weisheitsz\u00e4hne bekannt und befinden sich...","protected":false},"author":1,"featured_media":10860,"parent":8006,"menu_order":0,"comment_status":"closed","ping_status":"closed","template":"","meta":{"_acf_changed":false,"footnotes":""},"sayfa-ve-kategori-eslestirmesi":[63],"class_list":["post-8060","page","type-page","status-publish","has-post-thumbnail","hentry"],"acf":[],"yoast_head":"<!-- This site is optimized with the Yoast SEO plugin v27.4 - https:\/\/yoast.com\/product\/yoast-seo-wordpress\/ -->\n<title>Extraktion von retinierten Z\u00e4hnen | Megadentist<\/title>\n<meta name=\"robots\" content=\"index, follow, max-snippet:-1, max-image-preview:large, max-video-preview:-1\" \/>\n<link rel=\"canonical\" href=\"https:\/\/megadentist.com.tr\/de\/allgemeine-zahnbehandlungen\/extraktion-von-retinierten-zahnen\/\" \/>\n<meta property=\"og:locale\" content=\"de_DE\" \/>\n<meta property=\"og:type\" content=\"article\" \/>\n<meta property=\"og:title\" content=\"Extraktion von retinierten Z\u00e4hnen | Megadentist\" \/>\n<meta property=\"og:url\" content=\"https:\/\/megadentist.com.tr\/de\/allgemeine-zahnbehandlungen\/extraktion-von-retinierten-zahnen\/\" \/>\n<meta property=\"og:site_name\" content=\"Megadentist\" \/>\n<meta property=\"article:modified_time\" content=\"2024-08-28T11:42:51+00:00\" \/>\n<meta property=\"og:image\" content=\"https:\/\/megadentist.com.tr\/de\/wp-content\/uploads\/2022\/11\/gomulu-dis-cekimi.jpg\" \/>\n\t<meta property=\"og:image:width\" content=\"1326\" \/>\n\t<meta property=\"og:image:height\" content=\"999\" \/>\n\t<meta property=\"og:image:type\" content=\"image\/jpeg\" \/>\n<meta name=\"twitter:card\" content=\"summary_large_image\" \/>\n<meta name=\"twitter:label1\" content=\"Gesch\u00e4tzte Lesezeit\" \/>\n\t<meta name=\"twitter:data1\" content=\"3\u00a0Minuten\" \/>\n<script type=\"application\/ld+json\" class=\"yoast-schema-graph\">{\"@context\":\"https:\\\/\\\/schema.org\",\"@graph\":[{\"@type\":\"WebPage\",\"@id\":\"https:\\\/\\\/megadentist.com.tr\\\/de\\\/allgemeine-zahnbehandlungen\\\/extraktion-von-retinierten-zahnen\\\/\",\"url\":\"https:\\\/\\\/megadentist.com.tr\\\/de\\\/allgemeine-zahnbehandlungen\\\/extraktion-von-retinierten-zahnen\\\/\",\"name\":\"Extraktion von retinierten Z\u00e4hnen | Megadentist\",\"isPartOf\":{\"@id\":\"https:\\\/\\\/megadentist.com.tr\\\/de\\\/#website\"},\"primaryImageOfPage\":{\"@id\":\"https:\\\/\\\/megadentist.com.tr\\\/de\\\/allgemeine-zahnbehandlungen\\\/extraktion-von-retinierten-zahnen\\\/#primaryimage\"},\"image\":{\"@id\":\"https:\\\/\\\/megadentist.com.tr\\\/de\\\/allgemeine-zahnbehandlungen\\\/extraktion-von-retinierten-zahnen\\\/#primaryimage\"},\"thumbnailUrl\":\"https:\\\/\\\/megadentist.com.tr\\\/de\\\/wp-content\\\/uploads\\\/2022\\\/11\\\/gomulu-dis-cekimi.jpg\",\"datePublished\":\"2022-10-27T14:57:35+00:00\",\"dateModified\":\"2024-08-28T11:42:51+00:00\",\"breadcrumb\":{\"@id\":\"https:\\\/\\\/megadentist.com.tr\\\/de\\\/allgemeine-zahnbehandlungen\\\/extraktion-von-retinierten-zahnen\\\/#breadcrumb\"},\"inLanguage\":\"de\",\"potentialAction\":[{\"@type\":\"ReadAction\",\"target\":[\"https:\\\/\\\/megadentist.com.tr\\\/de\\\/allgemeine-zahnbehandlungen\\\/extraktion-von-retinierten-zahnen\\\/\"]}]},{\"@type\":\"ImageObject\",\"inLanguage\":\"de\",\"@id\":\"https:\\\/\\\/megadentist.com.tr\\\/de\\\/allgemeine-zahnbehandlungen\\\/extraktion-von-retinierten-zahnen\\\/#primaryimage\",\"url\":\"https:\\\/\\\/megadentist.com.tr\\\/de\\\/wp-content\\\/uploads\\\/2022\\\/11\\\/gomulu-dis-cekimi.jpg\",\"contentUrl\":\"https:\\\/\\\/megadentist.com.tr\\\/de\\\/wp-content\\\/uploads\\\/2022\\\/11\\\/gomulu-dis-cekimi.jpg\",\"width\":1326,\"height\":999,\"caption\":\"G\u00f6m\u00fcl\u00fc Di\u015f \u00c7ekimi\"},{\"@type\":\"BreadcrumbList\",\"@id\":\"https:\\\/\\\/megadentist.com.tr\\\/de\\\/allgemeine-zahnbehandlungen\\\/extraktion-von-retinierten-zahnen\\\/#breadcrumb\",\"itemListElement\":[{\"@type\":\"ListItem\",\"position\":1,\"name\":\"Anasayfa\",\"item\":\"https:\\\/\\\/megadentist.com.tr\\\/de\\\/\"},{\"@type\":\"ListItem\",\"position\":2,\"name\":\"Allgemeine Zahnbehandlungen\",\"item\":\"https:\\\/\\\/megadentist.com.tr\\\/de\\\/allgemeine-zahnbehandlungen\\\/\"},{\"@type\":\"ListItem\",\"position\":3,\"name\":\"Extraktion von retinierten Z\u00e4hnen\"}]},{\"@type\":\"WebSite\",\"@id\":\"https:\\\/\\\/megadentist.com.tr\\\/de\\\/#website\",\"url\":\"https:\\\/\\\/megadentist.com.tr\\\/de\\\/\",\"name\":\"Megadentist\",\"description\":\"\",\"potentialAction\":[{\"@type\":\"SearchAction\",\"target\":{\"@type\":\"EntryPoint\",\"urlTemplate\":\"https:\\\/\\\/megadentist.com.tr\\\/de\\\/?s={search_term_string}\"},\"query-input\":{\"@type\":\"PropertyValueSpecification\",\"valueRequired\":true,\"valueName\":\"search_term_string\"}}],\"inLanguage\":\"de\"}]}<\/script>\n<!-- \/ Yoast SEO plugin. -->","yoast_head_json":{"title":"Extraktion von retinierten Z\u00e4hnen | Megadentist","robots":{"index":"index","follow":"follow","max-snippet":"max-snippet:-1","max-image-preview":"max-image-preview:large","max-video-preview":"max-video-preview:-1"},"canonical":"https:\/\/megadentist.com.tr\/de\/allgemeine-zahnbehandlungen\/extraktion-von-retinierten-zahnen\/","og_locale":"de_DE","og_type":"article","og_title":"Extraktion von retinierten Z\u00e4hnen | Megadentist","og_url":"https:\/\/megadentist.com.tr\/de\/allgemeine-zahnbehandlungen\/extraktion-von-retinierten-zahnen\/","og_site_name":"Megadentist","article_modified_time":"2024-08-28T11:42:51+00:00","og_image":[{"width":1326,"height":999,"url":"https:\/\/megadentist.com.tr\/de\/wp-content\/uploads\/2022\/11\/gomulu-dis-cekimi.jpg","type":"image\/jpeg"}],"twitter_card":"summary_large_image","twitter_misc":{"Gesch\u00e4tzte Lesezeit":"3\u00a0Minuten"},"schema":{"@context":"https:\/\/schema.org","@graph":[{"@type":"WebPage","@id":"https:\/\/megadentist.com.tr\/de\/allgemeine-zahnbehandlungen\/extraktion-von-retinierten-zahnen\/","url":"https:\/\/megadentist.com.tr\/de\/allgemeine-zahnbehandlungen\/extraktion-von-retinierten-zahnen\/","name":"Extraktion von retinierten Z\u00e4hnen | Megadentist","isPartOf":{"@id":"https:\/\/megadentist.com.tr\/de\/#website"},"primaryImageOfPage":{"@id":"https:\/\/megadentist.com.tr\/de\/allgemeine-zahnbehandlungen\/extraktion-von-retinierten-zahnen\/#primaryimage"},"image":{"@id":"https:\/\/megadentist.com.tr\/de\/allgemeine-zahnbehandlungen\/extraktion-von-retinierten-zahnen\/#primaryimage"},"thumbnailUrl":"https:\/\/megadentist.com.tr\/de\/wp-content\/uploads\/2022\/11\/gomulu-dis-cekimi.jpg","datePublished":"2022-10-27T14:57:35+00:00","dateModified":"2024-08-28T11:42:51+00:00","breadcrumb":{"@id":"https:\/\/megadentist.com.tr\/de\/allgemeine-zahnbehandlungen\/extraktion-von-retinierten-zahnen\/#breadcrumb"},"inLanguage":"de","potentialAction":[{"@type":"ReadAction","target":["https:\/\/megadentist.com.tr\/de\/allgemeine-zahnbehandlungen\/extraktion-von-retinierten-zahnen\/"]}]},{"@type":"ImageObject","inLanguage":"de","@id":"https:\/\/megadentist.com.tr\/de\/allgemeine-zahnbehandlungen\/extraktion-von-retinierten-zahnen\/#primaryimage","url":"https:\/\/megadentist.com.tr\/de\/wp-content\/uploads\/2022\/11\/gomulu-dis-cekimi.jpg","contentUrl":"https:\/\/megadentist.com.tr\/de\/wp-content\/uploads\/2022\/11\/gomulu-dis-cekimi.jpg","width":1326,"height":999,"caption":"G\u00f6m\u00fcl\u00fc Di\u015f \u00c7ekimi"},{"@type":"BreadcrumbList","@id":"https:\/\/megadentist.com.tr\/de\/allgemeine-zahnbehandlungen\/extraktion-von-retinierten-zahnen\/#breadcrumb","itemListElement":[{"@type":"ListItem","position":1,"name":"Anasayfa","item":"https:\/\/megadentist.com.tr\/de\/"},{"@type":"ListItem","position":2,"name":"Allgemeine Zahnbehandlungen","item":"https:\/\/megadentist.com.tr\/de\/allgemeine-zahnbehandlungen\/"},{"@type":"ListItem","position":3,"name":"Extraktion von retinierten Z\u00e4hnen"}]},{"@type":"WebSite","@id":"https:\/\/megadentist.com.tr\/de\/#website","url":"https:\/\/megadentist.com.tr\/de\/","name":"Megadentist","description":"","potentialAction":[{"@type":"SearchAction","target":{"@type":"EntryPoint","urlTemplate":"https:\/\/megadentist.com.tr\/de\/?s={search_term_string}"},"query-input":{"@type":"PropertyValueSpecification","valueRequired":true,"valueName":"search_term_string"}}],"inLanguage":"de"}]}},"_links":{"self":[{"href":"https:\/\/megadentist.com.tr\/de\/wp-json\/wp\/v2\/pages\/8060","targetHints":{"allow":["GET"]}}],"collection":[{"href":"https:\/\/megadentist.com.tr\/de\/wp-json\/wp\/v2\/pages"}],"about":[{"href":"https:\/\/megadentist.com.tr\/de\/wp-json\/wp\/v2\/types\/page"}],"author":[{"embeddable":true,"href":"https:\/\/megadentist.com.tr\/de\/wp-json\/wp\/v2\/users\/1"}],"replies":[{"embeddable":true,"href":"https:\/\/megadentist.com.tr\/de\/wp-json\/wp\/v2\/comments?post=8060"}],"version-history":[{"count":4,"href":"https:\/\/megadentist.com.tr\/de\/wp-json\/wp\/v2\/pages\/8060\/revisions"}],"predecessor-version":[{"id":15795,"href":"https:\/\/megadentist.com.tr\/de\/wp-json\/wp\/v2\/pages\/8060\/revisions\/15795"}],"up":[{"embeddable":true,"href":"https:\/\/megadentist.com.tr\/de\/wp-json\/wp\/v2\/pages\/8006"}],"wp:featuredmedia":[{"embeddable":true,"href":"https:\/\/megadentist.com.tr\/de\/wp-json\/wp\/v2\/media\/10860"}],"wp:attachment":[{"href":"https:\/\/megadentist.com.tr\/de\/wp-json\/wp\/v2\/media?parent=8060"}],"wp:term":[{"taxonomy":"sayfa-ve-kategori-eslestirmesi","embeddable":true,"href":"https:\/\/megadentist.com.tr\/de\/wp-json\/wp\/v2\/sayfa-ve-kategori-eslestirmesi?post=8060"}],"curies":[{"name":"wp","href":"https:\/\/api.w.org\/{rel}","templated":true}]}}