{"id":8052,"date":"2022-10-27T17:56:16","date_gmt":"2022-10-27T14:56:16","guid":{"rendered":"https:\/\/megadentist.com.tr\/?page_id=8052"},"modified":"2024-08-28T14:46:28","modified_gmt":"2024-08-28T11:46:28","slug":"zahnkronen","status":"publish","type":"page","link":"https:\/\/megadentist.com.tr\/de\/allgemeine-zahnbehandlungen\/zahnkronen\/","title":{"rendered":"Zahnkronen"},"content":{"rendered":"<section class=\"l-section wpb_row height_custom\"><div class=\"l-section-h i-cf\"><div class=\"g-cols vc_row via_grid cols_1 laptops-cols_inherit tablets-cols_inherit mobiles-cols_1 valign_top type_default stacking_default\"><div class=\"wpb_column vc_column_container\"><div class=\"vc_column-inner\"><div class=\"wpb_text_column\"><div class=\"wpb_wrapper\"><h2><strong>Behandlung mit Zahnkronen <\/strong><\/h2>\n<p><strong>In jedem L\u00e4cheln liegt ein anderes Gl\u00fcck. <\/strong><\/p>\n<p>Eine Zahnkrone ist eine kosmetische zahn\u00e4rztliche Behandlung, mit der die Vorderfl\u00e4chen der Z\u00e4hne abgedeckt werden. Zahnkronen werden verwendet, um den besch\u00e4digten, kari\u00f6sen, abgebrochenen oder deformierten Teil des Zahns zu bedecken. Sie sind speziell geformt, um der nat\u00fcrlichen Zahnfarbe und -struktur zu entsprechen.<\/p>\n<p>Diese Behandlung verbessert die Gesundheit und das \u00e4sthetische Erscheinungsbild der Z\u00e4hne und bietet dauerhaften Schutz. Unsere fachkundigen Zahn\u00e4rzte erstellen einen ma\u00dfgeschneiderten Kronen-Behandlungsplan, der die Zahnstruktur, die \u00e4sthetischen Vorlieben und den Behandlungsbedarf des Patienten ber\u00fccksichtigt. Der Behandlungsprozess erfordert in der Regel mehrere Besuche, und die Ergebnisse sorgen f\u00fcr ein stabiles, nat\u00fcrliches und attraktives L\u00e4cheln.<\/p>\n<p>Unser Ziel ist es, den Patienten zu helfen, ihre Zahngesundheit zu erhalten und \u00e4sthetisch zufriedenstellende Ergebnisse zu erzielen. Kontaktieren Sie uns f\u00fcr weitere Ausk\u00fcnfte oder einen Termin.<\/p>\n<h2><strong>Welche Arten von Zahnkronen gibt es? <\/strong><\/h2>\n<p>Es gibt vier Arten von Zahnkronen: metallgest\u00fctzte Porzellankronen, Zirkoniumkronen, Empress-Kronen und Porzellankronen.<\/p>\n<p>Die <strong>Empress-Zahnkronen<\/strong> sorgen f\u00fcr ein nat\u00fcrliches Aussehen, ohne Verwendung von metallhaltigen Materialien.<br \/>\nDie <strong>Zahnkronen aus Porzellan<\/strong> sind dauerhafte Anwendungen f\u00fcr die Z\u00e4hne und werden als Metallporzellan oder Vollkeramik verwendet.<br \/>\nDie <strong>Zahnkronen aus Metall<\/strong> werden am h\u00e4ufigsten verwendet.<br \/>\nDie <strong>Zahnkronen aus Zirkonium<\/strong> ist eine robuste und nat\u00fcrliche Methode zur Abdeckung von Z\u00e4hnen, die effektive Ergebnisse in der kosmetischen Zahnmedizin liefert. Mit einer Zirkoniumkrone wird nicht nur der Zahnverlust beseitigt, sondern auch ein gesundes L\u00e4cheln erzielt.<\/p>\n<h2><strong>Was sollte nach einer Kronenbehandlung beachtet werden?<\/strong><\/h2>\n<p>Nach einer Kronenbehandlung treten keine Beschwerden auf. Wenn es jedoch ein Problem mit der Empfindlichkeit der Nerven gibt, ist es m\u00f6glich, dass nach der Kronenbehandlung Empfindlichkeit auftritt. Wenn nach der Behandlung eine Empfindlichkeit gegen\u00fcber K\u00e4lte und W\u00e4rme besteht, ist es ratsam, den Zahnarzt aufzusuchen, ohne Zeit zu verlieren.<\/p>\n<\/div><\/div><\/div><\/div><\/div><\/div><\/section>\n","protected":false},"excerpt":{"rendered":"Behandlung mit Zahnkronen In jedem L\u00e4cheln liegt ein anderes Gl\u00fcck. Eine Zahnkrone ist eine kosmetische zahn\u00e4rztliche Behandlung, mit der die Vorderfl\u00e4chen der Z\u00e4hne abgedeckt werden. Zahnkronen werden verwendet, um den besch\u00e4digten, kari\u00f6sen, abgebrochenen oder deformierten Teil des Zahns zu bedecken. Sie sind speziell geformt, um der nat\u00fcrlichen Zahnfarbe und -struktur zu entsprechen. Diese Behandlung verbessert...","protected":false},"author":1,"featured_media":10852,"parent":8006,"menu_order":0,"comment_status":"closed","ping_status":"closed","template":"","meta":{"_acf_changed":false,"footnotes":""},"sayfa-ve-kategori-eslestirmesi":[63],"class_list":["post-8052","page","type-page","status-publish","has-post-thumbnail","hentry"],"acf":[],"yoast_head":"<!-- This site is optimized with the Yoast SEO plugin v27.5 - https:\/\/yoast.com\/product\/yoast-seo-wordpress\/ -->\n<title>Zahnkronen | Megadentist<\/title>\n<meta name=\"robots\" content=\"index, follow, max-snippet:-1, max-image-preview:large, max-video-preview:-1\" \/>\n<link rel=\"canonical\" href=\"https:\/\/megadentist.com.tr\/de\/allgemeine-zahnbehandlungen\/zahnkronen\/\" \/>\n<meta property=\"og:locale\" content=\"de_DE\" \/>\n<meta property=\"og:type\" content=\"article\" \/>\n<meta property=\"og:title\" content=\"Zahnkronen | Megadentist\" \/>\n<meta property=\"og:url\" content=\"https:\/\/megadentist.com.tr\/de\/allgemeine-zahnbehandlungen\/zahnkronen\/\" \/>\n<meta property=\"og:site_name\" content=\"Megadentist\" \/>\n<meta property=\"article:modified_time\" content=\"2024-08-28T11:46:28+00:00\" \/>\n<meta property=\"og:image\" content=\"https:\/\/megadentist.com.tr\/de\/wp-content\/uploads\/2022\/11\/kuron.jpg\" \/>\n\t<meta property=\"og:image:width\" content=\"1804\" \/>\n\t<meta property=\"og:image:height\" content=\"1080\" \/>\n\t<meta property=\"og:image:type\" content=\"image\/jpeg\" \/>\n<meta name=\"twitter:card\" content=\"summary_large_image\" \/>\n<meta name=\"twitter:label1\" content=\"Gesch\u00e4tzte Lesezeit\" \/>\n\t<meta name=\"twitter:data1\" content=\"2\u00a0Minuten\" \/>\n<script type=\"application\/ld+json\" class=\"yoast-schema-graph\">{\"@context\":\"https:\\\/\\\/schema.org\",\"@graph\":[{\"@type\":\"WebPage\",\"@id\":\"https:\\\/\\\/megadentist.com.tr\\\/de\\\/allgemeine-zahnbehandlungen\\\/zahnkronen\\\/\",\"url\":\"https:\\\/\\\/megadentist.com.tr\\\/de\\\/allgemeine-zahnbehandlungen\\\/zahnkronen\\\/\",\"name\":\"Zahnkronen | Megadentist\",\"isPartOf\":{\"@id\":\"https:\\\/\\\/megadentist.com.tr\\\/de\\\/#website\"},\"primaryImageOfPage\":{\"@id\":\"https:\\\/\\\/megadentist.com.tr\\\/de\\\/allgemeine-zahnbehandlungen\\\/zahnkronen\\\/#primaryimage\"},\"image\":{\"@id\":\"https:\\\/\\\/megadentist.com.tr\\\/de\\\/allgemeine-zahnbehandlungen\\\/zahnkronen\\\/#primaryimage\"},\"thumbnailUrl\":\"https:\\\/\\\/megadentist.com.tr\\\/de\\\/wp-content\\\/uploads\\\/2022\\\/11\\\/kuron.jpg\",\"datePublished\":\"2022-10-27T14:56:16+00:00\",\"dateModified\":\"2024-08-28T11:46:28+00:00\",\"breadcrumb\":{\"@id\":\"https:\\\/\\\/megadentist.com.tr\\\/de\\\/allgemeine-zahnbehandlungen\\\/zahnkronen\\\/#breadcrumb\"},\"inLanguage\":\"de\",\"potentialAction\":[{\"@type\":\"ReadAction\",\"target\":[\"https:\\\/\\\/megadentist.com.tr\\\/de\\\/allgemeine-zahnbehandlungen\\\/zahnkronen\\\/\"]}]},{\"@type\":\"ImageObject\",\"inLanguage\":\"de\",\"@id\":\"https:\\\/\\\/megadentist.com.tr\\\/de\\\/allgemeine-zahnbehandlungen\\\/zahnkronen\\\/#primaryimage\",\"url\":\"https:\\\/\\\/megadentist.com.tr\\\/de\\\/wp-content\\\/uploads\\\/2022\\\/11\\\/kuron.jpg\",\"contentUrl\":\"https:\\\/\\\/megadentist.com.tr\\\/de\\\/wp-content\\\/uploads\\\/2022\\\/11\\\/kuron.jpg\",\"width\":1804,\"height\":1080,\"caption\":\"NSDP Blog Image\"},{\"@type\":\"BreadcrumbList\",\"@id\":\"https:\\\/\\\/megadentist.com.tr\\\/de\\\/allgemeine-zahnbehandlungen\\\/zahnkronen\\\/#breadcrumb\",\"itemListElement\":[{\"@type\":\"ListItem\",\"position\":1,\"name\":\"Anasayfa\",\"item\":\"https:\\\/\\\/megadentist.com.tr\\\/de\\\/\"},{\"@type\":\"ListItem\",\"position\":2,\"name\":\"Allgemeine Zahnbehandlungen\",\"item\":\"https:\\\/\\\/megadentist.com.tr\\\/de\\\/allgemeine-zahnbehandlungen\\\/\"},{\"@type\":\"ListItem\",\"position\":3,\"name\":\"Zahnkronen\"}]},{\"@type\":\"WebSite\",\"@id\":\"https:\\\/\\\/megadentist.com.tr\\\/de\\\/#website\",\"url\":\"https:\\\/\\\/megadentist.com.tr\\\/de\\\/\",\"name\":\"Megadentist\",\"description\":\"\",\"potentialAction\":[{\"@type\":\"SearchAction\",\"target\":{\"@type\":\"EntryPoint\",\"urlTemplate\":\"https:\\\/\\\/megadentist.com.tr\\\/de\\\/?s={search_term_string}\"},\"query-input\":{\"@type\":\"PropertyValueSpecification\",\"valueRequired\":true,\"valueName\":\"search_term_string\"}}],\"inLanguage\":\"de\"}]}<\/script>\n<!-- \/ Yoast SEO plugin. -->","yoast_head_json":{"title":"Zahnkronen | Megadentist","robots":{"index":"index","follow":"follow","max-snippet":"max-snippet:-1","max-image-preview":"max-image-preview:large","max-video-preview":"max-video-preview:-1"},"canonical":"https:\/\/megadentist.com.tr\/de\/allgemeine-zahnbehandlungen\/zahnkronen\/","og_locale":"de_DE","og_type":"article","og_title":"Zahnkronen | Megadentist","og_url":"https:\/\/megadentist.com.tr\/de\/allgemeine-zahnbehandlungen\/zahnkronen\/","og_site_name":"Megadentist","article_modified_time":"2024-08-28T11:46:28+00:00","og_image":[{"width":1804,"height":1080,"url":"https:\/\/megadentist.com.tr\/de\/wp-content\/uploads\/2022\/11\/kuron.jpg","type":"image\/jpeg"}],"twitter_card":"summary_large_image","twitter_misc":{"Gesch\u00e4tzte Lesezeit":"2\u00a0Minuten"},"schema":{"@context":"https:\/\/schema.org","@graph":[{"@type":"WebPage","@id":"https:\/\/megadentist.com.tr\/de\/allgemeine-zahnbehandlungen\/zahnkronen\/","url":"https:\/\/megadentist.com.tr\/de\/allgemeine-zahnbehandlungen\/zahnkronen\/","name":"Zahnkronen | Megadentist","isPartOf":{"@id":"https:\/\/megadentist.com.tr\/de\/#website"},"primaryImageOfPage":{"@id":"https:\/\/megadentist.com.tr\/de\/allgemeine-zahnbehandlungen\/zahnkronen\/#primaryimage"},"image":{"@id":"https:\/\/megadentist.com.tr\/de\/allgemeine-zahnbehandlungen\/zahnkronen\/#primaryimage"},"thumbnailUrl":"https:\/\/megadentist.com.tr\/de\/wp-content\/uploads\/2022\/11\/kuron.jpg","datePublished":"2022-10-27T14:56:16+00:00","dateModified":"2024-08-28T11:46:28+00:00","breadcrumb":{"@id":"https:\/\/megadentist.com.tr\/de\/allgemeine-zahnbehandlungen\/zahnkronen\/#breadcrumb"},"inLanguage":"de","potentialAction":[{"@type":"ReadAction","target":["https:\/\/megadentist.com.tr\/de\/allgemeine-zahnbehandlungen\/zahnkronen\/"]}]},{"@type":"ImageObject","inLanguage":"de","@id":"https:\/\/megadentist.com.tr\/de\/allgemeine-zahnbehandlungen\/zahnkronen\/#primaryimage","url":"https:\/\/megadentist.com.tr\/de\/wp-content\/uploads\/2022\/11\/kuron.jpg","contentUrl":"https:\/\/megadentist.com.tr\/de\/wp-content\/uploads\/2022\/11\/kuron.jpg","width":1804,"height":1080,"caption":"NSDP Blog Image"},{"@type":"BreadcrumbList","@id":"https:\/\/megadentist.com.tr\/de\/allgemeine-zahnbehandlungen\/zahnkronen\/#breadcrumb","itemListElement":[{"@type":"ListItem","position":1,"name":"Anasayfa","item":"https:\/\/megadentist.com.tr\/de\/"},{"@type":"ListItem","position":2,"name":"Allgemeine Zahnbehandlungen","item":"https:\/\/megadentist.com.tr\/de\/allgemeine-zahnbehandlungen\/"},{"@type":"ListItem","position":3,"name":"Zahnkronen"}]},{"@type":"WebSite","@id":"https:\/\/megadentist.com.tr\/de\/#website","url":"https:\/\/megadentist.com.tr\/de\/","name":"Megadentist","description":"","potentialAction":[{"@type":"SearchAction","target":{"@type":"EntryPoint","urlTemplate":"https:\/\/megadentist.com.tr\/de\/?s={search_term_string}"},"query-input":{"@type":"PropertyValueSpecification","valueRequired":true,"valueName":"search_term_string"}}],"inLanguage":"de"}]}},"_links":{"self":[{"href":"https:\/\/megadentist.com.tr\/de\/wp-json\/wp\/v2\/pages\/8052","targetHints":{"allow":["GET"]}}],"collection":[{"href":"https:\/\/megadentist.com.tr\/de\/wp-json\/wp\/v2\/pages"}],"about":[{"href":"https:\/\/megadentist.com.tr\/de\/wp-json\/wp\/v2\/types\/page"}],"author":[{"embeddable":true,"href":"https:\/\/megadentist.com.tr\/de\/wp-json\/wp\/v2\/users\/1"}],"replies":[{"embeddable":true,"href":"https:\/\/megadentist.com.tr\/de\/wp-json\/wp\/v2\/comments?post=8052"}],"version-history":[{"count":5,"href":"https:\/\/megadentist.com.tr\/de\/wp-json\/wp\/v2\/pages\/8052\/revisions"}],"predecessor-version":[{"id":15791,"href":"https:\/\/megadentist.com.tr\/de\/wp-json\/wp\/v2\/pages\/8052\/revisions\/15791"}],"up":[{"embeddable":true,"href":"https:\/\/megadentist.com.tr\/de\/wp-json\/wp\/v2\/pages\/8006"}],"wp:featuredmedia":[{"embeddable":true,"href":"https:\/\/megadentist.com.tr\/de\/wp-json\/wp\/v2\/media\/10852"}],"wp:attachment":[{"href":"https:\/\/megadentist.com.tr\/de\/wp-json\/wp\/v2\/media?parent=8052"}],"wp:term":[{"taxonomy":"sayfa-ve-kategori-eslestirmesi","embeddable":true,"href":"https:\/\/megadentist.com.tr\/de\/wp-json\/wp\/v2\/sayfa-ve-kategori-eslestirmesi?post=8052"}],"curies":[{"name":"wp","href":"https:\/\/api.w.org\/{rel}","templated":true}]}}