{"id":8050,"date":"2022-10-27T17:55:58","date_gmt":"2022-10-27T14:55:58","guid":{"rendered":"https:\/\/megadentist.com.tr\/?page_id=8050"},"modified":"2024-08-28T14:45:59","modified_gmt":"2024-08-28T11:45:59","slug":"zahnarztliche-untersuchung","status":"publish","type":"page","link":"https:\/\/megadentist.com.tr\/de\/allgemeine-zahnbehandlungen\/zahnarztliche-untersuchung\/","title":{"rendered":"Zahn\u00e4rztliche Untersuchung"},"content":{"rendered":"<section class=\"l-section wpb_row height_custom\"><div class=\"l-section-h i-cf\"><div class=\"g-cols vc_row via_grid cols_1 laptops-cols_inherit tablets-cols_inherit mobiles-cols_1 valign_top type_default stacking_default\"><div class=\"wpb_column vc_column_container\"><div class=\"vc_column-inner\"><div class=\"wpb_text_column\"><div class=\"wpb_wrapper\"><h2><strong>Ihre Zahngesundheit sollte nicht vernachl\u00e4ssigt werden. <\/strong><\/h2>\n<p><strong>In jedem L\u00e4cheln liegt ein anderes Gl\u00fcck. <\/strong><\/p>\n<p>Die zahn\u00e4rztliche Untersuchung ist ein umfassender Untersuchungs- und Bewertungsprozess zur Beurteilung der Mund- und Zahngesundheit. Diese Untersuchung ist wichtig, um den Zustand der Z\u00e4hne und des Zahnfleischs zu pr\u00fcfen, m\u00f6gliche Probleme zu erkennen und Behandlungsempfehlungen zu geben.<\/p>\n<p>Eine zahn\u00e4rztliche Untersuchung wird in der Regel von einem Zahnarzt oder einer ausgebildeten Zahnarzthelferin durchgef\u00fchrt. Bei der Untersuchung werden die Z\u00e4hne, das Zahnfleisch, das Mundgewebe und die Kieferstruktur des Patienten sorgf\u00e4ltig untersucht. Es k\u00f6nnen auch R\u00f6ntgenaufnahmen oder andere bildgebende Verfahren verwendet werden.<\/p>\n<p>Bei der Untersuchung achtet der Zahnarzt auf Probleme wie Karies, Zahnfleischerkrankungen, Zahnfleischr\u00fcckgang, Z\u00e4hneknirschen oder -pressen. Auch Anzeichen f\u00fcr Mundkrebs, Kiefergelenksprobleme und andere orale Probleme werden untersucht.<\/p>\n<p>Die zahn\u00e4rztliche Untersuchung ist ein wichtiger Schritt zum Schutz der Mund- und Zahngesundheit der Patienten und zu deren Behandlung. Es wird empfohlen, sie routinem\u00e4\u00dfig durchzuf\u00fchren. Sie tr\u00e4gt dazu bei, Probleme fr\u00fchzeitig zu diagnostizieren und schwerwiegendere Probleme zu verhindern.<\/p>\n<p>Unser Ziel ist es, durch eine umfassende Untersuchung die Mund- und Zahngesundheit der Patienten zu erhalten und sie bei Bedarf zu behandeln. Kontaktieren Sie uns f\u00fcr weitere Ausk\u00fcnfte oder einen Termin.<\/p>\n<h2><strong>Wann wird eine zahn\u00e4rztliche Untersuchung durchgef\u00fchrt? <\/strong><\/h2>\n<p>Obwohl die zahn\u00e4rztliche Untersuchung in der Regel bei Beschwerden in Anspruch genommen wird, ist die Mund- und Zahngesundheit wichtig f\u00fcr die Gesundheit des ganzen K\u00f6rpers. In diesem Zusammenhang sollte die zahn\u00e4rztliche Untersuchung in regelm\u00e4\u00dfigen Abst\u00e4nden durchgef\u00fchrt werden. Wenn Routineuntersuchungen vernachl\u00e4ssigt werden, k\u00f6nnen viele Krankheiten, insbesondere Karies, auftreten.<\/p>\n<p>Die zahn\u00e4rztliche Untersuchung ist ein Verfahren, das von fachkundigen Zahn\u00e4rzten durchgef\u00fchrt wird, um Z\u00e4hne, Zahnfleisch und Mundgesundheit im Detail zu \u00fcberpr\u00fcfen. Mit der zahn\u00e4rztlichen Untersuchung wird Problemen vorgebeugt, die an den Z\u00e4hnen auftreten oder auftreten k\u00f6nnten.<\/p>\n<h2><strong>Warum ist die Mund-, Zahn- und Kieferradiologie so wichtig? <\/strong><\/h2>\n<p>Die Mund-, Zahn- und Kieferradiologie, die Mund- und Zahnerkrankungen diagnostiziert, ist der erste Untersuchungsbereich der Patienten. Mit der richtigen Diagnose kann der richtige Behandlungsprozess des Patienten beginnen. Sie leitet die f\u00fcr den Patienten erforderliche Behandlung ein.<\/p>\n<\/div><\/div><\/div><\/div><\/div><\/div><\/section>\n","protected":false},"excerpt":{"rendered":"Ihre Zahngesundheit sollte nicht vernachl\u00e4ssigt werden. In jedem L\u00e4cheln liegt ein anderes Gl\u00fcck. Die zahn\u00e4rztliche Untersuchung ist ein umfassender Untersuchungs- und Bewertungsprozess zur Beurteilung der Mund- und Zahngesundheit. Diese Untersuchung ist wichtig, um den Zustand der Z\u00e4hne und des Zahnfleischs zu pr\u00fcfen, m\u00f6gliche Probleme zu erkennen und Behandlungsempfehlungen zu geben. Eine zahn\u00e4rztliche Untersuchung wird in...","protected":false},"author":1,"featured_media":10850,"parent":8006,"menu_order":0,"comment_status":"closed","ping_status":"closed","template":"","meta":{"_acf_changed":false,"footnotes":""},"sayfa-ve-kategori-eslestirmesi":[63],"class_list":["post-8050","page","type-page","status-publish","has-post-thumbnail","hentry"],"acf":[],"yoast_head":"<!-- This site is optimized with the Yoast SEO plugin v27.4 - https:\/\/yoast.com\/product\/yoast-seo-wordpress\/ -->\n<title>Zahn\u00e4rztliche Untersuchung | Megadentist<\/title>\n<meta name=\"robots\" content=\"index, follow, max-snippet:-1, max-image-preview:large, max-video-preview:-1\" \/>\n<link rel=\"canonical\" href=\"https:\/\/megadentist.com.tr\/de\/allgemeine-zahnbehandlungen\/zahnarztliche-untersuchung\/\" \/>\n<meta property=\"og:locale\" content=\"de_DE\" \/>\n<meta property=\"og:type\" content=\"article\" \/>\n<meta property=\"og:title\" content=\"Zahn\u00e4rztliche Untersuchung | Megadentist\" \/>\n<meta property=\"og:url\" content=\"https:\/\/megadentist.com.tr\/de\/allgemeine-zahnbehandlungen\/zahnarztliche-untersuchung\/\" \/>\n<meta property=\"og:site_name\" content=\"Megadentist\" \/>\n<meta property=\"article:modified_time\" content=\"2024-08-28T11:45:59+00:00\" \/>\n<meta property=\"og:image\" content=\"https:\/\/megadentist.com.tr\/de\/wp-content\/uploads\/2022\/11\/dis-muayenesi.jpg\" \/>\n\t<meta property=\"og:image:width\" content=\"1000\" \/>\n\t<meta property=\"og:image:height\" content=\"667\" \/>\n\t<meta property=\"og:image:type\" content=\"image\/jpeg\" \/>\n<meta name=\"twitter:card\" content=\"summary_large_image\" \/>\n<meta name=\"twitter:label1\" content=\"Gesch\u00e4tzte Lesezeit\" \/>\n\t<meta name=\"twitter:data1\" content=\"2\u00a0Minuten\" \/>\n<script type=\"application\/ld+json\" class=\"yoast-schema-graph\">{\"@context\":\"https:\\\/\\\/schema.org\",\"@graph\":[{\"@type\":\"WebPage\",\"@id\":\"https:\\\/\\\/megadentist.com.tr\\\/de\\\/allgemeine-zahnbehandlungen\\\/zahnarztliche-untersuchung\\\/\",\"url\":\"https:\\\/\\\/megadentist.com.tr\\\/de\\\/allgemeine-zahnbehandlungen\\\/zahnarztliche-untersuchung\\\/\",\"name\":\"Zahn\u00e4rztliche Untersuchung | Megadentist\",\"isPartOf\":{\"@id\":\"https:\\\/\\\/megadentist.com.tr\\\/de\\\/#website\"},\"primaryImageOfPage\":{\"@id\":\"https:\\\/\\\/megadentist.com.tr\\\/de\\\/allgemeine-zahnbehandlungen\\\/zahnarztliche-untersuchung\\\/#primaryimage\"},\"image\":{\"@id\":\"https:\\\/\\\/megadentist.com.tr\\\/de\\\/allgemeine-zahnbehandlungen\\\/zahnarztliche-untersuchung\\\/#primaryimage\"},\"thumbnailUrl\":\"https:\\\/\\\/megadentist.com.tr\\\/de\\\/wp-content\\\/uploads\\\/2022\\\/11\\\/dis-muayenesi.jpg\",\"datePublished\":\"2022-10-27T14:55:58+00:00\",\"dateModified\":\"2024-08-28T11:45:59+00:00\",\"breadcrumb\":{\"@id\":\"https:\\\/\\\/megadentist.com.tr\\\/de\\\/allgemeine-zahnbehandlungen\\\/zahnarztliche-untersuchung\\\/#breadcrumb\"},\"inLanguage\":\"de\",\"potentialAction\":[{\"@type\":\"ReadAction\",\"target\":[\"https:\\\/\\\/megadentist.com.tr\\\/de\\\/allgemeine-zahnbehandlungen\\\/zahnarztliche-untersuchung\\\/\"]}]},{\"@type\":\"ImageObject\",\"inLanguage\":\"de\",\"@id\":\"https:\\\/\\\/megadentist.com.tr\\\/de\\\/allgemeine-zahnbehandlungen\\\/zahnarztliche-untersuchung\\\/#primaryimage\",\"url\":\"https:\\\/\\\/megadentist.com.tr\\\/de\\\/wp-content\\\/uploads\\\/2022\\\/11\\\/dis-muayenesi.jpg\",\"contentUrl\":\"https:\\\/\\\/megadentist.com.tr\\\/de\\\/wp-content\\\/uploads\\\/2022\\\/11\\\/dis-muayenesi.jpg\",\"width\":1000,\"height\":667,\"caption\":\"Di\u015f Muayenesi\"},{\"@type\":\"BreadcrumbList\",\"@id\":\"https:\\\/\\\/megadentist.com.tr\\\/de\\\/allgemeine-zahnbehandlungen\\\/zahnarztliche-untersuchung\\\/#breadcrumb\",\"itemListElement\":[{\"@type\":\"ListItem\",\"position\":1,\"name\":\"Anasayfa\",\"item\":\"https:\\\/\\\/megadentist.com.tr\\\/de\\\/\"},{\"@type\":\"ListItem\",\"position\":2,\"name\":\"Allgemeine Zahnbehandlungen\",\"item\":\"https:\\\/\\\/megadentist.com.tr\\\/de\\\/allgemeine-zahnbehandlungen\\\/\"},{\"@type\":\"ListItem\",\"position\":3,\"name\":\"Zahn\u00e4rztliche Untersuchung\"}]},{\"@type\":\"WebSite\",\"@id\":\"https:\\\/\\\/megadentist.com.tr\\\/de\\\/#website\",\"url\":\"https:\\\/\\\/megadentist.com.tr\\\/de\\\/\",\"name\":\"Megadentist\",\"description\":\"\",\"potentialAction\":[{\"@type\":\"SearchAction\",\"target\":{\"@type\":\"EntryPoint\",\"urlTemplate\":\"https:\\\/\\\/megadentist.com.tr\\\/de\\\/?s={search_term_string}\"},\"query-input\":{\"@type\":\"PropertyValueSpecification\",\"valueRequired\":true,\"valueName\":\"search_term_string\"}}],\"inLanguage\":\"de\"}]}<\/script>\n<!-- \/ Yoast SEO plugin. -->","yoast_head_json":{"title":"Zahn\u00e4rztliche Untersuchung | Megadentist","robots":{"index":"index","follow":"follow","max-snippet":"max-snippet:-1","max-image-preview":"max-image-preview:large","max-video-preview":"max-video-preview:-1"},"canonical":"https:\/\/megadentist.com.tr\/de\/allgemeine-zahnbehandlungen\/zahnarztliche-untersuchung\/","og_locale":"de_DE","og_type":"article","og_title":"Zahn\u00e4rztliche Untersuchung | Megadentist","og_url":"https:\/\/megadentist.com.tr\/de\/allgemeine-zahnbehandlungen\/zahnarztliche-untersuchung\/","og_site_name":"Megadentist","article_modified_time":"2024-08-28T11:45:59+00:00","og_image":[{"width":1000,"height":667,"url":"https:\/\/megadentist.com.tr\/de\/wp-content\/uploads\/2022\/11\/dis-muayenesi.jpg","type":"image\/jpeg"}],"twitter_card":"summary_large_image","twitter_misc":{"Gesch\u00e4tzte Lesezeit":"2\u00a0Minuten"},"schema":{"@context":"https:\/\/schema.org","@graph":[{"@type":"WebPage","@id":"https:\/\/megadentist.com.tr\/de\/allgemeine-zahnbehandlungen\/zahnarztliche-untersuchung\/","url":"https:\/\/megadentist.com.tr\/de\/allgemeine-zahnbehandlungen\/zahnarztliche-untersuchung\/","name":"Zahn\u00e4rztliche Untersuchung | Megadentist","isPartOf":{"@id":"https:\/\/megadentist.com.tr\/de\/#website"},"primaryImageOfPage":{"@id":"https:\/\/megadentist.com.tr\/de\/allgemeine-zahnbehandlungen\/zahnarztliche-untersuchung\/#primaryimage"},"image":{"@id":"https:\/\/megadentist.com.tr\/de\/allgemeine-zahnbehandlungen\/zahnarztliche-untersuchung\/#primaryimage"},"thumbnailUrl":"https:\/\/megadentist.com.tr\/de\/wp-content\/uploads\/2022\/11\/dis-muayenesi.jpg","datePublished":"2022-10-27T14:55:58+00:00","dateModified":"2024-08-28T11:45:59+00:00","breadcrumb":{"@id":"https:\/\/megadentist.com.tr\/de\/allgemeine-zahnbehandlungen\/zahnarztliche-untersuchung\/#breadcrumb"},"inLanguage":"de","potentialAction":[{"@type":"ReadAction","target":["https:\/\/megadentist.com.tr\/de\/allgemeine-zahnbehandlungen\/zahnarztliche-untersuchung\/"]}]},{"@type":"ImageObject","inLanguage":"de","@id":"https:\/\/megadentist.com.tr\/de\/allgemeine-zahnbehandlungen\/zahnarztliche-untersuchung\/#primaryimage","url":"https:\/\/megadentist.com.tr\/de\/wp-content\/uploads\/2022\/11\/dis-muayenesi.jpg","contentUrl":"https:\/\/megadentist.com.tr\/de\/wp-content\/uploads\/2022\/11\/dis-muayenesi.jpg","width":1000,"height":667,"caption":"Di\u015f Muayenesi"},{"@type":"BreadcrumbList","@id":"https:\/\/megadentist.com.tr\/de\/allgemeine-zahnbehandlungen\/zahnarztliche-untersuchung\/#breadcrumb","itemListElement":[{"@type":"ListItem","position":1,"name":"Anasayfa","item":"https:\/\/megadentist.com.tr\/de\/"},{"@type":"ListItem","position":2,"name":"Allgemeine Zahnbehandlungen","item":"https:\/\/megadentist.com.tr\/de\/allgemeine-zahnbehandlungen\/"},{"@type":"ListItem","position":3,"name":"Zahn\u00e4rztliche Untersuchung"}]},{"@type":"WebSite","@id":"https:\/\/megadentist.com.tr\/de\/#website","url":"https:\/\/megadentist.com.tr\/de\/","name":"Megadentist","description":"","potentialAction":[{"@type":"SearchAction","target":{"@type":"EntryPoint","urlTemplate":"https:\/\/megadentist.com.tr\/de\/?s={search_term_string}"},"query-input":{"@type":"PropertyValueSpecification","valueRequired":true,"valueName":"search_term_string"}}],"inLanguage":"de"}]}},"_links":{"self":[{"href":"https:\/\/megadentist.com.tr\/de\/wp-json\/wp\/v2\/pages\/8050","targetHints":{"allow":["GET"]}}],"collection":[{"href":"https:\/\/megadentist.com.tr\/de\/wp-json\/wp\/v2\/pages"}],"about":[{"href":"https:\/\/megadentist.com.tr\/de\/wp-json\/wp\/v2\/types\/page"}],"author":[{"embeddable":true,"href":"https:\/\/megadentist.com.tr\/de\/wp-json\/wp\/v2\/users\/1"}],"replies":[{"embeddable":true,"href":"https:\/\/megadentist.com.tr\/de\/wp-json\/wp\/v2\/comments?post=8050"}],"version-history":[{"count":4,"href":"https:\/\/megadentist.com.tr\/de\/wp-json\/wp\/v2\/pages\/8050\/revisions"}],"predecessor-version":[{"id":15790,"href":"https:\/\/megadentist.com.tr\/de\/wp-json\/wp\/v2\/pages\/8050\/revisions\/15790"}],"up":[{"embeddable":true,"href":"https:\/\/megadentist.com.tr\/de\/wp-json\/wp\/v2\/pages\/8006"}],"wp:featuredmedia":[{"embeddable":true,"href":"https:\/\/megadentist.com.tr\/de\/wp-json\/wp\/v2\/media\/10850"}],"wp:attachment":[{"href":"https:\/\/megadentist.com.tr\/de\/wp-json\/wp\/v2\/media?parent=8050"}],"wp:term":[{"taxonomy":"sayfa-ve-kategori-eslestirmesi","embeddable":true,"href":"https:\/\/megadentist.com.tr\/de\/wp-json\/wp\/v2\/sayfa-ve-kategori-eslestirmesi?post=8050"}],"curies":[{"name":"wp","href":"https:\/\/api.w.org\/{rel}","templated":true}]}}