{"id":8046,"date":"2022-10-27T17:50:51","date_gmt":"2022-10-27T14:50:51","guid":{"rendered":"https:\/\/megadentist.com.tr\/?page_id=8046"},"modified":"2024-08-28T14:41:21","modified_gmt":"2024-08-28T11:41:21","slug":"all-on-six-implantaten","status":"publish","type":"page","link":"https:\/\/megadentist.com.tr\/de\/zahnimplantate\/all-on-six-implantaten\/","title":{"rendered":"All-on-6-Implantate"},"content":{"rendered":"<section class=\"l-section wpb_row height_custom\"><div class=\"l-section-h i-cf\"><div class=\"g-cols vc_row via_grid cols_1 laptops-cols_inherit tablets-cols_inherit mobiles-cols_1 valign_top type_default stacking_default\"><div class=\"wpb_column vc_column_container\"><div class=\"vc_column-inner\"><div class=\"wpb_text_column\"><div class=\"wpb_wrapper\"><h2><strong>Behandlung mit All-on-6-Implantaten <\/strong><\/h2>\n<p><strong>Ihr einzigartiges L\u00e4cheln mit Gl\u00fcck zur\u00fcckgewinnen. <\/strong><\/p>\n<p>Bei der Behandlung mit All-on-6-Implantaten handelt es sich um eine umfassende zahn\u00e4rztliche Behandlungsmethode, bei der in einem einzigen Eingriff alle oberen oder unteren Z\u00e4hne bei zahnlosen Patienten ersetzt werden. Diese Behandlung umfasst das Einsetzen von Zahnimplantaten und das Anbringen von festsitzendem oder herausnehmbarem Zahnersatz auf den Implantaten.<\/p>\n<p>Bei der All-on-6-Behandlung werden in der Regel sechs Zahnimplantate in den Kieferknochen des Patienten eingesetzt, auf denen ein oder mehrere Zahnprothesen befestigt werden. Diese Implantate verschmelzen mit dem Kieferknochen und bilden ein starkes Fundament. Die darauf gesetzten Zahnprothesen verleihen dem Patienten ein Aussehen und eine Funktion, die den nat\u00fcrlichen Z\u00e4hnen \u00e4hneln.<\/p>\n<p>Unsere fachkundigen Zahn\u00e4rzte erstellen einen ma\u00dfgeschneiderten All-on-6-Behandlungsplan, der die Mundgesundheit, die Zahnstruktur und die \u00e4sthetischen Vorlieben der Patienten ber\u00fccksichtigt. Der Behandlungsprozess besteht in der Regel aus mehreren Schritten und kann mehrere Besuche erfordern, aber die Ergebnisse garantieren den Patienten ein nat\u00fcrliches und solides L\u00e4cheln.<\/p>\n<p>Unser Ziel ist es, das Problem der Zahnlosigkeit der Patienten dauerhaft zu l\u00f6sen und ihr Selbstvertrauen und ihre Lebensqualit\u00e4t zu verbessern. Kontaktieren Sie uns f\u00fcr weitere Ausk\u00fcnfte oder einen Termin.<\/p>\n<h2><strong>Was sind die Vorteile der Behandlung mit All-on-6-Implantaten? \u00a0<\/strong><\/h2>\n<p>Beim All-on-6-Implantat handelt es sich um eine Technik, bei der auf sechs Implantaten in einem Kiefer Zahnprothesen eingesetzt werden. Die Behandlung mit All-on-6-Implantaten ist f\u00fcr den Einsatz im Notfall gedacht. All-on-6-Implantate werden verwendet, um einen kompletten Satz von oberen und unteren Z\u00e4hnen zu ersetzen. Das mit der All-on-6-Behandlung eingebrachte Implantat ist sehr stark und gesund.<\/p>\n<ul>\n<li>Bei zahnlosen Patienten wird am selben Tag in einem einzigen chirurgischen Eingriff ein festsitzender Zahnersatz eingesetzt.<\/li>\n<li>Ein Sinuslift oder eine Knochentransplantation wird w\u00e4hrend des Eingriffs nicht durchgef\u00fchrt. In diesem Zusammenhang handelt es sich um eine Anwendung, die kein fortgeschrittenes chirurgisches Verfahren erfordert.<\/li>\n<li>Bei der Herstellung des All-on-6-Implantats werden die Lasten, die es tragen soll, im Voraus festgelegt. Daher ist es extrem langlebig.<\/li>\n<li>Es ist f\u00fcr den lebenslangen Gebrauch geeignet, abh\u00e4ngig von der Mundhygiene der betreffenden Person.<\/li>\n<\/ul>\n<h2><strong>Wie lange dauert die Behandlung mit All-on-6 Zahnimplantaten? <\/strong><\/h2>\n<p>Die All-on-6-Implantation kann in nur einem Tag abgeschlossen werden. F\u00fcr die All-on-6-Implantation muss der Zahnarzt eine Untersuchung durchf\u00fchren, bevor er mit dem Eingriff beginnt. W\u00e4hrend des Eingriffs werden die Zahnimplantate in den Kieferknochen eingesetzt. Eine provisorische Zahnprothese wird eingesetzt. Nach der Einheilung des Implantats werden die Implantate mit einer dauerhaften L\u00f6sung wie einer Zahnbr\u00fccke oder einer herausnehmbaren Prothese befestigt.<\/p>\n<h2><strong>Treten bei der Behandlung mit All-on-6-Implantaten Schmerzen auf? <\/strong><\/h2>\n<p>Es ist m\u00f6glich, dass nach der Behandlung mit All-on-6 Implantaten Schmerzen auftreten. Diese Schmerzen sind jedoch gering. Nach dem Eingriff kann es zu Schwellungen kommen. In diesem Fall k\u00f6nnen Schmerzmittel eingenommen werden.<\/p>\n<\/div><\/div><\/div><\/div><\/div><\/div><\/section>\n","protected":false},"excerpt":{"rendered":"Behandlung mit All-on-6-Implantaten Ihr einzigartiges L\u00e4cheln mit Gl\u00fcck zur\u00fcckgewinnen. Bei der Behandlung mit All-on-6-Implantaten handelt es sich um eine umfassende zahn\u00e4rztliche Behandlungsmethode, bei der in einem einzigen Eingriff alle oberen oder unteren Z\u00e4hne bei zahnlosen Patienten ersetzt werden. Diese Behandlung umfasst das Einsetzen von Zahnimplantaten und das Anbringen von festsitzendem oder herausnehmbarem Zahnersatz auf den...","protected":false},"author":1,"featured_media":10848,"parent":8004,"menu_order":0,"comment_status":"closed","ping_status":"closed","template":"","meta":{"_acf_changed":false,"footnotes":""},"sayfa-ve-kategori-eslestirmesi":[62],"class_list":["post-8046","page","type-page","status-publish","has-post-thumbnail","hentry"],"acf":[],"yoast_head":"<!-- This site is optimized with the Yoast SEO plugin v27.5 - https:\/\/yoast.com\/product\/yoast-seo-wordpress\/ -->\n<title>All-on-6-Implantate | Megadentist<\/title>\n<meta name=\"description\" content=\"Um detailliertere Informationen \u00fcber All On Six zu erhalten, besuchen Sie jetzt megadentist.com.tr. Klick jetzt!\" \/>\n<meta name=\"robots\" content=\"index, follow, max-snippet:-1, max-image-preview:large, max-video-preview:-1\" \/>\n<link rel=\"canonical\" href=\"https:\/\/megadentist.com.tr\/de\/zahnimplantate\/all-on-six-implantaten\/\" \/>\n<meta property=\"og:locale\" content=\"de_DE\" \/>\n<meta property=\"og:type\" content=\"article\" \/>\n<meta property=\"og:title\" content=\"All-on-6-Implantate | Megadentist\" \/>\n<meta property=\"og:description\" content=\"Um detailliertere Informationen \u00fcber All On Six zu erhalten, besuchen Sie jetzt megadentist.com.tr. Klick jetzt!\" \/>\n<meta property=\"og:url\" content=\"https:\/\/megadentist.com.tr\/de\/zahnimplantate\/all-on-six-implantaten\/\" \/>\n<meta property=\"og:site_name\" content=\"Megadentist\" \/>\n<meta property=\"article:modified_time\" content=\"2024-08-28T11:41:21+00:00\" \/>\n<meta property=\"og:image\" content=\"https:\/\/megadentist.com.tr\/de\/wp-content\/uploads\/2022\/11\/all-on-six1.jpg\" \/>\n\t<meta property=\"og:image:width\" content=\"600\" \/>\n\t<meta property=\"og:image:height\" content=\"600\" \/>\n\t<meta property=\"og:image:type\" content=\"image\/jpeg\" \/>\n<meta name=\"twitter:card\" content=\"summary_large_image\" \/>\n<meta name=\"twitter:label1\" content=\"Gesch\u00e4tzte Lesezeit\" \/>\n\t<meta name=\"twitter:data1\" content=\"3\u00a0Minuten\" \/>\n<script type=\"application\/ld+json\" class=\"yoast-schema-graph\">{\"@context\":\"https:\\\/\\\/schema.org\",\"@graph\":[{\"@type\":\"WebPage\",\"@id\":\"https:\\\/\\\/megadentist.com.tr\\\/de\\\/zahnimplantate\\\/all-on-six-implantaten\\\/\",\"url\":\"https:\\\/\\\/megadentist.com.tr\\\/de\\\/zahnimplantate\\\/all-on-six-implantaten\\\/\",\"name\":\"All-on-6-Implantate | Megadentist\",\"isPartOf\":{\"@id\":\"https:\\\/\\\/megadentist.com.tr\\\/de\\\/#website\"},\"primaryImageOfPage\":{\"@id\":\"https:\\\/\\\/megadentist.com.tr\\\/de\\\/zahnimplantate\\\/all-on-six-implantaten\\\/#primaryimage\"},\"image\":{\"@id\":\"https:\\\/\\\/megadentist.com.tr\\\/de\\\/zahnimplantate\\\/all-on-six-implantaten\\\/#primaryimage\"},\"thumbnailUrl\":\"https:\\\/\\\/megadentist.com.tr\\\/de\\\/wp-content\\\/uploads\\\/2022\\\/11\\\/all-on-six1.jpg\",\"datePublished\":\"2022-10-27T14:50:51+00:00\",\"dateModified\":\"2024-08-28T11:41:21+00:00\",\"description\":\"Um detailliertere Informationen \u00fcber All On Six zu erhalten, besuchen Sie jetzt megadentist.com.tr. Klick jetzt!\",\"breadcrumb\":{\"@id\":\"https:\\\/\\\/megadentist.com.tr\\\/de\\\/zahnimplantate\\\/all-on-six-implantaten\\\/#breadcrumb\"},\"inLanguage\":\"de\",\"potentialAction\":[{\"@type\":\"ReadAction\",\"target\":[\"https:\\\/\\\/megadentist.com.tr\\\/de\\\/zahnimplantate\\\/all-on-six-implantaten\\\/\"]}]},{\"@type\":\"ImageObject\",\"inLanguage\":\"de\",\"@id\":\"https:\\\/\\\/megadentist.com.tr\\\/de\\\/zahnimplantate\\\/all-on-six-implantaten\\\/#primaryimage\",\"url\":\"https:\\\/\\\/megadentist.com.tr\\\/de\\\/wp-content\\\/uploads\\\/2022\\\/11\\\/all-on-six1.jpg\",\"contentUrl\":\"https:\\\/\\\/megadentist.com.tr\\\/de\\\/wp-content\\\/uploads\\\/2022\\\/11\\\/all-on-six1.jpg\",\"width\":600,\"height\":600,\"caption\":\"All on Six (1)\"},{\"@type\":\"BreadcrumbList\",\"@id\":\"https:\\\/\\\/megadentist.com.tr\\\/de\\\/zahnimplantate\\\/all-on-six-implantaten\\\/#breadcrumb\",\"itemListElement\":[{\"@type\":\"ListItem\",\"position\":1,\"name\":\"Anasayfa\",\"item\":\"https:\\\/\\\/megadentist.com.tr\\\/de\\\/\"},{\"@type\":\"ListItem\",\"position\":2,\"name\":\"Behandlung mit Zahnimplantaten\",\"item\":\"https:\\\/\\\/megadentist.com.tr\\\/de\\\/zahnimplantate\\\/\"},{\"@type\":\"ListItem\",\"position\":3,\"name\":\"All-on-6-Implantate\"}]},{\"@type\":\"WebSite\",\"@id\":\"https:\\\/\\\/megadentist.com.tr\\\/de\\\/#website\",\"url\":\"https:\\\/\\\/megadentist.com.tr\\\/de\\\/\",\"name\":\"Megadentist\",\"description\":\"\",\"potentialAction\":[{\"@type\":\"SearchAction\",\"target\":{\"@type\":\"EntryPoint\",\"urlTemplate\":\"https:\\\/\\\/megadentist.com.tr\\\/de\\\/?s={search_term_string}\"},\"query-input\":{\"@type\":\"PropertyValueSpecification\",\"valueRequired\":true,\"valueName\":\"search_term_string\"}}],\"inLanguage\":\"de\"}]}<\/script>\n<!-- \/ Yoast SEO plugin. -->","yoast_head_json":{"title":"All-on-6-Implantate | Megadentist","description":"Um detailliertere Informationen \u00fcber All On Six zu erhalten, besuchen Sie jetzt megadentist.com.tr. Klick jetzt!","robots":{"index":"index","follow":"follow","max-snippet":"max-snippet:-1","max-image-preview":"max-image-preview:large","max-video-preview":"max-video-preview:-1"},"canonical":"https:\/\/megadentist.com.tr\/de\/zahnimplantate\/all-on-six-implantaten\/","og_locale":"de_DE","og_type":"article","og_title":"All-on-6-Implantate | Megadentist","og_description":"Um detailliertere Informationen \u00fcber All On Six zu erhalten, besuchen Sie jetzt megadentist.com.tr. Klick jetzt!","og_url":"https:\/\/megadentist.com.tr\/de\/zahnimplantate\/all-on-six-implantaten\/","og_site_name":"Megadentist","article_modified_time":"2024-08-28T11:41:21+00:00","og_image":[{"width":600,"height":600,"url":"https:\/\/megadentist.com.tr\/de\/wp-content\/uploads\/2022\/11\/all-on-six1.jpg","type":"image\/jpeg"}],"twitter_card":"summary_large_image","twitter_misc":{"Gesch\u00e4tzte Lesezeit":"3\u00a0Minuten"},"schema":{"@context":"https:\/\/schema.org","@graph":[{"@type":"WebPage","@id":"https:\/\/megadentist.com.tr\/de\/zahnimplantate\/all-on-six-implantaten\/","url":"https:\/\/megadentist.com.tr\/de\/zahnimplantate\/all-on-six-implantaten\/","name":"All-on-6-Implantate | Megadentist","isPartOf":{"@id":"https:\/\/megadentist.com.tr\/de\/#website"},"primaryImageOfPage":{"@id":"https:\/\/megadentist.com.tr\/de\/zahnimplantate\/all-on-six-implantaten\/#primaryimage"},"image":{"@id":"https:\/\/megadentist.com.tr\/de\/zahnimplantate\/all-on-six-implantaten\/#primaryimage"},"thumbnailUrl":"https:\/\/megadentist.com.tr\/de\/wp-content\/uploads\/2022\/11\/all-on-six1.jpg","datePublished":"2022-10-27T14:50:51+00:00","dateModified":"2024-08-28T11:41:21+00:00","description":"Um detailliertere Informationen \u00fcber All On Six zu erhalten, besuchen Sie jetzt megadentist.com.tr. Klick jetzt!","breadcrumb":{"@id":"https:\/\/megadentist.com.tr\/de\/zahnimplantate\/all-on-six-implantaten\/#breadcrumb"},"inLanguage":"de","potentialAction":[{"@type":"ReadAction","target":["https:\/\/megadentist.com.tr\/de\/zahnimplantate\/all-on-six-implantaten\/"]}]},{"@type":"ImageObject","inLanguage":"de","@id":"https:\/\/megadentist.com.tr\/de\/zahnimplantate\/all-on-six-implantaten\/#primaryimage","url":"https:\/\/megadentist.com.tr\/de\/wp-content\/uploads\/2022\/11\/all-on-six1.jpg","contentUrl":"https:\/\/megadentist.com.tr\/de\/wp-content\/uploads\/2022\/11\/all-on-six1.jpg","width":600,"height":600,"caption":"All on Six (1)"},{"@type":"BreadcrumbList","@id":"https:\/\/megadentist.com.tr\/de\/zahnimplantate\/all-on-six-implantaten\/#breadcrumb","itemListElement":[{"@type":"ListItem","position":1,"name":"Anasayfa","item":"https:\/\/megadentist.com.tr\/de\/"},{"@type":"ListItem","position":2,"name":"Behandlung mit Zahnimplantaten","item":"https:\/\/megadentist.com.tr\/de\/zahnimplantate\/"},{"@type":"ListItem","position":3,"name":"All-on-6-Implantate"}]},{"@type":"WebSite","@id":"https:\/\/megadentist.com.tr\/de\/#website","url":"https:\/\/megadentist.com.tr\/de\/","name":"Megadentist","description":"","potentialAction":[{"@type":"SearchAction","target":{"@type":"EntryPoint","urlTemplate":"https:\/\/megadentist.com.tr\/de\/?s={search_term_string}"},"query-input":{"@type":"PropertyValueSpecification","valueRequired":true,"valueName":"search_term_string"}}],"inLanguage":"de"}]}},"_links":{"self":[{"href":"https:\/\/megadentist.com.tr\/de\/wp-json\/wp\/v2\/pages\/8046","targetHints":{"allow":["GET"]}}],"collection":[{"href":"https:\/\/megadentist.com.tr\/de\/wp-json\/wp\/v2\/pages"}],"about":[{"href":"https:\/\/megadentist.com.tr\/de\/wp-json\/wp\/v2\/types\/page"}],"author":[{"embeddable":true,"href":"https:\/\/megadentist.com.tr\/de\/wp-json\/wp\/v2\/users\/1"}],"replies":[{"embeddable":true,"href":"https:\/\/megadentist.com.tr\/de\/wp-json\/wp\/v2\/comments?post=8046"}],"version-history":[{"count":7,"href":"https:\/\/megadentist.com.tr\/de\/wp-json\/wp\/v2\/pages\/8046\/revisions"}],"predecessor-version":[{"id":15789,"href":"https:\/\/megadentist.com.tr\/de\/wp-json\/wp\/v2\/pages\/8046\/revisions\/15789"}],"up":[{"embeddable":true,"href":"https:\/\/megadentist.com.tr\/de\/wp-json\/wp\/v2\/pages\/8004"}],"wp:featuredmedia":[{"embeddable":true,"href":"https:\/\/megadentist.com.tr\/de\/wp-json\/wp\/v2\/media\/10848"}],"wp:attachment":[{"href":"https:\/\/megadentist.com.tr\/de\/wp-json\/wp\/v2\/media?parent=8046"}],"wp:term":[{"taxonomy":"sayfa-ve-kategori-eslestirmesi","embeddable":true,"href":"https:\/\/megadentist.com.tr\/de\/wp-json\/wp\/v2\/sayfa-ve-kategori-eslestirmesi?post=8046"}],"curies":[{"name":"wp","href":"https:\/\/api.w.org\/{rel}","templated":true}]}}