{"id":8044,"date":"2022-10-27T17:50:36","date_gmt":"2022-10-27T14:50:36","guid":{"rendered":"https:\/\/megadentist.com.tr\/?page_id=8044"},"modified":"2024-08-28T14:46:39","modified_gmt":"2024-08-28T11:46:39","slug":"all-on-4-implantate","status":"publish","type":"page","link":"https:\/\/megadentist.com.tr\/de\/zahnimplantate\/all-on-4-implantate\/","title":{"rendered":"All-on-4-Implantate"},"content":{"rendered":"<section class=\"l-section wpb_row height_custom\"><div class=\"l-section-h i-cf\"><div class=\"g-cols vc_row via_grid cols_1 laptops-cols_inherit tablets-cols_inherit mobiles-cols_1 valign_top type_default stacking_default\"><div class=\"wpb_column vc_column_container\"><div class=\"vc_column-inner\"><div class=\"wpb_text_column\"><div class=\"wpb_wrapper\"><h2><strong>Behandlung mit All-on-4-Implantaten <\/strong><\/h2>\n<p><strong>Ihr einzigartiges L\u00e4cheln mit Gl\u00fcck zur\u00fcckgewinnen. <\/strong><\/p>\n<p>Bei der Behandlung mit All-on-4-Implantaten handelt es sich um eine umfassende zahn\u00e4rztliche Behandlungsmethode, bei der in einem einzigen Eingriff alle oberen oder unteren Z\u00e4hne bei zahnlosen Patienten ersetzt werden. Diese Behandlung umfasst das Einsetzen von Zahnimplantaten und das Anbringen von festsitzendem oder herausnehmbarem Zahnersatz auf den Implantaten und wird in der Regel f\u00fcr eine komplette Behandlung im Mundbereich bevorzugt.<\/p>\n<p>Bei der All-on-4-Behandlung werden in der Regel vier Zahnimplantate in den Kieferknochen des Patienten eingesetzt, auf denen ein oder mehrere Zahnprothesen befestigt werden. Diese Implantate verschmelzen mit dem Kieferknochen und bilden ein starkes Fundament. Die darauf gesetzten Zahnprothesen verleihen dem Patienten ein Aussehen und eine Funktion, die den nat\u00fcrlichen Z\u00e4hnen \u00e4hneln.<\/p>\n<p>Unsere fachkundigen Zahn\u00e4rzte erstellen einen ma\u00dfgeschneiderten All-on-4-Behandlungsplan, der die Mundgesundheit, die Zahnstruktur und die \u00e4sthetischen Vorlieben der Patienten ber\u00fccksichtigt. Der Behandlungsprozess besteht in der Regel aus mehreren Schritten und kann mehrere Besuche erfordern, aber die Ergebnisse garantieren den Patienten ein nat\u00fcrliches und solides L\u00e4cheln.<\/p>\n<p>Unser Ziel ist es, das Problem der Zahnlosigkeit der Patienten dauerhaft zu l\u00f6sen und ihr Selbstvertrauen und ihre Lebensqualit\u00e4t zu verbessern. Kontaktieren Sie uns f\u00fcr weitere Ausk\u00fcnfte oder einen Termin.<\/p>\n<h2><strong>Was versteht man unter All-on-4? <\/strong><\/h2>\n<p>Die Behandlung mit All-on-4 ist eine Methode, die bei zahnlosen oder bald zahnlos werdenden Patienten angewendet wird, um chirurgische Eingriffe aufgrund von Sinuslift, Knochenabbau und Knocheninsuffizienz zu vermeiden. Es handelt sich um eine Methode, bei der eine festsitzende Vollkieferprothese auf 4-6 Implantaten am selben Tag angefertigt wird.<\/p>\n<h2><strong>Wer ist ein idealer Kandidat f\u00fcr eine Behandlung mit All-on-4-Implantaten? <\/strong><\/h2>\n<p>Die Behandlung mit All-on-4-Implantaten kann bei v\u00f6llig zahnlosen Patienten angewendet werden, die keine Erkrankung haben, die eine Behandlung mit Zahnimplantaten verhindern k\u00f6nnte.<\/p>\n<h2><strong>Was sind die Vorteile der Behandlung mit All-on-4-Implantaten?\u00a0<\/strong><\/h2>\n<ul>\n<li>Es kann bei vollst\u00e4ndig zahnlosen Patienten am selben Tag mit einem chirurgischen Eingriff eingesetzt werden.<\/li>\n<li>Kurze Operationszeit f\u00fcr das Einsetzen des Zahnimplantats<\/li>\n<li>Eine ma\u00dfgeschneiderte \u00c4sthetik des L\u00e4chelns<\/li>\n<li>Pflegeleichtigkeit<\/li>\n<li>M\u00f6glichkeit einer schnellen Behandlung f\u00fcr Patienten aus verschiedenen St\u00e4dten oder L\u00e4ndern dank kurzer Behandlungszeiten<\/li>\n<li>Schnelle und kosteng\u00fcnstige Behandlung im Vergleich zu herk\u00f6mmlichen Zahnimplantaten<\/li>\n<li>Funktionelle Z\u00e4hne mit einem einzigen chirurgischen Eingriff<\/li>\n<\/ul>\n<\/div><\/div><\/div><\/div><\/div><\/div><\/section>\n","protected":false},"excerpt":{"rendered":"Behandlung mit All-on-4-Implantaten Ihr einzigartiges L\u00e4cheln mit Gl\u00fcck zur\u00fcckgewinnen. Bei der Behandlung mit All-on-4-Implantaten handelt es sich um eine umfassende zahn\u00e4rztliche Behandlungsmethode, bei der in einem einzigen Eingriff alle oberen oder unteren Z\u00e4hne bei zahnlosen Patienten ersetzt werden. Diese Behandlung umfasst das Einsetzen von Zahnimplantaten und das Anbringen von festsitzendem oder herausnehmbarem Zahnersatz auf den...","protected":false},"author":1,"featured_media":10846,"parent":8004,"menu_order":0,"comment_status":"closed","ping_status":"closed","template":"","meta":{"_acf_changed":false,"footnotes":""},"sayfa-ve-kategori-eslestirmesi":[62],"class_list":["post-8044","page","type-page","status-publish","has-post-thumbnail","hentry"],"acf":[],"yoast_head":"<!-- This site is optimized with the Yoast SEO plugin v27.4 - https:\/\/yoast.com\/product\/yoast-seo-wordpress\/ -->\n<title>All-on-4-Implantate | Megadentist<\/title>\n<meta name=\"robots\" content=\"index, follow, max-snippet:-1, max-image-preview:large, max-video-preview:-1\" \/>\n<link rel=\"canonical\" href=\"https:\/\/megadentist.com.tr\/de\/zahnimplantate\/all-on-4-implantate\/\" \/>\n<meta property=\"og:locale\" content=\"de_DE\" \/>\n<meta property=\"og:type\" content=\"article\" \/>\n<meta property=\"og:title\" content=\"All-on-4-Implantate | Megadentist\" \/>\n<meta property=\"og:url\" content=\"https:\/\/megadentist.com.tr\/de\/zahnimplantate\/all-on-4-implantate\/\" \/>\n<meta property=\"og:site_name\" content=\"Megadentist\" \/>\n<meta property=\"article:modified_time\" content=\"2024-08-28T11:46:39+00:00\" \/>\n<meta property=\"og:image\" content=\"https:\/\/megadentist.com.tr\/de\/wp-content\/uploads\/2022\/11\/all-on-four-2.jpg\" \/>\n\t<meta property=\"og:image:width\" content=\"600\" \/>\n\t<meta property=\"og:image:height\" content=\"600\" \/>\n\t<meta property=\"og:image:type\" content=\"image\/jpeg\" \/>\n<meta name=\"twitter:card\" content=\"summary_large_image\" \/>\n<meta name=\"twitter:label1\" content=\"Gesch\u00e4tzte Lesezeit\" \/>\n\t<meta name=\"twitter:data1\" content=\"3\u00a0Minuten\" \/>\n<script type=\"application\/ld+json\" class=\"yoast-schema-graph\">{\"@context\":\"https:\\\/\\\/schema.org\",\"@graph\":[{\"@type\":\"WebPage\",\"@id\":\"https:\\\/\\\/megadentist.com.tr\\\/de\\\/zahnimplantate\\\/all-on-4-implantate\\\/\",\"url\":\"https:\\\/\\\/megadentist.com.tr\\\/de\\\/zahnimplantate\\\/all-on-4-implantate\\\/\",\"name\":\"All-on-4-Implantate | Megadentist\",\"isPartOf\":{\"@id\":\"https:\\\/\\\/megadentist.com.tr\\\/de\\\/#website\"},\"primaryImageOfPage\":{\"@id\":\"https:\\\/\\\/megadentist.com.tr\\\/de\\\/zahnimplantate\\\/all-on-4-implantate\\\/#primaryimage\"},\"image\":{\"@id\":\"https:\\\/\\\/megadentist.com.tr\\\/de\\\/zahnimplantate\\\/all-on-4-implantate\\\/#primaryimage\"},\"thumbnailUrl\":\"https:\\\/\\\/megadentist.com.tr\\\/de\\\/wp-content\\\/uploads\\\/2022\\\/11\\\/all-on-four-2.jpg\",\"datePublished\":\"2022-10-27T14:50:36+00:00\",\"dateModified\":\"2024-08-28T11:46:39+00:00\",\"breadcrumb\":{\"@id\":\"https:\\\/\\\/megadentist.com.tr\\\/de\\\/zahnimplantate\\\/all-on-4-implantate\\\/#breadcrumb\"},\"inLanguage\":\"de\",\"potentialAction\":[{\"@type\":\"ReadAction\",\"target\":[\"https:\\\/\\\/megadentist.com.tr\\\/de\\\/zahnimplantate\\\/all-on-4-implantate\\\/\"]}]},{\"@type\":\"ImageObject\",\"inLanguage\":\"de\",\"@id\":\"https:\\\/\\\/megadentist.com.tr\\\/de\\\/zahnimplantate\\\/all-on-4-implantate\\\/#primaryimage\",\"url\":\"https:\\\/\\\/megadentist.com.tr\\\/de\\\/wp-content\\\/uploads\\\/2022\\\/11\\\/all-on-four-2.jpg\",\"contentUrl\":\"https:\\\/\\\/megadentist.com.tr\\\/de\\\/wp-content\\\/uploads\\\/2022\\\/11\\\/all-on-four-2.jpg\",\"width\":600,\"height\":600,\"caption\":\"All on Four (2)\"},{\"@type\":\"BreadcrumbList\",\"@id\":\"https:\\\/\\\/megadentist.com.tr\\\/de\\\/zahnimplantate\\\/all-on-4-implantate\\\/#breadcrumb\",\"itemListElement\":[{\"@type\":\"ListItem\",\"position\":1,\"name\":\"Anasayfa\",\"item\":\"https:\\\/\\\/megadentist.com.tr\\\/de\\\/\"},{\"@type\":\"ListItem\",\"position\":2,\"name\":\"Behandlung mit Zahnimplantaten\",\"item\":\"https:\\\/\\\/megadentist.com.tr\\\/de\\\/zahnimplantate\\\/\"},{\"@type\":\"ListItem\",\"position\":3,\"name\":\"All-on-4-Implantate\"}]},{\"@type\":\"WebSite\",\"@id\":\"https:\\\/\\\/megadentist.com.tr\\\/de\\\/#website\",\"url\":\"https:\\\/\\\/megadentist.com.tr\\\/de\\\/\",\"name\":\"Megadentist\",\"description\":\"\",\"potentialAction\":[{\"@type\":\"SearchAction\",\"target\":{\"@type\":\"EntryPoint\",\"urlTemplate\":\"https:\\\/\\\/megadentist.com.tr\\\/de\\\/?s={search_term_string}\"},\"query-input\":{\"@type\":\"PropertyValueSpecification\",\"valueRequired\":true,\"valueName\":\"search_term_string\"}}],\"inLanguage\":\"de\"}]}<\/script>\n<!-- \/ Yoast SEO plugin. -->","yoast_head_json":{"title":"All-on-4-Implantate | Megadentist","robots":{"index":"index","follow":"follow","max-snippet":"max-snippet:-1","max-image-preview":"max-image-preview:large","max-video-preview":"max-video-preview:-1"},"canonical":"https:\/\/megadentist.com.tr\/de\/zahnimplantate\/all-on-4-implantate\/","og_locale":"de_DE","og_type":"article","og_title":"All-on-4-Implantate | Megadentist","og_url":"https:\/\/megadentist.com.tr\/de\/zahnimplantate\/all-on-4-implantate\/","og_site_name":"Megadentist","article_modified_time":"2024-08-28T11:46:39+00:00","og_image":[{"width":600,"height":600,"url":"https:\/\/megadentist.com.tr\/de\/wp-content\/uploads\/2022\/11\/all-on-four-2.jpg","type":"image\/jpeg"}],"twitter_card":"summary_large_image","twitter_misc":{"Gesch\u00e4tzte Lesezeit":"3\u00a0Minuten"},"schema":{"@context":"https:\/\/schema.org","@graph":[{"@type":"WebPage","@id":"https:\/\/megadentist.com.tr\/de\/zahnimplantate\/all-on-4-implantate\/","url":"https:\/\/megadentist.com.tr\/de\/zahnimplantate\/all-on-4-implantate\/","name":"All-on-4-Implantate | Megadentist","isPartOf":{"@id":"https:\/\/megadentist.com.tr\/de\/#website"},"primaryImageOfPage":{"@id":"https:\/\/megadentist.com.tr\/de\/zahnimplantate\/all-on-4-implantate\/#primaryimage"},"image":{"@id":"https:\/\/megadentist.com.tr\/de\/zahnimplantate\/all-on-4-implantate\/#primaryimage"},"thumbnailUrl":"https:\/\/megadentist.com.tr\/de\/wp-content\/uploads\/2022\/11\/all-on-four-2.jpg","datePublished":"2022-10-27T14:50:36+00:00","dateModified":"2024-08-28T11:46:39+00:00","breadcrumb":{"@id":"https:\/\/megadentist.com.tr\/de\/zahnimplantate\/all-on-4-implantate\/#breadcrumb"},"inLanguage":"de","potentialAction":[{"@type":"ReadAction","target":["https:\/\/megadentist.com.tr\/de\/zahnimplantate\/all-on-4-implantate\/"]}]},{"@type":"ImageObject","inLanguage":"de","@id":"https:\/\/megadentist.com.tr\/de\/zahnimplantate\/all-on-4-implantate\/#primaryimage","url":"https:\/\/megadentist.com.tr\/de\/wp-content\/uploads\/2022\/11\/all-on-four-2.jpg","contentUrl":"https:\/\/megadentist.com.tr\/de\/wp-content\/uploads\/2022\/11\/all-on-four-2.jpg","width":600,"height":600,"caption":"All on Four (2)"},{"@type":"BreadcrumbList","@id":"https:\/\/megadentist.com.tr\/de\/zahnimplantate\/all-on-4-implantate\/#breadcrumb","itemListElement":[{"@type":"ListItem","position":1,"name":"Anasayfa","item":"https:\/\/megadentist.com.tr\/de\/"},{"@type":"ListItem","position":2,"name":"Behandlung mit Zahnimplantaten","item":"https:\/\/megadentist.com.tr\/de\/zahnimplantate\/"},{"@type":"ListItem","position":3,"name":"All-on-4-Implantate"}]},{"@type":"WebSite","@id":"https:\/\/megadentist.com.tr\/de\/#website","url":"https:\/\/megadentist.com.tr\/de\/","name":"Megadentist","description":"","potentialAction":[{"@type":"SearchAction","target":{"@type":"EntryPoint","urlTemplate":"https:\/\/megadentist.com.tr\/de\/?s={search_term_string}"},"query-input":{"@type":"PropertyValueSpecification","valueRequired":true,"valueName":"search_term_string"}}],"inLanguage":"de"}]}},"_links":{"self":[{"href":"https:\/\/megadentist.com.tr\/de\/wp-json\/wp\/v2\/pages\/8044","targetHints":{"allow":["GET"]}}],"collection":[{"href":"https:\/\/megadentist.com.tr\/de\/wp-json\/wp\/v2\/pages"}],"about":[{"href":"https:\/\/megadentist.com.tr\/de\/wp-json\/wp\/v2\/types\/page"}],"author":[{"embeddable":true,"href":"https:\/\/megadentist.com.tr\/de\/wp-json\/wp\/v2\/users\/1"}],"replies":[{"embeddable":true,"href":"https:\/\/megadentist.com.tr\/de\/wp-json\/wp\/v2\/comments?post=8044"}],"version-history":[{"count":7,"href":"https:\/\/megadentist.com.tr\/de\/wp-json\/wp\/v2\/pages\/8044\/revisions"}],"predecessor-version":[{"id":15788,"href":"https:\/\/megadentist.com.tr\/de\/wp-json\/wp\/v2\/pages\/8044\/revisions\/15788"}],"up":[{"embeddable":true,"href":"https:\/\/megadentist.com.tr\/de\/wp-json\/wp\/v2\/pages\/8004"}],"wp:featuredmedia":[{"embeddable":true,"href":"https:\/\/megadentist.com.tr\/de\/wp-json\/wp\/v2\/media\/10846"}],"wp:attachment":[{"href":"https:\/\/megadentist.com.tr\/de\/wp-json\/wp\/v2\/media?parent=8044"}],"wp:term":[{"taxonomy":"sayfa-ve-kategori-eslestirmesi","embeddable":true,"href":"https:\/\/megadentist.com.tr\/de\/wp-json\/wp\/v2\/sayfa-ve-kategori-eslestirmesi?post=8044"}],"curies":[{"name":"wp","href":"https:\/\/api.w.org\/{rel}","templated":true}]}}