{"id":8040,"date":"2022-10-27T17:49:33","date_gmt":"2022-10-27T14:49:33","guid":{"rendered":"https:\/\/megadentist.com.tr\/?page_id=8040"},"modified":"2024-08-28T14:41:21","modified_gmt":"2024-08-28T11:41:21","slug":"behandlung-mit-mehreren-zahnimplantaten","status":"publish","type":"page","link":"https:\/\/megadentist.com.tr\/de\/zahnimplantate\/behandlung-mit-mehreren-zahnimplantaten\/","title":{"rendered":"Mehrere Zahnimplantate"},"content":{"rendered":"<section class=\"l-section wpb_row height_custom\"><div class=\"l-section-h i-cf\"><div class=\"g-cols vc_row via_grid cols_1 laptops-cols_inherit tablets-cols_inherit mobiles-cols_1 valign_top type_default stacking_default\"><div class=\"wpb_column vc_column_container\"><div class=\"vc_column-inner\"><div class=\"wpb_text_column\"><div class=\"wpb_wrapper\"><h2><strong>Behandlung mit mehreren Zahnimplantaten <\/strong><\/h2>\n<p><strong>In jedem L\u00e4cheln liegt ein anderes Gl\u00fcck. <\/strong><\/p>\n<p>Die Behandlung mit mehreren Zahnimplantaten ist eine zahn\u00e4rztliche Behandlungsmethode, die bei Patienten, die einen oder mehrere Z\u00e4hne verloren haben, angewandt wird, um fehlende Z\u00e4hne durch mehrere Implantate zu ersetzen. Diese Behandlung beinhaltet das Einsetzen von Implantaten anstelle der fehlenden Z\u00e4hne des Patienten und bietet in der Regel eine dauerhafte und robuste L\u00f6sung f\u00fcr Zahnverlust.<\/p>\n<p>Bei einer Behandlung mit mehreren Zahnimplantaten werden fehlende Z\u00e4hne durch Implantate ersetzt und mit festsitzenden oder herausnehmbaren Zahnprothesen versehen. Diese Implantate werden unter das Zahnfleisch gesetzt, um ein starkes Fundament zu schaffen, und die dar\u00fcber gesetzten Zahnprothesen bieten dem Patienten ein \u00e4hnliches Aussehen und eine \u00e4hnliche Funktion wie nat\u00fcrliche Z\u00e4hne.<\/p>\n<p>Unsere fachkundigen Zahn\u00e4rzte erstellen einen ma\u00dfgeschneiderten Behandlungsplan mit mehreren Zahnimplantaten, der die Zahnstruktur, die Mundgesundheit und die \u00e4sthetischen Vorlieben der Patienten ber\u00fccksichtigt. Der Behandlungsprozess besteht in der Regel aus mehreren Schritten und kann mehrere Besuche erfordern, aber die Ergebnisse garantieren den Patienten ein nat\u00fcrliches und solides L\u00e4cheln.<\/p>\n<p>Unser Ziel ist es, das Problem der fehlenden Z\u00e4hne unserer Patienten dauerhaft zu l\u00f6sen und ihr Selbstvertrauen und ihre Lebensqualit\u00e4t zu verbessern. Kontaktieren Sie uns f\u00fcr weitere Ausk\u00fcnfte oder einen Termin.<\/p>\n<h2><strong>Wie wird eine Behandlung mit mehreren Zahnimplantaten durchgef\u00fchrt? <\/strong><\/h2>\n<p>Die Behandlung mit mehreren Zahnimplantaten kann im Ober- und Unterkiefer getrennt durchgef\u00fchrt werden. Es kann mehr als eine Behandlung mit Zahnimplantaten durchgef\u00fchrt werden. In F\u00e4llen, in denen verschiedene Behandlungen nicht ansprechen, kann unter Ber\u00fccksichtigung des Gesundheitszustands und des Alters der zu behandelnden Person eine Implantation von sechs bis zehn Z\u00e4hnen durchgef\u00fchrt werden. Bei dieser Behandlung werden in der Regel herausnehmbare Teilprothesen und die Br\u00fcckenmethode verwendet.<\/p>\n<h2><strong>Was sind die Vorteile von mehreren Zahnimplantaten? <\/strong><\/h2>\n<p>Die Behandlung mit mehreren Zahnimplantaten ist eine der besten Methoden zur Wiederherstellung der Funktion verlorener Z\u00e4hne. Die Vorteile mehrerer Zahnimplantate sind wie folgt.<\/p>\n<\/div><\/div><\/div><\/div><\/div><\/div><\/section>\n","protected":false},"excerpt":{"rendered":"Behandlung mit mehreren Zahnimplantaten In jedem L\u00e4cheln liegt ein anderes Gl\u00fcck. Die Behandlung mit mehreren Zahnimplantaten ist eine zahn\u00e4rztliche Behandlungsmethode, die bei Patienten, die einen oder mehrere Z\u00e4hne verloren haben, angewandt wird, um fehlende Z\u00e4hne durch mehrere Implantate zu ersetzen. Diese Behandlung beinhaltet das Einsetzen von Implantaten anstelle der fehlenden Z\u00e4hne des Patienten und bietet...","protected":false},"author":1,"featured_media":10842,"parent":8004,"menu_order":0,"comment_status":"closed","ping_status":"closed","template":"","meta":{"_acf_changed":false,"footnotes":""},"sayfa-ve-kategori-eslestirmesi":[62],"class_list":["post-8040","page","type-page","status-publish","has-post-thumbnail","hentry"],"acf":[],"yoast_head":"<!-- This site is optimized with the Yoast SEO plugin v27.4 - https:\/\/yoast.com\/product\/yoast-seo-wordpress\/ -->\n<title>Mehrere Zahnimplantate | Megadentist<\/title>\n<meta name=\"description\" content=\"Um detailliertere Informationen zur Behandlung mehrerer Zahnimplantate zu erhalten, besuchen Sie jetzt megadentist.com.tr. Klick jetzt!\" \/>\n<meta name=\"robots\" content=\"index, follow, max-snippet:-1, max-image-preview:large, max-video-preview:-1\" \/>\n<link rel=\"canonical\" href=\"https:\/\/megadentist.com.tr\/de\/zahnimplantate\/behandlung-mit-mehreren-zahnimplantaten\/\" \/>\n<meta property=\"og:locale\" content=\"de_DE\" \/>\n<meta property=\"og:type\" content=\"article\" \/>\n<meta property=\"og:title\" content=\"Mehrere Zahnimplantate | Megadentist\" \/>\n<meta property=\"og:description\" content=\"Um detailliertere Informationen zur Behandlung mehrerer Zahnimplantate zu erhalten, besuchen Sie jetzt megadentist.com.tr. Klick jetzt!\" \/>\n<meta property=\"og:url\" content=\"https:\/\/megadentist.com.tr\/de\/zahnimplantate\/behandlung-mit-mehreren-zahnimplantaten\/\" \/>\n<meta property=\"og:site_name\" content=\"Megadentist\" \/>\n<meta property=\"article:modified_time\" content=\"2024-08-28T11:41:21+00:00\" \/>\n<meta property=\"og:image\" content=\"https:\/\/megadentist.com.tr\/de\/wp-content\/uploads\/2022\/11\/coklu-dis-implant-tedavisi-e1669021284856.jpg\" \/>\n\t<meta property=\"og:image:width\" content=\"1323\" \/>\n\t<meta property=\"og:image:height\" content=\"1001\" \/>\n\t<meta property=\"og:image:type\" content=\"image\/jpeg\" \/>\n<meta name=\"twitter:card\" content=\"summary_large_image\" \/>\n<meta name=\"twitter:label1\" content=\"Gesch\u00e4tzte Lesezeit\" \/>\n\t<meta name=\"twitter:data1\" content=\"2\u00a0Minuten\" \/>\n<script type=\"application\/ld+json\" class=\"yoast-schema-graph\">{\"@context\":\"https:\\\/\\\/schema.org\",\"@graph\":[{\"@type\":\"WebPage\",\"@id\":\"https:\\\/\\\/megadentist.com.tr\\\/de\\\/zahnimplantate\\\/behandlung-mit-mehreren-zahnimplantaten\\\/\",\"url\":\"https:\\\/\\\/megadentist.com.tr\\\/de\\\/zahnimplantate\\\/behandlung-mit-mehreren-zahnimplantaten\\\/\",\"name\":\"Mehrere Zahnimplantate | Megadentist\",\"isPartOf\":{\"@id\":\"https:\\\/\\\/megadentist.com.tr\\\/de\\\/#website\"},\"primaryImageOfPage\":{\"@id\":\"https:\\\/\\\/megadentist.com.tr\\\/de\\\/zahnimplantate\\\/behandlung-mit-mehreren-zahnimplantaten\\\/#primaryimage\"},\"image\":{\"@id\":\"https:\\\/\\\/megadentist.com.tr\\\/de\\\/zahnimplantate\\\/behandlung-mit-mehreren-zahnimplantaten\\\/#primaryimage\"},\"thumbnailUrl\":\"https:\\\/\\\/megadentist.com.tr\\\/de\\\/wp-content\\\/uploads\\\/2022\\\/11\\\/coklu-dis-implant-tedavisi-e1669021284856.jpg\",\"datePublished\":\"2022-10-27T14:49:33+00:00\",\"dateModified\":\"2024-08-28T11:41:21+00:00\",\"description\":\"Um detailliertere Informationen zur Behandlung mehrerer Zahnimplantate zu erhalten, besuchen Sie jetzt megadentist.com.tr. Klick jetzt!\",\"breadcrumb\":{\"@id\":\"https:\\\/\\\/megadentist.com.tr\\\/de\\\/zahnimplantate\\\/behandlung-mit-mehreren-zahnimplantaten\\\/#breadcrumb\"},\"inLanguage\":\"de\",\"potentialAction\":[{\"@type\":\"ReadAction\",\"target\":[\"https:\\\/\\\/megadentist.com.tr\\\/de\\\/zahnimplantate\\\/behandlung-mit-mehreren-zahnimplantaten\\\/\"]}]},{\"@type\":\"ImageObject\",\"inLanguage\":\"de\",\"@id\":\"https:\\\/\\\/megadentist.com.tr\\\/de\\\/zahnimplantate\\\/behandlung-mit-mehreren-zahnimplantaten\\\/#primaryimage\",\"url\":\"https:\\\/\\\/megadentist.com.tr\\\/de\\\/wp-content\\\/uploads\\\/2022\\\/11\\\/coklu-dis-implant-tedavisi-e1669021284856.jpg\",\"contentUrl\":\"https:\\\/\\\/megadentist.com.tr\\\/de\\\/wp-content\\\/uploads\\\/2022\\\/11\\\/coklu-dis-implant-tedavisi-e1669021284856.jpg\",\"width\":1323,\"height\":1001,\"caption\":\"\u00c7oklu Di\u015f \u0130mplant Tedavisi\"},{\"@type\":\"BreadcrumbList\",\"@id\":\"https:\\\/\\\/megadentist.com.tr\\\/de\\\/zahnimplantate\\\/behandlung-mit-mehreren-zahnimplantaten\\\/#breadcrumb\",\"itemListElement\":[{\"@type\":\"ListItem\",\"position\":1,\"name\":\"Anasayfa\",\"item\":\"https:\\\/\\\/megadentist.com.tr\\\/de\\\/\"},{\"@type\":\"ListItem\",\"position\":2,\"name\":\"Behandlung mit Zahnimplantaten\",\"item\":\"https:\\\/\\\/megadentist.com.tr\\\/de\\\/zahnimplantate\\\/\"},{\"@type\":\"ListItem\",\"position\":3,\"name\":\"Mehrere Zahnimplantate\"}]},{\"@type\":\"WebSite\",\"@id\":\"https:\\\/\\\/megadentist.com.tr\\\/de\\\/#website\",\"url\":\"https:\\\/\\\/megadentist.com.tr\\\/de\\\/\",\"name\":\"Megadentist\",\"description\":\"\",\"potentialAction\":[{\"@type\":\"SearchAction\",\"target\":{\"@type\":\"EntryPoint\",\"urlTemplate\":\"https:\\\/\\\/megadentist.com.tr\\\/de\\\/?s={search_term_string}\"},\"query-input\":{\"@type\":\"PropertyValueSpecification\",\"valueRequired\":true,\"valueName\":\"search_term_string\"}}],\"inLanguage\":\"de\"}]}<\/script>\n<!-- \/ Yoast SEO plugin. -->","yoast_head_json":{"title":"Mehrere Zahnimplantate | Megadentist","description":"Um detailliertere Informationen zur Behandlung mehrerer Zahnimplantate zu erhalten, besuchen Sie jetzt megadentist.com.tr. Klick jetzt!","robots":{"index":"index","follow":"follow","max-snippet":"max-snippet:-1","max-image-preview":"max-image-preview:large","max-video-preview":"max-video-preview:-1"},"canonical":"https:\/\/megadentist.com.tr\/de\/zahnimplantate\/behandlung-mit-mehreren-zahnimplantaten\/","og_locale":"de_DE","og_type":"article","og_title":"Mehrere Zahnimplantate | Megadentist","og_description":"Um detailliertere Informationen zur Behandlung mehrerer Zahnimplantate zu erhalten, besuchen Sie jetzt megadentist.com.tr. Klick jetzt!","og_url":"https:\/\/megadentist.com.tr\/de\/zahnimplantate\/behandlung-mit-mehreren-zahnimplantaten\/","og_site_name":"Megadentist","article_modified_time":"2024-08-28T11:41:21+00:00","og_image":[{"width":1323,"height":1001,"url":"https:\/\/megadentist.com.tr\/de\/wp-content\/uploads\/2022\/11\/coklu-dis-implant-tedavisi-e1669021284856.jpg","type":"image\/jpeg"}],"twitter_card":"summary_large_image","twitter_misc":{"Gesch\u00e4tzte Lesezeit":"2\u00a0Minuten"},"schema":{"@context":"https:\/\/schema.org","@graph":[{"@type":"WebPage","@id":"https:\/\/megadentist.com.tr\/de\/zahnimplantate\/behandlung-mit-mehreren-zahnimplantaten\/","url":"https:\/\/megadentist.com.tr\/de\/zahnimplantate\/behandlung-mit-mehreren-zahnimplantaten\/","name":"Mehrere Zahnimplantate | Megadentist","isPartOf":{"@id":"https:\/\/megadentist.com.tr\/de\/#website"},"primaryImageOfPage":{"@id":"https:\/\/megadentist.com.tr\/de\/zahnimplantate\/behandlung-mit-mehreren-zahnimplantaten\/#primaryimage"},"image":{"@id":"https:\/\/megadentist.com.tr\/de\/zahnimplantate\/behandlung-mit-mehreren-zahnimplantaten\/#primaryimage"},"thumbnailUrl":"https:\/\/megadentist.com.tr\/de\/wp-content\/uploads\/2022\/11\/coklu-dis-implant-tedavisi-e1669021284856.jpg","datePublished":"2022-10-27T14:49:33+00:00","dateModified":"2024-08-28T11:41:21+00:00","description":"Um detailliertere Informationen zur Behandlung mehrerer Zahnimplantate zu erhalten, besuchen Sie jetzt megadentist.com.tr. Klick jetzt!","breadcrumb":{"@id":"https:\/\/megadentist.com.tr\/de\/zahnimplantate\/behandlung-mit-mehreren-zahnimplantaten\/#breadcrumb"},"inLanguage":"de","potentialAction":[{"@type":"ReadAction","target":["https:\/\/megadentist.com.tr\/de\/zahnimplantate\/behandlung-mit-mehreren-zahnimplantaten\/"]}]},{"@type":"ImageObject","inLanguage":"de","@id":"https:\/\/megadentist.com.tr\/de\/zahnimplantate\/behandlung-mit-mehreren-zahnimplantaten\/#primaryimage","url":"https:\/\/megadentist.com.tr\/de\/wp-content\/uploads\/2022\/11\/coklu-dis-implant-tedavisi-e1669021284856.jpg","contentUrl":"https:\/\/megadentist.com.tr\/de\/wp-content\/uploads\/2022\/11\/coklu-dis-implant-tedavisi-e1669021284856.jpg","width":1323,"height":1001,"caption":"\u00c7oklu Di\u015f \u0130mplant Tedavisi"},{"@type":"BreadcrumbList","@id":"https:\/\/megadentist.com.tr\/de\/zahnimplantate\/behandlung-mit-mehreren-zahnimplantaten\/#breadcrumb","itemListElement":[{"@type":"ListItem","position":1,"name":"Anasayfa","item":"https:\/\/megadentist.com.tr\/de\/"},{"@type":"ListItem","position":2,"name":"Behandlung mit Zahnimplantaten","item":"https:\/\/megadentist.com.tr\/de\/zahnimplantate\/"},{"@type":"ListItem","position":3,"name":"Mehrere Zahnimplantate"}]},{"@type":"WebSite","@id":"https:\/\/megadentist.com.tr\/de\/#website","url":"https:\/\/megadentist.com.tr\/de\/","name":"Megadentist","description":"","potentialAction":[{"@type":"SearchAction","target":{"@type":"EntryPoint","urlTemplate":"https:\/\/megadentist.com.tr\/de\/?s={search_term_string}"},"query-input":{"@type":"PropertyValueSpecification","valueRequired":true,"valueName":"search_term_string"}}],"inLanguage":"de"}]}},"_links":{"self":[{"href":"https:\/\/megadentist.com.tr\/de\/wp-json\/wp\/v2\/pages\/8040","targetHints":{"allow":["GET"]}}],"collection":[{"href":"https:\/\/megadentist.com.tr\/de\/wp-json\/wp\/v2\/pages"}],"about":[{"href":"https:\/\/megadentist.com.tr\/de\/wp-json\/wp\/v2\/types\/page"}],"author":[{"embeddable":true,"href":"https:\/\/megadentist.com.tr\/de\/wp-json\/wp\/v2\/users\/1"}],"replies":[{"embeddable":true,"href":"https:\/\/megadentist.com.tr\/de\/wp-json\/wp\/v2\/comments?post=8040"}],"version-history":[{"count":4,"href":"https:\/\/megadentist.com.tr\/de\/wp-json\/wp\/v2\/pages\/8040\/revisions"}],"predecessor-version":[{"id":15786,"href":"https:\/\/megadentist.com.tr\/de\/wp-json\/wp\/v2\/pages\/8040\/revisions\/15786"}],"up":[{"embeddable":true,"href":"https:\/\/megadentist.com.tr\/de\/wp-json\/wp\/v2\/pages\/8004"}],"wp:featuredmedia":[{"embeddable":true,"href":"https:\/\/megadentist.com.tr\/de\/wp-json\/wp\/v2\/media\/10842"}],"wp:attachment":[{"href":"https:\/\/megadentist.com.tr\/de\/wp-json\/wp\/v2\/media?parent=8040"}],"wp:term":[{"taxonomy":"sayfa-ve-kategori-eslestirmesi","embeddable":true,"href":"https:\/\/megadentist.com.tr\/de\/wp-json\/wp\/v2\/sayfa-ve-kategori-eslestirmesi?post=8040"}],"curies":[{"name":"wp","href":"https:\/\/api.w.org\/{rel}","templated":true}]}}