{"id":8030,"date":"2022-10-27T17:43:25","date_gmt":"2022-10-27T14:43:25","guid":{"rendered":"https:\/\/megadentist.com.tr\/?page_id=8030"},"modified":"2024-08-28T14:41:20","modified_gmt":"2024-08-28T11:41:20","slug":"kosmetische-zahnfullungen-bonding","status":"publish","type":"page","link":"https:\/\/megadentist.com.tr\/de\/kosmetische-zahnheilkunde\/kosmetische-zahnfullungen-bonding\/","title":{"rendered":"Kosmetische Zahnf\u00fcllung (Bonding)"},"content":{"rendered":"<section class=\"l-section wpb_row height_custom\"><div class=\"l-section-h i-cf\"><div class=\"g-cols vc_row via_grid cols_1 laptops-cols_inherit tablets-cols_inherit mobiles-cols_1 valign_top type_default stacking_default\"><div class=\"wpb_column vc_column_container\"><div class=\"vc_column-inner\"><div class=\"wpb_text_column\"><div class=\"wpb_wrapper\"><h2><strong>Behandlung mit kosmetischer Zahnf\u00fcllung (Bonding) <\/strong><\/h2>\n<p><strong>L\u00e4cheln Sie frei und genie\u00dfen Sie den Augenblick <\/strong><\/p>\n<p>Kosmetische Zahnf\u00fcllungen sind eine zahn\u00e4rztliche Behandlungsmethode, mit der kleine Defekte an den Z\u00e4hnen korrigiert, Verf\u00e4rbungen entfernt und das \u00e4sthetische Aussehen der Z\u00e4hne verbessert werden. F\u00fcr diese Behandlung wird in der Regel ein wei\u00dfes F\u00fcllungsmaterial namens Kompositharz verwendet. Die kosmetische F\u00fcllung wird auf die Vorder- oder R\u00fcckseiten der Z\u00e4hne aufgetragen und sorgt f\u00fcr ein Aussehen, das mit der nat\u00fcrlichen Zahnfarbe und -struktur vereinbar ist.<\/p>\n<p>Die Behandlung mit kosmetischen F\u00fcllungen dient dazu, den Farbton der Z\u00e4hne zu verbessern, kleine Risse und L\u00f6cher zu f\u00fcllen, Zahnl\u00fccken zu schlie\u00dfen oder die Form der Z\u00e4hne zu optimieren. Bei der Anwendung wird das Kompositmaterial auf die Zahnoberfl\u00e4che aufgetragen, geformt und anschlie\u00dfend mit einem speziellen Licht geh\u00e4rtet.<\/p>\n<p>Unsere erfahrenen Zahn\u00e4rzte erstellen ma\u00dfgeschneiderte Behandlungspl\u00e4ne mit kosmetischen Zahnf\u00fcllungen und ber\u00fccksichtigen dabei die \u00e4sthetischen Vorlieben und Bed\u00fcrfnisse der Patienten. Der Behandlungsprozess ist in der Regel in einer Sitzung abgeschlossen und erm\u00f6glicht Ihnen schnelle Ergebnisse.<\/p>\n<p>Unser Ziel ist es, den Patienten ein nat\u00fcrliches und gesundes L\u00e4cheln zu schenken und ihr Selbstvertrauen zu st\u00e4rken. Kontaktieren Sie uns f\u00fcr weitere Ausk\u00fcnfte oder einen Termin.<\/p>\n<p>Die Behandlung mit <strong>kosmetischen Zahnf\u00fcllungen (Bonding)<\/strong> ist einfach und kosteng\u00fcnstig. Es handelt sich um einen kosmetischen Eingriff f\u00fcr den Farbton, die L\u00e4nge und die Form des Zahns, um vergilbte, kari\u00f6se, abgebrochene und abgenutzte Z\u00e4hne zu verbessern. <strong>Kosmetische Zahnf\u00fcllungen<\/strong> werden wegen des geringen Materialverlusts im Zahnschmelz bevorzugt.<\/p>\n<h2><strong>Was versteht man unter kosmetischer Zahnf\u00fcllung (Bonding)? <\/strong><\/h2>\n<p>Unter kosmetischer Zahnf\u00fcllung versteht man eine Behandlung, die das Aussehen von abgebrochenen, kari\u00f6sen oder vergilbten Z\u00e4hnen verbessert, die Zahnl\u00fccken schlie\u00dft und die Form und Farbe der Z\u00e4hne umgestaltet. Die Bonding-F\u00fcllung ist ein Eingriff, der sowohl im Hinblick auf die Zahngesundheit als auch auf das \u00e4sthetische L\u00e4cheln durchgef\u00fchrt wird.<\/p>\n<p>Bei der Bonding-Anwendung werden Kompositmaterialien zum F\u00fcllen von Zahnl\u00fccken und zur kosmetischen Behandlung von Frakturen verwendet. Bei der Bonding-Anwendung, die auch als <strong>Kompositf\u00fcllung<\/strong> oder <strong>Kompositverbund<\/strong> bezeichnet wird, kann eine kosmetische F\u00fcllung mit speziellen F\u00fcllungsmaterialien durchgef\u00fchrt werden, ohne Zahnschmelz zu entfernen.<\/p>\n<\/div><\/div><\/div><\/div><\/div><\/div><\/section>\n","protected":false},"excerpt":{"rendered":"Behandlung mit kosmetischer Zahnf\u00fcllung (Bonding) L\u00e4cheln Sie frei und genie\u00dfen Sie den Augenblick Kosmetische Zahnf\u00fcllungen sind eine zahn\u00e4rztliche Behandlungsmethode, mit der kleine Defekte an den Z\u00e4hnen korrigiert, Verf\u00e4rbungen entfernt und das \u00e4sthetische Aussehen der Z\u00e4hne verbessert werden. F\u00fcr diese Behandlung wird in der Regel ein wei\u00dfes F\u00fcllungsmaterial namens Kompositharz verwendet. Die kosmetische F\u00fcllung wird auf...","protected":false},"author":1,"featured_media":10832,"parent":8002,"menu_order":0,"comment_status":"closed","ping_status":"closed","template":"","meta":{"_acf_changed":false,"footnotes":""},"sayfa-ve-kategori-eslestirmesi":[61],"class_list":["post-8030","page","type-page","status-publish","has-post-thumbnail","hentry"],"acf":[],"yoast_head":"<!-- This site is optimized with the Yoast SEO plugin v27.4 - https:\/\/yoast.com\/product\/yoast-seo-wordpress\/ -->\n<title>Kosmetische Zahnf\u00fcllung (Bonding) | Megadentist<\/title>\n<meta name=\"description\" content=\"Um detailliertere Informationen \u00fcber \u00e4sthetische Zahnf\u00fcllungen (Bonding) zu erhalten, besuchen Sie jetzt megadentist.com.tr. Klick jetzt!\" \/>\n<meta name=\"robots\" content=\"index, follow, max-snippet:-1, max-image-preview:large, max-video-preview:-1\" \/>\n<link rel=\"canonical\" href=\"https:\/\/megadentist.com.tr\/de\/kosmetische-zahnheilkunde\/kosmetische-zahnfullungen-bonding\/\" \/>\n<meta property=\"og:locale\" content=\"de_DE\" \/>\n<meta property=\"og:type\" content=\"article\" \/>\n<meta property=\"og:title\" content=\"Kosmetische Zahnf\u00fcllung (Bonding) | Megadentist\" \/>\n<meta property=\"og:description\" content=\"Um detailliertere Informationen \u00fcber \u00e4sthetische Zahnf\u00fcllungen (Bonding) zu erhalten, besuchen Sie jetzt megadentist.com.tr. Klick jetzt!\" \/>\n<meta property=\"og:url\" content=\"https:\/\/megadentist.com.tr\/de\/kosmetische-zahnheilkunde\/kosmetische-zahnfullungen-bonding\/\" \/>\n<meta property=\"og:site_name\" content=\"Megadentist\" \/>\n<meta property=\"article:modified_time\" content=\"2024-08-28T11:41:20+00:00\" \/>\n<meta property=\"og:image\" content=\"https:\/\/megadentist.com.tr\/de\/wp-content\/uploads\/2022\/11\/dis-dolgusu.jpg\" \/>\n\t<meta property=\"og:image:width\" content=\"1000\" \/>\n\t<meta property=\"og:image:height\" content=\"667\" \/>\n\t<meta property=\"og:image:type\" content=\"image\/jpeg\" \/>\n<meta name=\"twitter:card\" content=\"summary_large_image\" \/>\n<meta name=\"twitter:label1\" content=\"Gesch\u00e4tzte Lesezeit\" \/>\n\t<meta name=\"twitter:data1\" content=\"3\u00a0Minuten\" \/>\n<script type=\"application\/ld+json\" class=\"yoast-schema-graph\">{\"@context\":\"https:\\\/\\\/schema.org\",\"@graph\":[{\"@type\":\"WebPage\",\"@id\":\"https:\\\/\\\/megadentist.com.tr\\\/de\\\/kosmetische-zahnheilkunde\\\/kosmetische-zahnfullungen-bonding\\\/\",\"url\":\"https:\\\/\\\/megadentist.com.tr\\\/de\\\/kosmetische-zahnheilkunde\\\/kosmetische-zahnfullungen-bonding\\\/\",\"name\":\"Kosmetische Zahnf\u00fcllung (Bonding) | Megadentist\",\"isPartOf\":{\"@id\":\"https:\\\/\\\/megadentist.com.tr\\\/de\\\/#website\"},\"primaryImageOfPage\":{\"@id\":\"https:\\\/\\\/megadentist.com.tr\\\/de\\\/kosmetische-zahnheilkunde\\\/kosmetische-zahnfullungen-bonding\\\/#primaryimage\"},\"image\":{\"@id\":\"https:\\\/\\\/megadentist.com.tr\\\/de\\\/kosmetische-zahnheilkunde\\\/kosmetische-zahnfullungen-bonding\\\/#primaryimage\"},\"thumbnailUrl\":\"https:\\\/\\\/megadentist.com.tr\\\/de\\\/wp-content\\\/uploads\\\/2022\\\/11\\\/dis-dolgusu.jpg\",\"datePublished\":\"2022-10-27T14:43:25+00:00\",\"dateModified\":\"2024-08-28T11:41:20+00:00\",\"description\":\"Um detailliertere Informationen \u00fcber \u00e4sthetische Zahnf\u00fcllungen (Bonding) zu erhalten, besuchen Sie jetzt megadentist.com.tr. Klick jetzt!\",\"breadcrumb\":{\"@id\":\"https:\\\/\\\/megadentist.com.tr\\\/de\\\/kosmetische-zahnheilkunde\\\/kosmetische-zahnfullungen-bonding\\\/#breadcrumb\"},\"inLanguage\":\"de\",\"potentialAction\":[{\"@type\":\"ReadAction\",\"target\":[\"https:\\\/\\\/megadentist.com.tr\\\/de\\\/kosmetische-zahnheilkunde\\\/kosmetische-zahnfullungen-bonding\\\/\"]}]},{\"@type\":\"ImageObject\",\"inLanguage\":\"de\",\"@id\":\"https:\\\/\\\/megadentist.com.tr\\\/de\\\/kosmetische-zahnheilkunde\\\/kosmetische-zahnfullungen-bonding\\\/#primaryimage\",\"url\":\"https:\\\/\\\/megadentist.com.tr\\\/de\\\/wp-content\\\/uploads\\\/2022\\\/11\\\/dis-dolgusu.jpg\",\"contentUrl\":\"https:\\\/\\\/megadentist.com.tr\\\/de\\\/wp-content\\\/uploads\\\/2022\\\/11\\\/dis-dolgusu.jpg\",\"width\":1000,\"height\":667,\"caption\":\"Di\u015f Dolgusu\"},{\"@type\":\"BreadcrumbList\",\"@id\":\"https:\\\/\\\/megadentist.com.tr\\\/de\\\/kosmetische-zahnheilkunde\\\/kosmetische-zahnfullungen-bonding\\\/#breadcrumb\",\"itemListElement\":[{\"@type\":\"ListItem\",\"position\":1,\"name\":\"Anasayfa\",\"item\":\"https:\\\/\\\/megadentist.com.tr\\\/de\\\/\"},{\"@type\":\"ListItem\",\"position\":2,\"name\":\"Kosmetische Zahnmedizin\",\"item\":\"https:\\\/\\\/megadentist.com.tr\\\/de\\\/kosmetische-zahnheilkunde\\\/\"},{\"@type\":\"ListItem\",\"position\":3,\"name\":\"Kosmetische Zahnf\u00fcllung (Bonding)\"}]},{\"@type\":\"WebSite\",\"@id\":\"https:\\\/\\\/megadentist.com.tr\\\/de\\\/#website\",\"url\":\"https:\\\/\\\/megadentist.com.tr\\\/de\\\/\",\"name\":\"Megadentist\",\"description\":\"\",\"potentialAction\":[{\"@type\":\"SearchAction\",\"target\":{\"@type\":\"EntryPoint\",\"urlTemplate\":\"https:\\\/\\\/megadentist.com.tr\\\/de\\\/?s={search_term_string}\"},\"query-input\":{\"@type\":\"PropertyValueSpecification\",\"valueRequired\":true,\"valueName\":\"search_term_string\"}}],\"inLanguage\":\"de\"}]}<\/script>\n<!-- \/ Yoast SEO plugin. -->","yoast_head_json":{"title":"Kosmetische Zahnf\u00fcllung (Bonding) | Megadentist","description":"Um detailliertere Informationen \u00fcber \u00e4sthetische Zahnf\u00fcllungen (Bonding) zu erhalten, besuchen Sie jetzt megadentist.com.tr. Klick jetzt!","robots":{"index":"index","follow":"follow","max-snippet":"max-snippet:-1","max-image-preview":"max-image-preview:large","max-video-preview":"max-video-preview:-1"},"canonical":"https:\/\/megadentist.com.tr\/de\/kosmetische-zahnheilkunde\/kosmetische-zahnfullungen-bonding\/","og_locale":"de_DE","og_type":"article","og_title":"Kosmetische Zahnf\u00fcllung (Bonding) | Megadentist","og_description":"Um detailliertere Informationen \u00fcber \u00e4sthetische Zahnf\u00fcllungen (Bonding) zu erhalten, besuchen Sie jetzt megadentist.com.tr. Klick jetzt!","og_url":"https:\/\/megadentist.com.tr\/de\/kosmetische-zahnheilkunde\/kosmetische-zahnfullungen-bonding\/","og_site_name":"Megadentist","article_modified_time":"2024-08-28T11:41:20+00:00","og_image":[{"width":1000,"height":667,"url":"https:\/\/megadentist.com.tr\/de\/wp-content\/uploads\/2022\/11\/dis-dolgusu.jpg","type":"image\/jpeg"}],"twitter_card":"summary_large_image","twitter_misc":{"Gesch\u00e4tzte Lesezeit":"3\u00a0Minuten"},"schema":{"@context":"https:\/\/schema.org","@graph":[{"@type":"WebPage","@id":"https:\/\/megadentist.com.tr\/de\/kosmetische-zahnheilkunde\/kosmetische-zahnfullungen-bonding\/","url":"https:\/\/megadentist.com.tr\/de\/kosmetische-zahnheilkunde\/kosmetische-zahnfullungen-bonding\/","name":"Kosmetische Zahnf\u00fcllung (Bonding) | Megadentist","isPartOf":{"@id":"https:\/\/megadentist.com.tr\/de\/#website"},"primaryImageOfPage":{"@id":"https:\/\/megadentist.com.tr\/de\/kosmetische-zahnheilkunde\/kosmetische-zahnfullungen-bonding\/#primaryimage"},"image":{"@id":"https:\/\/megadentist.com.tr\/de\/kosmetische-zahnheilkunde\/kosmetische-zahnfullungen-bonding\/#primaryimage"},"thumbnailUrl":"https:\/\/megadentist.com.tr\/de\/wp-content\/uploads\/2022\/11\/dis-dolgusu.jpg","datePublished":"2022-10-27T14:43:25+00:00","dateModified":"2024-08-28T11:41:20+00:00","description":"Um detailliertere Informationen \u00fcber \u00e4sthetische Zahnf\u00fcllungen (Bonding) zu erhalten, besuchen Sie jetzt megadentist.com.tr. Klick jetzt!","breadcrumb":{"@id":"https:\/\/megadentist.com.tr\/de\/kosmetische-zahnheilkunde\/kosmetische-zahnfullungen-bonding\/#breadcrumb"},"inLanguage":"de","potentialAction":[{"@type":"ReadAction","target":["https:\/\/megadentist.com.tr\/de\/kosmetische-zahnheilkunde\/kosmetische-zahnfullungen-bonding\/"]}]},{"@type":"ImageObject","inLanguage":"de","@id":"https:\/\/megadentist.com.tr\/de\/kosmetische-zahnheilkunde\/kosmetische-zahnfullungen-bonding\/#primaryimage","url":"https:\/\/megadentist.com.tr\/de\/wp-content\/uploads\/2022\/11\/dis-dolgusu.jpg","contentUrl":"https:\/\/megadentist.com.tr\/de\/wp-content\/uploads\/2022\/11\/dis-dolgusu.jpg","width":1000,"height":667,"caption":"Di\u015f Dolgusu"},{"@type":"BreadcrumbList","@id":"https:\/\/megadentist.com.tr\/de\/kosmetische-zahnheilkunde\/kosmetische-zahnfullungen-bonding\/#breadcrumb","itemListElement":[{"@type":"ListItem","position":1,"name":"Anasayfa","item":"https:\/\/megadentist.com.tr\/de\/"},{"@type":"ListItem","position":2,"name":"Kosmetische Zahnmedizin","item":"https:\/\/megadentist.com.tr\/de\/kosmetische-zahnheilkunde\/"},{"@type":"ListItem","position":3,"name":"Kosmetische Zahnf\u00fcllung (Bonding)"}]},{"@type":"WebSite","@id":"https:\/\/megadentist.com.tr\/de\/#website","url":"https:\/\/megadentist.com.tr\/de\/","name":"Megadentist","description":"","potentialAction":[{"@type":"SearchAction","target":{"@type":"EntryPoint","urlTemplate":"https:\/\/megadentist.com.tr\/de\/?s={search_term_string}"},"query-input":{"@type":"PropertyValueSpecification","valueRequired":true,"valueName":"search_term_string"}}],"inLanguage":"de"}]}},"_links":{"self":[{"href":"https:\/\/megadentist.com.tr\/de\/wp-json\/wp\/v2\/pages\/8030","targetHints":{"allow":["GET"]}}],"collection":[{"href":"https:\/\/megadentist.com.tr\/de\/wp-json\/wp\/v2\/pages"}],"about":[{"href":"https:\/\/megadentist.com.tr\/de\/wp-json\/wp\/v2\/types\/page"}],"author":[{"embeddable":true,"href":"https:\/\/megadentist.com.tr\/de\/wp-json\/wp\/v2\/users\/1"}],"replies":[{"embeddable":true,"href":"https:\/\/megadentist.com.tr\/de\/wp-json\/wp\/v2\/comments?post=8030"}],"version-history":[{"count":10,"href":"https:\/\/megadentist.com.tr\/de\/wp-json\/wp\/v2\/pages\/8030\/revisions"}],"predecessor-version":[{"id":15783,"href":"https:\/\/megadentist.com.tr\/de\/wp-json\/wp\/v2\/pages\/8030\/revisions\/15783"}],"up":[{"embeddable":true,"href":"https:\/\/megadentist.com.tr\/de\/wp-json\/wp\/v2\/pages\/8002"}],"wp:featuredmedia":[{"embeddable":true,"href":"https:\/\/megadentist.com.tr\/de\/wp-json\/wp\/v2\/media\/10832"}],"wp:attachment":[{"href":"https:\/\/megadentist.com.tr\/de\/wp-json\/wp\/v2\/media?parent=8030"}],"wp:term":[{"taxonomy":"sayfa-ve-kategori-eslestirmesi","embeddable":true,"href":"https:\/\/megadentist.com.tr\/de\/wp-json\/wp\/v2\/sayfa-ve-kategori-eslestirmesi?post=8030"}],"curies":[{"name":"wp","href":"https:\/\/api.w.org\/{rel}","templated":true}]}}