{"id":8026,"date":"2022-10-27T17:42:55","date_gmt":"2022-10-27T14:42:55","guid":{"rendered":"https:\/\/megadentist.com.tr\/?page_id=8026"},"modified":"2024-08-28T14:41:20","modified_gmt":"2024-08-28T11:41:20","slug":"zahnkronen-aus-zirkonium","status":"publish","type":"page","link":"https:\/\/megadentist.com.tr\/de\/kosmetische-zahnheilkunde\/zahnkronen-aus-zirkonium\/","title":{"rendered":"Zahnkronen aus Zirkonium"},"content":{"rendered":"<section class=\"l-section wpb_row height_custom\"><div class=\"l-section-h i-cf\"><div class=\"g-cols vc_row via_grid cols_1 laptops-cols_inherit tablets-cols_inherit mobiles-cols_1 valign_top type_default stacking_default\"><div class=\"wpb_column vc_column_container\"><div class=\"vc_column-inner\"><div class=\"wpb_text_column\"><div class=\"wpb_wrapper\"><h2><strong>Behandlung mit Zahnkronen aus Zirkonium <\/strong><\/h2>\n<p><strong>In jedem L\u00e4cheln liegt ein anderes Gl\u00fcck <\/strong><\/p>\n<p>Die Behandlung mit Zahnkronen aus Zirkonium ist eine zahn\u00e4rztliche Behandlungsmethode zur Verbesserung und St\u00e4rkung des \u00e4sthetischen Aussehens der Z\u00e4hne. Diese Behandlung wird in der Regel bei starker Karies oder Sch\u00e4den an den Backenz\u00e4hnen bevorzugt.<\/p>\n<p>Zirkonium ist ein haltbares und \u00e4sthetisches Material, das mit der nat\u00fcrlichen Zahnfarbe kompatibel ist. Da Zahnkronen aus Zirkonium auf die Vorderfl\u00e4chen der Z\u00e4hne aufgebracht werden, bieten sie \u00e4sthetisch perfekte Ergebnisse, wobei die nat\u00fcrliche Struktur der Z\u00e4hne erhalten bleibt.<\/p>\n<p>Unsere erfahrenen Zahn\u00e4rzte erstellen einen ma\u00dfgeschneiderten Behandlungsplan mit Zahnkronen aus Zirkonium, der die \u00e4sthetischen Vorlieben der Patienten und den aktuellen Zustand der Z\u00e4hne ber\u00fccksichtigt. Der Behandlungsprozess kann oft mehrere Besuche erfordern, aber die Ergebnisse sorgen f\u00fcr ein nat\u00fcrliches L\u00e4cheln und verbessern gleichzeitig die Festigkeit und das \u00e4sthetische Erscheinungsbild der Z\u00e4hne.<\/p>\n<p>Unser Ziel ist es, den Patienten zu helfen, ihr Selbstvertrauen zu st\u00e4rken und langfristige \u00e4sthetische und funktionelle Ergebnisse mit einem gesunden und attraktiven L\u00e4cheln zu erzielen. Kontaktieren Sie uns f\u00fcr weitere Ausk\u00fcnfte oder einen Termin. Die Zahnklinik Megadentist, die mit ihrem Fachpersonal die Behandlungen mit Zahnkronen aus Zirkonium durchf\u00fchrt, verhilft Ihnen zu hochwertigen und \u00e4sthetischen Z\u00e4hnen.<\/p>\n<p><strong>Zahnkronen aus Zirkonium<\/strong> sind \u00dcberz\u00fcge, die aus Zirkonium bestehen und auf der Zahnoberfl\u00e4che angebracht werden.\u00a0 Zirkonium ist eine farbige Substanz, die im Zahnbau verwendet wird. Die Zahnkronen aus Z\u0130rkonium ist eine wei\u00dfe Legierung, die bei Br\u00fccken und Zahnersatz aus Porzellan, der aufgrund von Zahndefiziten im Mund angefertigt wird, anstelle von grauem Metall bevorzugt wird.<\/p>\n<p>Bei Verblendschalen, Zahnkronen und -br\u00fccken wird eine Zirkonium-Legierung verwendet. <strong>Die Zahnkronen aus Zirkonium <\/strong>sind eine sehr haltbare Legierung. Aus diesem Grund werden sie sowohl im vorderen Bereich als auch im hinteren Bereich von Zahnbr\u00fccken verwendet.<\/p>\n<h2><strong>Was versteht man unter Zahnkronen aus Zirkonium? <\/strong><\/h2>\n<p>Die Zahnkronen aus Zirkonium werden von Zahn\u00e4rzten bei der Wiederherstellung kari\u00f6ser Z\u00e4hne und bei der Beschichtung von Zahnoberfl\u00e4chen f\u00fcr diejenigen verwendet, die ein \u00e4sthetisches L\u00e4cheln und wei\u00dfe Z\u00e4hne haben m\u00f6chten. Zirkonium, das auf den vorderen und hinteren Z\u00e4hnen verwendet werden kann, bietet ein \u00e4sthetisches Aussehen auf den vorderen Z\u00e4hnen.<\/p>\n<p>Die Zahnkronen aus Zirkonium ist die dem nat\u00fcrlichen Zahn am n\u00e4chsten kommenden Zahnkronen mit biologischer Vertr\u00e4glichkeit zum Zahnfleisch. Sie haben eine wei\u00dfe Farbe und ein nat\u00fcrliches Aussehen. Metallfreies Zirkonium verursacht keine Allergien.<\/p>\n<\/div><\/div><\/div><\/div><\/div><\/div><\/section>\n","protected":false},"excerpt":{"rendered":"Behandlung mit Zahnkronen aus Zirkonium In jedem L\u00e4cheln liegt ein anderes Gl\u00fcck Die Behandlung mit Zahnkronen aus Zirkonium ist eine zahn\u00e4rztliche Behandlungsmethode zur Verbesserung und St\u00e4rkung des \u00e4sthetischen Aussehens der Z\u00e4hne. Diese Behandlung wird in der Regel bei starker Karies oder Sch\u00e4den an den Backenz\u00e4hnen bevorzugt. Zirkonium ist ein haltbares und \u00e4sthetisches Material, das mit...","protected":false},"author":1,"featured_media":10828,"parent":8002,"menu_order":0,"comment_status":"closed","ping_status":"closed","template":"","meta":{"_acf_changed":false,"footnotes":""},"sayfa-ve-kategori-eslestirmesi":[61],"class_list":["post-8026","page","type-page","status-publish","has-post-thumbnail","hentry"],"acf":[],"yoast_head":"<!-- This site is optimized with the Yoast SEO plugin v27.4 - https:\/\/yoast.com\/product\/yoast-seo-wordpress\/ -->\n<title>Zahnkronen aus Zirkonium | Megadentist<\/title>\n<meta name=\"description\" content=\"Um detailliertere Informationen \u00fcber die Zirkoniumbeschichtung zu erhalten, besuchen Sie jetzt megadentist.com.tr. Klick jetzt!\" \/>\n<meta name=\"robots\" content=\"index, follow, max-snippet:-1, max-image-preview:large, max-video-preview:-1\" \/>\n<link rel=\"canonical\" href=\"https:\/\/megadentist.com.tr\/de\/kosmetische-zahnheilkunde\/zahnkronen-aus-zirkonium\/\" \/>\n<meta property=\"og:locale\" content=\"de_DE\" \/>\n<meta property=\"og:type\" content=\"article\" \/>\n<meta property=\"og:title\" content=\"Zahnkronen aus Zirkonium | Megadentist\" \/>\n<meta property=\"og:description\" content=\"Um detailliertere Informationen \u00fcber die Zirkoniumbeschichtung zu erhalten, besuchen Sie jetzt megadentist.com.tr. Klick jetzt!\" \/>\n<meta property=\"og:url\" content=\"https:\/\/megadentist.com.tr\/de\/kosmetische-zahnheilkunde\/zahnkronen-aus-zirkonium\/\" \/>\n<meta property=\"og:site_name\" content=\"Megadentist\" \/>\n<meta property=\"article:modified_time\" content=\"2024-08-28T11:41:20+00:00\" \/>\n<meta property=\"og:image\" content=\"https:\/\/megadentist.com.tr\/de\/wp-content\/uploads\/2022\/11\/zirkonyum-kaplama.jpg\" \/>\n\t<meta property=\"og:image:width\" content=\"940\" \/>\n\t<meta property=\"og:image:height\" content=\"734\" \/>\n\t<meta property=\"og:image:type\" content=\"image\/jpeg\" \/>\n<meta name=\"twitter:card\" content=\"summary_large_image\" \/>\n<meta name=\"twitter:label1\" content=\"Gesch\u00e4tzte Lesezeit\" \/>\n\t<meta name=\"twitter:data1\" content=\"2\u00a0Minuten\" \/>\n<script type=\"application\/ld+json\" class=\"yoast-schema-graph\">{\"@context\":\"https:\\\/\\\/schema.org\",\"@graph\":[{\"@type\":\"WebPage\",\"@id\":\"https:\\\/\\\/megadentist.com.tr\\\/de\\\/kosmetische-zahnheilkunde\\\/zahnkronen-aus-zirkonium\\\/\",\"url\":\"https:\\\/\\\/megadentist.com.tr\\\/de\\\/kosmetische-zahnheilkunde\\\/zahnkronen-aus-zirkonium\\\/\",\"name\":\"Zahnkronen aus Zirkonium | Megadentist\",\"isPartOf\":{\"@id\":\"https:\\\/\\\/megadentist.com.tr\\\/de\\\/#website\"},\"primaryImageOfPage\":{\"@id\":\"https:\\\/\\\/megadentist.com.tr\\\/de\\\/kosmetische-zahnheilkunde\\\/zahnkronen-aus-zirkonium\\\/#primaryimage\"},\"image\":{\"@id\":\"https:\\\/\\\/megadentist.com.tr\\\/de\\\/kosmetische-zahnheilkunde\\\/zahnkronen-aus-zirkonium\\\/#primaryimage\"},\"thumbnailUrl\":\"https:\\\/\\\/megadentist.com.tr\\\/de\\\/wp-content\\\/uploads\\\/2022\\\/11\\\/zirkonyum-kaplama.jpg\",\"datePublished\":\"2022-10-27T14:42:55+00:00\",\"dateModified\":\"2024-08-28T11:41:20+00:00\",\"description\":\"Um detailliertere Informationen \u00fcber die Zirkoniumbeschichtung zu erhalten, besuchen Sie jetzt megadentist.com.tr. Klick jetzt!\",\"breadcrumb\":{\"@id\":\"https:\\\/\\\/megadentist.com.tr\\\/de\\\/kosmetische-zahnheilkunde\\\/zahnkronen-aus-zirkonium\\\/#breadcrumb\"},\"inLanguage\":\"de\",\"potentialAction\":[{\"@type\":\"ReadAction\",\"target\":[\"https:\\\/\\\/megadentist.com.tr\\\/de\\\/kosmetische-zahnheilkunde\\\/zahnkronen-aus-zirkonium\\\/\"]}]},{\"@type\":\"ImageObject\",\"inLanguage\":\"de\",\"@id\":\"https:\\\/\\\/megadentist.com.tr\\\/de\\\/kosmetische-zahnheilkunde\\\/zahnkronen-aus-zirkonium\\\/#primaryimage\",\"url\":\"https:\\\/\\\/megadentist.com.tr\\\/de\\\/wp-content\\\/uploads\\\/2022\\\/11\\\/zirkonyum-kaplama.jpg\",\"contentUrl\":\"https:\\\/\\\/megadentist.com.tr\\\/de\\\/wp-content\\\/uploads\\\/2022\\\/11\\\/zirkonyum-kaplama.jpg\",\"width\":940,\"height\":734,\"caption\":\"Smiling female patient looking at stomatologist while dentist orthodontist checking up teeth tooth, curing caries, doing veneers implantation.\"},{\"@type\":\"BreadcrumbList\",\"@id\":\"https:\\\/\\\/megadentist.com.tr\\\/de\\\/kosmetische-zahnheilkunde\\\/zahnkronen-aus-zirkonium\\\/#breadcrumb\",\"itemListElement\":[{\"@type\":\"ListItem\",\"position\":1,\"name\":\"Anasayfa\",\"item\":\"https:\\\/\\\/megadentist.com.tr\\\/de\\\/\"},{\"@type\":\"ListItem\",\"position\":2,\"name\":\"Kosmetische Zahnmedizin\",\"item\":\"https:\\\/\\\/megadentist.com.tr\\\/de\\\/kosmetische-zahnheilkunde\\\/\"},{\"@type\":\"ListItem\",\"position\":3,\"name\":\"Zahnkronen aus Zirkonium\"}]},{\"@type\":\"WebSite\",\"@id\":\"https:\\\/\\\/megadentist.com.tr\\\/de\\\/#website\",\"url\":\"https:\\\/\\\/megadentist.com.tr\\\/de\\\/\",\"name\":\"Megadentist\",\"description\":\"\",\"potentialAction\":[{\"@type\":\"SearchAction\",\"target\":{\"@type\":\"EntryPoint\",\"urlTemplate\":\"https:\\\/\\\/megadentist.com.tr\\\/de\\\/?s={search_term_string}\"},\"query-input\":{\"@type\":\"PropertyValueSpecification\",\"valueRequired\":true,\"valueName\":\"search_term_string\"}}],\"inLanguage\":\"de\"}]}<\/script>\n<!-- \/ Yoast SEO plugin. -->","yoast_head_json":{"title":"Zahnkronen aus Zirkonium | Megadentist","description":"Um detailliertere Informationen \u00fcber die Zirkoniumbeschichtung zu erhalten, besuchen Sie jetzt megadentist.com.tr. Klick jetzt!","robots":{"index":"index","follow":"follow","max-snippet":"max-snippet:-1","max-image-preview":"max-image-preview:large","max-video-preview":"max-video-preview:-1"},"canonical":"https:\/\/megadentist.com.tr\/de\/kosmetische-zahnheilkunde\/zahnkronen-aus-zirkonium\/","og_locale":"de_DE","og_type":"article","og_title":"Zahnkronen aus Zirkonium | Megadentist","og_description":"Um detailliertere Informationen \u00fcber die Zirkoniumbeschichtung zu erhalten, besuchen Sie jetzt megadentist.com.tr. Klick jetzt!","og_url":"https:\/\/megadentist.com.tr\/de\/kosmetische-zahnheilkunde\/zahnkronen-aus-zirkonium\/","og_site_name":"Megadentist","article_modified_time":"2024-08-28T11:41:20+00:00","og_image":[{"width":940,"height":734,"url":"https:\/\/megadentist.com.tr\/de\/wp-content\/uploads\/2022\/11\/zirkonyum-kaplama.jpg","type":"image\/jpeg"}],"twitter_card":"summary_large_image","twitter_misc":{"Gesch\u00e4tzte Lesezeit":"2\u00a0Minuten"},"schema":{"@context":"https:\/\/schema.org","@graph":[{"@type":"WebPage","@id":"https:\/\/megadentist.com.tr\/de\/kosmetische-zahnheilkunde\/zahnkronen-aus-zirkonium\/","url":"https:\/\/megadentist.com.tr\/de\/kosmetische-zahnheilkunde\/zahnkronen-aus-zirkonium\/","name":"Zahnkronen aus Zirkonium | Megadentist","isPartOf":{"@id":"https:\/\/megadentist.com.tr\/de\/#website"},"primaryImageOfPage":{"@id":"https:\/\/megadentist.com.tr\/de\/kosmetische-zahnheilkunde\/zahnkronen-aus-zirkonium\/#primaryimage"},"image":{"@id":"https:\/\/megadentist.com.tr\/de\/kosmetische-zahnheilkunde\/zahnkronen-aus-zirkonium\/#primaryimage"},"thumbnailUrl":"https:\/\/megadentist.com.tr\/de\/wp-content\/uploads\/2022\/11\/zirkonyum-kaplama.jpg","datePublished":"2022-10-27T14:42:55+00:00","dateModified":"2024-08-28T11:41:20+00:00","description":"Um detailliertere Informationen \u00fcber die Zirkoniumbeschichtung zu erhalten, besuchen Sie jetzt megadentist.com.tr. Klick jetzt!","breadcrumb":{"@id":"https:\/\/megadentist.com.tr\/de\/kosmetische-zahnheilkunde\/zahnkronen-aus-zirkonium\/#breadcrumb"},"inLanguage":"de","potentialAction":[{"@type":"ReadAction","target":["https:\/\/megadentist.com.tr\/de\/kosmetische-zahnheilkunde\/zahnkronen-aus-zirkonium\/"]}]},{"@type":"ImageObject","inLanguage":"de","@id":"https:\/\/megadentist.com.tr\/de\/kosmetische-zahnheilkunde\/zahnkronen-aus-zirkonium\/#primaryimage","url":"https:\/\/megadentist.com.tr\/de\/wp-content\/uploads\/2022\/11\/zirkonyum-kaplama.jpg","contentUrl":"https:\/\/megadentist.com.tr\/de\/wp-content\/uploads\/2022\/11\/zirkonyum-kaplama.jpg","width":940,"height":734,"caption":"Smiling female patient looking at stomatologist while dentist orthodontist checking up teeth tooth, curing caries, doing veneers implantation."},{"@type":"BreadcrumbList","@id":"https:\/\/megadentist.com.tr\/de\/kosmetische-zahnheilkunde\/zahnkronen-aus-zirkonium\/#breadcrumb","itemListElement":[{"@type":"ListItem","position":1,"name":"Anasayfa","item":"https:\/\/megadentist.com.tr\/de\/"},{"@type":"ListItem","position":2,"name":"Kosmetische Zahnmedizin","item":"https:\/\/megadentist.com.tr\/de\/kosmetische-zahnheilkunde\/"},{"@type":"ListItem","position":3,"name":"Zahnkronen aus Zirkonium"}]},{"@type":"WebSite","@id":"https:\/\/megadentist.com.tr\/de\/#website","url":"https:\/\/megadentist.com.tr\/de\/","name":"Megadentist","description":"","potentialAction":[{"@type":"SearchAction","target":{"@type":"EntryPoint","urlTemplate":"https:\/\/megadentist.com.tr\/de\/?s={search_term_string}"},"query-input":{"@type":"PropertyValueSpecification","valueRequired":true,"valueName":"search_term_string"}}],"inLanguage":"de"}]}},"_links":{"self":[{"href":"https:\/\/megadentist.com.tr\/de\/wp-json\/wp\/v2\/pages\/8026","targetHints":{"allow":["GET"]}}],"collection":[{"href":"https:\/\/megadentist.com.tr\/de\/wp-json\/wp\/v2\/pages"}],"about":[{"href":"https:\/\/megadentist.com.tr\/de\/wp-json\/wp\/v2\/types\/page"}],"author":[{"embeddable":true,"href":"https:\/\/megadentist.com.tr\/de\/wp-json\/wp\/v2\/users\/1"}],"replies":[{"embeddable":true,"href":"https:\/\/megadentist.com.tr\/de\/wp-json\/wp\/v2\/comments?post=8026"}],"version-history":[{"count":8,"href":"https:\/\/megadentist.com.tr\/de\/wp-json\/wp\/v2\/pages\/8026\/revisions"}],"predecessor-version":[{"id":15781,"href":"https:\/\/megadentist.com.tr\/de\/wp-json\/wp\/v2\/pages\/8026\/revisions\/15781"}],"up":[{"embeddable":true,"href":"https:\/\/megadentist.com.tr\/de\/wp-json\/wp\/v2\/pages\/8002"}],"wp:featuredmedia":[{"embeddable":true,"href":"https:\/\/megadentist.com.tr\/de\/wp-json\/wp\/v2\/media\/10828"}],"wp:attachment":[{"href":"https:\/\/megadentist.com.tr\/de\/wp-json\/wp\/v2\/media?parent=8026"}],"wp:term":[{"taxonomy":"sayfa-ve-kategori-eslestirmesi","embeddable":true,"href":"https:\/\/megadentist.com.tr\/de\/wp-json\/wp\/v2\/sayfa-ve-kategori-eslestirmesi?post=8026"}],"curies":[{"name":"wp","href":"https:\/\/api.w.org\/{rel}","templated":true}]}}