{"id":8024,"date":"2022-10-27T17:42:41","date_gmt":"2022-10-27T14:42:41","guid":{"rendered":"https:\/\/megadentist.com.tr\/?page_id=8024"},"modified":"2024-08-28T14:41:20","modified_gmt":"2024-08-28T11:41:20","slug":"zahnkronen-aus-porzellan","status":"publish","type":"page","link":"https:\/\/megadentist.com.tr\/de\/kosmetische-zahnheilkunde\/zahnkronen-aus-porzellan\/","title":{"rendered":"Porzellan-Veneers"},"content":{"rendered":"<section class=\"l-section wpb_row height_custom\"><div class=\"l-section-h i-cf\"><div class=\"g-cols vc_row via_grid cols_1 laptops-cols_inherit tablets-cols_inherit mobiles-cols_1 valign_top type_default stacking_default\"><div class=\"wpb_column vc_column_container\"><div class=\"vc_column-inner\"><div class=\"wpb_text_column\"><div class=\"wpb_wrapper\"><h2><strong>Behandlung mit Porzellan-Veneers <\/strong><\/h2>\n<p><strong>Auffallendes, gesundes L\u00e4cheln. <\/strong><\/p>\n<p>Die Behandlung mit Porzellan-Veneers ist eine kosmetische zahn\u00e4rztliche Behandlung zur Verbesserung des \u00e4sthetischen Aussehens und zur Umgestaltung von Farbe, Form und Gr\u00f6\u00dfe der Z\u00e4hne durch Abdeckung der Vorderfl\u00e4chen der Z\u00e4hne. Bei dieser Behandlung werden in der Regel d\u00fcnne Porzellan-Verblendschalen auf die Z\u00e4hne aufgeklebt.<\/p>\n<p>Porzellan-Veneers sind d\u00fcnne Verblendschalen, die speziell geformt und hergestellt werden, um der nat\u00fcrlichen Zahnfarbe und -struktur zu entsprechen. Diese Verblendschalen werden verwendet, um Verf\u00e4rbungen, Flecken, Risse, Spr\u00fcnge, Engst\u00e4nde oder L\u00fccken in den Z\u00e4hnen zu verdecken und das L\u00e4cheln j\u00fcnger, glatter und strahlender zu machen.<\/p>\n<p>Unsere erfahrenen Zahn\u00e4rzte erstellen einen ma\u00dfgeschneiderten Behandlungsplan mit Porzellan-Veneers, der die \u00e4sthetischen Vorlieben der Patienten und den aktuellen Zustand ihrer Z\u00e4hne ber\u00fccksichtigt. Der Behandlungsprozess kann oft mehrere Besuche erfordern, aber die Ergebnisse garantieren den Patienten ein nat\u00fcrliches und attraktives L\u00e4cheln.<\/p>\n<p>Unser Ziel ist es, den Patienten zu helfen, ihr L\u00e4cheln zu verbessern, ihr Selbstvertrauen zu st\u00e4rken und langfristige \u00e4sthetische und funktionelle Ergebnisse zu erzielen. Kontaktieren Sie uns f\u00fcr weitere Ausk\u00fcnfte oder einen Termin.<\/p>\n<h2><strong>Was versteht man unter Porzellan-Veneers?<\/strong><\/h2>\n<p>Diejenigen, die ein \u00e4sthetisches Aussehen der Z\u00e4hne w\u00fcnschen, bevorzugen in der Regel die Behandlung mit Porzellan-Veneers. <strong>Porzellan-Veneers<\/strong> haben viele Vorteile im Vergleich zu anderen Verblendschalen. Sie k\u00f6nnen ein sch\u00f6neres L\u00e4cheln mit Porzellan-Veneers bekommen.<\/p>\n<h2><strong>Was sind die Vorteile von Porzellan-Veneers?<\/strong><\/h2>\n<p>Porzellan-Veneers sind langfristig einsetzbar, da es sich um ein langlebiges Material handelt.<br \/>\nDer Behandlungsprozess ist im Vergleich zu anderen Verfahren in k\u00fcrzerer Zeit abgeschlossen. Es erm\u00f6glicht Ihnen ein sch\u00f6nes und \u00e4sthetisches L\u00e4cheln. Sie werden von Patienten bevorzugt, die ein \u00e4sthetisches Aussehen ihrer Z\u00e4hne w\u00fcnschen.<\/p>\n<h2><strong>Was ist die Vorgehensweise bei der Behandlung mit Porzellan-Veneers?<\/strong><\/h2>\n<p>Bei der Behandlung mit Porzellan-Veneers werden Porzellan-Veneers auf die Z\u00e4hne aufgebracht, die der Zahnfarbe und der Mundstruktur der betreffenden Person entsprechen. Porzellan-Veneers werden aus hochwertigen Materialien hergestellt.<\/p>\n<p>Porzellan-Veneers werden wie folgt hergestellt: In der ersten Phase wird der Zahn oder werden die Z\u00e4hne, an denen Porzellan-Veneers angebracht werden sollen, entsprechend der gew\u00fcnschten Behandlung geformt. Es werden detaillierte Messungen des gesamten Mundes vorgenommen. Anhand der Messungen wird das Porzellan-Veneer, das auf dem im Labor erstellten Mundmodell vorbereitet wurde, im Mund ausprobiert.<\/p>\n<p>Dann wird gepr\u00fcft, ob sie mit anderen Z\u00e4hnen kompatibel sind. Es werden die notwendigen Bewertungen in Bezug auf Farbe und \u00c4sthetik vorgenommen. Wenn sie Ihnen gefallen hat, werden sie zum Polieren an das Labor geschickt. Nach diesem Vorgang werden sie im Mund ein letztes Mal getestet. Wenn es keine Probleme gibt, werden sie auf dem Zahn befestigt, nachdem der Patient sein Einverst\u00e4ndnis gegeben hat.<\/p>\n<\/div><\/div><\/div><\/div><\/div><\/div><\/section>\n","protected":false},"excerpt":{"rendered":"Behandlung mit Porzellan-Veneers Auffallendes, gesundes L\u00e4cheln. Die Behandlung mit Porzellan-Veneers ist eine kosmetische zahn\u00e4rztliche Behandlung zur Verbesserung des \u00e4sthetischen Aussehens und zur Umgestaltung von Farbe, Form und Gr\u00f6\u00dfe der Z\u00e4hne durch Abdeckung der Vorderfl\u00e4chen der Z\u00e4hne. Bei dieser Behandlung werden in der Regel d\u00fcnne Porzellan-Verblendschalen auf die Z\u00e4hne aufgeklebt. Porzellan-Veneers sind d\u00fcnne Verblendschalen, die speziell...","protected":false},"author":1,"featured_media":10826,"parent":8002,"menu_order":0,"comment_status":"closed","ping_status":"closed","template":"","meta":{"_acf_changed":false,"footnotes":""},"sayfa-ve-kategori-eslestirmesi":[61],"class_list":["post-8024","page","type-page","status-publish","has-post-thumbnail","hentry"],"acf":[],"yoast_head":"<!-- This site is optimized with the Yoast SEO plugin v27.4 - https:\/\/yoast.com\/product\/yoast-seo-wordpress\/ -->\n<title>Porzellan-Veneers | Megadentist<\/title>\n<meta name=\"description\" content=\"Ausf\u00fchrlichere Informationen zu Porzellanveneers finden Sie unter megadentist.com.tr. Klick jetzt!\" \/>\n<meta name=\"robots\" content=\"index, follow, max-snippet:-1, max-image-preview:large, max-video-preview:-1\" \/>\n<link rel=\"canonical\" href=\"https:\/\/megadentist.com.tr\/de\/kosmetische-zahnheilkunde\/zahnkronen-aus-porzellan\/\" \/>\n<meta property=\"og:locale\" content=\"de_DE\" \/>\n<meta property=\"og:type\" content=\"article\" \/>\n<meta property=\"og:title\" content=\"Porzellan-Veneers | Megadentist\" \/>\n<meta property=\"og:description\" content=\"Ausf\u00fchrlichere Informationen zu Porzellanveneers finden Sie unter megadentist.com.tr. Klick jetzt!\" \/>\n<meta property=\"og:url\" content=\"https:\/\/megadentist.com.tr\/de\/kosmetische-zahnheilkunde\/zahnkronen-aus-porzellan\/\" \/>\n<meta property=\"og:site_name\" content=\"Megadentist\" \/>\n<meta property=\"article:modified_time\" content=\"2024-08-28T11:41:20+00:00\" \/>\n<meta property=\"og:image\" content=\"https:\/\/megadentist.com.tr\/de\/wp-content\/uploads\/2022\/11\/porselen-kaplama.jpg\" \/>\n\t<meta property=\"og:image:width\" content=\"1161\" \/>\n\t<meta property=\"og:image:height\" content=\"899\" \/>\n\t<meta property=\"og:image:type\" content=\"image\/jpeg\" \/>\n<meta name=\"twitter:card\" content=\"summary_large_image\" \/>\n<meta name=\"twitter:label1\" content=\"Gesch\u00e4tzte Lesezeit\" \/>\n\t<meta name=\"twitter:data1\" content=\"3\u00a0Minuten\" \/>\n<script type=\"application\/ld+json\" class=\"yoast-schema-graph\">{\"@context\":\"https:\\\/\\\/schema.org\",\"@graph\":[{\"@type\":\"WebPage\",\"@id\":\"https:\\\/\\\/megadentist.com.tr\\\/de\\\/kosmetische-zahnheilkunde\\\/zahnkronen-aus-porzellan\\\/\",\"url\":\"https:\\\/\\\/megadentist.com.tr\\\/de\\\/kosmetische-zahnheilkunde\\\/zahnkronen-aus-porzellan\\\/\",\"name\":\"Porzellan-Veneers | Megadentist\",\"isPartOf\":{\"@id\":\"https:\\\/\\\/megadentist.com.tr\\\/de\\\/#website\"},\"primaryImageOfPage\":{\"@id\":\"https:\\\/\\\/megadentist.com.tr\\\/de\\\/kosmetische-zahnheilkunde\\\/zahnkronen-aus-porzellan\\\/#primaryimage\"},\"image\":{\"@id\":\"https:\\\/\\\/megadentist.com.tr\\\/de\\\/kosmetische-zahnheilkunde\\\/zahnkronen-aus-porzellan\\\/#primaryimage\"},\"thumbnailUrl\":\"https:\\\/\\\/megadentist.com.tr\\\/de\\\/wp-content\\\/uploads\\\/2022\\\/11\\\/porselen-kaplama.jpg\",\"datePublished\":\"2022-10-27T14:42:41+00:00\",\"dateModified\":\"2024-08-28T11:41:20+00:00\",\"description\":\"Ausf\u00fchrlichere Informationen zu Porzellanveneers finden Sie unter megadentist.com.tr. Klick jetzt!\",\"breadcrumb\":{\"@id\":\"https:\\\/\\\/megadentist.com.tr\\\/de\\\/kosmetische-zahnheilkunde\\\/zahnkronen-aus-porzellan\\\/#breadcrumb\"},\"inLanguage\":\"de\",\"potentialAction\":[{\"@type\":\"ReadAction\",\"target\":[\"https:\\\/\\\/megadentist.com.tr\\\/de\\\/kosmetische-zahnheilkunde\\\/zahnkronen-aus-porzellan\\\/\"]}]},{\"@type\":\"ImageObject\",\"inLanguage\":\"de\",\"@id\":\"https:\\\/\\\/megadentist.com.tr\\\/de\\\/kosmetische-zahnheilkunde\\\/zahnkronen-aus-porzellan\\\/#primaryimage\",\"url\":\"https:\\\/\\\/megadentist.com.tr\\\/de\\\/wp-content\\\/uploads\\\/2022\\\/11\\\/porselen-kaplama.jpg\",\"contentUrl\":\"https:\\\/\\\/megadentist.com.tr\\\/de\\\/wp-content\\\/uploads\\\/2022\\\/11\\\/porselen-kaplama.jpg\",\"width\":1161,\"height\":899,\"caption\":\"Porselen Kaplama\"},{\"@type\":\"BreadcrumbList\",\"@id\":\"https:\\\/\\\/megadentist.com.tr\\\/de\\\/kosmetische-zahnheilkunde\\\/zahnkronen-aus-porzellan\\\/#breadcrumb\",\"itemListElement\":[{\"@type\":\"ListItem\",\"position\":1,\"name\":\"Anasayfa\",\"item\":\"https:\\\/\\\/megadentist.com.tr\\\/de\\\/\"},{\"@type\":\"ListItem\",\"position\":2,\"name\":\"Kosmetische Zahnmedizin\",\"item\":\"https:\\\/\\\/megadentist.com.tr\\\/de\\\/kosmetische-zahnheilkunde\\\/\"},{\"@type\":\"ListItem\",\"position\":3,\"name\":\"Porzellan-Veneers\"}]},{\"@type\":\"WebSite\",\"@id\":\"https:\\\/\\\/megadentist.com.tr\\\/de\\\/#website\",\"url\":\"https:\\\/\\\/megadentist.com.tr\\\/de\\\/\",\"name\":\"Megadentist\",\"description\":\"\",\"potentialAction\":[{\"@type\":\"SearchAction\",\"target\":{\"@type\":\"EntryPoint\",\"urlTemplate\":\"https:\\\/\\\/megadentist.com.tr\\\/de\\\/?s={search_term_string}\"},\"query-input\":{\"@type\":\"PropertyValueSpecification\",\"valueRequired\":true,\"valueName\":\"search_term_string\"}}],\"inLanguage\":\"de\"}]}<\/script>\n<!-- \/ Yoast SEO plugin. -->","yoast_head_json":{"title":"Porzellan-Veneers | Megadentist","description":"Ausf\u00fchrlichere Informationen zu Porzellanveneers finden Sie unter megadentist.com.tr. Klick jetzt!","robots":{"index":"index","follow":"follow","max-snippet":"max-snippet:-1","max-image-preview":"max-image-preview:large","max-video-preview":"max-video-preview:-1"},"canonical":"https:\/\/megadentist.com.tr\/de\/kosmetische-zahnheilkunde\/zahnkronen-aus-porzellan\/","og_locale":"de_DE","og_type":"article","og_title":"Porzellan-Veneers | Megadentist","og_description":"Ausf\u00fchrlichere Informationen zu Porzellanveneers finden Sie unter megadentist.com.tr. Klick jetzt!","og_url":"https:\/\/megadentist.com.tr\/de\/kosmetische-zahnheilkunde\/zahnkronen-aus-porzellan\/","og_site_name":"Megadentist","article_modified_time":"2024-08-28T11:41:20+00:00","og_image":[{"width":1161,"height":899,"url":"https:\/\/megadentist.com.tr\/de\/wp-content\/uploads\/2022\/11\/porselen-kaplama.jpg","type":"image\/jpeg"}],"twitter_card":"summary_large_image","twitter_misc":{"Gesch\u00e4tzte Lesezeit":"3\u00a0Minuten"},"schema":{"@context":"https:\/\/schema.org","@graph":[{"@type":"WebPage","@id":"https:\/\/megadentist.com.tr\/de\/kosmetische-zahnheilkunde\/zahnkronen-aus-porzellan\/","url":"https:\/\/megadentist.com.tr\/de\/kosmetische-zahnheilkunde\/zahnkronen-aus-porzellan\/","name":"Porzellan-Veneers | Megadentist","isPartOf":{"@id":"https:\/\/megadentist.com.tr\/de\/#website"},"primaryImageOfPage":{"@id":"https:\/\/megadentist.com.tr\/de\/kosmetische-zahnheilkunde\/zahnkronen-aus-porzellan\/#primaryimage"},"image":{"@id":"https:\/\/megadentist.com.tr\/de\/kosmetische-zahnheilkunde\/zahnkronen-aus-porzellan\/#primaryimage"},"thumbnailUrl":"https:\/\/megadentist.com.tr\/de\/wp-content\/uploads\/2022\/11\/porselen-kaplama.jpg","datePublished":"2022-10-27T14:42:41+00:00","dateModified":"2024-08-28T11:41:20+00:00","description":"Ausf\u00fchrlichere Informationen zu Porzellanveneers finden Sie unter megadentist.com.tr. Klick jetzt!","breadcrumb":{"@id":"https:\/\/megadentist.com.tr\/de\/kosmetische-zahnheilkunde\/zahnkronen-aus-porzellan\/#breadcrumb"},"inLanguage":"de","potentialAction":[{"@type":"ReadAction","target":["https:\/\/megadentist.com.tr\/de\/kosmetische-zahnheilkunde\/zahnkronen-aus-porzellan\/"]}]},{"@type":"ImageObject","inLanguage":"de","@id":"https:\/\/megadentist.com.tr\/de\/kosmetische-zahnheilkunde\/zahnkronen-aus-porzellan\/#primaryimage","url":"https:\/\/megadentist.com.tr\/de\/wp-content\/uploads\/2022\/11\/porselen-kaplama.jpg","contentUrl":"https:\/\/megadentist.com.tr\/de\/wp-content\/uploads\/2022\/11\/porselen-kaplama.jpg","width":1161,"height":899,"caption":"Porselen Kaplama"},{"@type":"BreadcrumbList","@id":"https:\/\/megadentist.com.tr\/de\/kosmetische-zahnheilkunde\/zahnkronen-aus-porzellan\/#breadcrumb","itemListElement":[{"@type":"ListItem","position":1,"name":"Anasayfa","item":"https:\/\/megadentist.com.tr\/de\/"},{"@type":"ListItem","position":2,"name":"Kosmetische Zahnmedizin","item":"https:\/\/megadentist.com.tr\/de\/kosmetische-zahnheilkunde\/"},{"@type":"ListItem","position":3,"name":"Porzellan-Veneers"}]},{"@type":"WebSite","@id":"https:\/\/megadentist.com.tr\/de\/#website","url":"https:\/\/megadentist.com.tr\/de\/","name":"Megadentist","description":"","potentialAction":[{"@type":"SearchAction","target":{"@type":"EntryPoint","urlTemplate":"https:\/\/megadentist.com.tr\/de\/?s={search_term_string}"},"query-input":{"@type":"PropertyValueSpecification","valueRequired":true,"valueName":"search_term_string"}}],"inLanguage":"de"}]}},"_links":{"self":[{"href":"https:\/\/megadentist.com.tr\/de\/wp-json\/wp\/v2\/pages\/8024","targetHints":{"allow":["GET"]}}],"collection":[{"href":"https:\/\/megadentist.com.tr\/de\/wp-json\/wp\/v2\/pages"}],"about":[{"href":"https:\/\/megadentist.com.tr\/de\/wp-json\/wp\/v2\/types\/page"}],"author":[{"embeddable":true,"href":"https:\/\/megadentist.com.tr\/de\/wp-json\/wp\/v2\/users\/1"}],"replies":[{"embeddable":true,"href":"https:\/\/megadentist.com.tr\/de\/wp-json\/wp\/v2\/comments?post=8024"}],"version-history":[{"count":7,"href":"https:\/\/megadentist.com.tr\/de\/wp-json\/wp\/v2\/pages\/8024\/revisions"}],"predecessor-version":[{"id":15780,"href":"https:\/\/megadentist.com.tr\/de\/wp-json\/wp\/v2\/pages\/8024\/revisions\/15780"}],"up":[{"embeddable":true,"href":"https:\/\/megadentist.com.tr\/de\/wp-json\/wp\/v2\/pages\/8002"}],"wp:featuredmedia":[{"embeddable":true,"href":"https:\/\/megadentist.com.tr\/de\/wp-json\/wp\/v2\/media\/10826"}],"wp:attachment":[{"href":"https:\/\/megadentist.com.tr\/de\/wp-json\/wp\/v2\/media?parent=8024"}],"wp:term":[{"taxonomy":"sayfa-ve-kategori-eslestirmesi","embeddable":true,"href":"https:\/\/megadentist.com.tr\/de\/wp-json\/wp\/v2\/sayfa-ve-kategori-eslestirmesi?post=8024"}],"curies":[{"name":"wp","href":"https:\/\/api.w.org\/{rel}","templated":true}]}}