{"id":8016,"date":"2022-10-27T17:41:16","date_gmt":"2022-10-27T14:41:16","guid":{"rendered":"https:\/\/megadentist.com.tr\/?page_id=8016"},"modified":"2024-08-28T14:50:07","modified_gmt":"2024-08-28T11:50:07","slug":"gestaltung-des-lachelns","status":"publish","type":"page","link":"https:\/\/megadentist.com.tr\/de\/kosmetische-zahnheilkunde\/gestaltung-des-lachelns\/","title":{"rendered":"Gestaltung des L\u00e4chelns"},"content":{"rendered":"<section class=\"l-section wpb_row height_custom\"><div class=\"l-section-h i-cf\"><div class=\"g-cols vc_row via_grid cols_1 laptops-cols_inherit tablets-cols_inherit mobiles-cols_1 valign_top type_default stacking_default\"><div class=\"wpb_column vc_column_container\"><div class=\"vc_column-inner\"><div class=\"wpb_text_column\"><div class=\"wpb_wrapper\"><h2><strong>\u00c4sthetische Gestaltung des L\u00e4chelns <\/strong><\/h2>\n<p><strong>Jedes gesunde L\u00e4cheln ist einzigartig. <\/strong><\/p>\n<p>\u00c4sthetische Gestaltung des L\u00e4chelns ist ein umfassender zahnmedizinischer Behandlungsansatz, um das L\u00e4cheln der Patienten attraktiver, ges\u00fcnder und ausgeglichener zu gestalten. Bei dieser Behandlung wird eine Reihe \u00e4sthetischer Elemente wie Farbe, Gr\u00f6\u00dfe, Form und Anordnung der Z\u00e4hne ber\u00fccksichtigt und ein L\u00e4cheln gestaltet, das den pers\u00f6nlichen \u00e4sthetischen Zielen der Patienten entspricht.<\/p>\n<p>\u00c4sthetische Gestaltung des L\u00e4chelns umfasst in der Regel eine Kombination aus Zahnaufhellung, Zahnverblendungen, kosmetischen F\u00fcllungen, Zahnimplantaten, kieferorthop\u00e4dischen Behandlungen und anderen kosmetischen Zahnbehandlungen. Unsere erfahrenen Zahn\u00e4rzte erstellen einen ma\u00dfgeschneiderten Behandlungsplan, bei dem die Gesichtsstruktur, die Zahngesundheit und die \u00e4sthetischen Vorlieben der Patienten ber\u00fccksichtigt werden.<\/p>\n<p>Der Behandlungsprozess besteht in der Regel aus mehreren Schritten und kann eine Reihe von Besuchen erfordern, um das L\u00e4cheln der Patienten zu verbessern. Die Ergebnisse erm\u00f6glichen es den Patienten jedoch, ein gesundes und attraktives L\u00e4cheln zu erhalten und ihr Selbstvertrauen zu st\u00e4rken.<\/p>\n<p>Unser Ziel ist es, die \u00e4sthetischen Erwartungen unserer Patienten zu erf\u00fcllen und ihnen zu helfen, sich mit einem gesunden L\u00e4cheln auf die bestm\u00f6gliche Weise auszudr\u00fccken. Kontaktieren Sie uns f\u00fcr weitere Ausk\u00fcnfte oder einen Termin.<\/p>\n<p>Als Megadentist f\u00fchren wir eine Analyse aller pers\u00f6nlichen Aspekte durch und entwerfen das am besten geeignete L\u00e4cheln. Wir legen einen Behandlungsplan fest, der den Bed\u00fcrfnissen und Anforderungen des Patienten entspricht, und sorgen daf\u00fcr, dass er glatte, gesunde und \u00e4sthetische Z\u00e4hne hat.<\/p>\n<h2><strong>Warum ist die Gestaltung des L\u00e4chelns (Smile Design) wichtig? <\/strong><\/h2>\n<p>Gut aussehende und gesunde Z\u00e4hne sind sowohl f\u00fcr die Gesundheit als auch f\u00fcr das gesellschaftliche Leben sehr wichtig. W\u00e4hrend schiefe, kari\u00f6se oder abgebrochene Z\u00e4hne ein schlechtes Image erzeugen, st\u00e4rkt ein wei\u00dfes, gesundes Aussehen der Z\u00e4hne das Selbstvertrauen und macht den Menschen gl\u00fccklich.<\/p>\n<h2><strong>Welche Verfahren werden bei der Gestaltung des L\u00e4chelns angewandt? <\/strong><\/h2>\n<p>Bei der Gestaltung des L\u00e4chelns ist es notwendig, die Bed\u00fcrfnisse des Patienten richtig zu bestimmen und den am besten geeigneten Behandlungsplan zu erstellen. In der ersten Phase ist es notwendig, den aktuellen Zustand Ihrer Mund- und Zahngesundheit festzustellen und die f\u00fcr die Zahngesundheit erforderlichen Verfahren durchzuf\u00fchren. Nachdem die Zahngesundheit festgestellt wurde, wird die \u00e4sthetische Struktur Ihres L\u00e4chelns bestimmt. Neben den pers\u00f6nlichen Anspr\u00fcchen wird eine Planung nach \u00e4sthetischen Gesichtspunkten vorgenommen.<\/p>\n<\/div><\/div><\/div><\/div><\/div><\/div><\/section>\n","protected":false},"excerpt":{"rendered":"\u00c4sthetische Gestaltung des L\u00e4chelns Jedes gesunde L\u00e4cheln ist einzigartig. \u00c4sthetische Gestaltung des L\u00e4chelns ist ein umfassender zahnmedizinischer Behandlungsansatz, um das L\u00e4cheln der Patienten attraktiver, ges\u00fcnder und ausgeglichener zu gestalten. Bei dieser Behandlung wird eine Reihe \u00e4sthetischer Elemente wie Farbe, Gr\u00f6\u00dfe, Form und Anordnung der Z\u00e4hne ber\u00fccksichtigt und ein L\u00e4cheln gestaltet, das den pers\u00f6nlichen \u00e4sthetischen Zielen...","protected":false},"author":1,"featured_media":10818,"parent":8002,"menu_order":0,"comment_status":"closed","ping_status":"closed","template":"","meta":{"_acf_changed":false,"footnotes":""},"sayfa-ve-kategori-eslestirmesi":[61],"class_list":["post-8016","page","type-page","status-publish","has-post-thumbnail","hentry"],"acf":[],"yoast_head":"<!-- This site is optimized with the Yoast SEO plugin v27.4 - https:\/\/yoast.com\/product\/yoast-seo-wordpress\/ -->\n<title>Gestaltung des L\u00e4chelns \u0130\u015flemi ve Fiyatlar\u0131 2024 | Megadentist<\/title>\n<meta name=\"robots\" content=\"index, follow, max-snippet:-1, max-image-preview:large, max-video-preview:-1\" \/>\n<link rel=\"canonical\" href=\"https:\/\/megadentist.com.tr\/de\/kosmetische-zahnheilkunde\/gestaltung-des-lachelns\/\" \/>\n<meta property=\"og:locale\" content=\"de_DE\" \/>\n<meta property=\"og:type\" content=\"article\" \/>\n<meta property=\"og:title\" content=\"Gestaltung des L\u00e4chelns \u0130\u015flemi ve Fiyatlar\u0131 2024 | Megadentist\" \/>\n<meta property=\"og:url\" content=\"https:\/\/megadentist.com.tr\/de\/kosmetische-zahnheilkunde\/gestaltung-des-lachelns\/\" \/>\n<meta property=\"og:site_name\" content=\"Megadentist\" \/>\n<meta property=\"article:modified_time\" content=\"2024-08-28T11:50:07+00:00\" \/>\n<meta property=\"og:image\" content=\"https:\/\/megadentist.com.tr\/de\/wp-content\/uploads\/2022\/11\/gulus-tasarimi.jpg\" \/>\n\t<meta property=\"og:image:width\" content=\"946\" \/>\n\t<meta property=\"og:image:height\" content=\"729\" \/>\n\t<meta property=\"og:image:type\" content=\"image\/jpeg\" \/>\n<meta name=\"twitter:card\" content=\"summary_large_image\" \/>\n<meta name=\"twitter:label1\" content=\"Gesch\u00e4tzte Lesezeit\" \/>\n\t<meta name=\"twitter:data1\" content=\"3\u00a0Minuten\" \/>\n<script type=\"application\/ld+json\" class=\"yoast-schema-graph\">{\"@context\":\"https:\\\/\\\/schema.org\",\"@graph\":[{\"@type\":\"WebPage\",\"@id\":\"https:\\\/\\\/megadentist.com.tr\\\/de\\\/kosmetische-zahnheilkunde\\\/gestaltung-des-lachelns\\\/\",\"url\":\"https:\\\/\\\/megadentist.com.tr\\\/de\\\/kosmetische-zahnheilkunde\\\/gestaltung-des-lachelns\\\/\",\"name\":\"Gestaltung des L\u00e4chelns \u0130\u015flemi ve Fiyatlar\u0131 2024 | Megadentist\",\"isPartOf\":{\"@id\":\"https:\\\/\\\/megadentist.com.tr\\\/de\\\/#website\"},\"primaryImageOfPage\":{\"@id\":\"https:\\\/\\\/megadentist.com.tr\\\/de\\\/kosmetische-zahnheilkunde\\\/gestaltung-des-lachelns\\\/#primaryimage\"},\"image\":{\"@id\":\"https:\\\/\\\/megadentist.com.tr\\\/de\\\/kosmetische-zahnheilkunde\\\/gestaltung-des-lachelns\\\/#primaryimage\"},\"thumbnailUrl\":\"https:\\\/\\\/megadentist.com.tr\\\/de\\\/wp-content\\\/uploads\\\/2022\\\/11\\\/gulus-tasarimi.jpg\",\"datePublished\":\"2022-10-27T14:41:16+00:00\",\"dateModified\":\"2024-08-28T11:50:07+00:00\",\"breadcrumb\":{\"@id\":\"https:\\\/\\\/megadentist.com.tr\\\/de\\\/kosmetische-zahnheilkunde\\\/gestaltung-des-lachelns\\\/#breadcrumb\"},\"inLanguage\":\"de\",\"potentialAction\":[{\"@type\":\"ReadAction\",\"target\":[\"https:\\\/\\\/megadentist.com.tr\\\/de\\\/kosmetische-zahnheilkunde\\\/gestaltung-des-lachelns\\\/\"]}]},{\"@type\":\"ImageObject\",\"inLanguage\":\"de\",\"@id\":\"https:\\\/\\\/megadentist.com.tr\\\/de\\\/kosmetische-zahnheilkunde\\\/gestaltung-des-lachelns\\\/#primaryimage\",\"url\":\"https:\\\/\\\/megadentist.com.tr\\\/de\\\/wp-content\\\/uploads\\\/2022\\\/11\\\/gulus-tasarimi.jpg\",\"contentUrl\":\"https:\\\/\\\/megadentist.com.tr\\\/de\\\/wp-content\\\/uploads\\\/2022\\\/11\\\/gulus-tasarimi.jpg\",\"width\":946,\"height\":729,\"caption\":\"G\u00fcl\u00fc\u015f Tasar\u0131m\u0131\"},{\"@type\":\"BreadcrumbList\",\"@id\":\"https:\\\/\\\/megadentist.com.tr\\\/de\\\/kosmetische-zahnheilkunde\\\/gestaltung-des-lachelns\\\/#breadcrumb\",\"itemListElement\":[{\"@type\":\"ListItem\",\"position\":1,\"name\":\"Anasayfa\",\"item\":\"https:\\\/\\\/megadentist.com.tr\\\/de\\\/\"},{\"@type\":\"ListItem\",\"position\":2,\"name\":\"Kosmetische Zahnmedizin\",\"item\":\"https:\\\/\\\/megadentist.com.tr\\\/de\\\/kosmetische-zahnheilkunde\\\/\"},{\"@type\":\"ListItem\",\"position\":3,\"name\":\"Gestaltung des L\u00e4chelns\"}]},{\"@type\":\"WebSite\",\"@id\":\"https:\\\/\\\/megadentist.com.tr\\\/de\\\/#website\",\"url\":\"https:\\\/\\\/megadentist.com.tr\\\/de\\\/\",\"name\":\"Megadentist\",\"description\":\"\",\"potentialAction\":[{\"@type\":\"SearchAction\",\"target\":{\"@type\":\"EntryPoint\",\"urlTemplate\":\"https:\\\/\\\/megadentist.com.tr\\\/de\\\/?s={search_term_string}\"},\"query-input\":{\"@type\":\"PropertyValueSpecification\",\"valueRequired\":true,\"valueName\":\"search_term_string\"}}],\"inLanguage\":\"de\"}]}<\/script>\n<!-- \/ Yoast SEO plugin. -->","yoast_head_json":{"title":"Gestaltung des L\u00e4chelns \u0130\u015flemi ve Fiyatlar\u0131 2024 | Megadentist","robots":{"index":"index","follow":"follow","max-snippet":"max-snippet:-1","max-image-preview":"max-image-preview:large","max-video-preview":"max-video-preview:-1"},"canonical":"https:\/\/megadentist.com.tr\/de\/kosmetische-zahnheilkunde\/gestaltung-des-lachelns\/","og_locale":"de_DE","og_type":"article","og_title":"Gestaltung des L\u00e4chelns \u0130\u015flemi ve Fiyatlar\u0131 2024 | Megadentist","og_url":"https:\/\/megadentist.com.tr\/de\/kosmetische-zahnheilkunde\/gestaltung-des-lachelns\/","og_site_name":"Megadentist","article_modified_time":"2024-08-28T11:50:07+00:00","og_image":[{"width":946,"height":729,"url":"https:\/\/megadentist.com.tr\/de\/wp-content\/uploads\/2022\/11\/gulus-tasarimi.jpg","type":"image\/jpeg"}],"twitter_card":"summary_large_image","twitter_misc":{"Gesch\u00e4tzte Lesezeit":"3\u00a0Minuten"},"schema":{"@context":"https:\/\/schema.org","@graph":[{"@type":"WebPage","@id":"https:\/\/megadentist.com.tr\/de\/kosmetische-zahnheilkunde\/gestaltung-des-lachelns\/","url":"https:\/\/megadentist.com.tr\/de\/kosmetische-zahnheilkunde\/gestaltung-des-lachelns\/","name":"Gestaltung des L\u00e4chelns \u0130\u015flemi ve Fiyatlar\u0131 2024 | Megadentist","isPartOf":{"@id":"https:\/\/megadentist.com.tr\/de\/#website"},"primaryImageOfPage":{"@id":"https:\/\/megadentist.com.tr\/de\/kosmetische-zahnheilkunde\/gestaltung-des-lachelns\/#primaryimage"},"image":{"@id":"https:\/\/megadentist.com.tr\/de\/kosmetische-zahnheilkunde\/gestaltung-des-lachelns\/#primaryimage"},"thumbnailUrl":"https:\/\/megadentist.com.tr\/de\/wp-content\/uploads\/2022\/11\/gulus-tasarimi.jpg","datePublished":"2022-10-27T14:41:16+00:00","dateModified":"2024-08-28T11:50:07+00:00","breadcrumb":{"@id":"https:\/\/megadentist.com.tr\/de\/kosmetische-zahnheilkunde\/gestaltung-des-lachelns\/#breadcrumb"},"inLanguage":"de","potentialAction":[{"@type":"ReadAction","target":["https:\/\/megadentist.com.tr\/de\/kosmetische-zahnheilkunde\/gestaltung-des-lachelns\/"]}]},{"@type":"ImageObject","inLanguage":"de","@id":"https:\/\/megadentist.com.tr\/de\/kosmetische-zahnheilkunde\/gestaltung-des-lachelns\/#primaryimage","url":"https:\/\/megadentist.com.tr\/de\/wp-content\/uploads\/2022\/11\/gulus-tasarimi.jpg","contentUrl":"https:\/\/megadentist.com.tr\/de\/wp-content\/uploads\/2022\/11\/gulus-tasarimi.jpg","width":946,"height":729,"caption":"G\u00fcl\u00fc\u015f Tasar\u0131m\u0131"},{"@type":"BreadcrumbList","@id":"https:\/\/megadentist.com.tr\/de\/kosmetische-zahnheilkunde\/gestaltung-des-lachelns\/#breadcrumb","itemListElement":[{"@type":"ListItem","position":1,"name":"Anasayfa","item":"https:\/\/megadentist.com.tr\/de\/"},{"@type":"ListItem","position":2,"name":"Kosmetische Zahnmedizin","item":"https:\/\/megadentist.com.tr\/de\/kosmetische-zahnheilkunde\/"},{"@type":"ListItem","position":3,"name":"Gestaltung des L\u00e4chelns"}]},{"@type":"WebSite","@id":"https:\/\/megadentist.com.tr\/de\/#website","url":"https:\/\/megadentist.com.tr\/de\/","name":"Megadentist","description":"","potentialAction":[{"@type":"SearchAction","target":{"@type":"EntryPoint","urlTemplate":"https:\/\/megadentist.com.tr\/de\/?s={search_term_string}"},"query-input":{"@type":"PropertyValueSpecification","valueRequired":true,"valueName":"search_term_string"}}],"inLanguage":"de"}]}},"_links":{"self":[{"href":"https:\/\/megadentist.com.tr\/de\/wp-json\/wp\/v2\/pages\/8016","targetHints":{"allow":["GET"]}}],"collection":[{"href":"https:\/\/megadentist.com.tr\/de\/wp-json\/wp\/v2\/pages"}],"about":[{"href":"https:\/\/megadentist.com.tr\/de\/wp-json\/wp\/v2\/types\/page"}],"author":[{"embeddable":true,"href":"https:\/\/megadentist.com.tr\/de\/wp-json\/wp\/v2\/users\/1"}],"replies":[{"embeddable":true,"href":"https:\/\/megadentist.com.tr\/de\/wp-json\/wp\/v2\/comments?post=8016"}],"version-history":[{"count":7,"href":"https:\/\/megadentist.com.tr\/de\/wp-json\/wp\/v2\/pages\/8016\/revisions"}],"predecessor-version":[{"id":15777,"href":"https:\/\/megadentist.com.tr\/de\/wp-json\/wp\/v2\/pages\/8016\/revisions\/15777"}],"up":[{"embeddable":true,"href":"https:\/\/megadentist.com.tr\/de\/wp-json\/wp\/v2\/pages\/8002"}],"wp:featuredmedia":[{"embeddable":true,"href":"https:\/\/megadentist.com.tr\/de\/wp-json\/wp\/v2\/media\/10818"}],"wp:attachment":[{"href":"https:\/\/megadentist.com.tr\/de\/wp-json\/wp\/v2\/media?parent=8016"}],"wp:term":[{"taxonomy":"sayfa-ve-kategori-eslestirmesi","embeddable":true,"href":"https:\/\/megadentist.com.tr\/de\/wp-json\/wp\/v2\/sayfa-ve-kategori-eslestirmesi?post=8016"}],"curies":[{"name":"wp","href":"https:\/\/api.w.org\/{rel}","templated":true}]}}