{"id":8014,"date":"2022-10-27T17:41:00","date_gmt":"2022-10-27T14:41:00","guid":{"rendered":"https:\/\/megadentist.com.tr\/?page_id=8014"},"modified":"2024-08-28T14:41:20","modified_gmt":"2024-08-28T11:41:20","slug":"hollywood-smile","status":"publish","type":"page","link":"https:\/\/megadentist.com.tr\/de\/kosmetische-zahnheilkunde\/hollywood-smile\/","title":{"rendered":"Hollywood Smile"},"content":{"rendered":"<section class=\"l-section wpb_row height_custom\"><div class=\"l-section-h i-cf\"><div class=\"g-cols vc_row via_grid cols_1 laptops-cols_inherit tablets-cols_inherit mobiles-cols_1 valign_top type_default stacking_default\"><div class=\"wpb_column vc_column_container\"><div class=\"vc_column-inner\"><div class=\"wpb_text_column\"><div class=\"wpb_wrapper\"><h2><strong>Behandlung f\u00fcr Hollywood Smile <\/strong><\/h2>\n<p><strong>L\u00e4cheln, Sie sind jetzt ber\u00fchmt. <\/strong><\/p>\n<p>Die Hollywood Smile-Behandlung ist ein umfassender zahnmedizinischer Behandlungsansatz, der darauf abzielt, das \u00e4sthetische Erscheinungsbild der Z\u00e4hne drastisch zu verbessern. Diese Behandlung ber\u00fccksichtigt eine Reihe von \u00e4sthetischen Elementen wie Zahnfarbe, -gr\u00f6\u00dfe, -form und -ausrichtung und macht das L\u00e4cheln der Patienten so attraktiv und makellos wie das der Hollywood-Stars.<\/p>\n<p>Die Hollywood Smile-Behandlung umfasst in der Regel eine Kombination aus Zahnaufhellung, Porzellanverblendung, Zahnkronen, kosmetischen F\u00fcllungen, Zahnimplantaten und anderen kosmetischen Zahnbehandlungen. Unsere erfahrenen Zahn\u00e4rzte erstellen einen ma\u00dfgeschneiderten Behandlungsplan, der die Gesichtsstruktur, die Zahngesundheit und die \u00e4sthetischen Vorlieben der Patienten ber\u00fccksichtigt.<\/p>\n<p>Der Behandlungsprozess besteht in der Regel aus mehreren Schritten und kann eine Reihe von Besuchen erfordern, um das L\u00e4cheln der Patienten vollst\u00e4ndig neu zu gestalten. Das Ergebnis ist jedoch ein strahlendes, nat\u00fcrliches und attraktives L\u00e4cheln, das das Selbstvertrauen der Patienten st\u00e4rkt.<\/p>\n<p>Unser Ziel ist es, die \u00e4sthetischen Erwartungen unserer Patienten zu erf\u00fcllen und ihre Tr\u00e4ume zu verwirklichen, indem wir ihnen das attraktive L\u00e4cheln der Hollywood-Stars bieten. Kontaktieren Sie uns f\u00fcr weitere Ausk\u00fcnfte oder einen Termin.<\/p>\n<h2><strong>Was versteht man unter Hollywood Smile? <\/strong><\/h2>\n<p>Wei\u00dfe Z\u00e4hne allein reichen f\u00fcr ein sch\u00f6nes L\u00e4cheln nicht aus. Neben dem Wei\u00df der Z\u00e4hne sind auch das gesunde Aussehen des Zahnfleisches und die Proportionen der Z\u00e4hne sehr wichtig. Mit dem Hollywood Smile wird ein perfektes L\u00e4cheln durch die Harmonie von Zahnfleisch, Z\u00e4hnen und Lippen erreicht.<\/p>\n<p>Hollywood Smile, auch bekannt als Hollywood-L\u00e4cheln, ist eine Behandlung, die es Ihnen erm\u00f6glicht, das L\u00e4cheln der Hollywood-Stars zu haben. Bei der Gestaltung von Hollywood Smile werden das sch\u00f6nste L\u00e4cheln und die sch\u00f6nsten Z\u00e4hne f\u00fcr das Gesicht durch die Behandlung von Lippen, Z\u00e4hnen und Zahnfleisch erzielt. Gestalten Sie jetzt Ihr L\u00e4cheln bei Megadentist.<\/p>\n<\/div><\/div><\/div><\/div><\/div><\/div><\/section>\n","protected":false},"excerpt":{"rendered":"Behandlung f\u00fcr Hollywood Smile L\u00e4cheln, Sie sind jetzt ber\u00fchmt. Die Hollywood Smile-Behandlung ist ein umfassender zahnmedizinischer Behandlungsansatz, der darauf abzielt, das \u00e4sthetische Erscheinungsbild der Z\u00e4hne drastisch zu verbessern. Diese Behandlung ber\u00fccksichtigt eine Reihe von \u00e4sthetischen Elementen wie Zahnfarbe, -gr\u00f6\u00dfe, -form und -ausrichtung und macht das L\u00e4cheln der Patienten so attraktiv und makellos wie das der...","protected":false},"author":1,"featured_media":10816,"parent":8002,"menu_order":0,"comment_status":"closed","ping_status":"closed","template":"","meta":{"_acf_changed":false,"footnotes":""},"sayfa-ve-kategori-eslestirmesi":[61],"class_list":["post-8014","page","type-page","status-publish","has-post-thumbnail","hentry"],"acf":[],"yoast_head":"<!-- This site is optimized with the Yoast SEO plugin v27.4 - https:\/\/yoast.com\/product\/yoast-seo-wordpress\/ -->\n<title>Hollywood Smile | Megadentist<\/title>\n<meta name=\"description\" content=\"Um detailliertere Informationen zur Hollywood Smile-Behandlung zu erhalten, besuchen Sie jetzt megadentist.com.tr. Klicken Sie jetzt, um Informationen zu erhalten!\" \/>\n<meta name=\"robots\" content=\"index, follow, max-snippet:-1, max-image-preview:large, max-video-preview:-1\" \/>\n<link rel=\"canonical\" href=\"https:\/\/megadentist.com.tr\/de\/kosmetische-zahnheilkunde\/hollywood-smile\/\" \/>\n<meta property=\"og:locale\" content=\"de_DE\" \/>\n<meta property=\"og:type\" content=\"article\" \/>\n<meta property=\"og:title\" content=\"Hollywood Smile | Megadentist\" \/>\n<meta property=\"og:description\" content=\"Um detailliertere Informationen zur Hollywood Smile-Behandlung zu erhalten, besuchen Sie jetzt megadentist.com.tr. Klicken Sie jetzt, um Informationen zu erhalten!\" \/>\n<meta property=\"og:url\" content=\"https:\/\/megadentist.com.tr\/de\/kosmetische-zahnheilkunde\/hollywood-smile\/\" \/>\n<meta property=\"og:site_name\" content=\"Megadentist\" \/>\n<meta property=\"article:modified_time\" content=\"2024-08-28T11:41:20+00:00\" \/>\n<meta property=\"og:image\" content=\"https:\/\/megadentist.com.tr\/de\/wp-content\/uploads\/2022\/11\/hollywood-smile.jpg\" \/>\n\t<meta property=\"og:image:width\" content=\"1000\" \/>\n\t<meta property=\"og:image:height\" content=\"667\" \/>\n\t<meta property=\"og:image:type\" content=\"image\/jpeg\" \/>\n<meta name=\"twitter:card\" content=\"summary_large_image\" \/>\n<meta name=\"twitter:label1\" content=\"Gesch\u00e4tzte Lesezeit\" \/>\n\t<meta name=\"twitter:data1\" content=\"2\u00a0Minuten\" \/>\n<script type=\"application\/ld+json\" class=\"yoast-schema-graph\">{\"@context\":\"https:\\\/\\\/schema.org\",\"@graph\":[{\"@type\":\"WebPage\",\"@id\":\"https:\\\/\\\/megadentist.com.tr\\\/de\\\/kosmetische-zahnheilkunde\\\/hollywood-smile\\\/\",\"url\":\"https:\\\/\\\/megadentist.com.tr\\\/de\\\/kosmetische-zahnheilkunde\\\/hollywood-smile\\\/\",\"name\":\"Hollywood Smile | Megadentist\",\"isPartOf\":{\"@id\":\"https:\\\/\\\/megadentist.com.tr\\\/de\\\/#website\"},\"primaryImageOfPage\":{\"@id\":\"https:\\\/\\\/megadentist.com.tr\\\/de\\\/kosmetische-zahnheilkunde\\\/hollywood-smile\\\/#primaryimage\"},\"image\":{\"@id\":\"https:\\\/\\\/megadentist.com.tr\\\/de\\\/kosmetische-zahnheilkunde\\\/hollywood-smile\\\/#primaryimage\"},\"thumbnailUrl\":\"https:\\\/\\\/megadentist.com.tr\\\/de\\\/wp-content\\\/uploads\\\/2022\\\/11\\\/hollywood-smile.jpg\",\"datePublished\":\"2022-10-27T14:41:00+00:00\",\"dateModified\":\"2024-08-28T11:41:20+00:00\",\"description\":\"Um detailliertere Informationen zur Hollywood Smile-Behandlung zu erhalten, besuchen Sie jetzt megadentist.com.tr. Klicken Sie jetzt, um Informationen zu erhalten!\",\"breadcrumb\":{\"@id\":\"https:\\\/\\\/megadentist.com.tr\\\/de\\\/kosmetische-zahnheilkunde\\\/hollywood-smile\\\/#breadcrumb\"},\"inLanguage\":\"de\",\"potentialAction\":[{\"@type\":\"ReadAction\",\"target\":[\"https:\\\/\\\/megadentist.com.tr\\\/de\\\/kosmetische-zahnheilkunde\\\/hollywood-smile\\\/\"]}]},{\"@type\":\"ImageObject\",\"inLanguage\":\"de\",\"@id\":\"https:\\\/\\\/megadentist.com.tr\\\/de\\\/kosmetische-zahnheilkunde\\\/hollywood-smile\\\/#primaryimage\",\"url\":\"https:\\\/\\\/megadentist.com.tr\\\/de\\\/wp-content\\\/uploads\\\/2022\\\/11\\\/hollywood-smile.jpg\",\"contentUrl\":\"https:\\\/\\\/megadentist.com.tr\\\/de\\\/wp-content\\\/uploads\\\/2022\\\/11\\\/hollywood-smile.jpg\",\"width\":1000,\"height\":667,\"caption\":\"Hollywood Smile\"},{\"@type\":\"BreadcrumbList\",\"@id\":\"https:\\\/\\\/megadentist.com.tr\\\/de\\\/kosmetische-zahnheilkunde\\\/hollywood-smile\\\/#breadcrumb\",\"itemListElement\":[{\"@type\":\"ListItem\",\"position\":1,\"name\":\"Anasayfa\",\"item\":\"https:\\\/\\\/megadentist.com.tr\\\/de\\\/\"},{\"@type\":\"ListItem\",\"position\":2,\"name\":\"Kosmetische Zahnmedizin\",\"item\":\"https:\\\/\\\/megadentist.com.tr\\\/de\\\/kosmetische-zahnheilkunde\\\/\"},{\"@type\":\"ListItem\",\"position\":3,\"name\":\"Hollywood Smile\"}]},{\"@type\":\"WebSite\",\"@id\":\"https:\\\/\\\/megadentist.com.tr\\\/de\\\/#website\",\"url\":\"https:\\\/\\\/megadentist.com.tr\\\/de\\\/\",\"name\":\"Megadentist\",\"description\":\"\",\"potentialAction\":[{\"@type\":\"SearchAction\",\"target\":{\"@type\":\"EntryPoint\",\"urlTemplate\":\"https:\\\/\\\/megadentist.com.tr\\\/de\\\/?s={search_term_string}\"},\"query-input\":{\"@type\":\"PropertyValueSpecification\",\"valueRequired\":true,\"valueName\":\"search_term_string\"}}],\"inLanguage\":\"de\"}]}<\/script>\n<!-- \/ Yoast SEO plugin. -->","yoast_head_json":{"title":"Hollywood Smile | Megadentist","description":"Um detailliertere Informationen zur Hollywood Smile-Behandlung zu erhalten, besuchen Sie jetzt megadentist.com.tr. Klicken Sie jetzt, um Informationen zu erhalten!","robots":{"index":"index","follow":"follow","max-snippet":"max-snippet:-1","max-image-preview":"max-image-preview:large","max-video-preview":"max-video-preview:-1"},"canonical":"https:\/\/megadentist.com.tr\/de\/kosmetische-zahnheilkunde\/hollywood-smile\/","og_locale":"de_DE","og_type":"article","og_title":"Hollywood Smile | Megadentist","og_description":"Um detailliertere Informationen zur Hollywood Smile-Behandlung zu erhalten, besuchen Sie jetzt megadentist.com.tr. Klicken Sie jetzt, um Informationen zu erhalten!","og_url":"https:\/\/megadentist.com.tr\/de\/kosmetische-zahnheilkunde\/hollywood-smile\/","og_site_name":"Megadentist","article_modified_time":"2024-08-28T11:41:20+00:00","og_image":[{"width":1000,"height":667,"url":"https:\/\/megadentist.com.tr\/de\/wp-content\/uploads\/2022\/11\/hollywood-smile.jpg","type":"image\/jpeg"}],"twitter_card":"summary_large_image","twitter_misc":{"Gesch\u00e4tzte Lesezeit":"2\u00a0Minuten"},"schema":{"@context":"https:\/\/schema.org","@graph":[{"@type":"WebPage","@id":"https:\/\/megadentist.com.tr\/de\/kosmetische-zahnheilkunde\/hollywood-smile\/","url":"https:\/\/megadentist.com.tr\/de\/kosmetische-zahnheilkunde\/hollywood-smile\/","name":"Hollywood Smile | Megadentist","isPartOf":{"@id":"https:\/\/megadentist.com.tr\/de\/#website"},"primaryImageOfPage":{"@id":"https:\/\/megadentist.com.tr\/de\/kosmetische-zahnheilkunde\/hollywood-smile\/#primaryimage"},"image":{"@id":"https:\/\/megadentist.com.tr\/de\/kosmetische-zahnheilkunde\/hollywood-smile\/#primaryimage"},"thumbnailUrl":"https:\/\/megadentist.com.tr\/de\/wp-content\/uploads\/2022\/11\/hollywood-smile.jpg","datePublished":"2022-10-27T14:41:00+00:00","dateModified":"2024-08-28T11:41:20+00:00","description":"Um detailliertere Informationen zur Hollywood Smile-Behandlung zu erhalten, besuchen Sie jetzt megadentist.com.tr. Klicken Sie jetzt, um Informationen zu erhalten!","breadcrumb":{"@id":"https:\/\/megadentist.com.tr\/de\/kosmetische-zahnheilkunde\/hollywood-smile\/#breadcrumb"},"inLanguage":"de","potentialAction":[{"@type":"ReadAction","target":["https:\/\/megadentist.com.tr\/de\/kosmetische-zahnheilkunde\/hollywood-smile\/"]}]},{"@type":"ImageObject","inLanguage":"de","@id":"https:\/\/megadentist.com.tr\/de\/kosmetische-zahnheilkunde\/hollywood-smile\/#primaryimage","url":"https:\/\/megadentist.com.tr\/de\/wp-content\/uploads\/2022\/11\/hollywood-smile.jpg","contentUrl":"https:\/\/megadentist.com.tr\/de\/wp-content\/uploads\/2022\/11\/hollywood-smile.jpg","width":1000,"height":667,"caption":"Hollywood Smile"},{"@type":"BreadcrumbList","@id":"https:\/\/megadentist.com.tr\/de\/kosmetische-zahnheilkunde\/hollywood-smile\/#breadcrumb","itemListElement":[{"@type":"ListItem","position":1,"name":"Anasayfa","item":"https:\/\/megadentist.com.tr\/de\/"},{"@type":"ListItem","position":2,"name":"Kosmetische Zahnmedizin","item":"https:\/\/megadentist.com.tr\/de\/kosmetische-zahnheilkunde\/"},{"@type":"ListItem","position":3,"name":"Hollywood Smile"}]},{"@type":"WebSite","@id":"https:\/\/megadentist.com.tr\/de\/#website","url":"https:\/\/megadentist.com.tr\/de\/","name":"Megadentist","description":"","potentialAction":[{"@type":"SearchAction","target":{"@type":"EntryPoint","urlTemplate":"https:\/\/megadentist.com.tr\/de\/?s={search_term_string}"},"query-input":{"@type":"PropertyValueSpecification","valueRequired":true,"valueName":"search_term_string"}}],"inLanguage":"de"}]}},"_links":{"self":[{"href":"https:\/\/megadentist.com.tr\/de\/wp-json\/wp\/v2\/pages\/8014","targetHints":{"allow":["GET"]}}],"collection":[{"href":"https:\/\/megadentist.com.tr\/de\/wp-json\/wp\/v2\/pages"}],"about":[{"href":"https:\/\/megadentist.com.tr\/de\/wp-json\/wp\/v2\/types\/page"}],"author":[{"embeddable":true,"href":"https:\/\/megadentist.com.tr\/de\/wp-json\/wp\/v2\/users\/1"}],"replies":[{"embeddable":true,"href":"https:\/\/megadentist.com.tr\/de\/wp-json\/wp\/v2\/comments?post=8014"}],"version-history":[{"count":7,"href":"https:\/\/megadentist.com.tr\/de\/wp-json\/wp\/v2\/pages\/8014\/revisions"}],"predecessor-version":[{"id":15776,"href":"https:\/\/megadentist.com.tr\/de\/wp-json\/wp\/v2\/pages\/8014\/revisions\/15776"}],"up":[{"embeddable":true,"href":"https:\/\/megadentist.com.tr\/de\/wp-json\/wp\/v2\/pages\/8002"}],"wp:featuredmedia":[{"embeddable":true,"href":"https:\/\/megadentist.com.tr\/de\/wp-json\/wp\/v2\/media\/10816"}],"wp:attachment":[{"href":"https:\/\/megadentist.com.tr\/de\/wp-json\/wp\/v2\/media?parent=8014"}],"wp:term":[{"taxonomy":"sayfa-ve-kategori-eslestirmesi","embeddable":true,"href":"https:\/\/megadentist.com.tr\/de\/wp-json\/wp\/v2\/sayfa-ve-kategori-eslestirmesi?post=8014"}],"curies":[{"name":"wp","href":"https:\/\/api.w.org\/{rel}","templated":true}]}}