{"id":8008,"date":"2022-10-27T17:40:27","date_gmt":"2022-10-27T14:40:27","guid":{"rendered":"https:\/\/megadentist.com.tr\/?page_id=8008"},"modified":"2024-08-28T14:49:10","modified_gmt":"2024-08-28T11:49:10","slug":"kieferorthopadische-zahnbehandlungen","status":"publish","type":"page","link":"https:\/\/megadentist.com.tr\/de\/kieferorthopadische-zahnbehandlungen\/","title":{"rendered":"Kieferorthop\u00e4dische Zahnbehandlungen"},"content":{"rendered":"<section class=\"l-section wpb_row height_custom\"><div class=\"l-section-h i-cf\"><div class=\"g-cols vc_row via_grid cols_1 laptops-cols_inherit tablets-cols_inherit mobiles-cols_1 valign_top type_default stacking_default\"><div class=\"wpb_column vc_column_container\"><div class=\"vc_column-inner\"><div class=\"wpb_text_column\"><div class=\"wpb_wrapper\"><h2><strong>Kieferorthop\u00e4dische Zahnbehandlung <\/strong><\/h2>\n<p><strong>Ein strahlendes L\u00e4cheln mit wei\u00dfen Z\u00e4hnen <\/strong><\/p>\n<p>Die kieferorthop\u00e4dische Zahnbehandlung ist ein Bereich der zahn\u00e4rztlichen Behandlung, der darauf abzielt, die Stellung der Z\u00e4hne und das Verh\u00e4ltnis der Kiefer zueinander zu korrigieren. Mit dieser Behandlungsmethode werden Probleme der Zahn- und Kieferstrukturen wie Engstand, Kreuzbiss, offener Biss und Stauungen korrigiert.<\/p>\n<p>Kieferorthop\u00e4dische Behandlungen werden in der Regel mit Zahnspangen und Dr\u00e4hten durchgef\u00fchrt, aber es gibt auch moderne Alternativen wie z. B. durchsichtige Zahnschienen. Unsere fachkundigen Kieferorthop\u00e4den erstellen ma\u00dfgeschneiderte Behandlungspl\u00e4ne, die den individuellen Bed\u00fcrfnissen und \u00e4sthetischen Vorlieben der Patienten Rechnung tragen.<\/p>\n<p>Unser Ziel ist es, den Patienten ein sch\u00f6nes L\u00e4cheln und eine gesunde Kieferstruktur zu erm\u00f6glichen und die Mundgesundheit zu verbessern. Kontaktieren Sie uns f\u00fcr weitere Ausk\u00fcnfte oder einen Termin.<\/p>\n<h2><strong>Vorgehensweise bei der kieferorthop\u00e4dischen Behandlung<\/strong><\/h2>\n<ol>\n<li><strong>Erste Untersuchung und Bewertung<\/strong>: Unser fachkundiger Kieferorthop\u00e4de beurteilt Ihre Z\u00e4hne und Kieferstruktur, macht die notwendigen R\u00f6ntgenaufnahmen und Fotos.<\/li>\n<li><strong>Ma\u00dfgeschneiderter Behandlungsplan<\/strong>: Wir erstellen einen detaillierten Behandlungsplan durch Ermittlung der f\u00fcr Sie am besten geeigneten Behandlungsmethode.<\/li>\n<li><strong>Anwendung der Behandlung<\/strong>: Je nach der gew\u00e4hlten Behandlungsmethode werden Klammern oder durchsichtige Schienen eingesetzt.<\/li>\n<li><strong>Regelm\u00e4\u00dfige Nachuntersuchungen<\/strong>: W\u00e4hrend der Behandlung stellen wir durch regelm\u00e4\u00dfige Untersuchungen sicher, dass Ihre Z\u00e4hne richtig ausgerichtet sind.<\/li>\n<li><strong>Pflege nach der Behandlung<\/strong>: Wir informieren Sie \u00fcber den Einsatz von Retainern zum Schutz Ihrer Z\u00e4hne nach der Behandlung.<\/li>\n<\/ol>\n<h2><strong>Warum sollten Sie uns bevorzugen?<\/strong><\/h2>\n<ul>\n<li><strong>Fachpersonal<\/strong>: Die Leistungen unserer erfahrenen Kieferorthop\u00e4den umfassen die modernsten Behandlungsmethoden.<\/li>\n<li><strong>Moderne Technologie<\/strong>: Unsere Zahnklinik ist mit modernsten Ger\u00e4ten und Behandlungsmethoden ausgestattet.<\/li>\n<li><strong>Erschwingliche Preise<\/strong>: Wir bieten qualitativ hochwertige kieferorthop\u00e4dische Behandlungen zu erschwinglichen Preisen.<\/li>\n<li><strong>Angenehme Umgebung<\/strong>: In unserer gem\u00fctlichen und modernen Umgebung legen wir gro\u00dfen Wert auf Ihren Komfort w\u00e4hrend der gesamten Behandlung.<\/li>\n<\/ul>\n<p>Um ein gesundes und \u00e4sthetisches L\u00e4cheln zu haben, kontaktieren Sie uns f\u00fcr weitere Ausk\u00fcnfte \u00fcber kieferorthop\u00e4dische Behandlungen und um einen Termin zu vereinbaren. Wir freuen uns darauf, Sie in unserer Zahnklinik begr\u00fc\u00dfen zu d\u00fcrfen.<\/p>\n<h2><strong>Arten der kieferorthop\u00e4dischen Behandlung <\/strong><\/h2>\n<p><strong>Zahnspange<\/strong><\/p>\n<p>Die herk\u00f6mmliche Zahnspange ist eine kieferorthop\u00e4dische Behandlungsmethode, bei der die Z\u00e4hne mit Hilfe von Metallklammern und Dr\u00e4hten, die an den Z\u00e4hnen befestigt werden, richtig ausgerichtet werden. Diese leistungsstarke und effektive Behandlung sorgt f\u00fcr ein gesundes und \u00e4sthetisches L\u00e4cheln, indem sie die Stellung der Z\u00e4hne und der Kieferstruktur korrigiert.<\/p>\n<p><strong>Behandlung mit durchsichtiger Zahnklammer<\/strong><\/p>\n<p>Die Behandlung mit durchsichtiger Zahnklammer ist eine kieferorthop\u00e4dische Methode, bei der zahnfarbene Keramikklammern verwendet werden, die die Zahnspange weniger sichtbar machen. Sie ist eine ideale Option f\u00fcr Patienten mit \u00e4sthetischen Bedenken und ist genauso effektiv wie Metallklammern.<\/p>\n<p><strong>Behandlung mit durchsichtiger Zahnschiene<\/strong><\/p>\n<p>Die Behandlung mit durchsichtiger Zahnschiene ist eine kieferorthop\u00e4dische Methode mit herausnehmbaren Schienen, die fast unsichtbar sind und zur Begradigung Ihrer Z\u00e4hne verwendet werden. Systeme wie Invisalign bieten eine komfortable und \u00e4sthetische Behandlung mit diesen speziell f\u00fcr Ihre Z\u00e4hne angefertigten Schienen.<\/p>\n<p><strong>Behandlung mit durchsichtiger Zahnspange<\/strong><\/p>\n<p>Die Behandlung mit einer unsichtbaren Zahnspange ist eine kieferorthop\u00e4dische Methode, bei der linguale Klammern auf der R\u00fcckseite der Z\u00e4hne angebracht werden. Diese Behandlung bietet eine \u00e4sthetische L\u00f6sung, da die Zahnspange von au\u00dfen nicht sichtbar ist und Ihr Aussehen nicht beeintr\u00e4chtigt, w\u00e4hrend Sie Ihre Z\u00e4hne korrigieren.<\/p>\n<p>Diese Informationen helfen den Patienten bei der Wahl der richtigen Behandlungsmethode \u00fcber die Website unserer Zahnklinik und dienen dazu, die Behandlungsm\u00f6glichkeiten kurz und verst\u00e4ndlich zu beschreiben.<\/p>\n<\/div><\/div><\/div><\/div><\/div><\/div><\/section>\n","protected":false},"excerpt":{"rendered":"Kieferorthop\u00e4dische Zahnbehandlung Ein strahlendes L\u00e4cheln mit wei\u00dfen Z\u00e4hnen Die kieferorthop\u00e4dische Zahnbehandlung ist ein Bereich der zahn\u00e4rztlichen Behandlung, der darauf abzielt, die Stellung der Z\u00e4hne und das Verh\u00e4ltnis der Kiefer zueinander zu korrigieren. Mit dieser Behandlungsmethode werden Probleme der Zahn- und Kieferstrukturen wie Engstand, Kreuzbiss, offener Biss und Stauungen korrigiert. Kieferorthop\u00e4dische Behandlungen werden in der Regel...","protected":false},"author":1,"featured_media":10810,"parent":0,"menu_order":0,"comment_status":"closed","ping_status":"closed","template":"","meta":{"_acf_changed":false,"footnotes":""},"sayfa-ve-kategori-eslestirmesi":[64],"class_list":["post-8008","page","type-page","status-publish","has-post-thumbnail","hentry"],"acf":[],"yoast_head":"<!-- This site is optimized with the Yoast SEO plugin v27.4 - https:\/\/yoast.com\/product\/yoast-seo-wordpress\/ -->\n<title>Kieferorthop\u00e4dische Zahnbehandlungen | Megadentist<\/title>\n<meta name=\"robots\" content=\"index, follow, max-snippet:-1, max-image-preview:large, max-video-preview:-1\" \/>\n<link rel=\"canonical\" href=\"https:\/\/megadentist.com.tr\/de\/kieferorthopadische-zahnbehandlungen\/\" \/>\n<meta property=\"og:locale\" content=\"de_DE\" \/>\n<meta property=\"og:type\" content=\"article\" \/>\n<meta property=\"og:title\" content=\"Kieferorthop\u00e4dische Zahnbehandlungen | Megadentist\" \/>\n<meta property=\"og:url\" content=\"https:\/\/megadentist.com.tr\/de\/kieferorthopadische-zahnbehandlungen\/\" \/>\n<meta property=\"og:site_name\" content=\"Megadentist\" \/>\n<meta property=\"article:modified_time\" content=\"2024-08-28T11:49:10+00:00\" \/>\n<meta property=\"og:image\" content=\"https:\/\/megadentist.com.tr\/de\/wp-content\/uploads\/2022\/11\/braces.png\" \/>\n\t<meta property=\"og:image:width\" content=\"601\" \/>\n\t<meta property=\"og:image:height\" content=\"600\" \/>\n\t<meta property=\"og:image:type\" content=\"image\/png\" \/>\n<meta name=\"twitter:card\" content=\"summary_large_image\" \/>\n<meta name=\"twitter:label1\" content=\"Gesch\u00e4tzte Lesezeit\" \/>\n\t<meta name=\"twitter:data1\" content=\"4\u00a0Minuten\" \/>\n<script type=\"application\/ld+json\" class=\"yoast-schema-graph\">{\"@context\":\"https:\\\/\\\/schema.org\",\"@graph\":[{\"@type\":\"WebPage\",\"@id\":\"https:\\\/\\\/megadentist.com.tr\\\/de\\\/kieferorthopadische-zahnbehandlungen\\\/\",\"url\":\"https:\\\/\\\/megadentist.com.tr\\\/de\\\/kieferorthopadische-zahnbehandlungen\\\/\",\"name\":\"Kieferorthop\u00e4dische Zahnbehandlungen | Megadentist\",\"isPartOf\":{\"@id\":\"https:\\\/\\\/megadentist.com.tr\\\/de\\\/#website\"},\"primaryImageOfPage\":{\"@id\":\"https:\\\/\\\/megadentist.com.tr\\\/de\\\/kieferorthopadische-zahnbehandlungen\\\/#primaryimage\"},\"image\":{\"@id\":\"https:\\\/\\\/megadentist.com.tr\\\/de\\\/kieferorthopadische-zahnbehandlungen\\\/#primaryimage\"},\"thumbnailUrl\":\"https:\\\/\\\/megadentist.com.tr\\\/de\\\/wp-content\\\/uploads\\\/2022\\\/11\\\/braces.png\",\"datePublished\":\"2022-10-27T14:40:27+00:00\",\"dateModified\":\"2024-08-28T11:49:10+00:00\",\"breadcrumb\":{\"@id\":\"https:\\\/\\\/megadentist.com.tr\\\/de\\\/kieferorthopadische-zahnbehandlungen\\\/#breadcrumb\"},\"inLanguage\":\"de\",\"potentialAction\":[{\"@type\":\"ReadAction\",\"target\":[\"https:\\\/\\\/megadentist.com.tr\\\/de\\\/kieferorthopadische-zahnbehandlungen\\\/\"]}]},{\"@type\":\"ImageObject\",\"inLanguage\":\"de\",\"@id\":\"https:\\\/\\\/megadentist.com.tr\\\/de\\\/kieferorthopadische-zahnbehandlungen\\\/#primaryimage\",\"url\":\"https:\\\/\\\/megadentist.com.tr\\\/de\\\/wp-content\\\/uploads\\\/2022\\\/11\\\/braces.png\",\"contentUrl\":\"https:\\\/\\\/megadentist.com.tr\\\/de\\\/wp-content\\\/uploads\\\/2022\\\/11\\\/braces.png\",\"width\":601,\"height\":600,\"caption\":\"Braces\"},{\"@type\":\"BreadcrumbList\",\"@id\":\"https:\\\/\\\/megadentist.com.tr\\\/de\\\/kieferorthopadische-zahnbehandlungen\\\/#breadcrumb\",\"itemListElement\":[{\"@type\":\"ListItem\",\"position\":1,\"name\":\"Anasayfa\",\"item\":\"https:\\\/\\\/megadentist.com.tr\\\/de\\\/\"},{\"@type\":\"ListItem\",\"position\":2,\"name\":\"Kieferorthop\u00e4dische Zahnbehandlungen\"}]},{\"@type\":\"WebSite\",\"@id\":\"https:\\\/\\\/megadentist.com.tr\\\/de\\\/#website\",\"url\":\"https:\\\/\\\/megadentist.com.tr\\\/de\\\/\",\"name\":\"Megadentist\",\"description\":\"\",\"potentialAction\":[{\"@type\":\"SearchAction\",\"target\":{\"@type\":\"EntryPoint\",\"urlTemplate\":\"https:\\\/\\\/megadentist.com.tr\\\/de\\\/?s={search_term_string}\"},\"query-input\":{\"@type\":\"PropertyValueSpecification\",\"valueRequired\":true,\"valueName\":\"search_term_string\"}}],\"inLanguage\":\"de\"}]}<\/script>\n<!-- \/ Yoast SEO plugin. -->","yoast_head_json":{"title":"Kieferorthop\u00e4dische Zahnbehandlungen | Megadentist","robots":{"index":"index","follow":"follow","max-snippet":"max-snippet:-1","max-image-preview":"max-image-preview:large","max-video-preview":"max-video-preview:-1"},"canonical":"https:\/\/megadentist.com.tr\/de\/kieferorthopadische-zahnbehandlungen\/","og_locale":"de_DE","og_type":"article","og_title":"Kieferorthop\u00e4dische Zahnbehandlungen | Megadentist","og_url":"https:\/\/megadentist.com.tr\/de\/kieferorthopadische-zahnbehandlungen\/","og_site_name":"Megadentist","article_modified_time":"2024-08-28T11:49:10+00:00","og_image":[{"width":601,"height":600,"url":"https:\/\/megadentist.com.tr\/de\/wp-content\/uploads\/2022\/11\/braces.png","type":"image\/png"}],"twitter_card":"summary_large_image","twitter_misc":{"Gesch\u00e4tzte Lesezeit":"4\u00a0Minuten"},"schema":{"@context":"https:\/\/schema.org","@graph":[{"@type":"WebPage","@id":"https:\/\/megadentist.com.tr\/de\/kieferorthopadische-zahnbehandlungen\/","url":"https:\/\/megadentist.com.tr\/de\/kieferorthopadische-zahnbehandlungen\/","name":"Kieferorthop\u00e4dische Zahnbehandlungen | Megadentist","isPartOf":{"@id":"https:\/\/megadentist.com.tr\/de\/#website"},"primaryImageOfPage":{"@id":"https:\/\/megadentist.com.tr\/de\/kieferorthopadische-zahnbehandlungen\/#primaryimage"},"image":{"@id":"https:\/\/megadentist.com.tr\/de\/kieferorthopadische-zahnbehandlungen\/#primaryimage"},"thumbnailUrl":"https:\/\/megadentist.com.tr\/de\/wp-content\/uploads\/2022\/11\/braces.png","datePublished":"2022-10-27T14:40:27+00:00","dateModified":"2024-08-28T11:49:10+00:00","breadcrumb":{"@id":"https:\/\/megadentist.com.tr\/de\/kieferorthopadische-zahnbehandlungen\/#breadcrumb"},"inLanguage":"de","potentialAction":[{"@type":"ReadAction","target":["https:\/\/megadentist.com.tr\/de\/kieferorthopadische-zahnbehandlungen\/"]}]},{"@type":"ImageObject","inLanguage":"de","@id":"https:\/\/megadentist.com.tr\/de\/kieferorthopadische-zahnbehandlungen\/#primaryimage","url":"https:\/\/megadentist.com.tr\/de\/wp-content\/uploads\/2022\/11\/braces.png","contentUrl":"https:\/\/megadentist.com.tr\/de\/wp-content\/uploads\/2022\/11\/braces.png","width":601,"height":600,"caption":"Braces"},{"@type":"BreadcrumbList","@id":"https:\/\/megadentist.com.tr\/de\/kieferorthopadische-zahnbehandlungen\/#breadcrumb","itemListElement":[{"@type":"ListItem","position":1,"name":"Anasayfa","item":"https:\/\/megadentist.com.tr\/de\/"},{"@type":"ListItem","position":2,"name":"Kieferorthop\u00e4dische Zahnbehandlungen"}]},{"@type":"WebSite","@id":"https:\/\/megadentist.com.tr\/de\/#website","url":"https:\/\/megadentist.com.tr\/de\/","name":"Megadentist","description":"","potentialAction":[{"@type":"SearchAction","target":{"@type":"EntryPoint","urlTemplate":"https:\/\/megadentist.com.tr\/de\/?s={search_term_string}"},"query-input":{"@type":"PropertyValueSpecification","valueRequired":true,"valueName":"search_term_string"}}],"inLanguage":"de"}]}},"_links":{"self":[{"href":"https:\/\/megadentist.com.tr\/de\/wp-json\/wp\/v2\/pages\/8008","targetHints":{"allow":["GET"]}}],"collection":[{"href":"https:\/\/megadentist.com.tr\/de\/wp-json\/wp\/v2\/pages"}],"about":[{"href":"https:\/\/megadentist.com.tr\/de\/wp-json\/wp\/v2\/types\/page"}],"author":[{"embeddable":true,"href":"https:\/\/megadentist.com.tr\/de\/wp-json\/wp\/v2\/users\/1"}],"replies":[{"embeddable":true,"href":"https:\/\/megadentist.com.tr\/de\/wp-json\/wp\/v2\/comments?post=8008"}],"version-history":[{"count":11,"href":"https:\/\/megadentist.com.tr\/de\/wp-json\/wp\/v2\/pages\/8008\/revisions"}],"predecessor-version":[{"id":15774,"href":"https:\/\/megadentist.com.tr\/de\/wp-json\/wp\/v2\/pages\/8008\/revisions\/15774"}],"wp:featuredmedia":[{"embeddable":true,"href":"https:\/\/megadentist.com.tr\/de\/wp-json\/wp\/v2\/media\/10810"}],"wp:attachment":[{"href":"https:\/\/megadentist.com.tr\/de\/wp-json\/wp\/v2\/media?parent=8008"}],"wp:term":[{"taxonomy":"sayfa-ve-kategori-eslestirmesi","embeddable":true,"href":"https:\/\/megadentist.com.tr\/de\/wp-json\/wp\/v2\/sayfa-ve-kategori-eslestirmesi?post=8008"}],"curies":[{"name":"wp","href":"https:\/\/api.w.org\/{rel}","templated":true}]}}