{"id":15164,"date":"2024-06-26T10:24:44","date_gmt":"2024-06-26T07:24:44","guid":{"rendered":"https:\/\/megadentist.com.tr\/?page_id=15164"},"modified":"2024-08-14T11:08:02","modified_gmt":"2024-08-14T08:08:02","slug":"patienten-zur-zufriedenheit","status":"publish","type":"page","link":"https:\/\/megadentist.com.tr\/de\/patienten-zur-zufriedenheit\/","title":{"rendered":"Patienten zur Zufriedenheit"},"content":{"rendered":"<section class=\"l-section wpb_row height_custom\"><div class=\"l-section-h i-cf\"><div class=\"g-cols vc_row via_grid cols_1 laptops-cols_inherit tablets-cols_inherit mobiles-cols_1 valign_top type_default stacking_default\"><div class=\"wpb_column vc_column_container\"><div class=\"vc_column-inner\"><div class=\"w-grid us_grid type_grid layout_14126 cols_3 pagination_ajax preload_style_spinner\" id=\"us_grid_1\" style=\"--columns:3;--gap:1.5rem;\" data-filterable=\"true\"><style>@media (max-width:1024px){#us_grid_1{--columns:1!important}}@media (max-width:600px){#us_grid_1{--columns:1!important}}.layout_14126 .w-grid-item-h{}.layout_14126 .usg_post_image_1{margin-bottom:0.6rem!important}.layout_14126 .usg_post_title_1{font-size:1.2rem!important;margin-bottom:0.3rem!important}.layout_14126 .usg_post_date_1{color:var(--color-content-faded)!important;font-size:0.8rem!important;line-height:1.6!important}<\/style><div class=\"w-grid-list\">\t<article class=\"w-grid-item size_1x1 post-16115 hasta-yorumu type-hasta-yorumu status-publish format-standard has-post-thumbnail hentry\" data-id=\"16115\">\r\n\t\t<div class=\"w-grid-item-h\">\r\n\t\t\t\t\t\t<div class=\"w-post-elm post_image usg_post_image_1 stretched\"><a href=\"https:\/\/megadentist.com.tr\/de\/franz-georg-deutschland-zirkonkrone-implantatbehandlung\/\" aria-label=\"Franz Georg | Deutschland | Zirkonkrone, Implantatbehandlung\"><img loading=\"lazy\" decoding=\"async\" width=\"1024\" height=\"576\" src=\"https:\/\/megadentist.com.tr\/de\/wp-content\/uploads\/2025\/05\/franz-web-kapak-1024x576.webp\" class=\"attachment-large size-large wp-post-image\" alt=\"\" srcset=\"https:\/\/megadentist.com.tr\/de\/wp-content\/uploads\/2025\/05\/franz-web-kapak-1024x576.webp 1024w, https:\/\/megadentist.com.tr\/de\/wp-content\/uploads\/2025\/05\/franz-web-kapak-300x169.webp 300w, https:\/\/megadentist.com.tr\/de\/wp-content\/uploads\/2025\/05\/franz-web-kapak-1536x864.webp 1536w, https:\/\/megadentist.com.tr\/de\/wp-content\/uploads\/2025\/05\/franz-web-kapak.webp 1920w\" sizes=\"auto, (max-width: 1024px) 100vw, 1024px\" \/><\/a><\/div><h2 class=\"w-post-elm post_title usg_post_title_1 entry-title color_link_inherit\"><a href=\"https:\/\/megadentist.com.tr\/de\/franz-georg-deutschland-zirkonkrone-implantatbehandlung\/\">Franz Georg | Deutschland | Zirkonkrone, Implantatbehandlung<\/a><\/h2><time class=\"w-post-elm post_date usg_post_date_1 has_text_color entry-date published\" datetime=\"2025-05-30T12:22:05+03:00\">30 Mai 2025<\/time>\t\t<\/div>\r\n\t\t\t<\/article>\r\n\t<article class=\"w-grid-item size_1x1 post-16114 hasta-yorumu type-hasta-yorumu status-publish format-standard has-post-thumbnail hentry\" data-id=\"16114\">\r\n\t\t<div class=\"w-grid-item-h\">\r\n\t\t\t\t\t\t<div class=\"w-post-elm post_image usg_post_image_1 stretched\"><a href=\"https:\/\/megadentist.com.tr\/de\/murat-gueler-deutschland-zirkonkrone-implantatbehandlung\/\" aria-label=\"Murat G\u00fcler | Deutschland | Zirkonkrone, Implantatbehandlung\"><img loading=\"lazy\" decoding=\"async\" width=\"1024\" height=\"576\" src=\"https:\/\/megadentist.com.tr\/de\/wp-content\/uploads\/2025\/05\/murat-gueler-web-kapak-1024x576.webp\" class=\"attachment-large size-large wp-post-image\" alt=\"\" srcset=\"https:\/\/megadentist.com.tr\/de\/wp-content\/uploads\/2025\/05\/murat-gueler-web-kapak-1024x576.webp 1024w, https:\/\/megadentist.com.tr\/de\/wp-content\/uploads\/2025\/05\/murat-gueler-web-kapak-300x169.webp 300w, https:\/\/megadentist.com.tr\/de\/wp-content\/uploads\/2025\/05\/murat-gueler-web-kapak-1536x864.webp 1536w, https:\/\/megadentist.com.tr\/de\/wp-content\/uploads\/2025\/05\/murat-gueler-web-kapak.webp 1920w\" sizes=\"auto, (max-width: 1024px) 100vw, 1024px\" \/><\/a><\/div><h2 class=\"w-post-elm post_title usg_post_title_1 entry-title color_link_inherit\"><a href=\"https:\/\/megadentist.com.tr\/de\/murat-gueler-deutschland-zirkonkrone-implantatbehandlung\/\">Murat G\u00fcler | Deutschland | Zirkonkrone, Implantatbehandlung<\/a><\/h2><time class=\"w-post-elm post_date usg_post_date_1 has_text_color entry-date published\" datetime=\"2025-05-30T12:21:39+03:00\">30 Mai 2025<\/time>\t\t<\/div>\r\n\t\t\t<\/article>\r\n\t<article class=\"w-grid-item size_1x1 post-16113 hasta-yorumu type-hasta-yorumu status-publish format-standard has-post-thumbnail hentry\" data-id=\"16113\">\r\n\t\t<div class=\"w-grid-item-h\">\r\n\t\t\t\t\t\t<div class=\"w-post-elm post_image usg_post_image_1 stretched\"><a href=\"https:\/\/megadentist.com.tr\/de\/maleni-anzehofer-deutschland-zirkonkrone\/\" aria-label=\"Maleni Anzehofer | Deutschland | Zirkonkrone\"><img loading=\"lazy\" decoding=\"async\" width=\"1024\" height=\"576\" src=\"https:\/\/megadentist.com.tr\/de\/wp-content\/uploads\/2025\/05\/melani-web-kapak-1024x576.webp\" class=\"attachment-large size-large wp-post-image\" alt=\"\" srcset=\"https:\/\/megadentist.com.tr\/de\/wp-content\/uploads\/2025\/05\/melani-web-kapak-1024x576.webp 1024w, https:\/\/megadentist.com.tr\/de\/wp-content\/uploads\/2025\/05\/melani-web-kapak-300x169.webp 300w, https:\/\/megadentist.com.tr\/de\/wp-content\/uploads\/2025\/05\/melani-web-kapak-1536x864.webp 1536w, https:\/\/megadentist.com.tr\/de\/wp-content\/uploads\/2025\/05\/melani-web-kapak.webp 1920w\" sizes=\"auto, (max-width: 1024px) 100vw, 1024px\" \/><\/a><\/div><h2 class=\"w-post-elm post_title usg_post_title_1 entry-title color_link_inherit\"><a href=\"https:\/\/megadentist.com.tr\/de\/maleni-anzehofer-deutschland-zirkonkrone\/\">Maleni Anzehofer | Deutschland | Zirkonkrone<\/a><\/h2><time class=\"w-post-elm post_date usg_post_date_1 has_text_color entry-date published\" datetime=\"2025-05-30T12:19:48+03:00\">30 Mai 2025<\/time>\t\t<\/div>\r\n\t\t\t<\/article>\r\n\t<article class=\"w-grid-item size_1x1 post-16112 hasta-yorumu type-hasta-yorumu status-publish format-standard has-post-thumbnail hentry\" data-id=\"16112\">\r\n\t\t<div class=\"w-grid-item-h\">\r\n\t\t\t\t\t\t<div class=\"w-post-elm post_image usg_post_image_1 stretched\"><a href=\"https:\/\/megadentist.com.tr\/de\/kuen-family-deutschland-zirkonkrone-implantatbehandlung\/\" aria-label=\"Kuen Family | Deutschland | Zirkonkrone, Implantatbehandlung\"><img loading=\"lazy\" decoding=\"async\" width=\"1024\" height=\"576\" src=\"https:\/\/megadentist.com.tr\/de\/wp-content\/uploads\/2025\/05\/kuen-family-web-kapamk-1024x576.webp\" class=\"attachment-large size-large wp-post-image\" alt=\"\" srcset=\"https:\/\/megadentist.com.tr\/de\/wp-content\/uploads\/2025\/05\/kuen-family-web-kapamk-1024x576.webp 1024w, https:\/\/megadentist.com.tr\/de\/wp-content\/uploads\/2025\/05\/kuen-family-web-kapamk-300x169.webp 300w, https:\/\/megadentist.com.tr\/de\/wp-content\/uploads\/2025\/05\/kuen-family-web-kapamk-1536x864.webp 1536w, https:\/\/megadentist.com.tr\/de\/wp-content\/uploads\/2025\/05\/kuen-family-web-kapamk.webp 1920w\" sizes=\"auto, (max-width: 1024px) 100vw, 1024px\" \/><\/a><\/div><h2 class=\"w-post-elm post_title usg_post_title_1 entry-title color_link_inherit\"><a href=\"https:\/\/megadentist.com.tr\/de\/kuen-family-deutschland-zirkonkrone-implantatbehandlung\/\">Kuen Family | Deutschland | Zirkonkrone, Implantatbehandlung<\/a><\/h2><time class=\"w-post-elm post_date usg_post_date_1 has_text_color entry-date published\" datetime=\"2025-05-30T12:19:15+03:00\">30 Mai 2025<\/time>\t\t<\/div>\r\n\t\t\t<\/article>\r\n\t<article class=\"w-grid-item size_1x1 post-16111 hasta-yorumu type-hasta-yorumu status-publish format-standard has-post-thumbnail hentry\" data-id=\"16111\">\r\n\t\t<div class=\"w-grid-item-h\">\r\n\t\t\t\t\t\t<div class=\"w-post-elm post_image usg_post_image_1 stretched\"><a href=\"https:\/\/megadentist.com.tr\/de\/nico-drew-deutschland-zirkonkrone\/\" aria-label=\"Nico Drew | Deutschland | Zirkonkrone\"><img loading=\"lazy\" decoding=\"async\" width=\"1024\" height=\"576\" src=\"https:\/\/megadentist.com.tr\/de\/wp-content\/uploads\/2025\/05\/nico-drew-web-kapak-1024x576.webp\" class=\"attachment-large size-large wp-post-image\" alt=\"\" srcset=\"https:\/\/megadentist.com.tr\/de\/wp-content\/uploads\/2025\/05\/nico-drew-web-kapak-1024x576.webp 1024w, https:\/\/megadentist.com.tr\/de\/wp-content\/uploads\/2025\/05\/nico-drew-web-kapak-300x169.webp 300w, https:\/\/megadentist.com.tr\/de\/wp-content\/uploads\/2025\/05\/nico-drew-web-kapak-1536x864.webp 1536w, https:\/\/megadentist.com.tr\/de\/wp-content\/uploads\/2025\/05\/nico-drew-web-kapak.webp 1920w\" sizes=\"auto, (max-width: 1024px) 100vw, 1024px\" \/><\/a><\/div><h2 class=\"w-post-elm post_title usg_post_title_1 entry-title color_link_inherit\"><a href=\"https:\/\/megadentist.com.tr\/de\/nico-drew-deutschland-zirkonkrone\/\">Nico Drew | Deutschland | Zirkonkrone<\/a><\/h2><time class=\"w-post-elm post_date usg_post_date_1 has_text_color entry-date published\" datetime=\"2025-05-30T12:18:33+03:00\">30 Mai 2025<\/time>\t\t<\/div>\r\n\t\t\t<\/article>\r\n\t<article class=\"w-grid-item size_1x1 post-16110 hasta-yorumu type-hasta-yorumu status-publish format-standard has-post-thumbnail hentry\" data-id=\"16110\">\r\n\t\t<div class=\"w-grid-item-h\">\r\n\t\t\t\t\t\t<div class=\"w-post-elm post_image usg_post_image_1 stretched\"><a href=\"https:\/\/megadentist.com.tr\/de\/sandra-strillick-deutschland-zirkonkrone\/\" aria-label=\"Sandra Strillick | Deutschland | Zirkonkrone\"><img loading=\"lazy\" decoding=\"async\" width=\"1024\" height=\"576\" src=\"https:\/\/megadentist.com.tr\/de\/wp-content\/uploads\/2025\/05\/sandra-web-kapak-1024x576.webp\" class=\"attachment-large size-large wp-post-image\" alt=\"\" srcset=\"https:\/\/megadentist.com.tr\/de\/wp-content\/uploads\/2025\/05\/sandra-web-kapak-1024x576.webp 1024w, https:\/\/megadentist.com.tr\/de\/wp-content\/uploads\/2025\/05\/sandra-web-kapak-300x169.webp 300w, https:\/\/megadentist.com.tr\/de\/wp-content\/uploads\/2025\/05\/sandra-web-kapak-1536x864.webp 1536w, https:\/\/megadentist.com.tr\/de\/wp-content\/uploads\/2025\/05\/sandra-web-kapak.webp 1920w\" sizes=\"auto, (max-width: 1024px) 100vw, 1024px\" \/><\/a><\/div><h2 class=\"w-post-elm post_title usg_post_title_1 entry-title color_link_inherit\"><a href=\"https:\/\/megadentist.com.tr\/de\/sandra-strillick-deutschland-zirkonkrone\/\">Sandra Strillick | Deutschland | Zirkonkrone<\/a><\/h2><time class=\"w-post-elm post_date usg_post_date_1 has_text_color entry-date published\" datetime=\"2025-05-30T12:17:52+03:00\">30 Mai 2025<\/time>\t\t<\/div>\r\n\t\t\t<\/article>\r\n<\/div>\t<div class=\"w-grid-preloader\">\r\n\t\t<div class=\"g-preloader type_1\">\r\n\t\t\t<div><\/div>\r\n\t\t<\/div>\r\n\t<\/div>\r\n\t\t\t\t<div class=\"g-loadmore \">\r\n\t\t\t\t<div class=\"g-preloader type_1\">\r\n\t\t\t\t\t<div><\/div>\r\n\t\t\t\t<\/div>\r\n\t\t\t\t<button class=\"w-btn us-btn-style_30\">\r\n\t\t\t\t\t<span class=\"w-btn-label\">Daha Fazla G\u00f6ster<\/span>\r\n\t\t\t\t<\/button>\r\n\t\t\t<\/div>\r\n\t\t\t\t<div class=\"w-grid-json hidden\" onclick='return {&quot;action&quot;:&quot;us_ajax_grid&quot;,&quot;infinite_scroll&quot;:0,&quot;max_num_pages&quot;:2,&quot;pagination&quot;:&quot;ajax&quot;,&quot;template_vars&quot;:{&quot;columns&quot;:&quot;3&quot;,&quot;exclude_items&quot;:&quot;none&quot;,&quot;img_size&quot;:&quot;default&quot;,&quot;ignore_items_size&quot;:0,&quot;items_layout&quot;:&quot;14126&quot;,&quot;items_offset&quot;:&quot;1&quot;,&quot;load_animation&quot;:&quot;none&quot;,&quot;overriding_link&quot;:&quot;%7B%22url%22%3A%22%22%7D&quot;,&quot;post_id&quot;:0,&quot;query_args&quot;:{&quot;post_type&quot;:[&quot;hasta-yorumu&quot;],&quot;post_status&quot;:[&quot;publish&quot;,&quot;acf-disabled&quot;],&quot;posts_per_page&quot;:&quot;6&quot;},&quot;orderby_query_args&quot;:{&quot;orderby&quot;:{&quot;date&quot;:&quot;DESC&quot;}},&quot;type&quot;:&quot;grid&quot;,&quot;us_grid_post_type&quot;:&quot;hasta-yorumu&quot;,&quot;us_grid_ajax_index&quot;:1,&quot;us_grid_filter_query_string&quot;:null,&quot;us_grid_index&quot;:1,&quot;page_args&quot;:[]}}'><\/div>\r\n\t<\/div><\/div><\/div><\/div><\/div><\/section>\n","protected":false},"excerpt":{"rendered":"https:\/\/www.youtube.com\/watch?v=VH7iYlrfL2Q","protected":false},"author":1,"featured_media":0,"parent":0,"menu_order":0,"comment_status":"closed","ping_status":"closed","template":"","meta":{"_acf_changed":false,"footnotes":""},"sayfa-ve-kategori-eslestirmesi":[],"class_list":["post-15164","page","type-page","status-publish","hentry"],"acf":[],"yoast_head":"<!-- This site is optimized with the Yoast SEO plugin v27.4 - https:\/\/yoast.com\/product\/yoast-seo-wordpress\/ -->\n<title>Patienten zur Zufriedenheit | Megadentist<\/title>\n<meta name=\"description\" content=\"Mutlu \u0130nsanlar hakk\u0131nda daha detayl\u0131 bilgi sahibi olmak i\u00e7in hemen megadentist.com.tr adresini ziyaret edin. \u015eimdi t\u0131kla!\" \/>\n<meta name=\"robots\" content=\"index, follow, max-snippet:-1, max-image-preview:large, max-video-preview:-1\" \/>\n<link rel=\"canonical\" href=\"https:\/\/megadentist.com.tr\/de\/patienten-zur-zufriedenheit\/\" \/>\n<meta property=\"og:locale\" content=\"de_DE\" \/>\n<meta property=\"og:type\" content=\"article\" \/>\n<meta property=\"og:title\" content=\"Patienten zur Zufriedenheit | Megadentist\" \/>\n<meta property=\"og:description\" content=\"Mutlu \u0130nsanlar hakk\u0131nda daha detayl\u0131 bilgi sahibi olmak i\u00e7in hemen megadentist.com.tr adresini ziyaret edin. \u015eimdi t\u0131kla!\" \/>\n<meta property=\"og:url\" content=\"https:\/\/megadentist.com.tr\/de\/patienten-zur-zufriedenheit\/\" \/>\n<meta property=\"og:site_name\" content=\"Megadentist\" \/>\n<meta property=\"article:modified_time\" content=\"2024-08-14T08:08:02+00:00\" \/>\n<meta name=\"twitter:card\" content=\"summary_large_image\" \/>\n<meta name=\"twitter:label1\" content=\"Gesch\u00e4tzte Lesezeit\" \/>\n\t<meta name=\"twitter:data1\" content=\"1\u00a0Minute\" \/>\n<script type=\"application\/ld+json\" class=\"yoast-schema-graph\">{\"@context\":\"https:\\\/\\\/schema.org\",\"@graph\":[{\"@type\":\"WebPage\",\"@id\":\"https:\\\/\\\/megadentist.com.tr\\\/de\\\/patienten-zur-zufriedenheit\\\/\",\"url\":\"https:\\\/\\\/megadentist.com.tr\\\/de\\\/patienten-zur-zufriedenheit\\\/\",\"name\":\"Patienten zur Zufriedenheit | Megadentist\",\"isPartOf\":{\"@id\":\"https:\\\/\\\/megadentist.com.tr\\\/de\\\/#website\"},\"datePublished\":\"2024-06-26T07:24:44+00:00\",\"dateModified\":\"2024-08-14T08:08:02+00:00\",\"description\":\"Mutlu \u0130nsanlar hakk\u0131nda daha detayl\u0131 bilgi sahibi olmak i\u00e7in hemen megadentist.com.tr adresini ziyaret edin. \u015eimdi t\u0131kla!\",\"breadcrumb\":{\"@id\":\"https:\\\/\\\/megadentist.com.tr\\\/de\\\/patienten-zur-zufriedenheit\\\/#breadcrumb\"},\"inLanguage\":\"de\",\"potentialAction\":[{\"@type\":\"ReadAction\",\"target\":[\"https:\\\/\\\/megadentist.com.tr\\\/de\\\/patienten-zur-zufriedenheit\\\/\"]}]},{\"@type\":\"BreadcrumbList\",\"@id\":\"https:\\\/\\\/megadentist.com.tr\\\/de\\\/patienten-zur-zufriedenheit\\\/#breadcrumb\",\"itemListElement\":[{\"@type\":\"ListItem\",\"position\":1,\"name\":\"Anasayfa\",\"item\":\"https:\\\/\\\/megadentist.com.tr\\\/de\\\/\"},{\"@type\":\"ListItem\",\"position\":2,\"name\":\"Patienten zur Zufriedenheit\"}]},{\"@type\":\"WebSite\",\"@id\":\"https:\\\/\\\/megadentist.com.tr\\\/de\\\/#website\",\"url\":\"https:\\\/\\\/megadentist.com.tr\\\/de\\\/\",\"name\":\"Megadentist\",\"description\":\"\",\"potentialAction\":[{\"@type\":\"SearchAction\",\"target\":{\"@type\":\"EntryPoint\",\"urlTemplate\":\"https:\\\/\\\/megadentist.com.tr\\\/de\\\/?s={search_term_string}\"},\"query-input\":{\"@type\":\"PropertyValueSpecification\",\"valueRequired\":true,\"valueName\":\"search_term_string\"}}],\"inLanguage\":\"de\"}]}<\/script>\n<!-- \/ Yoast SEO plugin. -->","yoast_head_json":{"title":"Patienten zur Zufriedenheit | Megadentist","description":"Mutlu \u0130nsanlar hakk\u0131nda daha detayl\u0131 bilgi sahibi olmak i\u00e7in hemen megadentist.com.tr adresini ziyaret edin. \u015eimdi t\u0131kla!","robots":{"index":"index","follow":"follow","max-snippet":"max-snippet:-1","max-image-preview":"max-image-preview:large","max-video-preview":"max-video-preview:-1"},"canonical":"https:\/\/megadentist.com.tr\/de\/patienten-zur-zufriedenheit\/","og_locale":"de_DE","og_type":"article","og_title":"Patienten zur Zufriedenheit | Megadentist","og_description":"Mutlu \u0130nsanlar hakk\u0131nda daha detayl\u0131 bilgi sahibi olmak i\u00e7in hemen megadentist.com.tr adresini ziyaret edin. \u015eimdi t\u0131kla!","og_url":"https:\/\/megadentist.com.tr\/de\/patienten-zur-zufriedenheit\/","og_site_name":"Megadentist","article_modified_time":"2024-08-14T08:08:02+00:00","twitter_card":"summary_large_image","twitter_misc":{"Gesch\u00e4tzte Lesezeit":"1\u00a0Minute"},"schema":{"@context":"https:\/\/schema.org","@graph":[{"@type":"WebPage","@id":"https:\/\/megadentist.com.tr\/de\/patienten-zur-zufriedenheit\/","url":"https:\/\/megadentist.com.tr\/de\/patienten-zur-zufriedenheit\/","name":"Patienten zur Zufriedenheit | Megadentist","isPartOf":{"@id":"https:\/\/megadentist.com.tr\/de\/#website"},"datePublished":"2024-06-26T07:24:44+00:00","dateModified":"2024-08-14T08:08:02+00:00","description":"Mutlu \u0130nsanlar hakk\u0131nda daha detayl\u0131 bilgi sahibi olmak i\u00e7in hemen megadentist.com.tr adresini ziyaret edin. \u015eimdi t\u0131kla!","breadcrumb":{"@id":"https:\/\/megadentist.com.tr\/de\/patienten-zur-zufriedenheit\/#breadcrumb"},"inLanguage":"de","potentialAction":[{"@type":"ReadAction","target":["https:\/\/megadentist.com.tr\/de\/patienten-zur-zufriedenheit\/"]}]},{"@type":"BreadcrumbList","@id":"https:\/\/megadentist.com.tr\/de\/patienten-zur-zufriedenheit\/#breadcrumb","itemListElement":[{"@type":"ListItem","position":1,"name":"Anasayfa","item":"https:\/\/megadentist.com.tr\/de\/"},{"@type":"ListItem","position":2,"name":"Patienten zur Zufriedenheit"}]},{"@type":"WebSite","@id":"https:\/\/megadentist.com.tr\/de\/#website","url":"https:\/\/megadentist.com.tr\/de\/","name":"Megadentist","description":"","potentialAction":[{"@type":"SearchAction","target":{"@type":"EntryPoint","urlTemplate":"https:\/\/megadentist.com.tr\/de\/?s={search_term_string}"},"query-input":{"@type":"PropertyValueSpecification","valueRequired":true,"valueName":"search_term_string"}}],"inLanguage":"de"}]}},"_links":{"self":[{"href":"https:\/\/megadentist.com.tr\/de\/wp-json\/wp\/v2\/pages\/15164","targetHints":{"allow":["GET"]}}],"collection":[{"href":"https:\/\/megadentist.com.tr\/de\/wp-json\/wp\/v2\/pages"}],"about":[{"href":"https:\/\/megadentist.com.tr\/de\/wp-json\/wp\/v2\/types\/page"}],"author":[{"embeddable":true,"href":"https:\/\/megadentist.com.tr\/de\/wp-json\/wp\/v2\/users\/1"}],"replies":[{"embeddable":true,"href":"https:\/\/megadentist.com.tr\/de\/wp-json\/wp\/v2\/comments?post=15164"}],"version-history":[{"count":6,"href":"https:\/\/megadentist.com.tr\/de\/wp-json\/wp\/v2\/pages\/15164\/revisions"}],"predecessor-version":[{"id":15836,"href":"https:\/\/megadentist.com.tr\/de\/wp-json\/wp\/v2\/pages\/15164\/revisions\/15836"}],"wp:attachment":[{"href":"https:\/\/megadentist.com.tr\/de\/wp-json\/wp\/v2\/media?parent=15164"}],"wp:term":[{"taxonomy":"sayfa-ve-kategori-eslestirmesi","embeddable":true,"href":"https:\/\/megadentist.com.tr\/de\/wp-json\/wp\/v2\/sayfa-ve-kategori-eslestirmesi?post=15164"}],"curies":[{"name":"wp","href":"https:\/\/api.w.org\/{rel}","templated":true}]}}